{"id":7365,"date":"2024-02-01T10:38:24","date_gmt":"2024-02-01T15:38:24","guid":{"rendered":"https:\/\/xn--uascoquetas-1db.co\/?post_type=product&#038;p=7365"},"modified":"2024-02-01T10:39:35","modified_gmt":"2024-02-01T15:39:35","slug":"zjoy-plus-024-placa-metalica-zjoy","status":"publish","type":"product","link":"https:\/\/xn--uascoquetas-1db.co\/?product=zjoy-plus-024-placa-metalica-zjoy","title":{"rendered":"Zjoy plus 024 &#8211; Placa met\u00e1lica &#8211; ZJOY"},"content":{"rendered":"<p>Placa met\u00e1lica para estampar u\u00f1as, con l\u00e1mina de pl\u00e1stico para protecci\u00f3n<\/p>\n<h2>DESCRIPCI\u00d3N<\/h2>\n<p>Art\u00edculo completamente nuevo<\/p>\n<p>Una (1) Placa Rectangular<br \/>\nTama\u00f1o: 14,5 X 10 cm Aproximadamente<br \/>\nMaterial: Acero<\/p>\n<h2>RECOMENDACIONES<\/h2>\n<p>Es posible aplicar removedor. Si es muy grasoso, limpiar con un poco de alcohol para recoger el dise\u00f1o con mayor facilidad.<\/p>\n","protected":false},"excerpt":{"rendered":"<table width=\"375\">\n<tbody>\n<tr>\n<td width=\"375\">Placa met\u00e1lica para estampar u\u00f1as, marca Extranjera ZJOY\u00a0 con hermosas figuras de animales, perros. Es una placa complementaria.<\/td>\n<\/tr>\n<\/tbody>\n<\/table>\n","protected":false},"featured_media":7366,"comment_status":"open","ping_status":"closed","template":"","meta":{"_regular_price":["23000"],"currency_symbol":[],"_uag_custom_page_level_css":""},"product_brand":[],"product_cat":[28,24],"product_tag":[100,39,139,134,41],"class_list":{"0":"post-7365","1":"product","2":"type-product","3":"status-publish","4":"has-post-thumbnail","6":"product_cat-extranjeras","7":"product_cat-placas-de-estampar","8":"product_tag-animales","9":"product_tag-metalico","10":"product_tag-perros","11":"product_tag-placas","12":"product_tag-stamping","13":"product_shipping_class-paquete-pequeno","15":"first","16":"instock","17":"purchasable","18":"product-type-simple"},"post_slider_layout_featured_media_urls":{"thumbnail":["https:\/\/xn--uascoquetas-1db.co\/wp-content\/uploads\/2024\/02\/ZJOY-PLUS-24_800PX-150x150.jpg",150,150,true],"post_slider_layout_landscape_large":["https:\/\/xn--uascoquetas-1db.co\/wp-content\/uploads\/2024\/02\/ZJOY-PLUS-24_800PX.jpg",800,800,false],"post_slider_layout_portrait_large":["https:\/\/xn--uascoquetas-1db.co\/wp-content\/uploads\/2024\/02\/ZJOY-PLUS-24_800PX.jpg",800,800,false],"post_slider_layout_square_large":["https:\/\/xn--uascoquetas-1db.co\/wp-content\/uploads\/2024\/02\/ZJOY-PLUS-24_800PX.jpg",800,800,false],"post_slider_layout_landscape":["https:\/\/xn--uascoquetas-1db.co\/wp-content\/uploads\/2024\/02\/ZJOY-PLUS-24_800PX.jpg",400,400,false],"post_slider_layout_portrait":["https:\/\/xn--uascoquetas-1db.co\/wp-content\/uploads\/2024\/02\/ZJOY-PLUS-24_800PX.jpg",600,600,false],"post_slider_layout_square":["https:\/\/xn--uascoquetas-1db.co\/wp-content\/uploads\/2024\/02\/ZJOY-PLUS-24_800PX.jpg",600,600,false],"full":["https:\/\/xn--uascoquetas-1db.co\/wp-content\/uploads\/2024\/02\/ZJOY-PLUS-24_800PX.jpg",800,800,false]},"uagb_featured_image_src":{"full":["https:\/\/xn--uascoquetas-1db.co\/wp-content\/uploads\/2024\/02\/ZJOY-PLUS-24_800PX.jpg",800,800,false],"thumbnail":["https:\/\/xn--uascoquetas-1db.co\/wp-content\/uploads\/2024\/02\/ZJOY-PLUS-24_800PX-150x150.jpg",150,150,true],"medium":["https:\/\/xn--uascoquetas-1db.co\/wp-content\/uploads\/2024\/02\/ZJOY-PLUS-24_800PX-300x300.jpg",300,300,true],"medium_large":["https:\/\/xn--uascoquetas-1db.co\/wp-content\/uploads\/2024\/02\/ZJOY-PLUS-24_800PX-768x768.jpg",640,640,true],"large":["https:\/\/xn--uascoquetas-1db.co\/wp-content\/uploads\/2024\/02\/ZJOY-PLUS-24_800PX.jpg",640,640,false],"1536x1536":["https:\/\/xn--uascoquetas-1db.co\/wp-content\/uploads\/2024\/02\/ZJOY-PLUS-24_800PX.jpg",800,800,false],"2048x2048":["https:\/\/xn--uascoquetas-1db.co\/wp-content\/uploads\/2024\/02\/ZJOY-PLUS-24_800PX.jpg",800,800,false],"post_slider_layout_landscape_large":["https:\/\/xn--uascoquetas-1db.co\/wp-content\/uploads\/2024\/02\/ZJOY-PLUS-24_800PX.jpg",800,800,false],"post_slider_layout_portrait_large":["https:\/\/xn--uascoquetas-1db.co\/wp-content\/uploads\/2024\/02\/ZJOY-PLUS-24_800PX.jpg",800,800,false],"post_slider_layout_square_large":["https:\/\/xn--uascoquetas-1db.co\/wp-content\/uploads\/2024\/02\/ZJOY-PLUS-24_800PX.jpg",800,800,false],"post_slider_layout_landscape":["https:\/\/xn--uascoquetas-1db.co\/wp-content\/uploads\/2024\/02\/ZJOY-PLUS-24_800PX.jpg",400,400,false],"post_slider_layout_portrait":["https:\/\/xn--uascoquetas-1db.co\/wp-content\/uploads\/2024\/02\/ZJOY-PLUS-24_800PX.jpg",600,600,false],"post_slider_layout_square":["https:\/\/xn--uascoquetas-1db.co\/wp-content\/uploads\/2024\/02\/ZJOY-PLUS-24_800PX.jpg",600,600,false],"vw-kids-homepage-thumb":["https:\/\/xn--uascoquetas-1db.co\/wp-content\/uploads\/2024\/02\/ZJOY-PLUS-24_800PX.jpg",145,145,false],"woocommerce_thumbnail":["https:\/\/xn--uascoquetas-1db.co\/wp-content\/uploads\/2024\/02\/ZJOY-PLUS-24_800PX-300x300.jpg",300,300,true],"woocommerce_single":["https:\/\/xn--uascoquetas-1db.co\/wp-content\/uploads\/2024\/02\/ZJOY-PLUS-24_800PX-600x600.jpg",600,600,true],"woocommerce_gallery_thumbnail":["https:\/\/xn--uascoquetas-1db.co\/wp-content\/uploads\/2024\/02\/ZJOY-PLUS-24_800PX-100x100.jpg",100,100,true],"variation_swatches_image_size":["https:\/\/xn--uascoquetas-1db.co\/wp-content\/uploads\/2024\/02\/ZJOY-PLUS-24_800PX.jpg",50,50,false],"variation_swatches_tooltip_size":["https:\/\/xn--uascoquetas-1db.co\/wp-content\/uploads\/2024\/02\/ZJOY-PLUS-24_800PX.jpg",100,100,false]},"uagb_author_info":{"display_name":"U\u00f1as Coquetas","author_link":"https:\/\/xn--uascoquetas-1db.co\/?author=0"},"uagb_comment_info":0,"uagb_excerpt":"Placa met\u00e1lica para estampar u\u00f1as, marca Extranjera ZJOY\u00a0 con hermosas figuras de animales, perros. Es una placa complementaria.","jetpack_sharing_enabled":true,"jetpack-related-posts":[{"id":7363,"url":"https:\/\/xn--uascoquetas-1db.co\/?product=zjoy-plus-021-placa-metalica-zjoy","url_meta":{"origin":7365,"position":0},"title":"Zjoy plus 021 &#8211; Placa met\u00e1lica &#8211; ZJOY","author":"U\u00f1as Coquetas","date":"01\/02\/2024","format":false,"excerpt":"Placa met\u00e1lica para estampar u\u00f1as, marca Extranjera ZJOY\u00a0 con hermosas figuras de flores, arabescos. Es una placa complementaria.","rel":"","context":"Entrada similar","block_context":{"text":"Entrada similar","link":""},"img":{"alt_text":"Zjoy plus 021","src":"https:\/\/i0.wp.com\/xn--uascoquetas-1db.co\/wp-content\/uploads\/2024\/02\/021.png?resize=350%2C200&ssl=1","width":350,"height":200,"srcset":"https:\/\/i0.wp.com\/xn--uascoquetas-1db.co\/wp-content\/uploads\/2024\/02\/021.png?resize=350%2C200&ssl=1 1x, https:\/\/i0.wp.com\/xn--uascoquetas-1db.co\/wp-content\/uploads\/2024\/02\/021.png?resize=525%2C300&ssl=1 1.5x, https:\/\/i0.wp.com\/xn--uascoquetas-1db.co\/wp-content\/uploads\/2024\/02\/021.png?resize=700%2C400&ssl=1 2x, https:\/\/i0.wp.com\/xn--uascoquetas-1db.co\/wp-content\/uploads\/2024\/02\/021.png?resize=1050%2C600&ssl=1 3x, https:\/\/i0.wp.com\/xn--uascoquetas-1db.co\/wp-content\/uploads\/2024\/02\/021.png?resize=1400%2C800&ssl=1 4x"},"classes":[]},{"id":5721,"url":"https:\/\/xn--uascoquetas-1db.co\/?product=estuche-plus-holo-9x145-16-puestos-organizador","url_meta":{"origin":7365,"position":1},"title":"Estuche Plus Holo (9&#215;14,5) 16 puestos &#8211; Organizador","author":"U\u00f1as Coquetas","date":"02\/10\/2023","format":false,"excerpt":"Organizador marca Extranjera Gen\u00e9rica, estuche hologr\u00e1fico para placas grandes de 9 x 14,5","rel":"","context":"Entrada similar","block_context":{"text":"Entrada similar","link":""},"img":{"alt_text":"Holo Plus","src":"https:\/\/i0.wp.com\/xn--uascoquetas-1db.co\/wp-content\/uploads\/2023\/10\/E6C-Portada.png?resize=350%2C200&ssl=1","width":350,"height":200,"srcset":"https:\/\/i0.wp.com\/xn--uascoquetas-1db.co\/wp-content\/uploads\/2023\/10\/E6C-Portada.png?resize=350%2C200&ssl=1 1x, https:\/\/i0.wp.com\/xn--uascoquetas-1db.co\/wp-content\/uploads\/2023\/10\/E6C-Portada.png?resize=525%2C300&ssl=1 1.5x, https:\/\/i0.wp.com\/xn--uascoquetas-1db.co\/wp-content\/uploads\/2023\/10\/E6C-Portada.png?resize=700%2C400&ssl=1 2x, https:\/\/i0.wp.com\/xn--uascoquetas-1db.co\/wp-content\/uploads\/2023\/10\/E6C-Portada.png?resize=1050%2C600&ssl=1 3x, https:\/\/i0.wp.com\/xn--uascoquetas-1db.co\/wp-content\/uploads\/2023\/10\/E6C-Portada.png?resize=1400%2C800&ssl=1 4x"},"classes":[]},{"id":5719,"url":"https:\/\/xn--uascoquetas-1db.co\/?product=estuche-plus-9x145-16-puestos-fucsia-organizador","url_meta":{"origin":7365,"position":2},"title":"Estuche Plus (9&#215;14,5) 16 puestos &#8211; Organizador","author":"U\u00f1as Coquetas","date":"02\/10\/2023","format":false,"excerpt":"Organizador marca Extranjera Gen\u00e9rica, estuche morado, para placas grandes de 9 x 14,5","rel":"","context":"Entrada similar","block_context":{"text":"Entrada similar","link":""},"img":{"alt_text":"","src":"https:\/\/i0.wp.com\/xn--uascoquetas-1db.co\/wp-content\/uploads\/2026\/02\/E6A-Morado-2.png?resize=350%2C200&ssl=1","width":350,"height":200,"srcset":"https:\/\/i0.wp.com\/xn--uascoquetas-1db.co\/wp-content\/uploads\/2026\/02\/E6A-Morado-2.png?resize=350%2C200&ssl=1 1x, https:\/\/i0.wp.com\/xn--uascoquetas-1db.co\/wp-content\/uploads\/2026\/02\/E6A-Morado-2.png?resize=525%2C300&ssl=1 1.5x, https:\/\/i0.wp.com\/xn--uascoquetas-1db.co\/wp-content\/uploads\/2026\/02\/E6A-Morado-2.png?resize=700%2C400&ssl=1 2x, https:\/\/i0.wp.com\/xn--uascoquetas-1db.co\/wp-content\/uploads\/2026\/02\/E6A-Morado-2.png?resize=1050%2C600&ssl=1 3x, https:\/\/i0.wp.com\/xn--uascoquetas-1db.co\/wp-content\/uploads\/2026\/02\/E6A-Morado-2.png?resize=1400%2C800&ssl=1 4x"},"classes":[]},{"id":6733,"url":"https:\/\/xn--uascoquetas-1db.co\/?product=estuche-plus-holo-9x145-16-puestos-promo-garaje","url_meta":{"origin":7365,"position":3},"title":"Estuche Plus Holo (9&#215;14,5) 16 puestos &#8211; Promo Garaje","author":"U\u00f1as Coquetas","date":"17\/11\/2023","format":false,"excerpt":"pRODUCTO EN VENTA DE GARAJE, SOLAMENTE HASTA AGOTAR EXISTENCIAS.","rel":"","context":"Entrada similar","block_context":{"text":"Entrada similar","link":""},"img":{"alt_text":"Holo Plus","src":"https:\/\/i0.wp.com\/xn--uascoquetas-1db.co\/wp-content\/uploads\/2023\/10\/E6C-Portada.png?resize=350%2C200&ssl=1","width":350,"height":200,"srcset":"https:\/\/i0.wp.com\/xn--uascoquetas-1db.co\/wp-content\/uploads\/2023\/10\/E6C-Portada.png?resize=350%2C200&ssl=1 1x, https:\/\/i0.wp.com\/xn--uascoquetas-1db.co\/wp-content\/uploads\/2023\/10\/E6C-Portada.png?resize=525%2C300&ssl=1 1.5x, https:\/\/i0.wp.com\/xn--uascoquetas-1db.co\/wp-content\/uploads\/2023\/10\/E6C-Portada.png?resize=700%2C400&ssl=1 2x, https:\/\/i0.wp.com\/xn--uascoquetas-1db.co\/wp-content\/uploads\/2023\/10\/E6C-Portada.png?resize=1050%2C600&ssl=1 3x, https:\/\/i0.wp.com\/xn--uascoquetas-1db.co\/wp-content\/uploads\/2023\/10\/E6C-Portada.png?resize=1400%2C800&ssl=1 4x"},"classes":[]},{"id":10245,"url":"https:\/\/xn--uascoquetas-1db.co\/?product=az-nemo-placa-metalica-mundo-de-unas","url_meta":{"origin":7365,"position":4},"title":"AZ Nemo &#8211; Placa met\u00e1lica &#8211; Mundo de U\u00f1as","author":"U\u00f1as Coquetas","date":"15\/05\/2025","format":false,"excerpt":"Placa met\u00e1lica para estampar u\u00f1as, marca Mexicana Mundo de U\u00f1as con hermosas figuras de Disney pel\u00edcula Nemo, peces","rel":"","context":"Entrada similar","block_context":{"text":"Entrada similar","link":""},"img":{"alt_text":"","src":"https:\/\/i0.wp.com\/xn--uascoquetas-1db.co\/wp-content\/uploads\/2025\/05\/AZ-NEMO-800PX.jpg?resize=350%2C200&ssl=1","width":350,"height":200,"srcset":"https:\/\/i0.wp.com\/xn--uascoquetas-1db.co\/wp-content\/uploads\/2025\/05\/AZ-NEMO-800PX.jpg?resize=350%2C200&ssl=1 1x, https:\/\/i0.wp.com\/xn--uascoquetas-1db.co\/wp-content\/uploads\/2025\/05\/AZ-NEMO-800PX.jpg?resize=525%2C300&ssl=1 1.5x, https:\/\/i0.wp.com\/xn--uascoquetas-1db.co\/wp-content\/uploads\/2025\/05\/AZ-NEMO-800PX.jpg?resize=700%2C400&ssl=1 2x"},"classes":[]},{"id":9506,"url":"https:\/\/xn--uascoquetas-1db.co\/?product=an-retro-placa-metalica-mundo-de-unas","url_meta":{"origin":7365,"position":5},"title":"AN Retro &#8211; Placa met\u00e1lica &#8211; Mundo de U\u00f1as","author":"U\u00f1as Coquetas","date":"05\/12\/2024","format":false,"excerpt":"Placa met\u00e1lica para estampar u\u00f1as, marca Mexicana Mundo de U\u00f1as con hermosas figuras de m\u00fasica, baile, cultura retro.","rel":"","context":"Entrada similar","block_context":{"text":"Entrada similar","link":""},"img":{"alt_text":"","src":"https:\/\/i0.wp.com\/xn--uascoquetas-1db.co\/wp-content\/uploads\/2024\/12\/AN-RETRO_800PX.jpg?resize=350%2C200&ssl=1","width":350,"height":200,"srcset":"https:\/\/i0.wp.com\/xn--uascoquetas-1db.co\/wp-content\/uploads\/2024\/12\/AN-RETRO_800PX.jpg?resize=350%2C200&ssl=1 1x, https:\/\/i0.wp.com\/xn--uascoquetas-1db.co\/wp-content\/uploads\/2024\/12\/AN-RETRO_800PX.jpg?resize=525%2C300&ssl=1 1.5x, https:\/\/i0.wp.com\/xn--uascoquetas-1db.co\/wp-content\/uploads\/2024\/12\/AN-RETRO_800PX.jpg?resize=700%2C400&ssl=1 2x"},"classes":[]}],"_links":{"self":[{"href":"https:\/\/xn--uascoquetas-1db.co\/index.php?rest_route=\/wp\/v2\/product\/7365","targetHints":{"allow":["GET"]}}],"collection":[{"href":"https:\/\/xn--uascoquetas-1db.co\/index.php?rest_route=\/wp\/v2\/product"}],"about":[{"href":"https:\/\/xn--uascoquetas-1db.co\/index.php?rest_route=\/wp\/v2\/types\/product"}],"replies":[{"embeddable":true,"href":"https:\/\/xn--uascoquetas-1db.co\/index.php?rest_route=%2Fwp%2Fv2%2Fcomments&post=7365"}],"wp:featuredmedia":[{"embeddable":true,"href":"https:\/\/xn--uascoquetas-1db.co\/index.php?rest_route=\/wp\/v2\/media\/7366"}],"wp:attachment":[{"href":"https:\/\/xn--uascoquetas-1db.co\/index.php?rest_route=%2Fwp%2Fv2%2Fmedia&parent=7365"}],"wp:term":[{"taxonomy":"product_brand","embeddable":true,"href":"https:\/\/xn--uascoquetas-1db.co\/index.php?rest_route=%2Fwp%2Fv2%2Fproduct_brand&post=7365"},{"taxonomy":"product_cat","embeddable":true,"href":"https:\/\/xn--uascoquetas-1db.co\/index.php?rest_route=%2Fwp%2Fv2%2Fproduct_cat&post=7365"},{"taxonomy":"product_tag","embeddable":true,"href":"https:\/\/xn--uascoquetas-1db.co\/index.php?rest_route=%2Fwp%2Fv2%2Fproduct_tag&post=7365"}],"curies":[{"name":"wp","href":"https:\/\/api.w.org\/{rel}","templated":true}]}}