{"id":7398,"date":"2024-02-02T16:02:08","date_gmt":"2024-02-02T21:02:08","guid":{"rendered":"https:\/\/xn--uascoquetas-1db.co\/?post_type=product&#038;p=7398"},"modified":"2024-02-02T16:02:52","modified_gmt":"2024-02-02T21:02:52","slug":"wonder-woman-placa-acrilica-monadeckonyx","status":"publish","type":"product","link":"https:\/\/xn--uascoquetas-1db.co\/?product=wonder-woman-placa-acrilica-monadeckonyx","title":{"rendered":"Wonder Woman &#8211; Placa acr\u00edlica &#8211; MonadeckOnyx"},"content":{"rendered":"<p>Placa rectangular Marca Monadeckonyx<\/p>\n<p><strong>Descripci\u00f3n<\/strong><\/p>\n<p>Art\u00edculo completamente nuevo<\/p>\n<p>Una placa Rectangular<br \/>\nTama\u00f1o: 10 X 7 cm Aproximadamente<br \/>\nMaterial: Acr\u00edlico<\/p>\n<p><strong>Recomendaciones<\/strong><\/p>\n<p>Es posible aplicar removedor SIN acetona. Si es muy grasoso, limpiar con un poco de alcohol para recoger el dise\u00f1o con mayor facilidad.<br \/>\nLimpiar inmediatamente despu\u00e9s de su uso.<br \/>\nNo almacenar sin limpiar previamente.<br \/>\nEvitar el uso de elementos punzantes que puedan desprender la l\u00e1mina.<\/p>\n","protected":false},"excerpt":{"rendered":"<table width=\"375\">\n<tbody>\n<tr>\n<td width=\"375\">Placa acr\u00edlica para estampar u\u00f1as, marca Colombiana MonadeckOnyx con hermosas figuras de super h\u00e9roes, Mujer Maravilla.<\/td>\n<\/tr>\n<\/tbody>\n<\/table>\n","protected":false},"featured_media":7399,"comment_status":"open","ping_status":"closed","template":"","meta":{"_regular_price":["16000"],"currency_symbol":[],"_uag_custom_page_level_css":""},"product_brand":[],"product_cat":[24],"product_tag":[84,134,41,154],"class_list":{"0":"post-7398","1":"product","2":"type-product","3":"status-publish","4":"has-post-thumbnail","6":"product_cat-placas-de-estampar","7":"product_tag-acrilico","8":"product_tag-placas","9":"product_tag-stamping","10":"product_tag-super-heroes","11":"product_shipping_class-paquete-pequeno","13":"first","14":"instock","15":"purchasable","16":"product-type-simple"},"post_slider_layout_featured_media_urls":{"thumbnail":["https:\/\/xn--uascoquetas-1db.co\/wp-content\/uploads\/2024\/02\/Wonder-Woman_800-PX-150x150.jpg",150,150,true],"post_slider_layout_landscape_large":["https:\/\/xn--uascoquetas-1db.co\/wp-content\/uploads\/2024\/02\/Wonder-Woman_800-PX.jpg",800,800,false],"post_slider_layout_portrait_large":["https:\/\/xn--uascoquetas-1db.co\/wp-content\/uploads\/2024\/02\/Wonder-Woman_800-PX.jpg",800,800,false],"post_slider_layout_square_large":["https:\/\/xn--uascoquetas-1db.co\/wp-content\/uploads\/2024\/02\/Wonder-Woman_800-PX.jpg",800,800,false],"post_slider_layout_landscape":["https:\/\/xn--uascoquetas-1db.co\/wp-content\/uploads\/2024\/02\/Wonder-Woman_800-PX.jpg",400,400,false],"post_slider_layout_portrait":["https:\/\/xn--uascoquetas-1db.co\/wp-content\/uploads\/2024\/02\/Wonder-Woman_800-PX.jpg",600,600,false],"post_slider_layout_square":["https:\/\/xn--uascoquetas-1db.co\/wp-content\/uploads\/2024\/02\/Wonder-Woman_800-PX.jpg",600,600,false],"full":["https:\/\/xn--uascoquetas-1db.co\/wp-content\/uploads\/2024\/02\/Wonder-Woman_800-PX.jpg",800,800,false]},"uagb_featured_image_src":{"full":["https:\/\/xn--uascoquetas-1db.co\/wp-content\/uploads\/2024\/02\/Wonder-Woman_800-PX.jpg",800,800,false],"thumbnail":["https:\/\/xn--uascoquetas-1db.co\/wp-content\/uploads\/2024\/02\/Wonder-Woman_800-PX-150x150.jpg",150,150,true],"medium":["https:\/\/xn--uascoquetas-1db.co\/wp-content\/uploads\/2024\/02\/Wonder-Woman_800-PX-300x300.jpg",300,300,true],"medium_large":["https:\/\/xn--uascoquetas-1db.co\/wp-content\/uploads\/2024\/02\/Wonder-Woman_800-PX-768x768.jpg",640,640,true],"large":["https:\/\/xn--uascoquetas-1db.co\/wp-content\/uploads\/2024\/02\/Wonder-Woman_800-PX.jpg",640,640,false],"1536x1536":["https:\/\/xn--uascoquetas-1db.co\/wp-content\/uploads\/2024\/02\/Wonder-Woman_800-PX.jpg",800,800,false],"2048x2048":["https:\/\/xn--uascoquetas-1db.co\/wp-content\/uploads\/2024\/02\/Wonder-Woman_800-PX.jpg",800,800,false],"post_slider_layout_landscape_large":["https:\/\/xn--uascoquetas-1db.co\/wp-content\/uploads\/2024\/02\/Wonder-Woman_800-PX.jpg",800,800,false],"post_slider_layout_portrait_large":["https:\/\/xn--uascoquetas-1db.co\/wp-content\/uploads\/2024\/02\/Wonder-Woman_800-PX.jpg",800,800,false],"post_slider_layout_square_large":["https:\/\/xn--uascoquetas-1db.co\/wp-content\/uploads\/2024\/02\/Wonder-Woman_800-PX.jpg",800,800,false],"post_slider_layout_landscape":["https:\/\/xn--uascoquetas-1db.co\/wp-content\/uploads\/2024\/02\/Wonder-Woman_800-PX.jpg",400,400,false],"post_slider_layout_portrait":["https:\/\/xn--uascoquetas-1db.co\/wp-content\/uploads\/2024\/02\/Wonder-Woman_800-PX.jpg",600,600,false],"post_slider_layout_square":["https:\/\/xn--uascoquetas-1db.co\/wp-content\/uploads\/2024\/02\/Wonder-Woman_800-PX.jpg",600,600,false],"vw-kids-homepage-thumb":["https:\/\/xn--uascoquetas-1db.co\/wp-content\/uploads\/2024\/02\/Wonder-Woman_800-PX.jpg",145,145,false],"woocommerce_thumbnail":["https:\/\/xn--uascoquetas-1db.co\/wp-content\/uploads\/2024\/02\/Wonder-Woman_800-PX-300x300.jpg",300,300,true],"woocommerce_single":["https:\/\/xn--uascoquetas-1db.co\/wp-content\/uploads\/2024\/02\/Wonder-Woman_800-PX-600x600.jpg",600,600,true],"woocommerce_gallery_thumbnail":["https:\/\/xn--uascoquetas-1db.co\/wp-content\/uploads\/2024\/02\/Wonder-Woman_800-PX-100x100.jpg",100,100,true],"variation_swatches_image_size":["https:\/\/xn--uascoquetas-1db.co\/wp-content\/uploads\/2024\/02\/Wonder-Woman_800-PX.jpg",50,50,false],"variation_swatches_tooltip_size":["https:\/\/xn--uascoquetas-1db.co\/wp-content\/uploads\/2024\/02\/Wonder-Woman_800-PX.jpg",100,100,false]},"uagb_author_info":{"display_name":"U\u00f1as Coquetas","author_link":"https:\/\/xn--uascoquetas-1db.co\/?author=0"},"uagb_comment_info":0,"uagb_excerpt":"Placa acr\u00edlica para estampar u\u00f1as, marca Colombiana MonadeckOnyx con hermosas figuras de super h\u00e9roes, Mujer Maravilla.","jetpack_sharing_enabled":true,"jetpack-related-posts":[{"id":7382,"url":"https:\/\/xn--uascoquetas-1db.co\/?product=amarres-y-hechizos-placa-acrilica-monadeckonyx","url_meta":{"origin":7398,"position":0},"title":"Amarres y hechizos &#8211; Placa acr\u00edlica &#8211; MonadeckOnyx","author":"U\u00f1as Coquetas","date":"02\/02\/2024","format":false,"excerpt":"Placa acr\u00edlica para estampar u\u00f1as, marca Colombiana MonadeckOnyx con hermosas figuras de esot\u00e9rica, vud\u00fa, s\u00edmbolos","rel":"","context":"Entrada similar","block_context":{"text":"Entrada similar","link":""},"img":{"alt_text":"Amarres y hechizos mona","src":"https:\/\/i0.wp.com\/xn--uascoquetas-1db.co\/wp-content\/uploads\/2024\/02\/Amarres-y-hechizos_800-PX.jpg?resize=350%2C200&ssl=1","width":350,"height":200,"srcset":"https:\/\/i0.wp.com\/xn--uascoquetas-1db.co\/wp-content\/uploads\/2024\/02\/Amarres-y-hechizos_800-PX.jpg?resize=350%2C200&ssl=1 1x, https:\/\/i0.wp.com\/xn--uascoquetas-1db.co\/wp-content\/uploads\/2024\/02\/Amarres-y-hechizos_800-PX.jpg?resize=525%2C300&ssl=1 1.5x, https:\/\/i0.wp.com\/xn--uascoquetas-1db.co\/wp-content\/uploads\/2024\/02\/Amarres-y-hechizos_800-PX.jpg?resize=700%2C400&ssl=1 2x"},"classes":[]},{"id":7386,"url":"https:\/\/xn--uascoquetas-1db.co\/?product=diversas-placa-acrilica-monadeckonyx","url_meta":{"origin":7398,"position":1},"title":"Diversas &#8211; Placa acr\u00edlica &#8211; MonadeckOnyx","author":"U\u00f1as Coquetas","date":"02\/02\/2024","format":false,"excerpt":"Placa acr\u00edlica para estampar u\u00f1as, marca Colombiana MonadeckOnyx con hermosas figuras de cremallera, formas, texturas, nudos, llaves, engranajes.","rel":"","context":"Entrada similar","block_context":{"text":"Entrada similar","link":""},"img":{"alt_text":"Diversas mona","src":"https:\/\/i0.wp.com\/xn--uascoquetas-1db.co\/wp-content\/uploads\/2024\/02\/Diversas_800-PX.jpg?resize=350%2C200&ssl=1","width":350,"height":200,"srcset":"https:\/\/i0.wp.com\/xn--uascoquetas-1db.co\/wp-content\/uploads\/2024\/02\/Diversas_800-PX.jpg?resize=350%2C200&ssl=1 1x, https:\/\/i0.wp.com\/xn--uascoquetas-1db.co\/wp-content\/uploads\/2024\/02\/Diversas_800-PX.jpg?resize=525%2C300&ssl=1 1.5x, https:\/\/i0.wp.com\/xn--uascoquetas-1db.co\/wp-content\/uploads\/2024\/02\/Diversas_800-PX.jpg?resize=700%2C400&ssl=1 2x"},"classes":[]},{"id":7388,"url":"https:\/\/xn--uascoquetas-1db.co\/?product=namaste-placa-acrilica-monadeckonyx","url_meta":{"origin":7398,"position":2},"title":"Namaste &#8211; Placa acr\u00edlica &#8211; MonadeckOnyx","author":"U\u00f1as Coquetas","date":"02\/02\/2024","format":false,"excerpt":"Placa acr\u00edlica para estampar u\u00f1as, marca Colombiana MonadeckOnyx con hermosas figuras de relajaci\u00f3n, yoga","rel":"","context":"Entrada similar","block_context":{"text":"Entrada similar","link":""},"img":{"alt_text":"Namaste mona","src":"https:\/\/i0.wp.com\/xn--uascoquetas-1db.co\/wp-content\/uploads\/2024\/02\/Namaste_800-PX.jpg?resize=350%2C200&ssl=1","width":350,"height":200,"srcset":"https:\/\/i0.wp.com\/xn--uascoquetas-1db.co\/wp-content\/uploads\/2024\/02\/Namaste_800-PX.jpg?resize=350%2C200&ssl=1 1x, https:\/\/i0.wp.com\/xn--uascoquetas-1db.co\/wp-content\/uploads\/2024\/02\/Namaste_800-PX.jpg?resize=525%2C300&ssl=1 1.5x, https:\/\/i0.wp.com\/xn--uascoquetas-1db.co\/wp-content\/uploads\/2024\/02\/Namaste_800-PX.jpg?resize=700%2C400&ssl=1 2x"},"classes":[]},{"id":7396,"url":"https:\/\/xn--uascoquetas-1db.co\/?product=puntillismo-placa-acrilica-monadeckonyx","url_meta":{"origin":7398,"position":3},"title":"Puntillismo &#8211; Placa acr\u00edlica &#8211; MonadeckOnyx","author":"U\u00f1as Coquetas","date":"02\/02\/2024","format":false,"excerpt":"Placa acr\u00edlica para estampar u\u00f1as, marca Colombiana MonadeckOnyx con hermosas figuras de formas y puntos","rel":"","context":"Entrada similar","block_context":{"text":"Entrada similar","link":""},"img":{"alt_text":"Puntillismo mona","src":"https:\/\/i0.wp.com\/xn--uascoquetas-1db.co\/wp-content\/uploads\/2024\/02\/Puntillismo_800-PX.jpg?resize=350%2C200&ssl=1","width":350,"height":200,"srcset":"https:\/\/i0.wp.com\/xn--uascoquetas-1db.co\/wp-content\/uploads\/2024\/02\/Puntillismo_800-PX.jpg?resize=350%2C200&ssl=1 1x, https:\/\/i0.wp.com\/xn--uascoquetas-1db.co\/wp-content\/uploads\/2024\/02\/Puntillismo_800-PX.jpg?resize=525%2C300&ssl=1 1.5x, https:\/\/i0.wp.com\/xn--uascoquetas-1db.co\/wp-content\/uploads\/2024\/02\/Puntillismo_800-PX.jpg?resize=700%2C400&ssl=1 2x"},"classes":[]},{"id":7384,"url":"https:\/\/xn--uascoquetas-1db.co\/?product=baby-heros-placa-acrilica-monadeckonyx","url_meta":{"origin":7398,"position":4},"title":"Baby Heros &#8211; Placa acr\u00edlica &#8211; MonadeckOnyx","author":"U\u00f1as Coquetas","date":"02\/02\/2024","format":false,"excerpt":"Placa acr\u00edlica para estampar u\u00f1as, marca Colombiana MonadeckOnyx con hermosas figuras de super h\u00e9roes tiernos","rel":"","context":"Entrada similar","block_context":{"text":"Entrada similar","link":""},"img":{"alt_text":"Baby Heros mona","src":"https:\/\/i0.wp.com\/xn--uascoquetas-1db.co\/wp-content\/uploads\/2024\/02\/Baby-heros_800-PX.jpg?resize=350%2C200&ssl=1","width":350,"height":200,"srcset":"https:\/\/i0.wp.com\/xn--uascoquetas-1db.co\/wp-content\/uploads\/2024\/02\/Baby-heros_800-PX.jpg?resize=350%2C200&ssl=1 1x, https:\/\/i0.wp.com\/xn--uascoquetas-1db.co\/wp-content\/uploads\/2024\/02\/Baby-heros_800-PX.jpg?resize=525%2C300&ssl=1 1.5x, https:\/\/i0.wp.com\/xn--uascoquetas-1db.co\/wp-content\/uploads\/2024\/02\/Baby-heros_800-PX.jpg?resize=700%2C400&ssl=1 2x"},"classes":[]},{"id":7390,"url":"https:\/\/xn--uascoquetas-1db.co\/?product=pausas-activas-placa-acrilica-monadeckonyx","url_meta":{"origin":7398,"position":5},"title":"Pausas Activas &#8211; Placa acr\u00edlica &#8211; MonadeckOnyx","author":"U\u00f1as Coquetas","date":"02\/02\/2024","format":false,"excerpt":"Placa acr\u00edlica para estampar u\u00f1as, marca Colombiana MonadeckOnyx con hermosas figuras de hombres, fisicoculturistas, mujeres, desnuda,\u00a0 sensual","rel":"","context":"Entrada similar","block_context":{"text":"Entrada similar","link":""},"img":{"alt_text":"Pausas Activas mona","src":"https:\/\/i0.wp.com\/xn--uascoquetas-1db.co\/wp-content\/uploads\/2024\/02\/Pausas-activas_800-PX.jpg?resize=350%2C200&ssl=1","width":350,"height":200,"srcset":"https:\/\/i0.wp.com\/xn--uascoquetas-1db.co\/wp-content\/uploads\/2024\/02\/Pausas-activas_800-PX.jpg?resize=350%2C200&ssl=1 1x, https:\/\/i0.wp.com\/xn--uascoquetas-1db.co\/wp-content\/uploads\/2024\/02\/Pausas-activas_800-PX.jpg?resize=525%2C300&ssl=1 1.5x, https:\/\/i0.wp.com\/xn--uascoquetas-1db.co\/wp-content\/uploads\/2024\/02\/Pausas-activas_800-PX.jpg?resize=700%2C400&ssl=1 2x"},"classes":[]}],"_links":{"self":[{"href":"https:\/\/xn--uascoquetas-1db.co\/index.php?rest_route=\/wp\/v2\/product\/7398","targetHints":{"allow":["GET"]}}],"collection":[{"href":"https:\/\/xn--uascoquetas-1db.co\/index.php?rest_route=\/wp\/v2\/product"}],"about":[{"href":"https:\/\/xn--uascoquetas-1db.co\/index.php?rest_route=\/wp\/v2\/types\/product"}],"replies":[{"embeddable":true,"href":"https:\/\/xn--uascoquetas-1db.co\/index.php?rest_route=%2Fwp%2Fv2%2Fcomments&post=7398"}],"wp:featuredmedia":[{"embeddable":true,"href":"https:\/\/xn--uascoquetas-1db.co\/index.php?rest_route=\/wp\/v2\/media\/7399"}],"wp:attachment":[{"href":"https:\/\/xn--uascoquetas-1db.co\/index.php?rest_route=%2Fwp%2Fv2%2Fmedia&parent=7398"}],"wp:term":[{"taxonomy":"product_brand","embeddable":true,"href":"https:\/\/xn--uascoquetas-1db.co\/index.php?rest_route=%2Fwp%2Fv2%2Fproduct_brand&post=7398"},{"taxonomy":"product_cat","embeddable":true,"href":"https:\/\/xn--uascoquetas-1db.co\/index.php?rest_route=%2Fwp%2Fv2%2Fproduct_cat&post=7398"},{"taxonomy":"product_tag","embeddable":true,"href":"https:\/\/xn--uascoquetas-1db.co\/index.php?rest_route=%2Fwp%2Fv2%2Fproduct_tag&post=7398"}],"curies":[{"name":"wp","href":"https:\/\/api.w.org\/{rel}","templated":true}]}}