{"id":7422,"date":"2024-02-13T18:04:55","date_gmt":"2024-02-13T23:04:55","guid":{"rendered":"https:\/\/xn--uascoquetas-1db.co\/?post_type=product&#038;p=7422"},"modified":"2026-04-27T19:18:36","modified_gmt":"2026-04-28T00:18:36","slug":"paquete-12-unidades-8-ml-pintura-acrilica","status":"publish","type":"product","link":"https:\/\/xn--uascoquetas-1db.co\/?product=paquete-12-unidades-8-ml-pintura-acrilica","title":{"rendered":"Paquete 12 unidades 8 ml &#8211; Pintura acr\u00edlica"},"content":{"rendered":"<p>Set de doce (12) pinturas acr\u00edlicas para decoraci\u00f3n de u\u00f1as en recipiente especial que facilita la manipulaci\u00f3n y dosificaci\u00f3n, disminuyendo el desperdicio. Incluye tonos ne\u00f3n y tonos metalizados.<\/p>\n<p>\u00a1An\u00edmate, solo utilizar\u00e1s la cantidad peque\u00f1a que necesitas para hacer tus dise\u00f1os en u\u00f1as y disminuir\u00e1s los derrames!<\/p>\n<h2>DESCRIPCI\u00d3N<\/h2>\n<p>Art\u00edculo completamente nuevo<\/p>\n<p>Tama\u00f1o: 8 ml cada frasco.<br \/>\nColores:<\/p>\n<p>Blanco<br \/>\nNegro<br \/>\nAzul<br \/>\nMagenta<br \/>\nAmarillo<br \/>\nVerde<br \/>\nLila<br \/>\nRojo<br \/>\nCaf\u00e9<br \/>\nNarana Ne\u00f3n<br \/>\nRojo Ne\u00f3n<br \/>\nAmarillo Ne\u00f3n<\/p>\n<h2>Caracter\u00edsticas:<\/h2>\n<p>1. Puede usarse para decoraci\u00f3n en esmalte convencional, esmaltado semipermanente, u\u00f1as en gel o acr\u00edlico. Debe aplicarse una capa de brillo al final, para conservar el dise\u00f1o.<br \/>\n2. Pinturas cremosas y con buena pigmentaci\u00f3n. Se pueden utilizar para t\u00e9cnicas sencillas de decoraci\u00f3n hasta pinceladas (one stroke).<br \/>\n3. Se retira normalmente con removedor.<\/p>\n","protected":false},"excerpt":{"rendered":"<table width=\"375\">\n<tbody>\n<tr>\n<td width=\"375\">Pintura acr\u00edlica marca Colombiana Gen\u00e9rica tono Paquete 12 unidades 8 ml<\/td>\n<\/tr>\n<\/tbody>\n<\/table>\n","protected":false},"featured_media":7423,"comment_status":"open","ping_status":"closed","template":"","meta":{"_regular_price":["29900"],"currency_symbol":[],"_uag_custom_page_level_css":""},"product_brand":[],"product_cat":[33,255],"product_tag":[256],"class_list":{"0":"post-7422","1":"product","2":"type-product","3":"status-publish","4":"has-post-thumbnail","6":"product_cat-esmaltes","7":"product_cat-pinturas-acrilicas","8":"product_tag-pinturas","9":"product_shipping_class-paquete-pequeno","11":"first","12":"instock","13":"purchasable","14":"product-type-simple"},"post_slider_layout_featured_media_urls":{"thumbnail":["https:\/\/xn--uascoquetas-1db.co\/wp-content\/uploads\/2024\/02\/Portada_800-PX-150x150.jpg",150,150,true],"post_slider_layout_landscape_large":["https:\/\/xn--uascoquetas-1db.co\/wp-content\/uploads\/2024\/02\/Portada_800-PX.jpg",800,800,false],"post_slider_layout_portrait_large":["https:\/\/xn--uascoquetas-1db.co\/wp-content\/uploads\/2024\/02\/Portada_800-PX.jpg",800,800,false],"post_slider_layout_square_large":["https:\/\/xn--uascoquetas-1db.co\/wp-content\/uploads\/2024\/02\/Portada_800-PX.jpg",800,800,false],"post_slider_layout_landscape":["https:\/\/xn--uascoquetas-1db.co\/wp-content\/uploads\/2024\/02\/Portada_800-PX.jpg",400,400,false],"post_slider_layout_portrait":["https:\/\/xn--uascoquetas-1db.co\/wp-content\/uploads\/2024\/02\/Portada_800-PX.jpg",600,600,false],"post_slider_layout_square":["https:\/\/xn--uascoquetas-1db.co\/wp-content\/uploads\/2024\/02\/Portada_800-PX.jpg",600,600,false],"full":["https:\/\/xn--uascoquetas-1db.co\/wp-content\/uploads\/2024\/02\/Portada_800-PX.jpg",800,800,false]},"uagb_featured_image_src":{"full":["https:\/\/xn--uascoquetas-1db.co\/wp-content\/uploads\/2024\/02\/Portada_800-PX.jpg",800,800,false],"thumbnail":["https:\/\/xn--uascoquetas-1db.co\/wp-content\/uploads\/2024\/02\/Portada_800-PX-150x150.jpg",150,150,true],"medium":["https:\/\/xn--uascoquetas-1db.co\/wp-content\/uploads\/2024\/02\/Portada_800-PX-300x300.jpg",300,300,true],"medium_large":["https:\/\/xn--uascoquetas-1db.co\/wp-content\/uploads\/2024\/02\/Portada_800-PX-768x768.jpg",640,640,true],"large":["https:\/\/xn--uascoquetas-1db.co\/wp-content\/uploads\/2024\/02\/Portada_800-PX.jpg",640,640,false],"1536x1536":["https:\/\/xn--uascoquetas-1db.co\/wp-content\/uploads\/2024\/02\/Portada_800-PX.jpg",800,800,false],"2048x2048":["https:\/\/xn--uascoquetas-1db.co\/wp-content\/uploads\/2024\/02\/Portada_800-PX.jpg",800,800,false],"post_slider_layout_landscape_large":["https:\/\/xn--uascoquetas-1db.co\/wp-content\/uploads\/2024\/02\/Portada_800-PX.jpg",800,800,false],"post_slider_layout_portrait_large":["https:\/\/xn--uascoquetas-1db.co\/wp-content\/uploads\/2024\/02\/Portada_800-PX.jpg",800,800,false],"post_slider_layout_square_large":["https:\/\/xn--uascoquetas-1db.co\/wp-content\/uploads\/2024\/02\/Portada_800-PX.jpg",800,800,false],"post_slider_layout_landscape":["https:\/\/xn--uascoquetas-1db.co\/wp-content\/uploads\/2024\/02\/Portada_800-PX.jpg",400,400,false],"post_slider_layout_portrait":["https:\/\/xn--uascoquetas-1db.co\/wp-content\/uploads\/2024\/02\/Portada_800-PX.jpg",600,600,false],"post_slider_layout_square":["https:\/\/xn--uascoquetas-1db.co\/wp-content\/uploads\/2024\/02\/Portada_800-PX.jpg",600,600,false],"vw-kids-homepage-thumb":["https:\/\/xn--uascoquetas-1db.co\/wp-content\/uploads\/2024\/02\/Portada_800-PX.jpg",145,145,false],"woocommerce_thumbnail":["https:\/\/xn--uascoquetas-1db.co\/wp-content\/uploads\/2024\/02\/Portada_800-PX-300x300.jpg",300,300,true],"woocommerce_single":["https:\/\/xn--uascoquetas-1db.co\/wp-content\/uploads\/2024\/02\/Portada_800-PX-600x600.jpg",600,600,true],"woocommerce_gallery_thumbnail":["https:\/\/xn--uascoquetas-1db.co\/wp-content\/uploads\/2024\/02\/Portada_800-PX-100x100.jpg",100,100,true],"variation_swatches_image_size":["https:\/\/xn--uascoquetas-1db.co\/wp-content\/uploads\/2024\/02\/Portada_800-PX.jpg",50,50,false],"variation_swatches_tooltip_size":["https:\/\/xn--uascoquetas-1db.co\/wp-content\/uploads\/2024\/02\/Portada_800-PX.jpg",100,100,false]},"uagb_author_info":{"display_name":"U\u00f1as Coquetas","author_link":"https:\/\/xn--uascoquetas-1db.co\/?author=0"},"uagb_comment_info":0,"uagb_excerpt":"Pintura acr\u00edlica marca Colombiana Gen\u00e9rica tono Paquete 12 unidades 8 ml","jetpack_sharing_enabled":true,"jetpack-related-posts":[{"id":7371,"url":"https:\/\/xn--uascoquetas-1db.co\/?product=paquete-3-unidades-8-ml-primarios-pintura-acrilica","url_meta":{"origin":7422,"position":0},"title":"Paquete 3  unidades 8 ml (primarios) &#8211; Pintura acr\u00edlica","author":"U\u00f1as Coquetas","date":"02\/02\/2024","format":false,"excerpt":"Pintura acr\u00edlica marca Colombiana Gen\u00e9rica tono Paquete 3\u00a0 unidades 8 ml (primarios)","rel":"","context":"Entrada similar","block_context":{"text":"Entrada similar","link":""},"img":{"alt_text":"Paquete 3 unidades 8 ml (primarios)","src":"https:\/\/i0.wp.com\/xn--uascoquetas-1db.co\/wp-content\/uploads\/2024\/02\/Primarios_800-PX.jpg?resize=350%2C200&ssl=1","width":350,"height":200,"srcset":"https:\/\/i0.wp.com\/xn--uascoquetas-1db.co\/wp-content\/uploads\/2024\/02\/Primarios_800-PX.jpg?resize=350%2C200&ssl=1 1x, https:\/\/i0.wp.com\/xn--uascoquetas-1db.co\/wp-content\/uploads\/2024\/02\/Primarios_800-PX.jpg?resize=525%2C300&ssl=1 1.5x, https:\/\/i0.wp.com\/xn--uascoquetas-1db.co\/wp-content\/uploads\/2024\/02\/Primarios_800-PX.jpg?resize=700%2C400&ssl=1 2x"},"classes":[]},{"id":7373,"url":"https:\/\/xn--uascoquetas-1db.co\/?product=paquete-5-unidades-8-ml-primarios-bn-pintura-acrilica","url_meta":{"origin":7422,"position":1},"title":"Paquete 5  unidades 8 ml (primarios +B&#038;N) &#8211; Pintura acr\u00edlica","author":"U\u00f1as Coquetas","date":"02\/02\/2024","format":false,"excerpt":"Pintura acr\u00edlica marca Colombiana Gen\u00e9rica tono Paquete 5\u00a0 unidades 8 ml (primarios +B&N)","rel":"","context":"Entrada similar","block_context":{"text":"Entrada similar","link":""},"img":{"alt_text":"Paquete 5 unidades 8 ml (primarios +B&N)","src":"https:\/\/i0.wp.com\/xn--uascoquetas-1db.co\/wp-content\/uploads\/2024\/02\/Primarios-BN_800-PX.jpg?resize=350%2C200&ssl=1","width":350,"height":200,"srcset":"https:\/\/i0.wp.com\/xn--uascoquetas-1db.co\/wp-content\/uploads\/2024\/02\/Primarios-BN_800-PX.jpg?resize=350%2C200&ssl=1 1x, https:\/\/i0.wp.com\/xn--uascoquetas-1db.co\/wp-content\/uploads\/2024\/02\/Primarios-BN_800-PX.jpg?resize=525%2C300&ssl=1 1.5x, https:\/\/i0.wp.com\/xn--uascoquetas-1db.co\/wp-content\/uploads\/2024\/02\/Primarios-BN_800-PX.jpg?resize=700%2C400&ssl=1 2x"},"classes":[]},{"id":7375,"url":"https:\/\/xn--uascoquetas-1db.co\/?product=paquete-2-unidades-8-ml-bn-pintura-acrilica","url_meta":{"origin":7422,"position":2},"title":"Paquete 2  unidades 8 ml (B&#038;N) &#8211; Pintura acr\u00edlica","author":"U\u00f1as Coquetas","date":"02\/02\/2024","format":false,"excerpt":"Pintura acr\u00edlica marca Colombiana Gen\u00e9rica tono Paquete 2\u00a0 unidades 8 ml (B&N)","rel":"","context":"Entrada similar","block_context":{"text":"Entrada similar","link":""},"img":{"alt_text":"Paquete 2 unidades 8 ml (B&N)","src":"https:\/\/i0.wp.com\/xn--uascoquetas-1db.co\/wp-content\/uploads\/2024\/02\/BN_800-PX.jpg?resize=350%2C200&ssl=1","width":350,"height":200,"srcset":"https:\/\/i0.wp.com\/xn--uascoquetas-1db.co\/wp-content\/uploads\/2024\/02\/BN_800-PX.jpg?resize=350%2C200&ssl=1 1x, https:\/\/i0.wp.com\/xn--uascoquetas-1db.co\/wp-content\/uploads\/2024\/02\/BN_800-PX.jpg?resize=525%2C300&ssl=1 1.5x, https:\/\/i0.wp.com\/xn--uascoquetas-1db.co\/wp-content\/uploads\/2024\/02\/BN_800-PX.jpg?resize=700%2C400&ssl=1 2x"},"classes":[]},{"id":5067,"url":"https:\/\/xn--uascoquetas-1db.co\/?product=esmalte-especial-para-estampar-amarillo-neon-ghelic","url_meta":{"origin":7422,"position":3},"title":"Esmalte especial para estampar Amarillo Ne\u00f3n &#8211; Ghelic","author":"U\u00f1as Coquetas","date":"20\/09\/2023","format":false,"excerpt":"Esmalte especial para estampar de 12 ml marca colombiana Ghelic, con excelente pigmentaci\u00f3n.","rel":"","context":"Entrada similar","block_context":{"text":"Entrada similar","link":""},"img":{"alt_text":"Amarillo ne\u00f3n","src":"https:\/\/i0.wp.com\/xn--uascoquetas-1db.co\/wp-content\/uploads\/2023\/09\/amarillo-neon-2_Mesa-de-trabajo-1.jpg?resize=350%2C200&ssl=1","width":350,"height":200,"srcset":"https:\/\/i0.wp.com\/xn--uascoquetas-1db.co\/wp-content\/uploads\/2023\/09\/amarillo-neon-2_Mesa-de-trabajo-1.jpg?resize=350%2C200&ssl=1 1x, https:\/\/i0.wp.com\/xn--uascoquetas-1db.co\/wp-content\/uploads\/2023\/09\/amarillo-neon-2_Mesa-de-trabajo-1.jpg?resize=525%2C300&ssl=1 1.5x"},"classes":[]},{"id":5659,"url":"https:\/\/xn--uascoquetas-1db.co\/?product=coleccion-neon-esmalte-de-estampar","url_meta":{"origin":7422,"position":4},"title":"Colecci\u00f3n ne\u00f3n &#8211; Esmalte de estampar","author":"U\u00f1as Coquetas","date":"01\/10\/2023","format":false,"excerpt":"Esmalte de estampar marca Colombiana Ghelic tono Colecci\u00f3n ne\u00f3n","rel":"","context":"Entrada similar","block_context":{"text":"Entrada similar","link":""},"img":{"alt_text":"Colecci\u00f3n ne\u00f3n Ghelic","src":"https:\/\/i0.wp.com\/xn--uascoquetas-1db.co\/wp-content\/uploads\/2023\/10\/Coleccion-neon-01.jpg?resize=350%2C200&ssl=1","width":350,"height":200,"srcset":"https:\/\/i0.wp.com\/xn--uascoquetas-1db.co\/wp-content\/uploads\/2023\/10\/Coleccion-neon-01.jpg?resize=350%2C200&ssl=1 1x, https:\/\/i0.wp.com\/xn--uascoquetas-1db.co\/wp-content\/uploads\/2023\/10\/Coleccion-neon-01.jpg?resize=525%2C300&ssl=1 1.5x, https:\/\/i0.wp.com\/xn--uascoquetas-1db.co\/wp-content\/uploads\/2023\/10\/Coleccion-neon-01.jpg?resize=700%2C400&ssl=1 2x, https:\/\/i0.wp.com\/xn--uascoquetas-1db.co\/wp-content\/uploads\/2023\/10\/Coleccion-neon-01.jpg?resize=1050%2C600&ssl=1 3x"},"classes":[]},{"id":10118,"url":"https:\/\/xn--uascoquetas-1db.co\/?product=kit-de-estampar-con-mini-placa-014-fiesta-neon","url_meta":{"origin":7422,"position":5},"title":"Kit de estampar con mini placa &#8211; 014 Fiesta Ne\u00f3n","author":"U\u00f1as Coquetas","date":"24\/04\/2025","format":false,"excerpt":"Set para estampar marca Colombiana U\u00f1as coquetas - Kit mini- 014 Fiesta Ne\u00f3n con dise\u00f1os de navidad y halloween complementarios para hacer la t\u00e9cnica ne\u00f3n.","rel":"","context":"Entrada similar","block_context":{"text":"Entrada similar","link":""},"img":{"alt_text":"","src":"https:\/\/i0.wp.com\/xn--uascoquetas-1db.co\/wp-content\/uploads\/2025\/04\/126.-Fiestas-neon.jpg?resize=350%2C200&ssl=1","width":350,"height":200,"srcset":"https:\/\/i0.wp.com\/xn--uascoquetas-1db.co\/wp-content\/uploads\/2025\/04\/126.-Fiestas-neon.jpg?resize=350%2C200&ssl=1 1x, https:\/\/i0.wp.com\/xn--uascoquetas-1db.co\/wp-content\/uploads\/2025\/04\/126.-Fiestas-neon.jpg?resize=525%2C300&ssl=1 1.5x, https:\/\/i0.wp.com\/xn--uascoquetas-1db.co\/wp-content\/uploads\/2025\/04\/126.-Fiestas-neon.jpg?resize=700%2C400&ssl=1 2x"},"classes":[]}],"_links":{"self":[{"href":"https:\/\/xn--uascoquetas-1db.co\/index.php?rest_route=\/wp\/v2\/product\/7422","targetHints":{"allow":["GET"]}}],"collection":[{"href":"https:\/\/xn--uascoquetas-1db.co\/index.php?rest_route=\/wp\/v2\/product"}],"about":[{"href":"https:\/\/xn--uascoquetas-1db.co\/index.php?rest_route=\/wp\/v2\/types\/product"}],"replies":[{"embeddable":true,"href":"https:\/\/xn--uascoquetas-1db.co\/index.php?rest_route=%2Fwp%2Fv2%2Fcomments&post=7422"}],"wp:featuredmedia":[{"embeddable":true,"href":"https:\/\/xn--uascoquetas-1db.co\/index.php?rest_route=\/wp\/v2\/media\/7423"}],"wp:attachment":[{"href":"https:\/\/xn--uascoquetas-1db.co\/index.php?rest_route=%2Fwp%2Fv2%2Fmedia&parent=7422"}],"wp:term":[{"taxonomy":"product_brand","embeddable":true,"href":"https:\/\/xn--uascoquetas-1db.co\/index.php?rest_route=%2Fwp%2Fv2%2Fproduct_brand&post=7422"},{"taxonomy":"product_cat","embeddable":true,"href":"https:\/\/xn--uascoquetas-1db.co\/index.php?rest_route=%2Fwp%2Fv2%2Fproduct_cat&post=7422"},{"taxonomy":"product_tag","embeddable":true,"href":"https:\/\/xn--uascoquetas-1db.co\/index.php?rest_route=%2Fwp%2Fv2%2Fproduct_tag&post=7422"}],"curies":[{"name":"wp","href":"https:\/\/api.w.org\/{rel}","templated":true}]}}