{"id":7450,"date":"2024-02-21T16:10:50","date_gmt":"2024-02-21T21:10:50","guid":{"rendered":"https:\/\/xn--uascoquetas-1db.co\/?post_type=product&#038;p=7450"},"modified":"2026-02-01T10:41:02","modified_gmt":"2026-02-01T15:41:02","slug":"llavero-estuche-mini-placas-azul-organizador","status":"publish","type":"product","link":"https:\/\/xn--uascoquetas-1db.co\/?product=llavero-estuche-mini-placas-azul-organizador","title":{"rendered":"Llavero estuche mini placas floral &#8211; Organizador"},"content":{"rendered":"<p>Estuche organizador tipo llavero para usos varios.<\/p>\n<h2>Descripci\u00f3n<\/h2>\n<p>Art\u00edculo completamente nuevo<\/p>\n<p>Un (1) estuche<br \/>\nMaterial: Sint\u00e9tico<br \/>\nCapacidad: 8 ranuras dobles, es decir 16 espacios disponibles.<br \/>\nTama\u00f1o por bolsillo: 5,5 cm x 3,2 cm aproximadamente.<\/p>\n<p>Nota: Es s\u00f3lo un organizador, est\u00e1 vac\u00edo.<\/p>\n<h2>Usos<\/h2>\n<p>Puedes usarlo para organizar mini placas de t\u00e9cnica Stamping &#8211; Dise\u00f1o simple y de moda, totalmente funcional y pr\u00e1ctico.<\/p>\n","protected":false},"excerpt":{"rendered":"<table width=\"375\">\n<tbody>\n<tr>\n<td width=\"375\">Organizador marca Extranjera Gen\u00e9rica, estuche transparente para miniplacas<\/td>\n<\/tr>\n<\/tbody>\n<\/table>\n","protected":false},"featured_media":7452,"comment_status":"open","ping_status":"closed","template":"","meta":{"_regular_price":[],"currency_symbol":[],"_uag_custom_page_level_css":""},"product_brand":[],"product_cat":[180,47],"product_tag":[189],"class_list":{"0":"post-7450","1":"product","2":"type-product","3":"status-publish","4":"has-post-thumbnail","6":"product_cat-estuches","7":"product_cat-materiales","8":"product_tag-estuches","9":"product_shipping_class-paquete-pequeno","10":"pa_color-azul","11":"pa_color-blanco","12":"pa_color-morado","13":"pa_color-rosado","14":"pa_color-transparente","16":"first","17":"instock","18":"purchasable","19":"product-type-variable"},"post_slider_layout_featured_media_urls":{"thumbnail":["https:\/\/xn--uascoquetas-1db.co\/wp-content\/uploads\/2024\/02\/Azul_Mesa-de-trabajo-1-150x150.jpg",150,150,true],"post_slider_layout_landscape_large":["https:\/\/xn--uascoquetas-1db.co\/wp-content\/uploads\/2024\/02\/Azul_Mesa-de-trabajo-1.jpg",800,800,false],"post_slider_layout_portrait_large":["https:\/\/xn--uascoquetas-1db.co\/wp-content\/uploads\/2024\/02\/Azul_Mesa-de-trabajo-1.jpg",800,800,false],"post_slider_layout_square_large":["https:\/\/xn--uascoquetas-1db.co\/wp-content\/uploads\/2024\/02\/Azul_Mesa-de-trabajo-1.jpg",800,800,false],"post_slider_layout_landscape":["https:\/\/xn--uascoquetas-1db.co\/wp-content\/uploads\/2024\/02\/Azul_Mesa-de-trabajo-1.jpg",400,400,false],"post_slider_layout_portrait":["https:\/\/xn--uascoquetas-1db.co\/wp-content\/uploads\/2024\/02\/Azul_Mesa-de-trabajo-1.jpg",600,600,false],"post_slider_layout_square":["https:\/\/xn--uascoquetas-1db.co\/wp-content\/uploads\/2024\/02\/Azul_Mesa-de-trabajo-1.jpg",600,600,false],"full":["https:\/\/xn--uascoquetas-1db.co\/wp-content\/uploads\/2024\/02\/Azul_Mesa-de-trabajo-1.jpg",800,800,false]},"uagb_featured_image_src":{"full":["https:\/\/xn--uascoquetas-1db.co\/wp-content\/uploads\/2024\/02\/Azul_Mesa-de-trabajo-1.jpg",800,800,false],"thumbnail":["https:\/\/xn--uascoquetas-1db.co\/wp-content\/uploads\/2024\/02\/Azul_Mesa-de-trabajo-1-150x150.jpg",150,150,true],"medium":["https:\/\/xn--uascoquetas-1db.co\/wp-content\/uploads\/2024\/02\/Azul_Mesa-de-trabajo-1-300x300.jpg",300,300,true],"medium_large":["https:\/\/xn--uascoquetas-1db.co\/wp-content\/uploads\/2024\/02\/Azul_Mesa-de-trabajo-1-768x768.jpg",640,640,true],"large":["https:\/\/xn--uascoquetas-1db.co\/wp-content\/uploads\/2024\/02\/Azul_Mesa-de-trabajo-1.jpg",640,640,false],"1536x1536":["https:\/\/xn--uascoquetas-1db.co\/wp-content\/uploads\/2024\/02\/Azul_Mesa-de-trabajo-1.jpg",800,800,false],"2048x2048":["https:\/\/xn--uascoquetas-1db.co\/wp-content\/uploads\/2024\/02\/Azul_Mesa-de-trabajo-1.jpg",800,800,false],"post_slider_layout_landscape_large":["https:\/\/xn--uascoquetas-1db.co\/wp-content\/uploads\/2024\/02\/Azul_Mesa-de-trabajo-1.jpg",800,800,false],"post_slider_layout_portrait_large":["https:\/\/xn--uascoquetas-1db.co\/wp-content\/uploads\/2024\/02\/Azul_Mesa-de-trabajo-1.jpg",800,800,false],"post_slider_layout_square_large":["https:\/\/xn--uascoquetas-1db.co\/wp-content\/uploads\/2024\/02\/Azul_Mesa-de-trabajo-1.jpg",800,800,false],"post_slider_layout_landscape":["https:\/\/xn--uascoquetas-1db.co\/wp-content\/uploads\/2024\/02\/Azul_Mesa-de-trabajo-1.jpg",400,400,false],"post_slider_layout_portrait":["https:\/\/xn--uascoquetas-1db.co\/wp-content\/uploads\/2024\/02\/Azul_Mesa-de-trabajo-1.jpg",600,600,false],"post_slider_layout_square":["https:\/\/xn--uascoquetas-1db.co\/wp-content\/uploads\/2024\/02\/Azul_Mesa-de-trabajo-1.jpg",600,600,false],"vw-kids-homepage-thumb":["https:\/\/xn--uascoquetas-1db.co\/wp-content\/uploads\/2024\/02\/Azul_Mesa-de-trabajo-1.jpg",145,145,false],"woocommerce_thumbnail":["https:\/\/xn--uascoquetas-1db.co\/wp-content\/uploads\/2024\/02\/Azul_Mesa-de-trabajo-1-300x300.jpg",300,300,true],"woocommerce_single":["https:\/\/xn--uascoquetas-1db.co\/wp-content\/uploads\/2024\/02\/Azul_Mesa-de-trabajo-1-600x600.jpg",600,600,true],"woocommerce_gallery_thumbnail":["https:\/\/xn--uascoquetas-1db.co\/wp-content\/uploads\/2024\/02\/Azul_Mesa-de-trabajo-1-100x100.jpg",100,100,true],"variation_swatches_image_size":["https:\/\/xn--uascoquetas-1db.co\/wp-content\/uploads\/2024\/02\/Azul_Mesa-de-trabajo-1.jpg",50,50,false],"variation_swatches_tooltip_size":["https:\/\/xn--uascoquetas-1db.co\/wp-content\/uploads\/2024\/02\/Azul_Mesa-de-trabajo-1.jpg",100,100,false]},"uagb_author_info":{"display_name":"U\u00f1as Coquetas","author_link":"https:\/\/xn--uascoquetas-1db.co\/?author=0"},"uagb_comment_info":0,"uagb_excerpt":"Organizador marca Extranjera Gen\u00e9rica, estuche transparente para miniplacas","jetpack_sharing_enabled":true,"jetpack-related-posts":[{"id":9662,"url":"https:\/\/xn--uascoquetas-1db.co\/?product=llavero-estuche-mini-placas-liso-organizador","url_meta":{"origin":7450,"position":0},"title":"Llavero estuche mini placas liso- Organizador","author":"U\u00f1as Coquetas","date":"17\/01\/2025","format":false,"excerpt":"Organizador marca Extranjera Gen\u00e9rica, estuche para miniplacas","rel":"","context":"Entrada similar","block_context":{"text":"Entrada similar","link":""},"img":{"alt_text":"","src":"https:\/\/i0.wp.com\/xn--uascoquetas-1db.co\/wp-content\/uploads\/2025\/01\/Portada-llavero-morado-liso.jpg?resize=350%2C200&ssl=1","width":350,"height":200,"srcset":"https:\/\/i0.wp.com\/xn--uascoquetas-1db.co\/wp-content\/uploads\/2025\/01\/Portada-llavero-morado-liso.jpg?resize=350%2C200&ssl=1 1x, https:\/\/i0.wp.com\/xn--uascoquetas-1db.co\/wp-content\/uploads\/2025\/01\/Portada-llavero-morado-liso.jpg?resize=525%2C300&ssl=1 1.5x, https:\/\/i0.wp.com\/xn--uascoquetas-1db.co\/wp-content\/uploads\/2025\/01\/Portada-llavero-morado-liso.jpg?resize=700%2C400&ssl=1 2x"},"classes":[]},{"id":5735,"url":"https:\/\/xn--uascoquetas-1db.co\/?product=tarjeteros-para-raspadores-y-mini-placas-negro-organizador","url_meta":{"origin":7450,"position":1},"title":"Tarjeteros para raspadores y mini placas &#8211; Negro &#8211; Organizador","author":"U\u00f1as Coquetas","date":"02\/10\/2023","format":false,"excerpt":"Organizador marca Extranjera Gen\u00e9rica, estuche para raspadores negro","rel":"","context":"Entrada similar","block_context":{"text":"Entrada similar","link":""},"img":{"alt_text":"Estuche para raspadores negro","src":"https:\/\/i0.wp.com\/xn--uascoquetas-1db.co\/wp-content\/uploads\/2023\/10\/Tarjetero-negro-01-800x800_Mesa-de-trabajo-1.jpg?resize=350%2C200&ssl=1","width":350,"height":200,"srcset":"https:\/\/i0.wp.com\/xn--uascoquetas-1db.co\/wp-content\/uploads\/2023\/10\/Tarjetero-negro-01-800x800_Mesa-de-trabajo-1.jpg?resize=350%2C200&ssl=1 1x, https:\/\/i0.wp.com\/xn--uascoquetas-1db.co\/wp-content\/uploads\/2023\/10\/Tarjetero-negro-01-800x800_Mesa-de-trabajo-1.jpg?resize=525%2C300&ssl=1 1.5x, https:\/\/i0.wp.com\/xn--uascoquetas-1db.co\/wp-content\/uploads\/2023\/10\/Tarjetero-negro-01-800x800_Mesa-de-trabajo-1.jpg?resize=700%2C400&ssl=1 2x"},"classes":[]},{"id":5732,"url":"https:\/\/xn--uascoquetas-1db.co\/?product=tarjeteros-para-raspadores-y-mini-placas-verde-organizador","url_meta":{"origin":7450,"position":2},"title":"Tarjeteros para raspadores y mini placas &#8211; Verde &#8211; Organizador","author":"U\u00f1as Coquetas","date":"02\/10\/2023","format":false,"excerpt":"Organizador marca Extranjera Gen\u00e9rica, estuche para raspadores","rel":"","context":"Entrada similar","block_context":{"text":"Entrada similar","link":""},"img":{"alt_text":"Estuche raspadores verde","src":"https:\/\/i0.wp.com\/xn--uascoquetas-1db.co\/wp-content\/uploads\/2023\/10\/Tarjetero-verde-01-800x800_Mesa-de-trabajo-1.jpg?resize=350%2C200&ssl=1","width":350,"height":200,"srcset":"https:\/\/i0.wp.com\/xn--uascoquetas-1db.co\/wp-content\/uploads\/2023\/10\/Tarjetero-verde-01-800x800_Mesa-de-trabajo-1.jpg?resize=350%2C200&ssl=1 1x, https:\/\/i0.wp.com\/xn--uascoquetas-1db.co\/wp-content\/uploads\/2023\/10\/Tarjetero-verde-01-800x800_Mesa-de-trabajo-1.jpg?resize=525%2C300&ssl=1 1.5x, https:\/\/i0.wp.com\/xn--uascoquetas-1db.co\/wp-content\/uploads\/2023\/10\/Tarjetero-verde-01-800x800_Mesa-de-trabajo-1.jpg?resize=700%2C400&ssl=1 2x"},"classes":[]},{"id":9571,"url":"https:\/\/xn--uascoquetas-1db.co\/?product=estuche-edicion-limitada-unas-coquetas","url_meta":{"origin":7450,"position":3},"title":"Estuche Edici\u00f3n Limitada U\u00f1as Coquetas","author":"U\u00f1as Coquetas","date":"11\/12\/2024","format":false,"excerpt":"Estuche pr\u00e1ctico y vers\u00e1til para llevar tus cositas u\u00f1iles a cualquier lugar.","rel":"","context":"Entrada similar","block_context":{"text":"Entrada similar","link":""},"img":{"alt_text":"","src":"https:\/\/i0.wp.com\/xn--uascoquetas-1db.co\/wp-content\/uploads\/2024\/12\/Estuche-portada.jpg?resize=350%2C200&ssl=1","width":350,"height":200,"srcset":"https:\/\/i0.wp.com\/xn--uascoquetas-1db.co\/wp-content\/uploads\/2024\/12\/Estuche-portada.jpg?resize=350%2C200&ssl=1 1x, https:\/\/i0.wp.com\/xn--uascoquetas-1db.co\/wp-content\/uploads\/2024\/12\/Estuche-portada.jpg?resize=525%2C300&ssl=1 1.5x, https:\/\/i0.wp.com\/xn--uascoquetas-1db.co\/wp-content\/uploads\/2024\/12\/Estuche-portada.jpg?resize=700%2C400&ssl=1 2x"},"classes":[]},{"id":5724,"url":"https:\/\/xn--uascoquetas-1db.co\/?product=estuche-mediano-125-x8-20-puestos-morado-organizador","url_meta":{"origin":7450,"position":4},"title":"Estuche mediano (12,5 x8) 20 puestos &#8211; Organizador","author":"U\u00f1as Coquetas","date":"02\/10\/2023","format":false,"excerpt":"Organizador marca Extranjera Gen\u00e9rica, estuche fucsia mediano, placas de 6 x 12 cm","rel":"","context":"Entrada similar","block_context":{"text":"Entrada similar","link":""},"img":{"alt_text":"","src":"https:\/\/i0.wp.com\/xn--uascoquetas-1db.co\/wp-content\/uploads\/2023\/10\/Fucsia.png?resize=350%2C200&ssl=1","width":350,"height":200,"srcset":"https:\/\/i0.wp.com\/xn--uascoquetas-1db.co\/wp-content\/uploads\/2023\/10\/Fucsia.png?resize=350%2C200&ssl=1 1x, https:\/\/i0.wp.com\/xn--uascoquetas-1db.co\/wp-content\/uploads\/2023\/10\/Fucsia.png?resize=525%2C300&ssl=1 1.5x, https:\/\/i0.wp.com\/xn--uascoquetas-1db.co\/wp-content\/uploads\/2023\/10\/Fucsia.png?resize=700%2C400&ssl=1 2x"},"classes":[]},{"id":5721,"url":"https:\/\/xn--uascoquetas-1db.co\/?product=estuche-plus-holo-9x145-16-puestos-organizador","url_meta":{"origin":7450,"position":5},"title":"Estuche Plus Holo (9&#215;14,5) 16 puestos &#8211; Organizador","author":"U\u00f1as Coquetas","date":"02\/10\/2023","format":false,"excerpt":"Organizador marca Extranjera Gen\u00e9rica, estuche hologr\u00e1fico para placas grandes de 9 x 14,5","rel":"","context":"Entrada similar","block_context":{"text":"Entrada similar","link":""},"img":{"alt_text":"Holo Plus","src":"https:\/\/i0.wp.com\/xn--uascoquetas-1db.co\/wp-content\/uploads\/2023\/10\/E6C-Portada.png?resize=350%2C200&ssl=1","width":350,"height":200,"srcset":"https:\/\/i0.wp.com\/xn--uascoquetas-1db.co\/wp-content\/uploads\/2023\/10\/E6C-Portada.png?resize=350%2C200&ssl=1 1x, https:\/\/i0.wp.com\/xn--uascoquetas-1db.co\/wp-content\/uploads\/2023\/10\/E6C-Portada.png?resize=525%2C300&ssl=1 1.5x, https:\/\/i0.wp.com\/xn--uascoquetas-1db.co\/wp-content\/uploads\/2023\/10\/E6C-Portada.png?resize=700%2C400&ssl=1 2x, https:\/\/i0.wp.com\/xn--uascoquetas-1db.co\/wp-content\/uploads\/2023\/10\/E6C-Portada.png?resize=1050%2C600&ssl=1 3x, https:\/\/i0.wp.com\/xn--uascoquetas-1db.co\/wp-content\/uploads\/2023\/10\/E6C-Portada.png?resize=1400%2C800&ssl=1 4x"},"classes":[]}],"_links":{"self":[{"href":"https:\/\/xn--uascoquetas-1db.co\/index.php?rest_route=\/wp\/v2\/product\/7450","targetHints":{"allow":["GET"]}}],"collection":[{"href":"https:\/\/xn--uascoquetas-1db.co\/index.php?rest_route=\/wp\/v2\/product"}],"about":[{"href":"https:\/\/xn--uascoquetas-1db.co\/index.php?rest_route=\/wp\/v2\/types\/product"}],"replies":[{"embeddable":true,"href":"https:\/\/xn--uascoquetas-1db.co\/index.php?rest_route=%2Fwp%2Fv2%2Fcomments&post=7450"}],"wp:featuredmedia":[{"embeddable":true,"href":"https:\/\/xn--uascoquetas-1db.co\/index.php?rest_route=\/wp\/v2\/media\/7452"}],"wp:attachment":[{"href":"https:\/\/xn--uascoquetas-1db.co\/index.php?rest_route=%2Fwp%2Fv2%2Fmedia&parent=7450"}],"wp:term":[{"taxonomy":"product_brand","embeddable":true,"href":"https:\/\/xn--uascoquetas-1db.co\/index.php?rest_route=%2Fwp%2Fv2%2Fproduct_brand&post=7450"},{"taxonomy":"product_cat","embeddable":true,"href":"https:\/\/xn--uascoquetas-1db.co\/index.php?rest_route=%2Fwp%2Fv2%2Fproduct_cat&post=7450"},{"taxonomy":"product_tag","embeddable":true,"href":"https:\/\/xn--uascoquetas-1db.co\/index.php?rest_route=%2Fwp%2Fv2%2Fproduct_tag&post=7450"}],"curies":[{"name":"wp","href":"https:\/\/api.w.org\/{rel}","templated":true}]}}