{"id":7478,"date":"2024-02-22T15:54:09","date_gmt":"2024-02-22T20:54:09","guid":{"rendered":"https:\/\/xn--uascoquetas-1db.co\/?post_type=product&#038;p=7478"},"modified":"2024-12-13T17:50:18","modified_gmt":"2024-12-13T22:50:18","slug":"color-therapy-kit-de-6-esmaltes-tradicionales","status":"publish","type":"product","link":"https:\/\/xn--uascoquetas-1db.co\/?product=color-therapy-kit-de-6-esmaltes-tradicionales","title":{"rendered":"Color Therapy &#8211; Kit de 6 esmaltes tradicionales"},"content":{"rendered":"<p>Colecci\u00f3n Color Therapy &#8211; Marca Ghelic<br \/>\nBase + color + brillo en un solo producto. Adem\u00e1s es secador r\u00e1pido.<\/p>\n<h2>Caracter\u00edsticas<\/h2>\n<p>Seis tonos de esmalte tradicional de secado al aire.<br \/>\nVolumen: 12 ml cada uno<br \/>\nColores: Los seis tonos de la imagen<br \/>\nExtrema<br \/>\nAmorosa<br \/>\nApasionada<br \/>\nCari\u00f1osa<br \/>\nInvencible<br \/>\nModerna<\/p>\n<p>Es una terapia de color que ayudar\u00e1 a recuperar las u\u00f1as maltratadas, escamosas o da\u00f1adas, por uso permanente de sistemas artificiales y otros factores.<\/p>\n<p>Enriquecida con calcio, prote\u00edna de leche, arg\u00e1n y otros componentes que las fortalece desde la ra\u00edz hasta las puntas.<\/p>\n<h2>Modo de uso<\/h2>\n<p>Aplicar dos o tres capas sobre tus u\u00f1as, dejando secar entre capas.<br \/>\nPreferiblemente, se debe aplicar tres veces a la semana.<\/p>\n","protected":false},"excerpt":{"rendered":"<table width=\"375\">\n<tbody>\n<tr>\n<td width=\"375\">Kit de 6 esmaltes tradicionales marca Colombiana Ghelic &#8211; Color Therapy<\/td>\n<\/tr>\n<\/tbody>\n<\/table>\n","protected":false},"featured_media":7479,"comment_status":"open","ping_status":"closed","template":"","meta":{"_regular_price":["51000"],"currency_symbol":[],"_uag_custom_page_level_css":""},"product_brand":[],"product_cat":[55,244,59,229],"product_tag":[83],"class_list":{"0":"post-7478","1":"product","2":"type-product","3":"status-publish","4":"has-post-thumbnail","6":"product_cat-esmaltes-tradicionales","7":"product_cat-kit-esmaltes","8":"product_cat-kits-de-stamping","9":"product_cat-tratamiento","10":"product_tag-esmalte","11":"product_shipping_class-paquete-pequeno","13":"first","14":"outofstock","15":"purchasable","16":"product-type-simple"},"post_slider_layout_featured_media_urls":{"thumbnail":["https:\/\/xn--uascoquetas-1db.co\/wp-content\/uploads\/2024\/02\/109.-Set-color-therapy_800-PX-150x150.jpg",150,150,true],"post_slider_layout_landscape_large":["https:\/\/xn--uascoquetas-1db.co\/wp-content\/uploads\/2024\/02\/109.-Set-color-therapy_800-PX.jpg",800,800,false],"post_slider_layout_portrait_large":["https:\/\/xn--uascoquetas-1db.co\/wp-content\/uploads\/2024\/02\/109.-Set-color-therapy_800-PX.jpg",800,800,false],"post_slider_layout_square_large":["https:\/\/xn--uascoquetas-1db.co\/wp-content\/uploads\/2024\/02\/109.-Set-color-therapy_800-PX.jpg",800,800,false],"post_slider_layout_landscape":["https:\/\/xn--uascoquetas-1db.co\/wp-content\/uploads\/2024\/02\/109.-Set-color-therapy_800-PX.jpg",400,400,false],"post_slider_layout_portrait":["https:\/\/xn--uascoquetas-1db.co\/wp-content\/uploads\/2024\/02\/109.-Set-color-therapy_800-PX.jpg",600,600,false],"post_slider_layout_square":["https:\/\/xn--uascoquetas-1db.co\/wp-content\/uploads\/2024\/02\/109.-Set-color-therapy_800-PX.jpg",600,600,false],"full":["https:\/\/xn--uascoquetas-1db.co\/wp-content\/uploads\/2024\/02\/109.-Set-color-therapy_800-PX.jpg",800,800,false]},"uagb_featured_image_src":{"full":["https:\/\/xn--uascoquetas-1db.co\/wp-content\/uploads\/2024\/02\/109.-Set-color-therapy_800-PX.jpg",800,800,false],"thumbnail":["https:\/\/xn--uascoquetas-1db.co\/wp-content\/uploads\/2024\/02\/109.-Set-color-therapy_800-PX-150x150.jpg",150,150,true],"medium":["https:\/\/xn--uascoquetas-1db.co\/wp-content\/uploads\/2024\/02\/109.-Set-color-therapy_800-PX-300x300.jpg",300,300,true],"medium_large":["https:\/\/xn--uascoquetas-1db.co\/wp-content\/uploads\/2024\/02\/109.-Set-color-therapy_800-PX-768x768.jpg",640,640,true],"large":["https:\/\/xn--uascoquetas-1db.co\/wp-content\/uploads\/2024\/02\/109.-Set-color-therapy_800-PX.jpg",640,640,false],"1536x1536":["https:\/\/xn--uascoquetas-1db.co\/wp-content\/uploads\/2024\/02\/109.-Set-color-therapy_800-PX.jpg",800,800,false],"2048x2048":["https:\/\/xn--uascoquetas-1db.co\/wp-content\/uploads\/2024\/02\/109.-Set-color-therapy_800-PX.jpg",800,800,false],"post_slider_layout_landscape_large":["https:\/\/xn--uascoquetas-1db.co\/wp-content\/uploads\/2024\/02\/109.-Set-color-therapy_800-PX.jpg",800,800,false],"post_slider_layout_portrait_large":["https:\/\/xn--uascoquetas-1db.co\/wp-content\/uploads\/2024\/02\/109.-Set-color-therapy_800-PX.jpg",800,800,false],"post_slider_layout_square_large":["https:\/\/xn--uascoquetas-1db.co\/wp-content\/uploads\/2024\/02\/109.-Set-color-therapy_800-PX.jpg",800,800,false],"post_slider_layout_landscape":["https:\/\/xn--uascoquetas-1db.co\/wp-content\/uploads\/2024\/02\/109.-Set-color-therapy_800-PX.jpg",400,400,false],"post_slider_layout_portrait":["https:\/\/xn--uascoquetas-1db.co\/wp-content\/uploads\/2024\/02\/109.-Set-color-therapy_800-PX.jpg",600,600,false],"post_slider_layout_square":["https:\/\/xn--uascoquetas-1db.co\/wp-content\/uploads\/2024\/02\/109.-Set-color-therapy_800-PX.jpg",600,600,false],"vw-kids-homepage-thumb":["https:\/\/xn--uascoquetas-1db.co\/wp-content\/uploads\/2024\/02\/109.-Set-color-therapy_800-PX.jpg",145,145,false],"woocommerce_thumbnail":["https:\/\/xn--uascoquetas-1db.co\/wp-content\/uploads\/2024\/02\/109.-Set-color-therapy_800-PX-300x300.jpg",300,300,true],"woocommerce_single":["https:\/\/xn--uascoquetas-1db.co\/wp-content\/uploads\/2024\/02\/109.-Set-color-therapy_800-PX-600x600.jpg",600,600,true],"woocommerce_gallery_thumbnail":["https:\/\/xn--uascoquetas-1db.co\/wp-content\/uploads\/2024\/02\/109.-Set-color-therapy_800-PX-100x100.jpg",100,100,true],"variation_swatches_image_size":["https:\/\/xn--uascoquetas-1db.co\/wp-content\/uploads\/2024\/02\/109.-Set-color-therapy_800-PX.jpg",50,50,false],"variation_swatches_tooltip_size":["https:\/\/xn--uascoquetas-1db.co\/wp-content\/uploads\/2024\/02\/109.-Set-color-therapy_800-PX.jpg",100,100,false]},"uagb_author_info":{"display_name":"U\u00f1as Coquetas","author_link":"https:\/\/xn--uascoquetas-1db.co\/?author=0"},"uagb_comment_info":0,"uagb_excerpt":"Kit de 6 esmaltes tradicionales marca Colombiana Ghelic - Color Therapy","jetpack_sharing_enabled":true,"jetpack-related-posts":[{"id":7862,"url":"https:\/\/xn--uascoquetas-1db.co\/?product=matificador-12ml-ghelic","url_meta":{"origin":7478,"position":0},"title":"Matificador 12ml &#8211; Ghelic","author":"U\u00f1as Coquetas","date":"18\/04\/2024","format":false,"excerpt":"Esmalte de secado al aire marca Colombiana Ghelic tono Matificador 12ml","rel":"","context":"Entrada similar","block_context":{"text":"Entrada similar","link":""},"img":{"alt_text":"Mate Ghelic","src":"https:\/\/i0.wp.com\/xn--uascoquetas-1db.co\/wp-content\/uploads\/2024\/04\/Mate_800-PX.jpg?resize=350%2C200&ssl=1","width":350,"height":200,"srcset":"https:\/\/i0.wp.com\/xn--uascoquetas-1db.co\/wp-content\/uploads\/2024\/04\/Mate_800-PX.jpg?resize=350%2C200&ssl=1 1x, https:\/\/i0.wp.com\/xn--uascoquetas-1db.co\/wp-content\/uploads\/2024\/04\/Mate_800-PX.jpg?resize=525%2C300&ssl=1 1.5x, https:\/\/i0.wp.com\/xn--uascoquetas-1db.co\/wp-content\/uploads\/2024\/04\/Mate_800-PX.jpg?resize=700%2C400&ssl=1 2x"},"classes":[]},{"id":6785,"url":"https:\/\/xn--uascoquetas-1db.co\/?product=base-diamond-nails-12-ml-esmalte-de-secado-al-aire","url_meta":{"origin":7478,"position":1},"title":"Base Diamond Nails 12 ml &#8211; Esmalte de secado al aire","author":"U\u00f1as Coquetas","date":"20\/11\/2023","format":false,"excerpt":"Esmalte de secado al aire marca Colombiana Ghelic tono Base Diamond Nails 12 ml","rel":"","context":"Entrada similar","block_context":{"text":"Entrada similar","link":""},"img":{"alt_text":"115. Base diamond","src":"https:\/\/i0.wp.com\/xn--uascoquetas-1db.co\/wp-content\/uploads\/2023\/11\/Diamond-nails-800px.jpg?resize=350%2C200&ssl=1","width":350,"height":200,"srcset":"https:\/\/i0.wp.com\/xn--uascoquetas-1db.co\/wp-content\/uploads\/2023\/11\/Diamond-nails-800px.jpg?resize=350%2C200&ssl=1 1x, https:\/\/i0.wp.com\/xn--uascoquetas-1db.co\/wp-content\/uploads\/2023\/11\/Diamond-nails-800px.jpg?resize=525%2C300&ssl=1 1.5x"},"classes":[]},{"id":8841,"url":"https:\/\/xn--uascoquetas-1db.co\/?product=tonos-frios-marylin","url_meta":{"origin":7478,"position":2},"title":"Tonos fr\u00edos &#8211; Marylin","author":"U\u00f1as Coquetas","date":"29\/08\/2024","format":false,"excerpt":"Esmalte tradicional marca Colombiana Marylin tono Tonos fr\u00edos","rel":"","context":"Entrada similar","block_context":{"text":"Entrada similar","link":""},"img":{"alt_text":"","src":"https:\/\/i0.wp.com\/xn--uascoquetas-1db.co\/wp-content\/uploads\/2024\/08\/Tono-58-Azul-rey-metalizado.png?resize=350%2C200&ssl=1","width":350,"height":200,"srcset":"https:\/\/i0.wp.com\/xn--uascoquetas-1db.co\/wp-content\/uploads\/2024\/08\/Tono-58-Azul-rey-metalizado.png?resize=350%2C200&ssl=1 1x, https:\/\/i0.wp.com\/xn--uascoquetas-1db.co\/wp-content\/uploads\/2024\/08\/Tono-58-Azul-rey-metalizado.png?resize=525%2C300&ssl=1 1.5x, https:\/\/i0.wp.com\/xn--uascoquetas-1db.co\/wp-content\/uploads\/2024\/08\/Tono-58-Azul-rey-metalizado.png?resize=700%2C400&ssl=1 2x"},"classes":[]},{"id":9934,"url":"https:\/\/xn--uascoquetas-1db.co\/?product=kit-labial-y-esmalte-gel-evolution-de-masglo","url_meta":{"origin":7478,"position":3},"title":"Kit labial y esmalte Gel Evolution de Masglo","author":"U\u00f1as Coquetas","date":"28\/03\/2025","format":false,"excerpt":"Esmalte de secado al aire marca Colombiana Masglo tono Base Masglo Clinical total care violeta","rel":"","context":"Entrada similar","block_context":{"text":"Entrada similar","link":""},"img":{"alt_text":"","src":"https:\/\/i0.wp.com\/xn--uascoquetas-1db.co\/wp-content\/uploads\/2025\/03\/Web-1.jpg?resize=350%2C200&ssl=1","width":350,"height":200,"srcset":"https:\/\/i0.wp.com\/xn--uascoquetas-1db.co\/wp-content\/uploads\/2025\/03\/Web-1.jpg?resize=350%2C200&ssl=1 1x, https:\/\/i0.wp.com\/xn--uascoquetas-1db.co\/wp-content\/uploads\/2025\/03\/Web-1.jpg?resize=525%2C300&ssl=1 1.5x, https:\/\/i0.wp.com\/xn--uascoquetas-1db.co\/wp-content\/uploads\/2025\/03\/Web-1.jpg?resize=700%2C400&ssl=1 2x"},"classes":[]},{"id":8821,"url":"https:\/\/xn--uascoquetas-1db.co\/?product=tonos-cafe-y-nude-marylin","url_meta":{"origin":7478,"position":4},"title":"Tonos caf\u00e9 y nude &#8211; Marylin","author":"U\u00f1as Coquetas","date":"29\/08\/2024","format":false,"excerpt":"Esmalte tradicional marca Colombiana Marylin tono Tonos caf\u00e9 y nude","rel":"","context":"Entrada similar","block_context":{"text":"Entrada similar","link":""},"img":{"alt_text":"Tono 183 marr\u00f3n","src":"https:\/\/i0.wp.com\/xn--uascoquetas-1db.co\/wp-content\/uploads\/2024\/08\/Tono-183-Marron-claro.png?resize=350%2C200&ssl=1","width":350,"height":200,"srcset":"https:\/\/i0.wp.com\/xn--uascoquetas-1db.co\/wp-content\/uploads\/2024\/08\/Tono-183-Marron-claro.png?resize=350%2C200&ssl=1 1x, https:\/\/i0.wp.com\/xn--uascoquetas-1db.co\/wp-content\/uploads\/2024\/08\/Tono-183-Marron-claro.png?resize=525%2C300&ssl=1 1.5x, https:\/\/i0.wp.com\/xn--uascoquetas-1db.co\/wp-content\/uploads\/2024\/08\/Tono-183-Marron-claro.png?resize=700%2C400&ssl=1 2x"},"classes":[]},{"id":7940,"url":"https:\/\/xn--uascoquetas-1db.co\/?product=tono-02-blanco-marylin","url_meta":{"origin":7478,"position":5},"title":"Tonos b\u00e1sicos a elecci\u00f3n &#8211; Marylin","author":"U\u00f1as Coquetas","date":"25\/04\/2024","format":false,"excerpt":"Esmalte tradicional marca Colombiana Marylin tono Tono 02 Blanco","rel":"","context":"Entrada similar","block_context":{"text":"Entrada similar","link":""},"img":{"alt_text":"Tono 02 Blanco","src":"https:\/\/i0.wp.com\/xn--uascoquetas-1db.co\/wp-content\/uploads\/2024\/04\/Tono-02.jpg?resize=350%2C200&ssl=1","width":350,"height":200,"srcset":"https:\/\/i0.wp.com\/xn--uascoquetas-1db.co\/wp-content\/uploads\/2024\/04\/Tono-02.jpg?resize=350%2C200&ssl=1 1x, https:\/\/i0.wp.com\/xn--uascoquetas-1db.co\/wp-content\/uploads\/2024\/04\/Tono-02.jpg?resize=525%2C300&ssl=1 1.5x, https:\/\/i0.wp.com\/xn--uascoquetas-1db.co\/wp-content\/uploads\/2024\/04\/Tono-02.jpg?resize=700%2C400&ssl=1 2x"},"classes":[]}],"_links":{"self":[{"href":"https:\/\/xn--uascoquetas-1db.co\/index.php?rest_route=\/wp\/v2\/product\/7478","targetHints":{"allow":["GET"]}}],"collection":[{"href":"https:\/\/xn--uascoquetas-1db.co\/index.php?rest_route=\/wp\/v2\/product"}],"about":[{"href":"https:\/\/xn--uascoquetas-1db.co\/index.php?rest_route=\/wp\/v2\/types\/product"}],"replies":[{"embeddable":true,"href":"https:\/\/xn--uascoquetas-1db.co\/index.php?rest_route=%2Fwp%2Fv2%2Fcomments&post=7478"}],"wp:featuredmedia":[{"embeddable":true,"href":"https:\/\/xn--uascoquetas-1db.co\/index.php?rest_route=\/wp\/v2\/media\/7479"}],"wp:attachment":[{"href":"https:\/\/xn--uascoquetas-1db.co\/index.php?rest_route=%2Fwp%2Fv2%2Fmedia&parent=7478"}],"wp:term":[{"taxonomy":"product_brand","embeddable":true,"href":"https:\/\/xn--uascoquetas-1db.co\/index.php?rest_route=%2Fwp%2Fv2%2Fproduct_brand&post=7478"},{"taxonomy":"product_cat","embeddable":true,"href":"https:\/\/xn--uascoquetas-1db.co\/index.php?rest_route=%2Fwp%2Fv2%2Fproduct_cat&post=7478"},{"taxonomy":"product_tag","embeddable":true,"href":"https:\/\/xn--uascoquetas-1db.co\/index.php?rest_route=%2Fwp%2Fv2%2Fproduct_tag&post=7478"}],"curies":[{"name":"wp","href":"https:\/\/api.w.org\/{rel}","templated":true}]}}