{"id":7956,"date":"2024-04-25T20:11:06","date_gmt":"2024-04-26T01:11:06","guid":{"rendered":"https:\/\/xn--uascoquetas-1db.co\/?post_type=product&#038;p=7956"},"modified":"2026-02-22T10:00:37","modified_gmt":"2026-02-22T15:00:37","slug":"dilusor-de-esmalte-65-ml-marylin","status":"publish","type":"product","link":"https:\/\/xn--uascoquetas-1db.co\/?product=dilusor-de-esmalte-65-ml-marylin","title":{"rendered":"Dilusor de esmalte 65 ml &#8211; Marylin"},"content":{"rendered":"<p>DILUSOR DE ESMALTE * 65 ML<br \/>\nRecupera la viscosidad de los esmaltes para u\u00f1as.<\/p>\n<h2>Caracter\u00edsticas:<\/h2>\n<p>-Presentaci\u00f3n: Recipiente de 65 ml.<br \/>\nRegistro INVIMA NSOC24381-23CO<\/p>\n<h2>MODO DE USO<\/h2>\n<p>Aplicar de 3 a 5 gotas en el esmalte a diluir, batir y dejar reposar.<\/p>\n","protected":false},"excerpt":{"rendered":"<table width=\"375\">\n<tbody>\n<tr>\n<td width=\"375\">Esmalte tradicional marca Colombiana Marylin, dilusor de esmalte<\/td>\n<\/tr>\n<\/tbody>\n<\/table>\n","protected":false},"featured_media":7957,"comment_status":"open","ping_status":"closed","template":"","meta":{"_regular_price":["7500"],"currency_symbol":[],"_uag_custom_page_level_css":""},"product_brand":[],"product_cat":[47,232],"product_tag":[233],"class_list":{"0":"post-7956","1":"product","2":"type-product","3":"status-publish","4":"has-post-thumbnail","6":"product_cat-materiales","7":"product_cat-removedores-y-limpiadores","8":"product_tag-removedores","9":"product_shipping_class-paquete-pequeno","11":"first","12":"instock","13":"purchasable","14":"product-type-simple"},"post_slider_layout_featured_media_urls":{"thumbnail":["https:\/\/xn--uascoquetas-1db.co\/wp-content\/uploads\/2024\/04\/Dilusor-65-ml-im-150x150.jpg",150,150,true],"post_slider_layout_landscape_large":["https:\/\/xn--uascoquetas-1db.co\/wp-content\/uploads\/2024\/04\/Dilusor-65-ml-im.jpg",800,800,false],"post_slider_layout_portrait_large":["https:\/\/xn--uascoquetas-1db.co\/wp-content\/uploads\/2024\/04\/Dilusor-65-ml-im.jpg",800,800,false],"post_slider_layout_square_large":["https:\/\/xn--uascoquetas-1db.co\/wp-content\/uploads\/2024\/04\/Dilusor-65-ml-im.jpg",800,800,false],"post_slider_layout_landscape":["https:\/\/xn--uascoquetas-1db.co\/wp-content\/uploads\/2024\/04\/Dilusor-65-ml-im.jpg",400,400,false],"post_slider_layout_portrait":["https:\/\/xn--uascoquetas-1db.co\/wp-content\/uploads\/2024\/04\/Dilusor-65-ml-im.jpg",600,600,false],"post_slider_layout_square":["https:\/\/xn--uascoquetas-1db.co\/wp-content\/uploads\/2024\/04\/Dilusor-65-ml-im.jpg",600,600,false],"full":["https:\/\/xn--uascoquetas-1db.co\/wp-content\/uploads\/2024\/04\/Dilusor-65-ml-im.jpg",800,800,false]},"uagb_featured_image_src":{"full":["https:\/\/xn--uascoquetas-1db.co\/wp-content\/uploads\/2024\/04\/Dilusor-65-ml-im.jpg",800,800,false],"thumbnail":["https:\/\/xn--uascoquetas-1db.co\/wp-content\/uploads\/2024\/04\/Dilusor-65-ml-im-150x150.jpg",150,150,true],"medium":["https:\/\/xn--uascoquetas-1db.co\/wp-content\/uploads\/2024\/04\/Dilusor-65-ml-im-300x300.jpg",300,300,true],"medium_large":["https:\/\/xn--uascoquetas-1db.co\/wp-content\/uploads\/2024\/04\/Dilusor-65-ml-im-768x768.jpg",640,640,true],"large":["https:\/\/xn--uascoquetas-1db.co\/wp-content\/uploads\/2024\/04\/Dilusor-65-ml-im.jpg",640,640,false],"1536x1536":["https:\/\/xn--uascoquetas-1db.co\/wp-content\/uploads\/2024\/04\/Dilusor-65-ml-im.jpg",800,800,false],"2048x2048":["https:\/\/xn--uascoquetas-1db.co\/wp-content\/uploads\/2024\/04\/Dilusor-65-ml-im.jpg",800,800,false],"post_slider_layout_landscape_large":["https:\/\/xn--uascoquetas-1db.co\/wp-content\/uploads\/2024\/04\/Dilusor-65-ml-im.jpg",800,800,false],"post_slider_layout_portrait_large":["https:\/\/xn--uascoquetas-1db.co\/wp-content\/uploads\/2024\/04\/Dilusor-65-ml-im.jpg",800,800,false],"post_slider_layout_square_large":["https:\/\/xn--uascoquetas-1db.co\/wp-content\/uploads\/2024\/04\/Dilusor-65-ml-im.jpg",800,800,false],"post_slider_layout_landscape":["https:\/\/xn--uascoquetas-1db.co\/wp-content\/uploads\/2024\/04\/Dilusor-65-ml-im.jpg",400,400,false],"post_slider_layout_portrait":["https:\/\/xn--uascoquetas-1db.co\/wp-content\/uploads\/2024\/04\/Dilusor-65-ml-im.jpg",600,600,false],"post_slider_layout_square":["https:\/\/xn--uascoquetas-1db.co\/wp-content\/uploads\/2024\/04\/Dilusor-65-ml-im.jpg",600,600,false],"vw-kids-homepage-thumb":["https:\/\/xn--uascoquetas-1db.co\/wp-content\/uploads\/2024\/04\/Dilusor-65-ml-im.jpg",145,145,false],"woocommerce_thumbnail":["https:\/\/xn--uascoquetas-1db.co\/wp-content\/uploads\/2024\/04\/Dilusor-65-ml-im-300x300.jpg",300,300,true],"woocommerce_single":["https:\/\/xn--uascoquetas-1db.co\/wp-content\/uploads\/2024\/04\/Dilusor-65-ml-im-600x600.jpg",600,600,true],"woocommerce_gallery_thumbnail":["https:\/\/xn--uascoquetas-1db.co\/wp-content\/uploads\/2024\/04\/Dilusor-65-ml-im-100x100.jpg",100,100,true],"variation_swatches_image_size":["https:\/\/xn--uascoquetas-1db.co\/wp-content\/uploads\/2024\/04\/Dilusor-65-ml-im.jpg",50,50,false],"variation_swatches_tooltip_size":["https:\/\/xn--uascoquetas-1db.co\/wp-content\/uploads\/2024\/04\/Dilusor-65-ml-im.jpg",100,100,false]},"uagb_author_info":{"display_name":"U\u00f1as Coquetas","author_link":"https:\/\/xn--uascoquetas-1db.co\/?author=0"},"uagb_comment_info":0,"uagb_excerpt":"Esmalte tradicional marca Colombiana Marylin, dilusor de esmalte","jetpack_sharing_enabled":true,"jetpack-related-posts":[{"id":7930,"url":"https:\/\/xn--uascoquetas-1db.co\/?product=secante-en-aceite-12-ml-marylin","url_meta":{"origin":7956,"position":0},"title":"Secante en aceite 12 ml &#8211; Marylin","author":"U\u00f1as Coquetas","date":"25\/04\/2024","format":false,"excerpt":"Esmalte tradicional marca Colombiana Marylin tono Secante en aceite 12 ml","rel":"","context":"Entrada similar","block_context":{"text":"Entrada similar","link":""},"img":{"alt_text":"Secante en aceite 12 ml","src":"https:\/\/i0.wp.com\/xn--uascoquetas-1db.co\/wp-content\/uploads\/2024\/04\/Secante-en-aceite-12-ml.jpg?resize=350%2C200&ssl=1","width":350,"height":200,"srcset":"https:\/\/i0.wp.com\/xn--uascoquetas-1db.co\/wp-content\/uploads\/2024\/04\/Secante-en-aceite-12-ml.jpg?resize=350%2C200&ssl=1 1x, https:\/\/i0.wp.com\/xn--uascoquetas-1db.co\/wp-content\/uploads\/2024\/04\/Secante-en-aceite-12-ml.jpg?resize=525%2C300&ssl=1 1.5x, https:\/\/i0.wp.com\/xn--uascoquetas-1db.co\/wp-content\/uploads\/2024\/04\/Secante-en-aceite-12-ml.jpg?resize=700%2C400&ssl=1 2x"},"classes":[]},{"id":7936,"url":"https:\/\/xn--uascoquetas-1db.co\/?product=gel-long-lasting-12-ml-marylin","url_meta":{"origin":7956,"position":1},"title":"Gel long lasting 12 ml &#8211; Marylin","author":"U\u00f1as Coquetas","date":"25\/04\/2024","format":false,"excerpt":"Esmalte tradicional marca Colombiana Marylin tono Gel long lasting 12 ml","rel":"","context":"Entrada similar","block_context":{"text":"Entrada similar","link":""},"img":{"alt_text":"Gel long lasting 12 ml","src":"https:\/\/i0.wp.com\/xn--uascoquetas-1db.co\/wp-content\/uploads\/2024\/04\/109.-Gel-long-lasting.jpg?resize=350%2C200&ssl=1","width":350,"height":200,"srcset":"https:\/\/i0.wp.com\/xn--uascoquetas-1db.co\/wp-content\/uploads\/2024\/04\/109.-Gel-long-lasting.jpg?resize=350%2C200&ssl=1 1x, https:\/\/i0.wp.com\/xn--uascoquetas-1db.co\/wp-content\/uploads\/2024\/04\/109.-Gel-long-lasting.jpg?resize=525%2C300&ssl=1 1.5x, https:\/\/i0.wp.com\/xn--uascoquetas-1db.co\/wp-content\/uploads\/2024\/04\/109.-Gel-long-lasting.jpg?resize=700%2C400&ssl=1 2x"},"classes":[]},{"id":8841,"url":"https:\/\/xn--uascoquetas-1db.co\/?product=tonos-frios-marylin","url_meta":{"origin":7956,"position":2},"title":"Tonos fr\u00edos &#8211; Marylin","author":"U\u00f1as Coquetas","date":"29\/08\/2024","format":false,"excerpt":"Esmalte tradicional marca Colombiana Marylin tono Tonos fr\u00edos","rel":"","context":"Entrada similar","block_context":{"text":"Entrada similar","link":""},"img":{"alt_text":"","src":"https:\/\/i0.wp.com\/xn--uascoquetas-1db.co\/wp-content\/uploads\/2024\/08\/Tono-58-Azul-rey-metalizado.png?resize=350%2C200&ssl=1","width":350,"height":200,"srcset":"https:\/\/i0.wp.com\/xn--uascoquetas-1db.co\/wp-content\/uploads\/2024\/08\/Tono-58-Azul-rey-metalizado.png?resize=350%2C200&ssl=1 1x, https:\/\/i0.wp.com\/xn--uascoquetas-1db.co\/wp-content\/uploads\/2024\/08\/Tono-58-Azul-rey-metalizado.png?resize=525%2C300&ssl=1 1.5x, https:\/\/i0.wp.com\/xn--uascoquetas-1db.co\/wp-content\/uploads\/2024\/08\/Tono-58-Azul-rey-metalizado.png?resize=700%2C400&ssl=1 2x"},"classes":[]},{"id":8821,"url":"https:\/\/xn--uascoquetas-1db.co\/?product=tonos-cafe-y-nude-marylin","url_meta":{"origin":7956,"position":3},"title":"Tonos caf\u00e9 y nude &#8211; Marylin","author":"U\u00f1as Coquetas","date":"29\/08\/2024","format":false,"excerpt":"Esmalte tradicional marca Colombiana Marylin tono Tonos caf\u00e9 y nude","rel":"","context":"Entrada similar","block_context":{"text":"Entrada similar","link":""},"img":{"alt_text":"Tono 183 marr\u00f3n","src":"https:\/\/i0.wp.com\/xn--uascoquetas-1db.co\/wp-content\/uploads\/2024\/08\/Tono-183-Marron-claro.png?resize=350%2C200&ssl=1","width":350,"height":200,"srcset":"https:\/\/i0.wp.com\/xn--uascoquetas-1db.co\/wp-content\/uploads\/2024\/08\/Tono-183-Marron-claro.png?resize=350%2C200&ssl=1 1x, https:\/\/i0.wp.com\/xn--uascoquetas-1db.co\/wp-content\/uploads\/2024\/08\/Tono-183-Marron-claro.png?resize=525%2C300&ssl=1 1.5x, https:\/\/i0.wp.com\/xn--uascoquetas-1db.co\/wp-content\/uploads\/2024\/08\/Tono-183-Marron-claro.png?resize=700%2C400&ssl=1 2x"},"classes":[]},{"id":7940,"url":"https:\/\/xn--uascoquetas-1db.co\/?product=tono-02-blanco-marylin","url_meta":{"origin":7956,"position":4},"title":"Tonos b\u00e1sicos a elecci\u00f3n &#8211; Marylin","author":"U\u00f1as Coquetas","date":"25\/04\/2024","format":false,"excerpt":"Esmalte tradicional marca Colombiana Marylin tono Tono 02 Blanco","rel":"","context":"Entrada similar","block_context":{"text":"Entrada similar","link":""},"img":{"alt_text":"Tono 02 Blanco","src":"https:\/\/i0.wp.com\/xn--uascoquetas-1db.co\/wp-content\/uploads\/2024\/04\/Tono-02.jpg?resize=350%2C200&ssl=1","width":350,"height":200,"srcset":"https:\/\/i0.wp.com\/xn--uascoquetas-1db.co\/wp-content\/uploads\/2024\/04\/Tono-02.jpg?resize=350%2C200&ssl=1 1x, https:\/\/i0.wp.com\/xn--uascoquetas-1db.co\/wp-content\/uploads\/2024\/04\/Tono-02.jpg?resize=525%2C300&ssl=1 1.5x, https:\/\/i0.wp.com\/xn--uascoquetas-1db.co\/wp-content\/uploads\/2024\/04\/Tono-02.jpg?resize=700%2C400&ssl=1 2x"},"classes":[]},{"id":7954,"url":"https:\/\/xn--uascoquetas-1db.co\/?product=removedor-sin-acetona-125-ml-marylin","url_meta":{"origin":7956,"position":5},"title":"Removedor sin acetona 125 ml &#8211; Marylin","author":"U\u00f1as Coquetas","date":"25\/04\/2024","format":false,"excerpt":"Esmalte tradicional marca Colombiana Marylin, con aceite de ricino.","rel":"","context":"Entrada similar","block_context":{"text":"Entrada similar","link":""},"img":{"alt_text":"Removedor sin acetona 125 ml","src":"https:\/\/i0.wp.com\/xn--uascoquetas-1db.co\/wp-content\/uploads\/2024\/04\/Removedor-125-ml.jpg?resize=350%2C200&ssl=1","width":350,"height":200,"srcset":"https:\/\/i0.wp.com\/xn--uascoquetas-1db.co\/wp-content\/uploads\/2024\/04\/Removedor-125-ml.jpg?resize=350%2C200&ssl=1 1x, https:\/\/i0.wp.com\/xn--uascoquetas-1db.co\/wp-content\/uploads\/2024\/04\/Removedor-125-ml.jpg?resize=525%2C300&ssl=1 1.5x, https:\/\/i0.wp.com\/xn--uascoquetas-1db.co\/wp-content\/uploads\/2024\/04\/Removedor-125-ml.jpg?resize=700%2C400&ssl=1 2x"},"classes":[]}],"_links":{"self":[{"href":"https:\/\/xn--uascoquetas-1db.co\/index.php?rest_route=\/wp\/v2\/product\/7956","targetHints":{"allow":["GET"]}}],"collection":[{"href":"https:\/\/xn--uascoquetas-1db.co\/index.php?rest_route=\/wp\/v2\/product"}],"about":[{"href":"https:\/\/xn--uascoquetas-1db.co\/index.php?rest_route=\/wp\/v2\/types\/product"}],"replies":[{"embeddable":true,"href":"https:\/\/xn--uascoquetas-1db.co\/index.php?rest_route=%2Fwp%2Fv2%2Fcomments&post=7956"}],"wp:featuredmedia":[{"embeddable":true,"href":"https:\/\/xn--uascoquetas-1db.co\/index.php?rest_route=\/wp\/v2\/media\/7957"}],"wp:attachment":[{"href":"https:\/\/xn--uascoquetas-1db.co\/index.php?rest_route=%2Fwp%2Fv2%2Fmedia&parent=7956"}],"wp:term":[{"taxonomy":"product_brand","embeddable":true,"href":"https:\/\/xn--uascoquetas-1db.co\/index.php?rest_route=%2Fwp%2Fv2%2Fproduct_brand&post=7956"},{"taxonomy":"product_cat","embeddable":true,"href":"https:\/\/xn--uascoquetas-1db.co\/index.php?rest_route=%2Fwp%2Fv2%2Fproduct_cat&post=7956"},{"taxonomy":"product_tag","embeddable":true,"href":"https:\/\/xn--uascoquetas-1db.co\/index.php?rest_route=%2Fwp%2Fv2%2Fproduct_tag&post=7956"}],"curies":[{"name":"wp","href":"https:\/\/api.w.org\/{rel}","templated":true}]}}