{"id":8028,"date":"2024-05-13T17:59:16","date_gmt":"2024-05-13T22:59:16","guid":{"rendered":"https:\/\/xn--uascoquetas-1db.co\/?post_type=product&#038;p=8028"},"modified":"2024-12-02T18:31:48","modified_gmt":"2024-12-02T23:31:48","slug":"kit-principiante-007-atrapalos-todos-set-para-estampar","status":"publish","type":"product","link":"https:\/\/xn--uascoquetas-1db.co\/?product=kit-principiante-007-atrapalos-todos-set-para-estampar","title":{"rendered":"Kit principiante &#8211; 007 Atr\u00e1palos todos &#8211; Set para estampar"},"content":{"rendered":"<p>Set de stamping para decoraci\u00f3n de u\u00f1as que contiene un (1) estampador goma + Una (1) placa met\u00e1lica doble faz y un (1) esmalte con buena pigmentaci\u00f3n color negro.<\/p>\n<h2>DESCRIPCI\u00d3N<\/h2>\n<p>Art\u00edculo completamente nuevo<\/p>\n<p>Placa Rectangular<br \/>\nTama\u00f1o: 12 X 6 cm &#8211; Dise\u00f1os a ambos lados de la placa<br \/>\nMarca: U\u00f1as Coquetas &#8211; Marca colombiana<br \/>\nMaterial: Acero<br \/>\nMotivo: Atr\u00e1palos todos \/ Con dise\u00f1os de Pok\u00e9mon<\/p>\n<p>Estampador<br \/>\nTama\u00f1o:<br \/>\nDi\u00e1metro de la goma: 4 cm aproximadamente.<br \/>\nMaterial de la goma: silicona transparente, con mayor flexibilidad y adherencia.<br \/>\nMaterial del mango: pl\u00e1stico.<br \/>\nVIENE CON SU RESPECTIVO RASPADOR.<\/p>\n<p>Esmalte<br \/>\nVol\u00famen: 12 ml<br \/>\nMarca: Marylin &#8211; Marca colombiana<br \/>\nColor: Negro<\/p>\n<h2>RECOMENDACIONES<\/h2>\n<p>Para la placa: Es posible aplicar removedor sin acetona. Si es muy grasoso, limpiar con un poco de alcohol para recoger el dise\u00f1o con mayor facilidad.<br \/>\nPara el estampador: Para limpiar la goma, debe utilizarse cinta adhesiva. NO se debe aplicar removedor a la goma, ni al mango porque se puede opacar,<\/p>\n","protected":false},"excerpt":{"rendered":"<table width=\"375\">\n<tbody>\n<tr>\n<td width=\"375\">Set para estampar marca Colombiana U\u00f1as coquetas &#8211; Kit principiante &#8211; 007 Atr\u00e1palos todos<\/td>\n<\/tr>\n<\/tbody>\n<\/table>\n","protected":false},"featured_media":8029,"comment_status":"open","ping_status":"closed","template":"","meta":{"_regular_price":["47000"],"currency_symbol":[],"_uag_custom_page_level_css":""},"product_brand":[],"product_cat":[59,241],"product_tag":[185],"class_list":{"0":"post-8028","1":"product","2":"type-product","3":"status-publish","4":"has-post-thumbnail","6":"product_cat-kits-de-stamping","7":"product_cat-stamping","8":"product_tag-kits-de-stamping","9":"product_shipping_class-paquete-pequeno","11":"first","12":"instock","13":"taxable","14":"shipping-taxable","15":"purchasable","16":"product-type-simple"},"post_slider_layout_featured_media_urls":{"thumbnail":["https:\/\/xn--uascoquetas-1db.co\/wp-content\/uploads\/2024\/05\/Kit-principiante-007-150x150.jpg",150,150,true],"post_slider_layout_landscape_large":["https:\/\/xn--uascoquetas-1db.co\/wp-content\/uploads\/2024\/05\/Kit-principiante-007.jpg",800,800,false],"post_slider_layout_portrait_large":["https:\/\/xn--uascoquetas-1db.co\/wp-content\/uploads\/2024\/05\/Kit-principiante-007.jpg",800,800,false],"post_slider_layout_square_large":["https:\/\/xn--uascoquetas-1db.co\/wp-content\/uploads\/2024\/05\/Kit-principiante-007.jpg",800,800,false],"post_slider_layout_landscape":["https:\/\/xn--uascoquetas-1db.co\/wp-content\/uploads\/2024\/05\/Kit-principiante-007.jpg",400,400,false],"post_slider_layout_portrait":["https:\/\/xn--uascoquetas-1db.co\/wp-content\/uploads\/2024\/05\/Kit-principiante-007.jpg",600,600,false],"post_slider_layout_square":["https:\/\/xn--uascoquetas-1db.co\/wp-content\/uploads\/2024\/05\/Kit-principiante-007.jpg",600,600,false],"full":["https:\/\/xn--uascoquetas-1db.co\/wp-content\/uploads\/2024\/05\/Kit-principiante-007.jpg",800,800,false]},"uagb_featured_image_src":{"full":["https:\/\/xn--uascoquetas-1db.co\/wp-content\/uploads\/2024\/05\/Kit-principiante-007.jpg",800,800,false],"thumbnail":["https:\/\/xn--uascoquetas-1db.co\/wp-content\/uploads\/2024\/05\/Kit-principiante-007-150x150.jpg",150,150,true],"medium":["https:\/\/xn--uascoquetas-1db.co\/wp-content\/uploads\/2024\/05\/Kit-principiante-007-300x300.jpg",300,300,true],"medium_large":["https:\/\/xn--uascoquetas-1db.co\/wp-content\/uploads\/2024\/05\/Kit-principiante-007-768x768.jpg",640,640,true],"large":["https:\/\/xn--uascoquetas-1db.co\/wp-content\/uploads\/2024\/05\/Kit-principiante-007.jpg",640,640,false],"1536x1536":["https:\/\/xn--uascoquetas-1db.co\/wp-content\/uploads\/2024\/05\/Kit-principiante-007.jpg",800,800,false],"2048x2048":["https:\/\/xn--uascoquetas-1db.co\/wp-content\/uploads\/2024\/05\/Kit-principiante-007.jpg",800,800,false],"post_slider_layout_landscape_large":["https:\/\/xn--uascoquetas-1db.co\/wp-content\/uploads\/2024\/05\/Kit-principiante-007.jpg",800,800,false],"post_slider_layout_portrait_large":["https:\/\/xn--uascoquetas-1db.co\/wp-content\/uploads\/2024\/05\/Kit-principiante-007.jpg",800,800,false],"post_slider_layout_square_large":["https:\/\/xn--uascoquetas-1db.co\/wp-content\/uploads\/2024\/05\/Kit-principiante-007.jpg",800,800,false],"post_slider_layout_landscape":["https:\/\/xn--uascoquetas-1db.co\/wp-content\/uploads\/2024\/05\/Kit-principiante-007.jpg",400,400,false],"post_slider_layout_portrait":["https:\/\/xn--uascoquetas-1db.co\/wp-content\/uploads\/2024\/05\/Kit-principiante-007.jpg",600,600,false],"post_slider_layout_square":["https:\/\/xn--uascoquetas-1db.co\/wp-content\/uploads\/2024\/05\/Kit-principiante-007.jpg",600,600,false],"vw-kids-homepage-thumb":["https:\/\/xn--uascoquetas-1db.co\/wp-content\/uploads\/2024\/05\/Kit-principiante-007.jpg",145,145,false],"woocommerce_thumbnail":["https:\/\/xn--uascoquetas-1db.co\/wp-content\/uploads\/2024\/05\/Kit-principiante-007-300x300.jpg",300,300,true],"woocommerce_single":["https:\/\/xn--uascoquetas-1db.co\/wp-content\/uploads\/2024\/05\/Kit-principiante-007-600x600.jpg",600,600,true],"woocommerce_gallery_thumbnail":["https:\/\/xn--uascoquetas-1db.co\/wp-content\/uploads\/2024\/05\/Kit-principiante-007-100x100.jpg",100,100,true],"variation_swatches_image_size":["https:\/\/xn--uascoquetas-1db.co\/wp-content\/uploads\/2024\/05\/Kit-principiante-007.jpg",50,50,false],"variation_swatches_tooltip_size":["https:\/\/xn--uascoquetas-1db.co\/wp-content\/uploads\/2024\/05\/Kit-principiante-007.jpg",100,100,false]},"uagb_author_info":{"display_name":"U\u00f1as Coquetas","author_link":"https:\/\/xn--uascoquetas-1db.co\/?author=0"},"uagb_comment_info":0,"uagb_excerpt":"Set para estampar marca Colombiana U\u00f1as coquetas - Kit principiante - 007 Atr\u00e1palos todos","jetpack_sharing_enabled":true,"jetpack-related-posts":[{"id":10122,"url":"https:\/\/xn--uascoquetas-1db.co\/?product=kit-de-estampar-con-mini-placa-018-veloz","url_meta":{"origin":8028,"position":0},"title":"Kit de estampar con mini placa &#8211;  018 Veloz","author":"U\u00f1as Coquetas","date":"24\/04\/2025","format":false,"excerpt":"Set para estampar marca Colombiana U\u00f1as coquetas - Kit mini- 018 Veloz con dise\u00f1os runner, deportes trotar, bicicleta, patines y motos.","rel":"","context":"Entrada similar","block_context":{"text":"Entrada similar","link":""},"img":{"alt_text":"","src":"https:\/\/i0.wp.com\/xn--uascoquetas-1db.co\/wp-content\/uploads\/2025\/04\/126.-Veloz.jpg?resize=350%2C200&ssl=1","width":350,"height":200,"srcset":"https:\/\/i0.wp.com\/xn--uascoquetas-1db.co\/wp-content\/uploads\/2025\/04\/126.-Veloz.jpg?resize=350%2C200&ssl=1 1x, https:\/\/i0.wp.com\/xn--uascoquetas-1db.co\/wp-content\/uploads\/2025\/04\/126.-Veloz.jpg?resize=525%2C300&ssl=1 1.5x, https:\/\/i0.wp.com\/xn--uascoquetas-1db.co\/wp-content\/uploads\/2025\/04\/126.-Veloz.jpg?resize=700%2C400&ssl=1 2x"},"classes":[]},{"id":10104,"url":"https:\/\/xn--uascoquetas-1db.co\/?product=kit-de-estampar-con-mini-placa-002-pandas","url_meta":{"origin":8028,"position":1},"title":"Kit de estampar con mini placa &#8211; 002 Pandas","author":"U\u00f1as Coquetas","date":"24\/04\/2025","format":false,"excerpt":"Set para estampar marca Colombiana U\u00f1as coquetas - Kit mini- 002 Pandas, con dise\u00f1os de animales osos.","rel":"","context":"Entrada similar","block_context":{"text":"Entrada similar","link":""},"img":{"alt_text":"","src":"https:\/\/i0.wp.com\/xn--uascoquetas-1db.co\/wp-content\/uploads\/2025\/04\/126.-Pandas.jpg?resize=350%2C200&ssl=1","width":350,"height":200,"srcset":"https:\/\/i0.wp.com\/xn--uascoquetas-1db.co\/wp-content\/uploads\/2025\/04\/126.-Pandas.jpg?resize=350%2C200&ssl=1 1x, https:\/\/i0.wp.com\/xn--uascoquetas-1db.co\/wp-content\/uploads\/2025\/04\/126.-Pandas.jpg?resize=525%2C300&ssl=1 1.5x, https:\/\/i0.wp.com\/xn--uascoquetas-1db.co\/wp-content\/uploads\/2025\/04\/126.-Pandas.jpg?resize=700%2C400&ssl=1 2x"},"classes":[]},{"id":10115,"url":"https:\/\/xn--uascoquetas-1db.co\/?product=kit-de-estampar-con-mini-placa-012-barco-a-la-vista","url_meta":{"origin":8028,"position":2},"title":"Kit de estampar con mini placa &#8211; 012 Barco a la vista","author":"U\u00f1as Coquetas","date":"24\/04\/2025","format":false,"excerpt":"Set para estampar marca Colombiana U\u00f1as coquetas - Kit mini- 012 Barco a la vista con dise\u00f1os de piratas, mapa del tesoro.","rel":"","context":"Entrada similar","block_context":{"text":"Entrada similar","link":""},"img":{"alt_text":"","src":"https:\/\/i0.wp.com\/xn--uascoquetas-1db.co\/wp-content\/uploads\/2025\/04\/126.-Barco-a-la-vista.jpg?resize=350%2C200&ssl=1","width":350,"height":200,"srcset":"https:\/\/i0.wp.com\/xn--uascoquetas-1db.co\/wp-content\/uploads\/2025\/04\/126.-Barco-a-la-vista.jpg?resize=350%2C200&ssl=1 1x, https:\/\/i0.wp.com\/xn--uascoquetas-1db.co\/wp-content\/uploads\/2025\/04\/126.-Barco-a-la-vista.jpg?resize=525%2C300&ssl=1 1.5x, https:\/\/i0.wp.com\/xn--uascoquetas-1db.co\/wp-content\/uploads\/2025\/04\/126.-Barco-a-la-vista.jpg?resize=700%2C400&ssl=1 2x"},"classes":[]},{"id":10119,"url":"https:\/\/xn--uascoquetas-1db.co\/?product=kit-de-estampar-con-mini-placa-015-atrevida","url_meta":{"origin":8028,"position":3},"title":"Kit de estampar con mini placa &#8211;  015 Atrevida","author":"U\u00f1as Coquetas","date":"24\/04\/2025","format":false,"excerpt":"Set para estampar marca Colombiana U\u00f1as coquetas - Kit mini- 015 Atrevida con dise\u00f1os de mujeres sensuales, pride, orgullo.","rel":"","context":"Entrada similar","block_context":{"text":"Entrada similar","link":""},"img":{"alt_text":"","src":"https:\/\/i0.wp.com\/xn--uascoquetas-1db.co\/wp-content\/uploads\/2025\/04\/126.-Atrevida.jpg?resize=350%2C200&ssl=1","width":350,"height":200,"srcset":"https:\/\/i0.wp.com\/xn--uascoquetas-1db.co\/wp-content\/uploads\/2025\/04\/126.-Atrevida.jpg?resize=350%2C200&ssl=1 1x, https:\/\/i0.wp.com\/xn--uascoquetas-1db.co\/wp-content\/uploads\/2025\/04\/126.-Atrevida.jpg?resize=525%2C300&ssl=1 1.5x, https:\/\/i0.wp.com\/xn--uascoquetas-1db.co\/wp-content\/uploads\/2025\/04\/126.-Atrevida.jpg?resize=700%2C400&ssl=1 2x"},"classes":[]},{"id":10121,"url":"https:\/\/xn--uascoquetas-1db.co\/?product=kit-de-estampar-con-mini-placa-016-vikinga","url_meta":{"origin":8028,"position":4},"title":"Kit de estampar con mini placa &#8211; 016 Vikinga","author":"U\u00f1as Coquetas","date":"24\/04\/2025","format":false,"excerpt":"Set para estampar marca Colombiana U\u00f1as coquetas - Kit mini- 016 Vikinga con dise\u00f1os de runas vikingas, Olafo y otrso vikingos kawaii.","rel":"","context":"Entrada similar","block_context":{"text":"Entrada similar","link":""},"img":{"alt_text":"","src":"https:\/\/i0.wp.com\/xn--uascoquetas-1db.co\/wp-content\/uploads\/2025\/04\/126.-Vikinga.jpg?resize=350%2C200&ssl=1","width":350,"height":200,"srcset":"https:\/\/i0.wp.com\/xn--uascoquetas-1db.co\/wp-content\/uploads\/2025\/04\/126.-Vikinga.jpg?resize=350%2C200&ssl=1 1x, https:\/\/i0.wp.com\/xn--uascoquetas-1db.co\/wp-content\/uploads\/2025\/04\/126.-Vikinga.jpg?resize=525%2C300&ssl=1 1.5x, https:\/\/i0.wp.com\/xn--uascoquetas-1db.co\/wp-content\/uploads\/2025\/04\/126.-Vikinga.jpg?resize=700%2C400&ssl=1 2x"},"classes":[]},{"id":10120,"url":"https:\/\/xn--uascoquetas-1db.co\/?product=kit-de-estampar-con-mini-placa-017-extraterrestre","url_meta":{"origin":8028,"position":5},"title":"Kit de estampar con mini placa &#8211; 017 Extraterrestre","author":"U\u00f1as Coquetas","date":"24\/04\/2025","format":false,"excerpt":"Set para estampar marca Colombiana U\u00f1as coquetas - Kit mini- 017 Extraterrestre con dise\u00f1os de ovnis, extraterrestres, astronautas y el espacio.","rel":"","context":"Entrada similar","block_context":{"text":"Entrada similar","link":""},"img":{"alt_text":"","src":"https:\/\/i0.wp.com\/xn--uascoquetas-1db.co\/wp-content\/uploads\/2025\/04\/126.-Extraterrestre.jpg?resize=350%2C200&ssl=1","width":350,"height":200,"srcset":"https:\/\/i0.wp.com\/xn--uascoquetas-1db.co\/wp-content\/uploads\/2025\/04\/126.-Extraterrestre.jpg?resize=350%2C200&ssl=1 1x, https:\/\/i0.wp.com\/xn--uascoquetas-1db.co\/wp-content\/uploads\/2025\/04\/126.-Extraterrestre.jpg?resize=525%2C300&ssl=1 1.5x, https:\/\/i0.wp.com\/xn--uascoquetas-1db.co\/wp-content\/uploads\/2025\/04\/126.-Extraterrestre.jpg?resize=700%2C400&ssl=1 2x"},"classes":[]}],"_links":{"self":[{"href":"https:\/\/xn--uascoquetas-1db.co\/index.php?rest_route=\/wp\/v2\/product\/8028","targetHints":{"allow":["GET"]}}],"collection":[{"href":"https:\/\/xn--uascoquetas-1db.co\/index.php?rest_route=\/wp\/v2\/product"}],"about":[{"href":"https:\/\/xn--uascoquetas-1db.co\/index.php?rest_route=\/wp\/v2\/types\/product"}],"replies":[{"embeddable":true,"href":"https:\/\/xn--uascoquetas-1db.co\/index.php?rest_route=%2Fwp%2Fv2%2Fcomments&post=8028"}],"wp:featuredmedia":[{"embeddable":true,"href":"https:\/\/xn--uascoquetas-1db.co\/index.php?rest_route=\/wp\/v2\/media\/8029"}],"wp:attachment":[{"href":"https:\/\/xn--uascoquetas-1db.co\/index.php?rest_route=%2Fwp%2Fv2%2Fmedia&parent=8028"}],"wp:term":[{"taxonomy":"product_brand","embeddable":true,"href":"https:\/\/xn--uascoquetas-1db.co\/index.php?rest_route=%2Fwp%2Fv2%2Fproduct_brand&post=8028"},{"taxonomy":"product_cat","embeddable":true,"href":"https:\/\/xn--uascoquetas-1db.co\/index.php?rest_route=%2Fwp%2Fv2%2Fproduct_cat&post=8028"},{"taxonomy":"product_tag","embeddable":true,"href":"https:\/\/xn--uascoquetas-1db.co\/index.php?rest_route=%2Fwp%2Fv2%2Fproduct_tag&post=8028"}],"curies":[{"name":"wp","href":"https:\/\/api.w.org\/{rel}","templated":true}]}}