{"id":8268,"date":"2024-05-31T16:36:41","date_gmt":"2024-05-31T21:36:41","guid":{"rendered":"https:\/\/xn--uascoquetas-1db.co\/?post_type=product&#038;p=8268"},"modified":"2025-01-16T19:24:34","modified_gmt":"2025-01-17T00:24:34","slug":"bisturi-gatito","status":"publish","type":"product","link":"https:\/\/xn--uascoquetas-1db.co\/?product=bisturi-gatito","title":{"rendered":"Bistur\u00ed gatito"},"content":{"rendered":"<p>Este mini bistur\u00ed tiene un c\u00f3modo mango y hoja afilada que puede cortar y dar forma f\u00e1cilmente a una variedad de papeles y materiales, abriendo infinitas posibilidades creativas. Adem\u00e1s, es altamente port\u00e1til, f\u00e1cil de llevar en su bolsillo o mochila, para que pueda disfrutar de la diversi\u00f3n de la creaci\u00f3n en cualquier momento y en cualquier lugar. La forma \u00fanica de gatitos agrega un toque Kawaii a tu trabajo y vida diaria.<\/p>\n<h2>DESCRIPCI\u00d3N<\/h2>\n<p>Art\u00edculos completamente nuevo<br \/>\nUn (1) mini bistur\u00ed.<\/p>\n<p>Especificaciones:<br \/>\n-Longitud: aprox. 9 cm<br \/>\n-Ancho del mango: 2 cm<br \/>\n&#8211; Ancho de la hoja: Aprox 7 mm<\/p>\n<h2>Caracter\u00edsticas:<\/h2>\n<p>&#8211; Hoja afilada y duradera: La hoja de este cuchillo artesanal es muy afilada, se puede cortar f\u00e1cilmente en varios papeles y materiales, y tambi\u00e9n es muy duradera, utilizando material de alta calidad, no es f\u00e1cil de deformar.<br \/>\n&#8211; Mango c\u00f3modo: el mango se siente c\u00f3modo y hace que la creaci\u00f3n sea f\u00e1cil y agradable.<br \/>\n&#8211; Port\u00e1til y f\u00e1cil de transportar: es compacto y port\u00e1til, se puede llevar f\u00e1cilmente en bolsillos o mochilas, lo que facilita su uso en cualquier momento y en cualquier lugar.<\/p>\n","protected":false},"excerpt":{"rendered":"<table width=\"375\">\n<tbody>\n<tr>\n<td width=\"375\">Bistur\u00ed marca Extranjera Gen\u00e9rica, bistur\u00ed para abrir paquetes coquetos.<\/td>\n<\/tr>\n<\/tbody>\n<\/table>\n","protected":false},"featured_media":8095,"comment_status":"open","ping_status":"closed","template":"","meta":{"_regular_price":[],"currency_symbol":[],"_uag_custom_page_level_css":""},"product_brand":[],"product_cat":[47,277],"product_tag":[278],"class_list":{"0":"post-8268","1":"product","2":"type-product","3":"status-publish","4":"has-post-thumbnail","6":"product_cat-materiales","7":"product_cat-variados","8":"product_tag-herramientas-varias","9":"product_shipping_class-paquete-pequeno","10":"pa_color-negro","11":"pa_color-rosado","13":"first","14":"instock","15":"taxable","16":"shipping-taxable","17":"purchasable","18":"product-type-variable"},"post_slider_layout_featured_media_urls":{"thumbnail":["https:\/\/xn--uascoquetas-1db.co\/wp-content\/uploads\/2024\/05\/Bisturi-gatito-rosado2_800-PX-150x150.jpg",150,150,true],"post_slider_layout_landscape_large":["https:\/\/xn--uascoquetas-1db.co\/wp-content\/uploads\/2024\/05\/Bisturi-gatito-rosado2_800-PX.jpg",800,800,false],"post_slider_layout_portrait_large":["https:\/\/xn--uascoquetas-1db.co\/wp-content\/uploads\/2024\/05\/Bisturi-gatito-rosado2_800-PX.jpg",800,800,false],"post_slider_layout_square_large":["https:\/\/xn--uascoquetas-1db.co\/wp-content\/uploads\/2024\/05\/Bisturi-gatito-rosado2_800-PX.jpg",800,800,false],"post_slider_layout_landscape":["https:\/\/xn--uascoquetas-1db.co\/wp-content\/uploads\/2024\/05\/Bisturi-gatito-rosado2_800-PX.jpg",400,400,false],"post_slider_layout_portrait":["https:\/\/xn--uascoquetas-1db.co\/wp-content\/uploads\/2024\/05\/Bisturi-gatito-rosado2_800-PX.jpg",600,600,false],"post_slider_layout_square":["https:\/\/xn--uascoquetas-1db.co\/wp-content\/uploads\/2024\/05\/Bisturi-gatito-rosado2_800-PX.jpg",600,600,false],"full":["https:\/\/xn--uascoquetas-1db.co\/wp-content\/uploads\/2024\/05\/Bisturi-gatito-rosado2_800-PX.jpg",800,800,false]},"uagb_featured_image_src":{"full":["https:\/\/xn--uascoquetas-1db.co\/wp-content\/uploads\/2024\/05\/Bisturi-gatito-rosado2_800-PX.jpg",800,800,false],"thumbnail":["https:\/\/xn--uascoquetas-1db.co\/wp-content\/uploads\/2024\/05\/Bisturi-gatito-rosado2_800-PX-150x150.jpg",150,150,true],"medium":["https:\/\/xn--uascoquetas-1db.co\/wp-content\/uploads\/2024\/05\/Bisturi-gatito-rosado2_800-PX-300x300.jpg",300,300,true],"medium_large":["https:\/\/xn--uascoquetas-1db.co\/wp-content\/uploads\/2024\/05\/Bisturi-gatito-rosado2_800-PX-768x768.jpg",640,640,true],"large":["https:\/\/xn--uascoquetas-1db.co\/wp-content\/uploads\/2024\/05\/Bisturi-gatito-rosado2_800-PX.jpg",640,640,false],"1536x1536":["https:\/\/xn--uascoquetas-1db.co\/wp-content\/uploads\/2024\/05\/Bisturi-gatito-rosado2_800-PX.jpg",800,800,false],"2048x2048":["https:\/\/xn--uascoquetas-1db.co\/wp-content\/uploads\/2024\/05\/Bisturi-gatito-rosado2_800-PX.jpg",800,800,false],"post_slider_layout_landscape_large":["https:\/\/xn--uascoquetas-1db.co\/wp-content\/uploads\/2024\/05\/Bisturi-gatito-rosado2_800-PX.jpg",800,800,false],"post_slider_layout_portrait_large":["https:\/\/xn--uascoquetas-1db.co\/wp-content\/uploads\/2024\/05\/Bisturi-gatito-rosado2_800-PX.jpg",800,800,false],"post_slider_layout_square_large":["https:\/\/xn--uascoquetas-1db.co\/wp-content\/uploads\/2024\/05\/Bisturi-gatito-rosado2_800-PX.jpg",800,800,false],"post_slider_layout_landscape":["https:\/\/xn--uascoquetas-1db.co\/wp-content\/uploads\/2024\/05\/Bisturi-gatito-rosado2_800-PX.jpg",400,400,false],"post_slider_layout_portrait":["https:\/\/xn--uascoquetas-1db.co\/wp-content\/uploads\/2024\/05\/Bisturi-gatito-rosado2_800-PX.jpg",600,600,false],"post_slider_layout_square":["https:\/\/xn--uascoquetas-1db.co\/wp-content\/uploads\/2024\/05\/Bisturi-gatito-rosado2_800-PX.jpg",600,600,false],"vw-kids-homepage-thumb":["https:\/\/xn--uascoquetas-1db.co\/wp-content\/uploads\/2024\/05\/Bisturi-gatito-rosado2_800-PX.jpg",145,145,false],"woocommerce_thumbnail":["https:\/\/xn--uascoquetas-1db.co\/wp-content\/uploads\/2024\/05\/Bisturi-gatito-rosado2_800-PX-300x300.jpg",300,300,true],"woocommerce_single":["https:\/\/xn--uascoquetas-1db.co\/wp-content\/uploads\/2024\/05\/Bisturi-gatito-rosado2_800-PX-600x600.jpg",600,600,true],"woocommerce_gallery_thumbnail":["https:\/\/xn--uascoquetas-1db.co\/wp-content\/uploads\/2024\/05\/Bisturi-gatito-rosado2_800-PX-100x100.jpg",100,100,true],"variation_swatches_image_size":["https:\/\/xn--uascoquetas-1db.co\/wp-content\/uploads\/2024\/05\/Bisturi-gatito-rosado2_800-PX.jpg",50,50,false],"variation_swatches_tooltip_size":["https:\/\/xn--uascoquetas-1db.co\/wp-content\/uploads\/2024\/05\/Bisturi-gatito-rosado2_800-PX.jpg",100,100,false]},"uagb_author_info":{"display_name":"U\u00f1as Coquetas","author_link":"https:\/\/xn--uascoquetas-1db.co\/?author=0"},"uagb_comment_info":0,"uagb_excerpt":"Bistur\u00ed marca Extranjera Gen\u00e9rica, bistur\u00ed para abrir paquetes coquetos.","jetpack_sharing_enabled":true,"jetpack-related-posts":[{"id":8094,"url":"https:\/\/xn--uascoquetas-1db.co\/?product=bisturi-gatito-rosado","url_meta":{"origin":8268,"position":0},"title":"Pincel corrector + 3 repuestos. &#8211; Pinceles","author":"U\u00f1as Coquetas","date":"22\/05\/2024","format":false,"excerpt":"Pinceles marca Extranjera Gen\u00e9rica, pincel corrector con tres repuestos.","rel":"","context":"Entrada similar","block_context":{"text":"Entrada similar","link":""},"img":{"alt_text":"Pincel corrector + 3 repuestos.","src":"https:\/\/i0.wp.com\/xn--uascoquetas-1db.co\/wp-content\/uploads\/2024\/05\/Pincel-corrector.jpg?resize=350%2C200&ssl=1","width":350,"height":200,"srcset":"https:\/\/i0.wp.com\/xn--uascoquetas-1db.co\/wp-content\/uploads\/2024\/05\/Pincel-corrector.jpg?resize=350%2C200&ssl=1 1x, https:\/\/i0.wp.com\/xn--uascoquetas-1db.co\/wp-content\/uploads\/2024\/05\/Pincel-corrector.jpg?resize=525%2C300&ssl=1 1.5x, https:\/\/i0.wp.com\/xn--uascoquetas-1db.co\/wp-content\/uploads\/2024\/05\/Pincel-corrector.jpg?resize=700%2C400&ssl=1 2x"},"classes":[]},{"id":11212,"url":"https:\/\/xn--uascoquetas-1db.co\/?product=iman-gatito-potente-para-efectos-ojo-de-gato","url_meta":{"origin":8268,"position":1},"title":"Im\u00e1n gatito potente para efectos ojo de gato","author":"U\u00f1as Coquetas","date":"30\/01\/2026","format":false,"excerpt":"Im\u00e1n para activar los esmaltes magn\u00e9ticos, ojo de gato.","rel":"","context":"Entrada similar","block_context":{"text":"Entrada similar","link":""},"img":{"alt_text":"","src":"https:\/\/i0.wp.com\/xn--uascoquetas-1db.co\/wp-content\/uploads\/2026\/01\/Rosado-iman.jpg?resize=350%2C200&ssl=1","width":350,"height":200,"srcset":"https:\/\/i0.wp.com\/xn--uascoquetas-1db.co\/wp-content\/uploads\/2026\/01\/Rosado-iman.jpg?resize=350%2C200&ssl=1 1x, https:\/\/i0.wp.com\/xn--uascoquetas-1db.co\/wp-content\/uploads\/2026\/01\/Rosado-iman.jpg?resize=525%2C300&ssl=1 1.5x, https:\/\/i0.wp.com\/xn--uascoquetas-1db.co\/wp-content\/uploads\/2026\/01\/Rosado-iman.jpg?resize=700%2C400&ssl=1 2x"},"classes":[]},{"id":7227,"url":"https:\/\/xn--uascoquetas-1db.co\/?product=pincel-dual-acrilicas-gel-y-sistemas-artificiales-pinceles","url_meta":{"origin":8268,"position":2},"title":"Pincel dual acr\u00edlicas, gel y sistemas artificiales &#8211; Pinceles","author":"U\u00f1as Coquetas","date":"18\/01\/2024","format":false,"excerpt":"Pincel para uso profesional, delineados, difuminados y t\u00e9cnicas para u\u00f1as artificiales.","rel":"","context":"Entrada similar","block_context":{"text":"Entrada similar","link":""},"img":{"alt_text":"Pincel dual acr\u00edlicas, gel y sistemas artificiales","src":"https:\/\/i0.wp.com\/xn--uascoquetas-1db.co\/wp-content\/uploads\/2024\/01\/Portada-pincel_800-PX.jpg?resize=350%2C200&ssl=1","width":350,"height":200,"srcset":"https:\/\/i0.wp.com\/xn--uascoquetas-1db.co\/wp-content\/uploads\/2024\/01\/Portada-pincel_800-PX.jpg?resize=350%2C200&ssl=1 1x, https:\/\/i0.wp.com\/xn--uascoquetas-1db.co\/wp-content\/uploads\/2024\/01\/Portada-pincel_800-PX.jpg?resize=525%2C300&ssl=1 1.5x, https:\/\/i0.wp.com\/xn--uascoquetas-1db.co\/wp-content\/uploads\/2024\/01\/Portada-pincel_800-PX.jpg?resize=700%2C400&ssl=1 2x"},"classes":[]},{"id":10122,"url":"https:\/\/xn--uascoquetas-1db.co\/?product=kit-de-estampar-con-mini-placa-018-veloz","url_meta":{"origin":8268,"position":3},"title":"Kit de estampar con mini placa &#8211;  018 Veloz","author":"U\u00f1as Coquetas","date":"24\/04\/2025","format":false,"excerpt":"Set para estampar marca Colombiana U\u00f1as coquetas - Kit mini- 018 Veloz con dise\u00f1os runner, deportes trotar, bicicleta, patines y motos.","rel":"","context":"Entrada similar","block_context":{"text":"Entrada similar","link":""},"img":{"alt_text":"","src":"https:\/\/i0.wp.com\/xn--uascoquetas-1db.co\/wp-content\/uploads\/2025\/04\/126.-Veloz.jpg?resize=350%2C200&ssl=1","width":350,"height":200,"srcset":"https:\/\/i0.wp.com\/xn--uascoquetas-1db.co\/wp-content\/uploads\/2025\/04\/126.-Veloz.jpg?resize=350%2C200&ssl=1 1x, https:\/\/i0.wp.com\/xn--uascoquetas-1db.co\/wp-content\/uploads\/2025\/04\/126.-Veloz.jpg?resize=525%2C300&ssl=1 1.5x, https:\/\/i0.wp.com\/xn--uascoquetas-1db.co\/wp-content\/uploads\/2025\/04\/126.-Veloz.jpg?resize=700%2C400&ssl=1 2x"},"classes":[]},{"id":10104,"url":"https:\/\/xn--uascoquetas-1db.co\/?product=kit-de-estampar-con-mini-placa-002-pandas","url_meta":{"origin":8268,"position":4},"title":"Kit de estampar con mini placa &#8211; 002 Pandas","author":"U\u00f1as Coquetas","date":"24\/04\/2025","format":false,"excerpt":"Set para estampar marca Colombiana U\u00f1as coquetas - Kit mini- 002 Pandas, con dise\u00f1os de animales osos.","rel":"","context":"Entrada similar","block_context":{"text":"Entrada similar","link":""},"img":{"alt_text":"","src":"https:\/\/i0.wp.com\/xn--uascoquetas-1db.co\/wp-content\/uploads\/2025\/04\/126.-Pandas.jpg?resize=350%2C200&ssl=1","width":350,"height":200,"srcset":"https:\/\/i0.wp.com\/xn--uascoquetas-1db.co\/wp-content\/uploads\/2025\/04\/126.-Pandas.jpg?resize=350%2C200&ssl=1 1x, https:\/\/i0.wp.com\/xn--uascoquetas-1db.co\/wp-content\/uploads\/2025\/04\/126.-Pandas.jpg?resize=525%2C300&ssl=1 1.5x, https:\/\/i0.wp.com\/xn--uascoquetas-1db.co\/wp-content\/uploads\/2025\/04\/126.-Pandas.jpg?resize=700%2C400&ssl=1 2x"},"classes":[]},{"id":10113,"url":"https:\/\/xn--uascoquetas-1db.co\/?product=kit-de-estampar-con-mini-placa-010-start-game","url_meta":{"origin":8268,"position":5},"title":"Kit de estampar con mini placa &#8211; 010 Start Game","author":"U\u00f1as Coquetas","date":"24\/04\/2025","format":false,"excerpt":"Set para estampar marca Colombiana U\u00f1as coquetas - Kit mini- 010 Start Game con figuras de videojuegos con personajes mujeres.","rel":"","context":"Entrada similar","block_context":{"text":"Entrada similar","link":""},"img":{"alt_text":"","src":"https:\/\/i0.wp.com\/xn--uascoquetas-1db.co\/wp-content\/uploads\/2025\/04\/126.-Start-game.jpg?resize=350%2C200&ssl=1","width":350,"height":200,"srcset":"https:\/\/i0.wp.com\/xn--uascoquetas-1db.co\/wp-content\/uploads\/2025\/04\/126.-Start-game.jpg?resize=350%2C200&ssl=1 1x, https:\/\/i0.wp.com\/xn--uascoquetas-1db.co\/wp-content\/uploads\/2025\/04\/126.-Start-game.jpg?resize=525%2C300&ssl=1 1.5x, https:\/\/i0.wp.com\/xn--uascoquetas-1db.co\/wp-content\/uploads\/2025\/04\/126.-Start-game.jpg?resize=700%2C400&ssl=1 2x"},"classes":[]}],"_links":{"self":[{"href":"https:\/\/xn--uascoquetas-1db.co\/index.php?rest_route=\/wp\/v2\/product\/8268","targetHints":{"allow":["GET"]}}],"collection":[{"href":"https:\/\/xn--uascoquetas-1db.co\/index.php?rest_route=\/wp\/v2\/product"}],"about":[{"href":"https:\/\/xn--uascoquetas-1db.co\/index.php?rest_route=\/wp\/v2\/types\/product"}],"replies":[{"embeddable":true,"href":"https:\/\/xn--uascoquetas-1db.co\/index.php?rest_route=%2Fwp%2Fv2%2Fcomments&post=8268"}],"wp:featuredmedia":[{"embeddable":true,"href":"https:\/\/xn--uascoquetas-1db.co\/index.php?rest_route=\/wp\/v2\/media\/8095"}],"wp:attachment":[{"href":"https:\/\/xn--uascoquetas-1db.co\/index.php?rest_route=%2Fwp%2Fv2%2Fmedia&parent=8268"}],"wp:term":[{"taxonomy":"product_brand","embeddable":true,"href":"https:\/\/xn--uascoquetas-1db.co\/index.php?rest_route=%2Fwp%2Fv2%2Fproduct_brand&post=8268"},{"taxonomy":"product_cat","embeddable":true,"href":"https:\/\/xn--uascoquetas-1db.co\/index.php?rest_route=%2Fwp%2Fv2%2Fproduct_cat&post=8268"},{"taxonomy":"product_tag","embeddable":true,"href":"https:\/\/xn--uascoquetas-1db.co\/index.php?rest_route=%2Fwp%2Fv2%2Fproduct_tag&post=8268"}],"curies":[{"name":"wp","href":"https:\/\/api.w.org\/{rel}","templated":true}]}}