{"id":8405,"date":"2024-06-07T12:24:54","date_gmt":"2024-06-07T17:24:54","guid":{"rendered":"https:\/\/xn--uascoquetas-1db.co\/?post_type=product&#038;p=8405"},"modified":"2024-07-04T20:05:31","modified_gmt":"2024-07-05T01:05:31","slug":"raspador-pies-dorado-nano-glass-lima-lavable","status":"publish","type":"product","link":"https:\/\/xn--uascoquetas-1db.co\/?product=raspador-pies-dorado-nano-glass-lima-lavable","title":{"rendered":"Raspador pies dorado &#8211; nano glass &#8211; Lima lavable"},"content":{"rendered":"<p>Una (1) lima de nano vidrio para dar brillo a la superficie de las u\u00f1as, sin maltratarlas. Adem\u00e1s, la puedes lavar y reutilizar.<\/p>\n<p>Art\u00edculo completamente nuevo y de excelente calidad<\/p>\n<p>Tama\u00f1o del producto : 9 cm de largo x 1, 5cm de ancho y 4-5 mm de espesor aproximadamente<\/p>\n<h2>RECOMENDACIONES DE USO<\/h2>\n<p>1. Raliza el limado suavemente sobre la superficie de tu u\u00f1a.<br \/>\n2. Luce tus u\u00f1as uniformes, suaves y con mucho brillo.<br \/>\n3. Limpia tu lima con agua y jab\u00f3n, d\u00e9jala secar y gu\u00e1rdala.<\/p>\n<h2>NOTA<\/h2>\n<p>Se recomienda usar cada mes, con el fin de no exceder el limado de la capa de la u\u00f1a. Y al reusar, solo limar las partes que no est\u00e9n brillantes.<\/p>\n","protected":false},"excerpt":{"rendered":"<table width=\"375\">\n<tbody>\n<tr>\n<td width=\"375\">Lima lavable marca Extranjera Gen\u00e9rica, lima con tecnolog\u00eda de nano vidrio, para retirar excesos de piel y callosidades de los pies.<\/td>\n<\/tr>\n<\/tbody>\n<\/table>\n","protected":false},"featured_media":8407,"comment_status":"open","ping_status":"closed","template":"","meta":{"_regular_price":["23000"],"currency_symbol":[],"_uag_custom_page_level_css":""},"product_brand":[],"product_cat":[225,47],"product_tag":[228],"class_list":{"0":"post-8405","1":"product","2":"type-product","3":"status-publish","4":"has-post-thumbnail","6":"product_cat-cuidado-de-manos","7":"product_cat-materiales","8":"product_tag-limas","9":"product_shipping_class-paquete-pequeno","11":"first","12":"instock","13":"purchasable","14":"product-type-simple"},"post_slider_layout_featured_media_urls":{"thumbnail":["https:\/\/xn--uascoquetas-1db.co\/wp-content\/uploads\/2024\/06\/Raspador-de-pies-150x150.png",150,150,true],"post_slider_layout_landscape_large":["https:\/\/xn--uascoquetas-1db.co\/wp-content\/uploads\/2024\/06\/Raspador-de-pies.png",800,800,false],"post_slider_layout_portrait_large":["https:\/\/xn--uascoquetas-1db.co\/wp-content\/uploads\/2024\/06\/Raspador-de-pies.png",800,800,false],"post_slider_layout_square_large":["https:\/\/xn--uascoquetas-1db.co\/wp-content\/uploads\/2024\/06\/Raspador-de-pies.png",800,800,false],"post_slider_layout_landscape":["https:\/\/xn--uascoquetas-1db.co\/wp-content\/uploads\/2024\/06\/Raspador-de-pies.png",400,400,false],"post_slider_layout_portrait":["https:\/\/xn--uascoquetas-1db.co\/wp-content\/uploads\/2024\/06\/Raspador-de-pies.png",600,600,false],"post_slider_layout_square":["https:\/\/xn--uascoquetas-1db.co\/wp-content\/uploads\/2024\/06\/Raspador-de-pies.png",600,600,false],"full":["https:\/\/xn--uascoquetas-1db.co\/wp-content\/uploads\/2024\/06\/Raspador-de-pies.png",800,800,false]},"uagb_featured_image_src":{"full":["https:\/\/xn--uascoquetas-1db.co\/wp-content\/uploads\/2024\/06\/Raspador-de-pies.png",800,800,false],"thumbnail":["https:\/\/xn--uascoquetas-1db.co\/wp-content\/uploads\/2024\/06\/Raspador-de-pies-150x150.png",150,150,true],"medium":["https:\/\/xn--uascoquetas-1db.co\/wp-content\/uploads\/2024\/06\/Raspador-de-pies-300x300.png",300,300,true],"medium_large":["https:\/\/xn--uascoquetas-1db.co\/wp-content\/uploads\/2024\/06\/Raspador-de-pies-768x768.png",640,640,true],"large":["https:\/\/xn--uascoquetas-1db.co\/wp-content\/uploads\/2024\/06\/Raspador-de-pies.png",640,640,false],"1536x1536":["https:\/\/xn--uascoquetas-1db.co\/wp-content\/uploads\/2024\/06\/Raspador-de-pies.png",800,800,false],"2048x2048":["https:\/\/xn--uascoquetas-1db.co\/wp-content\/uploads\/2024\/06\/Raspador-de-pies.png",800,800,false],"post_slider_layout_landscape_large":["https:\/\/xn--uascoquetas-1db.co\/wp-content\/uploads\/2024\/06\/Raspador-de-pies.png",800,800,false],"post_slider_layout_portrait_large":["https:\/\/xn--uascoquetas-1db.co\/wp-content\/uploads\/2024\/06\/Raspador-de-pies.png",800,800,false],"post_slider_layout_square_large":["https:\/\/xn--uascoquetas-1db.co\/wp-content\/uploads\/2024\/06\/Raspador-de-pies.png",800,800,false],"post_slider_layout_landscape":["https:\/\/xn--uascoquetas-1db.co\/wp-content\/uploads\/2024\/06\/Raspador-de-pies.png",400,400,false],"post_slider_layout_portrait":["https:\/\/xn--uascoquetas-1db.co\/wp-content\/uploads\/2024\/06\/Raspador-de-pies.png",600,600,false],"post_slider_layout_square":["https:\/\/xn--uascoquetas-1db.co\/wp-content\/uploads\/2024\/06\/Raspador-de-pies.png",600,600,false],"vw-kids-homepage-thumb":["https:\/\/xn--uascoquetas-1db.co\/wp-content\/uploads\/2024\/06\/Raspador-de-pies.png",145,145,false],"woocommerce_thumbnail":["https:\/\/xn--uascoquetas-1db.co\/wp-content\/uploads\/2024\/06\/Raspador-de-pies-300x300.png",300,300,true],"woocommerce_single":["https:\/\/xn--uascoquetas-1db.co\/wp-content\/uploads\/2024\/06\/Raspador-de-pies-600x600.png",600,600,true],"woocommerce_gallery_thumbnail":["https:\/\/xn--uascoquetas-1db.co\/wp-content\/uploads\/2024\/06\/Raspador-de-pies-100x100.png",100,100,true],"variation_swatches_image_size":["https:\/\/xn--uascoquetas-1db.co\/wp-content\/uploads\/2024\/06\/Raspador-de-pies-50x50.png",50,50,true],"variation_swatches_tooltip_size":["https:\/\/xn--uascoquetas-1db.co\/wp-content\/uploads\/2024\/06\/Raspador-de-pies-100x100.png",100,100,true]},"uagb_author_info":{"display_name":"U\u00f1as Coquetas","author_link":"https:\/\/xn--uascoquetas-1db.co\/?author=0"},"uagb_comment_info":0,"uagb_excerpt":"Lima lavable marca Extranjera Gen\u00e9rica, lima con tecnolog\u00eda de nano vidrio, para retirar excesos de piel y callosidades de los pies.","jetpack_sharing_enabled":true,"jetpack-related-posts":[{"id":8402,"url":"https:\/\/xn--uascoquetas-1db.co\/?product=lima-brilladora-transparente-nano-glass-lima-lavable","url_meta":{"origin":8405,"position":0},"title":"Lima brilladora transparente &#8211; nano glass &#8211; Lima lavable","author":"U\u00f1as Coquetas","date":"07\/06\/2024","format":false,"excerpt":"Lima lavable marca Extranjera Gen\u00e9rica, lima para brillar la superficie de la u\u00f1a.","rel":"","context":"Entrada similar","block_context":{"text":"Entrada similar","link":""},"img":{"alt_text":"Lima brilladora transparente - nano glass","src":"https:\/\/i0.wp.com\/xn--uascoquetas-1db.co\/wp-content\/uploads\/2024\/06\/Brilladora.png?resize=350%2C200&ssl=1","width":350,"height":200,"srcset":"https:\/\/i0.wp.com\/xn--uascoquetas-1db.co\/wp-content\/uploads\/2024\/06\/Brilladora.png?resize=350%2C200&ssl=1 1x, https:\/\/i0.wp.com\/xn--uascoquetas-1db.co\/wp-content\/uploads\/2024\/06\/Brilladora.png?resize=525%2C300&ssl=1 1.5x, https:\/\/i0.wp.com\/xn--uascoquetas-1db.co\/wp-content\/uploads\/2024\/06\/Brilladora.png?resize=700%2C400&ssl=1 2x"},"classes":[]},{"id":6972,"url":"https:\/\/xn--uascoquetas-1db.co\/?product=raspador-para-pies-azul-y-amarillo-lima-lavable","url_meta":{"origin":8405,"position":1},"title":"Raspador para pies azul y amarillo &#8211; Lima lavable","author":"U\u00f1as Coquetas","date":"01\/12\/2023","format":false,"excerpt":"Lima lavable marca Colombiana CristalUp, raspador de pies.","rel":"","context":"Entrada similar","block_context":{"text":"Entrada similar","link":""},"img":{"alt_text":"Raspador para pies azul y amarillo","src":"https:\/\/i0.wp.com\/xn--uascoquetas-1db.co\/wp-content\/uploads\/2023\/12\/Raspador-pie-amarilla-y-azulestuche-01.jpg?resize=350%2C200&ssl=1","width":350,"height":200,"srcset":"https:\/\/i0.wp.com\/xn--uascoquetas-1db.co\/wp-content\/uploads\/2023\/12\/Raspador-pie-amarilla-y-azulestuche-01.jpg?resize=350%2C200&ssl=1 1x, https:\/\/i0.wp.com\/xn--uascoquetas-1db.co\/wp-content\/uploads\/2023\/12\/Raspador-pie-amarilla-y-azulestuche-01.jpg?resize=525%2C300&ssl=1 1.5x, https:\/\/i0.wp.com\/xn--uascoquetas-1db.co\/wp-content\/uploads\/2023\/12\/Raspador-pie-amarilla-y-azulestuche-01.jpg?resize=700%2C400&ssl=1 2x, https:\/\/i0.wp.com\/xn--uascoquetas-1db.co\/wp-content\/uploads\/2023\/12\/Raspador-pie-amarilla-y-azulestuche-01.jpg?resize=1050%2C600&ssl=1 3x"},"classes":[]},{"id":8130,"url":"https:\/\/xn--uascoquetas-1db.co\/?product=lima-future-mini-lima-lavable","url_meta":{"origin":8405,"position":2},"title":"Lima Future mini &#8211; Lima lavable","author":"U\u00f1as Coquetas","date":"23\/05\/2024","format":false,"excerpt":"Mini lima lavable marca Colombiana CristalUp, durable y reutilizable.","rel":"","context":"Entrada similar","block_context":{"text":"Entrada similar","link":""},"img":{"alt_text":"Lima mini transparente Morada","src":"https:\/\/i0.wp.com\/xn--uascoquetas-1db.co\/wp-content\/uploads\/2024\/05\/Mini-lima-morada_800-PX.jpg?resize=350%2C200&ssl=1","width":350,"height":200,"srcset":"https:\/\/i0.wp.com\/xn--uascoquetas-1db.co\/wp-content\/uploads\/2024\/05\/Mini-lima-morada_800-PX.jpg?resize=350%2C200&ssl=1 1x, https:\/\/i0.wp.com\/xn--uascoquetas-1db.co\/wp-content\/uploads\/2024\/05\/Mini-lima-morada_800-PX.jpg?resize=525%2C300&ssl=1 1.5x, https:\/\/i0.wp.com\/xn--uascoquetas-1db.co\/wp-content\/uploads\/2024\/05\/Mini-lima-morada_800-PX.jpg?resize=700%2C400&ssl=1 2x"},"classes":[]},{"id":6770,"url":"https:\/\/xn--uascoquetas-1db.co\/?product=lima-de-cristal-mediana-negro-lima-lavable","url_meta":{"origin":8405,"position":3},"title":"Lima de cristal mediana &#8211; Lima lavable","author":"U\u00f1as Coquetas","date":"17\/11\/2023","format":false,"excerpt":"Lima lavable marca Colombiana CristalUp, lavable y reutilizable.","rel":"","context":"Entrada similar","block_context":{"text":"Entrada similar","link":""},"img":{"alt_text":"120. Lima mediana negra","src":"https:\/\/i0.wp.com\/xn--uascoquetas-1db.co\/wp-content\/uploads\/2023\/11\/120.-negra-800px_Mesa-de-trabajo-1.jpg?resize=350%2C200&ssl=1","width":350,"height":200,"srcset":"https:\/\/i0.wp.com\/xn--uascoquetas-1db.co\/wp-content\/uploads\/2023\/11\/120.-negra-800px_Mesa-de-trabajo-1.jpg?resize=350%2C200&ssl=1 1x, https:\/\/i0.wp.com\/xn--uascoquetas-1db.co\/wp-content\/uploads\/2023\/11\/120.-negra-800px_Mesa-de-trabajo-1.jpg?resize=525%2C300&ssl=1 1.5x, https:\/\/i0.wp.com\/xn--uascoquetas-1db.co\/wp-content\/uploads\/2023\/11\/120.-negra-800px_Mesa-de-trabajo-1.jpg?resize=700%2C400&ssl=1 2x"},"classes":[]},{"id":6952,"url":"https:\/\/xn--uascoquetas-1db.co\/?product=lima-de-cristal-babies-rosada-lima-lavable","url_meta":{"origin":8405,"position":4},"title":"Lima de cristal babies &#8211; Lima lavable","author":"U\u00f1as Coquetas","date":"01\/12\/2023","format":false,"excerpt":"Lima lavable marca Colombiana CristalUp, para el cuidado de tu beb\u00e9.","rel":"","context":"Entrada similar","block_context":{"text":"Entrada similar","link":""},"img":{"alt_text":"Lima de cristal babies Rosada","src":"https:\/\/i0.wp.com\/xn--uascoquetas-1db.co\/wp-content\/uploads\/2023\/12\/Caja-rosada-01-01.jpg?resize=350%2C200&ssl=1","width":350,"height":200,"srcset":"https:\/\/i0.wp.com\/xn--uascoquetas-1db.co\/wp-content\/uploads\/2023\/12\/Caja-rosada-01-01.jpg?resize=350%2C200&ssl=1 1x, https:\/\/i0.wp.com\/xn--uascoquetas-1db.co\/wp-content\/uploads\/2023\/12\/Caja-rosada-01-01.jpg?resize=525%2C300&ssl=1 1.5x, https:\/\/i0.wp.com\/xn--uascoquetas-1db.co\/wp-content\/uploads\/2023\/12\/Caja-rosada-01-01.jpg?resize=700%2C400&ssl=1 2x, https:\/\/i0.wp.com\/xn--uascoquetas-1db.co\/wp-content\/uploads\/2023\/12\/Caja-rosada-01-01.jpg?resize=1050%2C600&ssl=1 3x"},"classes":[]},{"id":6976,"url":"https:\/\/xn--uascoquetas-1db.co\/?product=lima-de-cristal-pequena-verde-y-fucsia-mini-lima-lavable","url_meta":{"origin":8405,"position":5},"title":"Lima de cristal peque\u00f1a &#8211; Mini lima lavable","author":"U\u00f1as Coquetas","date":"01\/12\/2023","format":false,"excerpt":"Mini lima lavable marca Colombiana CristalUp, durable y reutilizable.","rel":"","context":"Entrada similar","block_context":{"text":"Entrada similar","link":""},"img":{"alt_text":"Lima de cristal peque\u00f1a Verde y fucsia","src":"https:\/\/i0.wp.com\/xn--uascoquetas-1db.co\/wp-content\/uploads\/2023\/12\/Fucsia-verde-01-1.jpg?resize=350%2C200&ssl=1","width":350,"height":200,"srcset":"https:\/\/i0.wp.com\/xn--uascoquetas-1db.co\/wp-content\/uploads\/2023\/12\/Fucsia-verde-01-1.jpg?resize=350%2C200&ssl=1 1x, https:\/\/i0.wp.com\/xn--uascoquetas-1db.co\/wp-content\/uploads\/2023\/12\/Fucsia-verde-01-1.jpg?resize=525%2C300&ssl=1 1.5x, https:\/\/i0.wp.com\/xn--uascoquetas-1db.co\/wp-content\/uploads\/2023\/12\/Fucsia-verde-01-1.jpg?resize=700%2C400&ssl=1 2x, https:\/\/i0.wp.com\/xn--uascoquetas-1db.co\/wp-content\/uploads\/2023\/12\/Fucsia-verde-01-1.jpg?resize=1050%2C600&ssl=1 3x"},"classes":[]}],"_links":{"self":[{"href":"https:\/\/xn--uascoquetas-1db.co\/index.php?rest_route=\/wp\/v2\/product\/8405","targetHints":{"allow":["GET"]}}],"collection":[{"href":"https:\/\/xn--uascoquetas-1db.co\/index.php?rest_route=\/wp\/v2\/product"}],"about":[{"href":"https:\/\/xn--uascoquetas-1db.co\/index.php?rest_route=\/wp\/v2\/types\/product"}],"replies":[{"embeddable":true,"href":"https:\/\/xn--uascoquetas-1db.co\/index.php?rest_route=%2Fwp%2Fv2%2Fcomments&post=8405"}],"wp:featuredmedia":[{"embeddable":true,"href":"https:\/\/xn--uascoquetas-1db.co\/index.php?rest_route=\/wp\/v2\/media\/8407"}],"wp:attachment":[{"href":"https:\/\/xn--uascoquetas-1db.co\/index.php?rest_route=%2Fwp%2Fv2%2Fmedia&parent=8405"}],"wp:term":[{"taxonomy":"product_brand","embeddable":true,"href":"https:\/\/xn--uascoquetas-1db.co\/index.php?rest_route=%2Fwp%2Fv2%2Fproduct_brand&post=8405"},{"taxonomy":"product_cat","embeddable":true,"href":"https:\/\/xn--uascoquetas-1db.co\/index.php?rest_route=%2Fwp%2Fv2%2Fproduct_cat&post=8405"},{"taxonomy":"product_tag","embeddable":true,"href":"https:\/\/xn--uascoquetas-1db.co\/index.php?rest_route=%2Fwp%2Fv2%2Fproduct_tag&post=8405"}],"curies":[{"name":"wp","href":"https:\/\/api.w.org\/{rel}","templated":true}]}}