{"id":8489,"date":"2024-06-21T10:55:36","date_gmt":"2024-06-21T15:55:36","guid":{"rendered":"https:\/\/xn--uascoquetas-1db.co\/?post_type=product&#038;p=8489"},"modified":"2025-05-06T06:17:51","modified_gmt":"2025-05-06T11:17:51","slug":"set-de-tres-pasos-gel-evolution-con-color-a-eleccion","status":"publish","type":"product","link":"https:\/\/xn--uascoquetas-1db.co\/?product=set-de-tres-pasos-gel-evolution-con-color-a-eleccion","title":{"rendered":"Set de tres pasos Gel Evolution con color a elecci\u00f3n"},"content":{"rendered":"<p>Set completo de esmalte tradicional de secado ultra r\u00e1pido, Masglo Gel Evolution (Base + color a elecci\u00f3n + Brillo).<\/p>\n<h2>DESCRIPCI\u00d3N<\/h2>\n<p>Esmaltes de 13,5 ml cada uno.<br \/>\nSecado extra r\u00e1pido en 5 minutos.<br \/>\nHasta 12 d\u00edas de duraci\u00f3n.<br \/>\nEfecto gel sin l\u00e1mpara.<br \/>\nBrillo intenso.<br \/>\nCon pincel plano y redondeado para f\u00e1cil aplicaci\u00f3n.<br \/>\n14 Free, libre de 14 componentes perjudiciales para la salud o el medio ambiente.<br \/>\nNo testeado en animales.<br \/>\nNo requiere l\u00e1mpara UV\/LED.<br \/>\nDiferentes acabados: cremosos, trasl\u00facidos, fluorescentes, perlados o metalizados<br \/>\nBase enriquecida con extracto de origen natural que cuida la u\u00f1a y ayuda a mantener su hidrataci\u00f3n natural.<br \/>\nRegistro INVIMA NSOC86183-18CO<\/p>\n<h2>Modo de uso<\/h2>\n<p>El sistema gel evolution debe ser usado en tres pasos, \u00fanicamente con esmaltes gel evolution. Por tal raz\u00f3n, debes tener la base (Paso 1) gel evolution de Masglo y el brillo gel evolution de Masglo (Paso 3).<br \/>\n1. Desengrasa tus u\u00f1as con Cleanser o alcohol.<br \/>\n2. Aplica la base gel evolution Paso 1.<br \/>\n3. Aplica dos capas de color gel evolution Paso 2, dejando secar entre capas.<br \/>\n4. Aplica el brillo gel evolution Paso 3<\/p>\n","protected":false},"excerpt":{"rendered":"<p>Set completo de esmalte tradicional de secado ultra r\u00e1pido, Masglo Gel Evolution (Base + color a elecci\u00f3n + Brillo). DESCRIPCI\u00d3N Esmaltes de 13,5 ml cada uno. Secado extra r\u00e1pido en 5 minutos. Hasta 12 d\u00edas de duraci\u00f3n. Efecto gel sin l\u00e1mpara. Brillo intenso. Con pincel plano y redondeado para f\u00e1cil aplicaci\u00f3n. 14 Free, libre de [&hellip;]<\/p>\n","protected":false},"featured_media":8506,"comment_status":"open","ping_status":"closed","template":"","meta":{"_regular_price":[],"currency_symbol":[],"_uag_custom_page_level_css":""},"product_brand":[],"product_cat":[269,33,55,244,59,325],"product_tag":[338],"class_list":{"0":"post-8489","1":"product","2":"type-product","3":"status-publish","4":"has-post-thumbnail","6":"product_cat-color","7":"product_cat-esmaltes","8":"product_cat-esmaltes-tradicionales","9":"product_cat-kit-esmaltes","10":"product_cat-kits-de-stamping","11":"product_cat-masglo","12":"product_tag-masglo","13":"product_shipping_class-paquete-pequeno","14":"pa_color-activista","15":"pa_color-amante","16":"pa_color-consentida","17":"pa_color-cool","18":"pa_color-coqueta","19":"pa_color-distinguida","20":"pa_color-encantadora","21":"pa_color-libre","22":"pa_color-refinada","23":"pa_color-revolucionaria","24":"pa_color-vanguardista","25":"pa_color-virginal","27":"first","28":"instock","29":"purchasable","30":"product-type-variable"},"post_slider_layout_featured_media_urls":{"thumbnail":["https:\/\/xn--uascoquetas-1db.co\/wp-content\/uploads\/2024\/06\/Coqueta-150x150.png",150,150,true],"post_slider_layout_landscape_large":["https:\/\/xn--uascoquetas-1db.co\/wp-content\/uploads\/2024\/06\/Coqueta.png",800,800,false],"post_slider_layout_portrait_large":["https:\/\/xn--uascoquetas-1db.co\/wp-content\/uploads\/2024\/06\/Coqueta.png",800,800,false],"post_slider_layout_square_large":["https:\/\/xn--uascoquetas-1db.co\/wp-content\/uploads\/2024\/06\/Coqueta.png",800,800,false],"post_slider_layout_landscape":["https:\/\/xn--uascoquetas-1db.co\/wp-content\/uploads\/2024\/06\/Coqueta.png",400,400,false],"post_slider_layout_portrait":["https:\/\/xn--uascoquetas-1db.co\/wp-content\/uploads\/2024\/06\/Coqueta.png",600,600,false],"post_slider_layout_square":["https:\/\/xn--uascoquetas-1db.co\/wp-content\/uploads\/2024\/06\/Coqueta.png",600,600,false],"full":["https:\/\/xn--uascoquetas-1db.co\/wp-content\/uploads\/2024\/06\/Coqueta.png",800,800,false]},"uagb_featured_image_src":{"full":["https:\/\/xn--uascoquetas-1db.co\/wp-content\/uploads\/2024\/06\/Coqueta.png",800,800,false],"thumbnail":["https:\/\/xn--uascoquetas-1db.co\/wp-content\/uploads\/2024\/06\/Coqueta-150x150.png",150,150,true],"medium":["https:\/\/xn--uascoquetas-1db.co\/wp-content\/uploads\/2024\/06\/Coqueta-300x300.png",300,300,true],"medium_large":["https:\/\/xn--uascoquetas-1db.co\/wp-content\/uploads\/2024\/06\/Coqueta-768x768.png",640,640,true],"large":["https:\/\/xn--uascoquetas-1db.co\/wp-content\/uploads\/2024\/06\/Coqueta.png",640,640,false],"1536x1536":["https:\/\/xn--uascoquetas-1db.co\/wp-content\/uploads\/2024\/06\/Coqueta.png",800,800,false],"2048x2048":["https:\/\/xn--uascoquetas-1db.co\/wp-content\/uploads\/2024\/06\/Coqueta.png",800,800,false],"post_slider_layout_landscape_large":["https:\/\/xn--uascoquetas-1db.co\/wp-content\/uploads\/2024\/06\/Coqueta.png",800,800,false],"post_slider_layout_portrait_large":["https:\/\/xn--uascoquetas-1db.co\/wp-content\/uploads\/2024\/06\/Coqueta.png",800,800,false],"post_slider_layout_square_large":["https:\/\/xn--uascoquetas-1db.co\/wp-content\/uploads\/2024\/06\/Coqueta.png",800,800,false],"post_slider_layout_landscape":["https:\/\/xn--uascoquetas-1db.co\/wp-content\/uploads\/2024\/06\/Coqueta.png",400,400,false],"post_slider_layout_portrait":["https:\/\/xn--uascoquetas-1db.co\/wp-content\/uploads\/2024\/06\/Coqueta.png",600,600,false],"post_slider_layout_square":["https:\/\/xn--uascoquetas-1db.co\/wp-content\/uploads\/2024\/06\/Coqueta.png",600,600,false],"vw-kids-homepage-thumb":["https:\/\/xn--uascoquetas-1db.co\/wp-content\/uploads\/2024\/06\/Coqueta.png",145,145,false],"woocommerce_thumbnail":["https:\/\/xn--uascoquetas-1db.co\/wp-content\/uploads\/2024\/06\/Coqueta-300x300.png",300,300,true],"woocommerce_single":["https:\/\/xn--uascoquetas-1db.co\/wp-content\/uploads\/2024\/06\/Coqueta-600x600.png",600,600,true],"woocommerce_gallery_thumbnail":["https:\/\/xn--uascoquetas-1db.co\/wp-content\/uploads\/2024\/06\/Coqueta-100x100.png",100,100,true],"variation_swatches_image_size":["https:\/\/xn--uascoquetas-1db.co\/wp-content\/uploads\/2024\/06\/Coqueta-50x50.png",50,50,true],"variation_swatches_tooltip_size":["https:\/\/xn--uascoquetas-1db.co\/wp-content\/uploads\/2024\/06\/Coqueta-100x100.png",100,100,true]},"uagb_author_info":{"display_name":"U\u00f1as Coquetas","author_link":"https:\/\/xn--uascoquetas-1db.co\/?author=0"},"uagb_comment_info":0,"uagb_excerpt":"Set completo de esmalte tradicional de secado ultra r\u00e1pido, Masglo Gel Evolution (Base + color a elecci\u00f3n + Brillo). DESCRIPCI\u00d3N Esmaltes de 13,5 ml cada uno. Secado extra r\u00e1pido en 5 minutos. Hasta 12 d\u00edas de duraci\u00f3n. Efecto gel sin l\u00e1mpara. Brillo intenso. Con pincel plano y redondeado para f\u00e1cil aplicaci\u00f3n. 14 Free, libre de&hellip;","jetpack_sharing_enabled":true,"jetpack-related-posts":[],"_links":{"self":[{"href":"https:\/\/xn--uascoquetas-1db.co\/index.php?rest_route=\/wp\/v2\/product\/8489","targetHints":{"allow":["GET"]}}],"collection":[{"href":"https:\/\/xn--uascoquetas-1db.co\/index.php?rest_route=\/wp\/v2\/product"}],"about":[{"href":"https:\/\/xn--uascoquetas-1db.co\/index.php?rest_route=\/wp\/v2\/types\/product"}],"replies":[{"embeddable":true,"href":"https:\/\/xn--uascoquetas-1db.co\/index.php?rest_route=%2Fwp%2Fv2%2Fcomments&post=8489"}],"wp:featuredmedia":[{"embeddable":true,"href":"https:\/\/xn--uascoquetas-1db.co\/index.php?rest_route=\/wp\/v2\/media\/8506"}],"wp:attachment":[{"href":"https:\/\/xn--uascoquetas-1db.co\/index.php?rest_route=%2Fwp%2Fv2%2Fmedia&parent=8489"}],"wp:term":[{"taxonomy":"product_brand","embeddable":true,"href":"https:\/\/xn--uascoquetas-1db.co\/index.php?rest_route=%2Fwp%2Fv2%2Fproduct_brand&post=8489"},{"taxonomy":"product_cat","embeddable":true,"href":"https:\/\/xn--uascoquetas-1db.co\/index.php?rest_route=%2Fwp%2Fv2%2Fproduct_cat&post=8489"},{"taxonomy":"product_tag","embeddable":true,"href":"https:\/\/xn--uascoquetas-1db.co\/index.php?rest_route=%2Fwp%2Fv2%2Fproduct_tag&post=8489"}],"curies":[{"name":"wp","href":"https:\/\/api.w.org\/{rel}","templated":true}]}}