{"id":8681,"date":"2024-07-19T17:15:18","date_gmt":"2024-07-19T22:15:18","guid":{"rendered":"https:\/\/xn--uascoquetas-1db.co\/?post_type=product&#038;p=8681"},"modified":"2024-07-19T17:21:00","modified_gmt":"2024-07-19T22:21:00","slug":"top-gel-polish-de-14-ml-masglo","status":"publish","type":"product","link":"https:\/\/xn--uascoquetas-1db.co\/?product=top-gel-polish-de-14-ml-masglo","title":{"rendered":"Top Gel Polish de 14 ml &#8211; Masglo"},"content":{"rendered":"<p>Esmalte gel, para sistema semipermanente. Requiere uso de L\u00e1mpara UV\/LED.<\/p>\n<h2>DESCRIPCI\u00d3N<\/h2>\n<p>Esmalte de 14 ml.<br \/>\nFormulaci\u00f3n 10 free.<br \/>\nSeca en 60 segundos en la l\u00e1mpara UV LED.<br \/>\nAlta pigmentaci\u00f3n.<br \/>\nHasta 30 d\u00edas de duraci\u00f3n.<br \/>\nF\u00e1cil aplicaci\u00f3n: Textura homog\u00e9nea, f\u00e1cil de aplicar y nivelar, sin recogimiento.<br \/>\nF\u00e1cil Remoci\u00f3n: Remueve aproximadamente en 10 minutos sin maltratar la l\u00e1mina de la u\u00f1a.<br \/>\nBrocha plana.<br \/>\nNo requiere preparadores. (Ni limpiador del sistema, ni Balanceador de Ph, ni Ultrabond).<br \/>\nRegistro INVIMA NSOC13362-22CO<\/p>\n","protected":false},"excerpt":{"rendered":"<table width=\"375\">\n<tbody>\n<tr>\n<td width=\"375\">Esmalte tradicional marca Colombiana Masglo tono Gel Polish de 7 ml<\/td>\n<\/tr>\n<\/tbody>\n<\/table>\n","protected":false},"featured_media":8647,"comment_status":"open","ping_status":"closed","template":"","meta":{"_regular_price":[],"currency_symbol":[],"_uag_custom_page_level_css":""},"product_brand":[],"product_cat":[56,33,351],"product_tag":[338],"class_list":{"0":"post-8681","1":"product","2":"type-product","3":"status-publish","4":"has-post-thumbnail","6":"product_cat-esmalte-gel-semipermanente","7":"product_cat-esmaltes","8":"product_cat-masglo-esmalte-gel-semipermanente","9":"product_tag-masglo","10":"product_shipping_class-paquete-pequeno","12":"first","13":"instock","14":"purchasable","15":"product-type-variable"},"post_slider_layout_featured_media_urls":{"thumbnail":["https:\/\/xn--uascoquetas-1db.co\/wp-content\/uploads\/2024\/07\/Top-brillo-01-150x150.jpg",150,150,true],"post_slider_layout_landscape_large":["https:\/\/xn--uascoquetas-1db.co\/wp-content\/uploads\/2024\/07\/Top-brillo-01.jpg",800,800,false],"post_slider_layout_portrait_large":["https:\/\/xn--uascoquetas-1db.co\/wp-content\/uploads\/2024\/07\/Top-brillo-01.jpg",1080,1080,false],"post_slider_layout_square_large":["https:\/\/xn--uascoquetas-1db.co\/wp-content\/uploads\/2024\/07\/Top-brillo-01.jpg",1080,1080,false],"post_slider_layout_landscape":["https:\/\/xn--uascoquetas-1db.co\/wp-content\/uploads\/2024\/07\/Top-brillo-01.jpg",400,400,false],"post_slider_layout_portrait":["https:\/\/xn--uascoquetas-1db.co\/wp-content\/uploads\/2024\/07\/Top-brillo-01.jpg",600,600,false],"post_slider_layout_square":["https:\/\/xn--uascoquetas-1db.co\/wp-content\/uploads\/2024\/07\/Top-brillo-01.jpg",600,600,false],"full":["https:\/\/xn--uascoquetas-1db.co\/wp-content\/uploads\/2024\/07\/Top-brillo-01.jpg",1080,1080,false]},"uagb_featured_image_src":{"full":["https:\/\/xn--uascoquetas-1db.co\/wp-content\/uploads\/2024\/07\/Top-brillo-01.jpg",1080,1080,false],"thumbnail":["https:\/\/xn--uascoquetas-1db.co\/wp-content\/uploads\/2024\/07\/Top-brillo-01-150x150.jpg",150,150,true],"medium":["https:\/\/xn--uascoquetas-1db.co\/wp-content\/uploads\/2024\/07\/Top-brillo-01-300x300.jpg",300,300,true],"medium_large":["https:\/\/xn--uascoquetas-1db.co\/wp-content\/uploads\/2024\/07\/Top-brillo-01-768x768.jpg",640,640,true],"large":["https:\/\/xn--uascoquetas-1db.co\/wp-content\/uploads\/2024\/07\/Top-brillo-01-1024x1024.jpg",640,640,true],"1536x1536":["https:\/\/xn--uascoquetas-1db.co\/wp-content\/uploads\/2024\/07\/Top-brillo-01.jpg",1080,1080,false],"2048x2048":["https:\/\/xn--uascoquetas-1db.co\/wp-content\/uploads\/2024\/07\/Top-brillo-01.jpg",1080,1080,false],"post_slider_layout_landscape_large":["https:\/\/xn--uascoquetas-1db.co\/wp-content\/uploads\/2024\/07\/Top-brillo-01.jpg",800,800,false],"post_slider_layout_portrait_large":["https:\/\/xn--uascoquetas-1db.co\/wp-content\/uploads\/2024\/07\/Top-brillo-01.jpg",1080,1080,false],"post_slider_layout_square_large":["https:\/\/xn--uascoquetas-1db.co\/wp-content\/uploads\/2024\/07\/Top-brillo-01.jpg",1080,1080,false],"post_slider_layout_landscape":["https:\/\/xn--uascoquetas-1db.co\/wp-content\/uploads\/2024\/07\/Top-brillo-01.jpg",400,400,false],"post_slider_layout_portrait":["https:\/\/xn--uascoquetas-1db.co\/wp-content\/uploads\/2024\/07\/Top-brillo-01.jpg",600,600,false],"post_slider_layout_square":["https:\/\/xn--uascoquetas-1db.co\/wp-content\/uploads\/2024\/07\/Top-brillo-01.jpg",600,600,false],"vw-kids-homepage-thumb":["https:\/\/xn--uascoquetas-1db.co\/wp-content\/uploads\/2024\/07\/Top-brillo-01.jpg",145,145,false],"woocommerce_thumbnail":["https:\/\/xn--uascoquetas-1db.co\/wp-content\/uploads\/2024\/07\/Top-brillo-01-300x300.jpg",300,300,true],"woocommerce_single":["https:\/\/xn--uascoquetas-1db.co\/wp-content\/uploads\/2024\/07\/Top-brillo-01-600x600.jpg",600,600,true],"woocommerce_gallery_thumbnail":["https:\/\/xn--uascoquetas-1db.co\/wp-content\/uploads\/2024\/07\/Top-brillo-01-100x100.jpg",100,100,true],"variation_swatches_image_size":["https:\/\/xn--uascoquetas-1db.co\/wp-content\/uploads\/2024\/07\/Top-brillo-01-50x50.jpg",50,50,true],"variation_swatches_tooltip_size":["https:\/\/xn--uascoquetas-1db.co\/wp-content\/uploads\/2024\/07\/Top-brillo-01-100x100.jpg",100,100,true]},"uagb_author_info":{"display_name":"U\u00f1as Coquetas","author_link":"https:\/\/xn--uascoquetas-1db.co\/?author=0"},"uagb_comment_info":0,"uagb_excerpt":"Esmalte tradicional marca Colombiana Masglo tono Gel Polish de 7 ml","jetpack_sharing_enabled":true,"jetpack-related-posts":[{"id":8677,"url":"https:\/\/xn--uascoquetas-1db.co\/?product=base-gel-polish-de-14-ml-masglo","url_meta":{"origin":8681,"position":0},"title":"Base Gel Polish de 14 ml &#8211; Masglo","author":"U\u00f1as Coquetas","date":"19\/07\/2024","format":false,"excerpt":"Esmalte tradicional marca Colombiana Masglo tono Gel Polish de 14 ml","rel":"","context":"Entrada similar","block_context":{"text":"Entrada similar","link":""},"img":{"alt_text":"","src":"https:\/\/i0.wp.com\/xn--uascoquetas-1db.co\/wp-content\/uploads\/2024\/07\/Base-coat-01.jpg?resize=350%2C200&ssl=1","width":350,"height":200,"srcset":"https:\/\/i0.wp.com\/xn--uascoquetas-1db.co\/wp-content\/uploads\/2024\/07\/Base-coat-01.jpg?resize=350%2C200&ssl=1 1x, https:\/\/i0.wp.com\/xn--uascoquetas-1db.co\/wp-content\/uploads\/2024\/07\/Base-coat-01.jpg?resize=525%2C300&ssl=1 1.5x, https:\/\/i0.wp.com\/xn--uascoquetas-1db.co\/wp-content\/uploads\/2024\/07\/Base-coat-01.jpg?resize=700%2C400&ssl=1 2x, https:\/\/i0.wp.com\/xn--uascoquetas-1db.co\/wp-content\/uploads\/2024\/07\/Base-coat-01.jpg?resize=1050%2C600&ssl=1 3x"},"classes":[]},{"id":8668,"url":"https:\/\/xn--uascoquetas-1db.co\/?product=gel-polish-de-7-ml-masglo-2","url_meta":{"origin":8681,"position":1},"title":"Gel Polish de 7 ml &#8211; Masglo","author":"U\u00f1as Coquetas","date":"19\/07\/2024","format":false,"excerpt":"Esmalte tradicional marca Colombiana Masglo tono Gel Polish de 7 ml","rel":"","context":"Entrada similar","block_context":{"text":"Entrada similar","link":""},"img":{"alt_text":"","src":"https:\/\/i0.wp.com\/xn--uascoquetas-1db.co\/wp-content\/uploads\/2024\/07\/2.0-Con-fundas-01-01.jpg?resize=350%2C200&ssl=1","width":350,"height":200,"srcset":"https:\/\/i0.wp.com\/xn--uascoquetas-1db.co\/wp-content\/uploads\/2024\/07\/2.0-Con-fundas-01-01.jpg?resize=350%2C200&ssl=1 1x, https:\/\/i0.wp.com\/xn--uascoquetas-1db.co\/wp-content\/uploads\/2024\/07\/2.0-Con-fundas-01-01.jpg?resize=525%2C300&ssl=1 1.5x, https:\/\/i0.wp.com\/xn--uascoquetas-1db.co\/wp-content\/uploads\/2024\/07\/2.0-Con-fundas-01-01.jpg?resize=700%2C400&ssl=1 2x"},"classes":[]},{"id":8657,"url":"https:\/\/xn--uascoquetas-1db.co\/?product=gel-polish-de-7-ml-masglo-tonos-frios","url_meta":{"origin":8681,"position":2},"title":"Gel Polish de 7 ml &#8211; Masglo Tonos fr\u00edos","author":"U\u00f1as Coquetas","date":"19\/07\/2024","format":false,"excerpt":"Esmalte tradicional marca Colombiana Masglo tono Gel Polish de 7 ml","rel":"","context":"Entrada similar","block_context":{"text":"Entrada similar","link":""},"img":{"alt_text":"","src":"https:\/\/i0.wp.com\/xn--uascoquetas-1db.co\/wp-content\/uploads\/2024\/07\/Emotiva-01.jpg?resize=350%2C200&ssl=1","width":350,"height":200,"srcset":"https:\/\/i0.wp.com\/xn--uascoquetas-1db.co\/wp-content\/uploads\/2024\/07\/Emotiva-01.jpg?resize=350%2C200&ssl=1 1x, https:\/\/i0.wp.com\/xn--uascoquetas-1db.co\/wp-content\/uploads\/2024\/07\/Emotiva-01.jpg?resize=525%2C300&ssl=1 1.5x, https:\/\/i0.wp.com\/xn--uascoquetas-1db.co\/wp-content\/uploads\/2024\/07\/Emotiva-01.jpg?resize=700%2C400&ssl=1 2x"},"classes":[]},{"id":8625,"url":"https:\/\/xn--uascoquetas-1db.co\/?product=gel-polish-de-7-ml-masglo","url_meta":{"origin":8681,"position":3},"title":"Gel Polish de 7 ml &#8211; Masglo Tonos c\u00e1lidos","author":"U\u00f1as Coquetas","date":"19\/07\/2024","format":false,"excerpt":"Esmalte gel, para sistema semipermanente. Requiere uso de L\u00e1mpara UV\/LED. DESCRIPCI\u00d3N Esmalte de 7 ml. Formulaci\u00f3n 10 free. Seca en 60 segundos en la l\u00e1mpara UV LED. Alta pigmentaci\u00f3n. Hasta 30 d\u00edas de duraci\u00f3n. F\u00e1cil aplicaci\u00f3n: Textura homog\u00e9nea, f\u00e1cil de aplicar y nivelar, sin recogimiento. F\u00e1cil Remoci\u00f3n: Remueve aproximadamente en\u2026","rel":"","context":"Entrada similar","block_context":{"text":"Entrada similar","link":""},"img":{"alt_text":"","src":"https:\/\/i0.wp.com\/xn--uascoquetas-1db.co\/wp-content\/uploads\/2024\/07\/Mediatica-01.jpg?resize=350%2C200&ssl=1","width":350,"height":200,"srcset":"https:\/\/i0.wp.com\/xn--uascoquetas-1db.co\/wp-content\/uploads\/2024\/07\/Mediatica-01.jpg?resize=350%2C200&ssl=1 1x, https:\/\/i0.wp.com\/xn--uascoquetas-1db.co\/wp-content\/uploads\/2024\/07\/Mediatica-01.jpg?resize=525%2C300&ssl=1 1.5x, https:\/\/i0.wp.com\/xn--uascoquetas-1db.co\/wp-content\/uploads\/2024\/07\/Mediatica-01.jpg?resize=700%2C400&ssl=1 2x"},"classes":[]},{"id":8449,"url":"https:\/\/xn--uascoquetas-1db.co\/?product=color-gel-evolution-paso-1-masglo","url_meta":{"origin":8681,"position":4},"title":"Color gel evolution Paso 2 &#8211; Masglo","author":"U\u00f1as Coquetas","date":"18\/06\/2024","format":false,"excerpt":"Esmalte tradicional marca Colombiana Masglo tono Colecci\u00f3n estilo Gel Evolution","rel":"","context":"Entrada similar","block_context":{"text":"Entrada similar","link":""},"img":{"alt_text":"Encantadora","src":"https:\/\/i0.wp.com\/xn--uascoquetas-1db.co\/wp-content\/uploads\/2024\/06\/Encantadora-gel-ev-800px.png?resize=350%2C200&ssl=1","width":350,"height":200,"srcset":"https:\/\/i0.wp.com\/xn--uascoquetas-1db.co\/wp-content\/uploads\/2024\/06\/Encantadora-gel-ev-800px.png?resize=350%2C200&ssl=1 1x, https:\/\/i0.wp.com\/xn--uascoquetas-1db.co\/wp-content\/uploads\/2024\/06\/Encantadora-gel-ev-800px.png?resize=525%2C300&ssl=1 1.5x, https:\/\/i0.wp.com\/xn--uascoquetas-1db.co\/wp-content\/uploads\/2024\/06\/Encantadora-gel-ev-800px.png?resize=700%2C400&ssl=1 2x"},"classes":[]},{"id":8455,"url":"https:\/\/xn--uascoquetas-1db.co\/?product=color-gel-evolution-paso-1-masglo-2","url_meta":{"origin":8681,"position":5},"title":"Color gel evolution Paso 2 &#8211; Masglo","author":"U\u00f1as Coquetas","date":"18\/06\/2024","format":false,"excerpt":"Esmalte tradicional marca Colombiana Masglo tono Colecci\u00f3n estilo Gel Evolution","rel":"","context":"Entrada similar","block_context":{"text":"Entrada similar","link":""},"img":{"alt_text":"Libre","src":"https:\/\/i0.wp.com\/xn--uascoquetas-1db.co\/wp-content\/uploads\/2024\/06\/Libre-800-px.png?resize=350%2C200&ssl=1","width":350,"height":200,"srcset":"https:\/\/i0.wp.com\/xn--uascoquetas-1db.co\/wp-content\/uploads\/2024\/06\/Libre-800-px.png?resize=350%2C200&ssl=1 1x, https:\/\/i0.wp.com\/xn--uascoquetas-1db.co\/wp-content\/uploads\/2024\/06\/Libre-800-px.png?resize=525%2C300&ssl=1 1.5x, https:\/\/i0.wp.com\/xn--uascoquetas-1db.co\/wp-content\/uploads\/2024\/06\/Libre-800-px.png?resize=700%2C400&ssl=1 2x"},"classes":[]}],"_links":{"self":[{"href":"https:\/\/xn--uascoquetas-1db.co\/index.php?rest_route=\/wp\/v2\/product\/8681","targetHints":{"allow":["GET"]}}],"collection":[{"href":"https:\/\/xn--uascoquetas-1db.co\/index.php?rest_route=\/wp\/v2\/product"}],"about":[{"href":"https:\/\/xn--uascoquetas-1db.co\/index.php?rest_route=\/wp\/v2\/types\/product"}],"replies":[{"embeddable":true,"href":"https:\/\/xn--uascoquetas-1db.co\/index.php?rest_route=%2Fwp%2Fv2%2Fcomments&post=8681"}],"wp:featuredmedia":[{"embeddable":true,"href":"https:\/\/xn--uascoquetas-1db.co\/index.php?rest_route=\/wp\/v2\/media\/8647"}],"wp:attachment":[{"href":"https:\/\/xn--uascoquetas-1db.co\/index.php?rest_route=%2Fwp%2Fv2%2Fmedia&parent=8681"}],"wp:term":[{"taxonomy":"product_brand","embeddable":true,"href":"https:\/\/xn--uascoquetas-1db.co\/index.php?rest_route=%2Fwp%2Fv2%2Fproduct_brand&post=8681"},{"taxonomy":"product_cat","embeddable":true,"href":"https:\/\/xn--uascoquetas-1db.co\/index.php?rest_route=%2Fwp%2Fv2%2Fproduct_cat&post=8681"},{"taxonomy":"product_tag","embeddable":true,"href":"https:\/\/xn--uascoquetas-1db.co\/index.php?rest_route=%2Fwp%2Fv2%2Fproduct_tag&post=8681"}],"curies":[{"name":"wp","href":"https:\/\/api.w.org\/{rel}","templated":true}]}}