{"id":8709,"date":"2024-07-31T18:08:18","date_gmt":"2024-07-31T23:08:18","guid":{"rendered":"https:\/\/xn--uascoquetas-1db.co\/?post_type=product&#038;p=8709"},"modified":"2026-04-08T09:33:44","modified_gmt":"2026-04-08T14:33:44","slug":"ajolotito-de-mi-corazon-placa-metalica-hello-beauty","status":"publish","type":"product","link":"https:\/\/xn--uascoquetas-1db.co\/?product=ajolotito-de-mi-corazon-placa-metalica-hello-beauty","title":{"rendered":"Ajolotito de mi coraz\u00f3n &#8211; Placa met\u00e1lica &#8211; Hello Beauty"},"content":{"rendered":"<p>Placa rectangular Marca mexicana Hello Beauty.<\/p>\n<h2>DESCRIPCI\u00d3N<\/h2>\n<p>Art\u00edculo completamente nuevo<\/p>\n<p>Una placa Rectangular<br \/>\nTama\u00f1o: 9 x 14 cm Aproximadamente<br \/>\nMaterial: Acero inoxidable<\/p>\n<h2>RECOMENDACIONES<\/h2>\n<p>Para limpiar la placa debes usar cualquier tipo de removedor de esmalte.<br \/>\nDebes limpiar la placa despu\u00e9s de su uso.<br \/>\nGuardarla completamente seca.<\/p>\n","protected":false},"excerpt":{"rendered":"<table width=\"375\">\n<tbody>\n<tr>\n<td width=\"375\">Placa met\u00e1lica para estampar u\u00f1as, marca Mexicana Hello Beauty con hermosas figuras de animales, ajolotes variados.<\/td>\n<\/tr>\n<\/tbody>\n<\/table>\n","protected":false},"featured_media":8710,"comment_status":"open","ping_status":"closed","template":"","meta":{"_regular_price":["56000"],"currency_symbol":[],"_uag_custom_page_level_css":""},"product_brand":[],"product_cat":[28,24],"product_tag":[100,39,134,41],"class_list":{"0":"post-8709","1":"product","2":"type-product","3":"status-publish","4":"has-post-thumbnail","6":"product_cat-extranjeras","7":"product_cat-placas-de-estampar","8":"product_tag-animales","9":"product_tag-metalico","10":"product_tag-placas","11":"product_tag-stamping","12":"product_shipping_class-paquete-pequeno","14":"first","15":"instock","16":"purchasable","17":"product-type-simple"},"post_slider_layout_featured_media_urls":{"thumbnail":["https:\/\/xn--uascoquetas-1db.co\/wp-content\/uploads\/2024\/07\/Ajolotitos-800px-150x150.jpg",150,150,true],"post_slider_layout_landscape_large":["https:\/\/xn--uascoquetas-1db.co\/wp-content\/uploads\/2024\/07\/Ajolotitos-800px.jpg",800,800,false],"post_slider_layout_portrait_large":["https:\/\/xn--uascoquetas-1db.co\/wp-content\/uploads\/2024\/07\/Ajolotitos-800px.jpg",800,800,false],"post_slider_layout_square_large":["https:\/\/xn--uascoquetas-1db.co\/wp-content\/uploads\/2024\/07\/Ajolotitos-800px.jpg",800,800,false],"post_slider_layout_landscape":["https:\/\/xn--uascoquetas-1db.co\/wp-content\/uploads\/2024\/07\/Ajolotitos-800px.jpg",400,400,false],"post_slider_layout_portrait":["https:\/\/xn--uascoquetas-1db.co\/wp-content\/uploads\/2024\/07\/Ajolotitos-800px.jpg",600,600,false],"post_slider_layout_square":["https:\/\/xn--uascoquetas-1db.co\/wp-content\/uploads\/2024\/07\/Ajolotitos-800px.jpg",600,600,false],"full":["https:\/\/xn--uascoquetas-1db.co\/wp-content\/uploads\/2024\/07\/Ajolotitos-800px.jpg",800,800,false]},"uagb_featured_image_src":{"full":["https:\/\/xn--uascoquetas-1db.co\/wp-content\/uploads\/2024\/07\/Ajolotitos-800px.jpg",800,800,false],"thumbnail":["https:\/\/xn--uascoquetas-1db.co\/wp-content\/uploads\/2024\/07\/Ajolotitos-800px-150x150.jpg",150,150,true],"medium":["https:\/\/xn--uascoquetas-1db.co\/wp-content\/uploads\/2024\/07\/Ajolotitos-800px-300x300.jpg",300,300,true],"medium_large":["https:\/\/xn--uascoquetas-1db.co\/wp-content\/uploads\/2024\/07\/Ajolotitos-800px-768x768.jpg",640,640,true],"large":["https:\/\/xn--uascoquetas-1db.co\/wp-content\/uploads\/2024\/07\/Ajolotitos-800px.jpg",640,640,false],"1536x1536":["https:\/\/xn--uascoquetas-1db.co\/wp-content\/uploads\/2024\/07\/Ajolotitos-800px.jpg",800,800,false],"2048x2048":["https:\/\/xn--uascoquetas-1db.co\/wp-content\/uploads\/2024\/07\/Ajolotitos-800px.jpg",800,800,false],"post_slider_layout_landscape_large":["https:\/\/xn--uascoquetas-1db.co\/wp-content\/uploads\/2024\/07\/Ajolotitos-800px.jpg",800,800,false],"post_slider_layout_portrait_large":["https:\/\/xn--uascoquetas-1db.co\/wp-content\/uploads\/2024\/07\/Ajolotitos-800px.jpg",800,800,false],"post_slider_layout_square_large":["https:\/\/xn--uascoquetas-1db.co\/wp-content\/uploads\/2024\/07\/Ajolotitos-800px.jpg",800,800,false],"post_slider_layout_landscape":["https:\/\/xn--uascoquetas-1db.co\/wp-content\/uploads\/2024\/07\/Ajolotitos-800px.jpg",400,400,false],"post_slider_layout_portrait":["https:\/\/xn--uascoquetas-1db.co\/wp-content\/uploads\/2024\/07\/Ajolotitos-800px.jpg",600,600,false],"post_slider_layout_square":["https:\/\/xn--uascoquetas-1db.co\/wp-content\/uploads\/2024\/07\/Ajolotitos-800px.jpg",600,600,false],"vw-kids-homepage-thumb":["https:\/\/xn--uascoquetas-1db.co\/wp-content\/uploads\/2024\/07\/Ajolotitos-800px.jpg",145,145,false],"woocommerce_thumbnail":["https:\/\/xn--uascoquetas-1db.co\/wp-content\/uploads\/2024\/07\/Ajolotitos-800px-300x300.jpg",300,300,true],"woocommerce_single":["https:\/\/xn--uascoquetas-1db.co\/wp-content\/uploads\/2024\/07\/Ajolotitos-800px-600x600.jpg",600,600,true],"woocommerce_gallery_thumbnail":["https:\/\/xn--uascoquetas-1db.co\/wp-content\/uploads\/2024\/07\/Ajolotitos-800px-100x100.jpg",100,100,true],"variation_swatches_image_size":["https:\/\/xn--uascoquetas-1db.co\/wp-content\/uploads\/2024\/07\/Ajolotitos-800px-50x50.jpg",50,50,true],"variation_swatches_tooltip_size":["https:\/\/xn--uascoquetas-1db.co\/wp-content\/uploads\/2024\/07\/Ajolotitos-800px-100x100.jpg",100,100,true]},"uagb_author_info":{"display_name":"U\u00f1as Coquetas","author_link":"https:\/\/xn--uascoquetas-1db.co\/?author=0"},"uagb_comment_info":0,"uagb_excerpt":"Placa met\u00e1lica para estampar u\u00f1as, marca Mexicana Hello Beauty con hermosas figuras de animales, ajolotes variados.","jetpack_sharing_enabled":true,"jetpack-related-posts":[{"id":9905,"url":"https:\/\/xn--uascoquetas-1db.co\/?product=hello-sanrio-placa-metalica-hello-beauty","url_meta":{"origin":8709,"position":0},"title":"Hello Sanrio &#8211; Placa met\u00e1lica &#8211; Hello Beauty","author":"U\u00f1as Coquetas","date":"24\/03\/2025","format":false,"excerpt":"Placa met\u00e1lica para estampar u\u00f1as, marca Mexicana Hello Beauty con hermosas figuras de Ajolotes con personajes colombianos y mexicanos.","rel":"","context":"Entrada similar","block_context":{"text":"Entrada similar","link":""},"img":{"alt_text":"","src":"https:\/\/i0.wp.com\/xn--uascoquetas-1db.co\/wp-content\/uploads\/2025\/03\/Hello-Sanrio.jpg?resize=350%2C200&ssl=1","width":350,"height":200,"srcset":"https:\/\/i0.wp.com\/xn--uascoquetas-1db.co\/wp-content\/uploads\/2025\/03\/Hello-Sanrio.jpg?resize=350%2C200&ssl=1 1x, https:\/\/i0.wp.com\/xn--uascoquetas-1db.co\/wp-content\/uploads\/2025\/03\/Hello-Sanrio.jpg?resize=525%2C300&ssl=1 1.5x, https:\/\/i0.wp.com\/xn--uascoquetas-1db.co\/wp-content\/uploads\/2025\/03\/Hello-Sanrio.jpg?resize=700%2C400&ssl=1 2x"},"classes":[]},{"id":9192,"url":"https:\/\/xn--uascoquetas-1db.co\/?product=ajolotito-tropical-placa-metalica-hello-beauty","url_meta":{"origin":8709,"position":1},"title":"Ajolotito tropical &#8211; Placa met\u00e1lica &#8211; Hello Beauty","author":"U\u00f1as Coquetas","date":"10\/10\/2024","format":false,"excerpt":"Placa met\u00e1lica para estampar u\u00f1as, marca Mexicana Hello Beauty con hermosas figuras de Ajolotes con personajes colombianos y mexicanos.","rel":"","context":"Entrada similar","block_context":{"text":"Entrada similar","link":""},"img":{"alt_text":"Ajolotito tropical","src":"https:\/\/i0.wp.com\/xn--uascoquetas-1db.co\/wp-content\/uploads\/2024\/10\/Ajolote-tropical-_800px.jpg?resize=350%2C200&ssl=1","width":350,"height":200,"srcset":"https:\/\/i0.wp.com\/xn--uascoquetas-1db.co\/wp-content\/uploads\/2024\/10\/Ajolote-tropical-_800px.jpg?resize=350%2C200&ssl=1 1x, https:\/\/i0.wp.com\/xn--uascoquetas-1db.co\/wp-content\/uploads\/2024\/10\/Ajolote-tropical-_800px.jpg?resize=525%2C300&ssl=1 1.5x, https:\/\/i0.wp.com\/xn--uascoquetas-1db.co\/wp-content\/uploads\/2024\/10\/Ajolote-tropical-_800px.jpg?resize=700%2C400&ssl=1 2x"},"classes":[]},{"id":11080,"url":"https:\/\/xn--uascoquetas-1db.co\/?product=hello-sanrio-placa-metalica-hello-beauty-2","url_meta":{"origin":8709,"position":2},"title":"Care Bear Girls &#8211; Placa met\u00e1lica &#8211; Hello Beauty","author":"U\u00f1as Coquetas","date":"23\/12\/2025","format":false,"excerpt":"Placa met\u00e1lica para estampar u\u00f1as, marca Mexicana Hello Beauty con hermosas figuras de Care Bear, pero en versi\u00f3n ositas coquetas.","rel":"","context":"Entrada similar","block_context":{"text":"Entrada similar","link":""},"img":{"alt_text":"","src":"https:\/\/i0.wp.com\/xn--uascoquetas-1db.co\/wp-content\/uploads\/2025\/12\/Care-Bear-Girl.jpg?resize=350%2C200&ssl=1","width":350,"height":200,"srcset":"https:\/\/i0.wp.com\/xn--uascoquetas-1db.co\/wp-content\/uploads\/2025\/12\/Care-Bear-Girl.jpg?resize=350%2C200&ssl=1 1x, https:\/\/i0.wp.com\/xn--uascoquetas-1db.co\/wp-content\/uploads\/2025\/12\/Care-Bear-Girl.jpg?resize=525%2C300&ssl=1 1.5x, https:\/\/i0.wp.com\/xn--uascoquetas-1db.co\/wp-content\/uploads\/2025\/12\/Care-Bear-Girl.jpg?resize=700%2C400&ssl=1 2x"},"classes":[]},{"id":7056,"url":"https:\/\/xn--uascoquetas-1db.co\/?product=ajolotes-y-gnomos-placa-acrilica-hello-beauty","url_meta":{"origin":8709,"position":3},"title":"Ajolotes y gnomos &#8211; Placa met\u00e1lica &#8211; Hello Beauty","author":"U\u00f1as Coquetas","date":"10\/12\/2023","format":false,"excerpt":"Placa acr\u00edlica para estampar u\u00f1as, marca Mexicana Hello Beauty con hermosas figuras de gnomos y animales ajolotes.","rel":"","context":"Entrada similar","block_context":{"text":"Entrada similar","link":""},"img":{"alt_text":"Ajolotes y gnomos HB","src":"https:\/\/i0.wp.com\/xn--uascoquetas-1db.co\/wp-content\/uploads\/2023\/12\/AJOLOTES-Y-GNOMOS-HB_800-PX.jpg?resize=350%2C200&ssl=1","width":350,"height":200,"srcset":"https:\/\/i0.wp.com\/xn--uascoquetas-1db.co\/wp-content\/uploads\/2023\/12\/AJOLOTES-Y-GNOMOS-HB_800-PX.jpg?resize=350%2C200&ssl=1 1x, https:\/\/i0.wp.com\/xn--uascoquetas-1db.co\/wp-content\/uploads\/2023\/12\/AJOLOTES-Y-GNOMOS-HB_800-PX.jpg?resize=525%2C300&ssl=1 1.5x, https:\/\/i0.wp.com\/xn--uascoquetas-1db.co\/wp-content\/uploads\/2023\/12\/AJOLOTES-Y-GNOMOS-HB_800-PX.jpg?resize=700%2C400&ssl=1 2x"},"classes":[]},{"id":5403,"url":"https:\/\/xn--uascoquetas-1db.co\/?product=beauty-and-the-beast-placa-metalica-mundo-de-unas","url_meta":{"origin":8709,"position":4},"title":"Beauty and the beast &#8211; Placa met\u00e1lica &#8211; Mundo de U\u00f1as","author":"U\u00f1as Coquetas","date":"27\/09\/2023","format":false,"excerpt":"Placa met\u00e1lica para estampar u\u00f1as, marca Mexicana Mundo de U\u00f1as con hermosas figuras de Disney, Bella y Bestia","rel":"","context":"Entrada similar","block_context":{"text":"Entrada similar","link":""},"img":{"alt_text":"Beauty and the beast mdu","src":"https:\/\/i0.wp.com\/xn--uascoquetas-1db.co\/wp-content\/uploads\/2023\/09\/BEAUTY-AND-BEAST-800X800_Mesa-de-trabajo-1.jpg?resize=350%2C200&ssl=1","width":350,"height":200,"srcset":"https:\/\/i0.wp.com\/xn--uascoquetas-1db.co\/wp-content\/uploads\/2023\/09\/BEAUTY-AND-BEAST-800X800_Mesa-de-trabajo-1.jpg?resize=350%2C200&ssl=1 1x, https:\/\/i0.wp.com\/xn--uascoquetas-1db.co\/wp-content\/uploads\/2023\/09\/BEAUTY-AND-BEAST-800X800_Mesa-de-trabajo-1.jpg?resize=525%2C300&ssl=1 1.5x, https:\/\/i0.wp.com\/xn--uascoquetas-1db.co\/wp-content\/uploads\/2023\/09\/BEAUTY-AND-BEAST-800X800_Mesa-de-trabajo-1.jpg?resize=700%2C400&ssl=1 2x"},"classes":[]},{"id":7524,"url":"https:\/\/xn--uascoquetas-1db.co\/?product=beauty-and-the-beast-2-placa-metalica-mundo-de-unas","url_meta":{"origin":8709,"position":5},"title":"Beauty and the beast 2 &#8211; Placa met\u00e1lica &#8211; Mundo de U\u00f1as","author":"U\u00f1as Coquetas","date":"04\/03\/2024","format":false,"excerpt":"Placa met\u00e1lica para estampar u\u00f1as, marca Mexicana Mundo de U\u00f1as con hermosas figuras de pel\u00edcula de Disney, la bella y la bestia. Princesas.","rel":"","context":"Entrada similar","block_context":{"text":"Entrada similar","link":""},"img":{"alt_text":"Beauty and the beast 2 mdu","src":"https:\/\/i0.wp.com\/xn--uascoquetas-1db.co\/wp-content\/uploads\/2024\/03\/BEAUTY-AND-BEAST-2_800-PX.jpg?resize=350%2C200&ssl=1","width":350,"height":200,"srcset":"https:\/\/i0.wp.com\/xn--uascoquetas-1db.co\/wp-content\/uploads\/2024\/03\/BEAUTY-AND-BEAST-2_800-PX.jpg?resize=350%2C200&ssl=1 1x, https:\/\/i0.wp.com\/xn--uascoquetas-1db.co\/wp-content\/uploads\/2024\/03\/BEAUTY-AND-BEAST-2_800-PX.jpg?resize=525%2C300&ssl=1 1.5x, https:\/\/i0.wp.com\/xn--uascoquetas-1db.co\/wp-content\/uploads\/2024\/03\/BEAUTY-AND-BEAST-2_800-PX.jpg?resize=700%2C400&ssl=1 2x"},"classes":[]}],"_links":{"self":[{"href":"https:\/\/xn--uascoquetas-1db.co\/index.php?rest_route=\/wp\/v2\/product\/8709","targetHints":{"allow":["GET"]}}],"collection":[{"href":"https:\/\/xn--uascoquetas-1db.co\/index.php?rest_route=\/wp\/v2\/product"}],"about":[{"href":"https:\/\/xn--uascoquetas-1db.co\/index.php?rest_route=\/wp\/v2\/types\/product"}],"replies":[{"embeddable":true,"href":"https:\/\/xn--uascoquetas-1db.co\/index.php?rest_route=%2Fwp%2Fv2%2Fcomments&post=8709"}],"wp:featuredmedia":[{"embeddable":true,"href":"https:\/\/xn--uascoquetas-1db.co\/index.php?rest_route=\/wp\/v2\/media\/8710"}],"wp:attachment":[{"href":"https:\/\/xn--uascoquetas-1db.co\/index.php?rest_route=%2Fwp%2Fv2%2Fmedia&parent=8709"}],"wp:term":[{"taxonomy":"product_brand","embeddable":true,"href":"https:\/\/xn--uascoquetas-1db.co\/index.php?rest_route=%2Fwp%2Fv2%2Fproduct_brand&post=8709"},{"taxonomy":"product_cat","embeddable":true,"href":"https:\/\/xn--uascoquetas-1db.co\/index.php?rest_route=%2Fwp%2Fv2%2Fproduct_cat&post=8709"},{"taxonomy":"product_tag","embeddable":true,"href":"https:\/\/xn--uascoquetas-1db.co\/index.php?rest_route=%2Fwp%2Fv2%2Fproduct_tag&post=8709"}],"curies":[{"name":"wp","href":"https:\/\/api.w.org\/{rel}","templated":true}]}}