{"id":8841,"date":"2024-08-29T16:46:37","date_gmt":"2024-08-29T21:46:37","guid":{"rendered":"https:\/\/xn--uascoquetas-1db.co\/?post_type=product&#038;p=8841"},"modified":"2025-02-07T14:48:12","modified_gmt":"2025-02-07T19:48:12","slug":"tonos-frios-marylin","status":"publish","type":"product","link":"https:\/\/xn--uascoquetas-1db.co\/?product=tonos-frios-marylin","title":{"rendered":"Tonos fr\u00edos &#8211; Marylin"},"content":{"rendered":"<p>Esmalte color de 12 ml &#8211; Secado r\u00e1pido<br \/>\nTiene un alto cubrimiento y densidad adecuada para ser usado tambi\u00e9n como esmalte de estampar u\u00f1as.<\/p>\n<h2>DESCRIPCI\u00d3N<\/h2>\n<p>Esmalte para u\u00f1as Marca Marylin 11 ML<br \/>\n14 free libre de DBP, Tolueno, Formaldeh\u00eddo y sus resinas, Alcnafor, Parabenos, TPHP, Eter de Glicol Serie E, Bisfenol A, Tosilamida, DPHP, ingredientes de Gragancia, DEP, etil tosilamida.<br \/>\nIngredientes: Octocrylene.<br \/>\nRegistro INVIMA: NSOC28183-08 CO<\/p>\n<h2>Modo de uso<\/h2>\n<p>Aplica dos capas de esmalte, dejando secar entre capas.<\/p>\n","protected":false},"excerpt":{"rendered":"<table width=\"375\">\n<tbody>\n<tr>\n<td width=\"375\">Esmalte tradicional marca Colombiana Marylin tono Tonos fr\u00edos<\/td>\n<\/tr>\n<\/tbody>\n<\/table>\n","protected":false},"featured_media":8802,"comment_status":"open","ping_status":"closed","template":"","meta":{"_regular_price":[],"currency_symbol":[],"_uag_custom_page_level_css":""},"product_brand":[],"product_cat":[269,33,55,46,272,379],"product_tag":[271],"class_list":{"0":"post-8841","1":"product","2":"type-product","3":"status-publish","4":"has-post-thumbnail","6":"product_cat-color","7":"product_cat-esmaltes","8":"product_cat-esmaltes-tradicionales","9":"product_cat-especial-para-estampar","10":"product_cat-marilyn","11":"product_cat-marylin","12":"product_tag-esmalte-de-color","13":"product_shipping_class-paquete-pequeno","15":"first","16":"instock","17":"purchasable","18":"product-type-variable"},"post_slider_layout_featured_media_urls":{"thumbnail":["https:\/\/xn--uascoquetas-1db.co\/wp-content\/uploads\/2024\/08\/Tono-58-Azul-rey-metalizado-150x150.png",150,150,true],"post_slider_layout_landscape_large":["https:\/\/xn--uascoquetas-1db.co\/wp-content\/uploads\/2024\/08\/Tono-58-Azul-rey-metalizado.png",800,800,false],"post_slider_layout_portrait_large":["https:\/\/xn--uascoquetas-1db.co\/wp-content\/uploads\/2024\/08\/Tono-58-Azul-rey-metalizado.png",800,800,false],"post_slider_layout_square_large":["https:\/\/xn--uascoquetas-1db.co\/wp-content\/uploads\/2024\/08\/Tono-58-Azul-rey-metalizado.png",800,800,false],"post_slider_layout_landscape":["https:\/\/xn--uascoquetas-1db.co\/wp-content\/uploads\/2024\/08\/Tono-58-Azul-rey-metalizado.png",400,400,false],"post_slider_layout_portrait":["https:\/\/xn--uascoquetas-1db.co\/wp-content\/uploads\/2024\/08\/Tono-58-Azul-rey-metalizado.png",600,600,false],"post_slider_layout_square":["https:\/\/xn--uascoquetas-1db.co\/wp-content\/uploads\/2024\/08\/Tono-58-Azul-rey-metalizado.png",600,600,false],"full":["https:\/\/xn--uascoquetas-1db.co\/wp-content\/uploads\/2024\/08\/Tono-58-Azul-rey-metalizado.png",800,800,false]},"uagb_featured_image_src":{"full":["https:\/\/xn--uascoquetas-1db.co\/wp-content\/uploads\/2024\/08\/Tono-58-Azul-rey-metalizado.png",800,800,false],"thumbnail":["https:\/\/xn--uascoquetas-1db.co\/wp-content\/uploads\/2024\/08\/Tono-58-Azul-rey-metalizado-150x150.png",150,150,true],"medium":["https:\/\/xn--uascoquetas-1db.co\/wp-content\/uploads\/2024\/08\/Tono-58-Azul-rey-metalizado-300x300.png",300,300,true],"medium_large":["https:\/\/xn--uascoquetas-1db.co\/wp-content\/uploads\/2024\/08\/Tono-58-Azul-rey-metalizado-768x768.png",640,640,true],"large":["https:\/\/xn--uascoquetas-1db.co\/wp-content\/uploads\/2024\/08\/Tono-58-Azul-rey-metalizado.png",640,640,false],"1536x1536":["https:\/\/xn--uascoquetas-1db.co\/wp-content\/uploads\/2024\/08\/Tono-58-Azul-rey-metalizado.png",800,800,false],"2048x2048":["https:\/\/xn--uascoquetas-1db.co\/wp-content\/uploads\/2024\/08\/Tono-58-Azul-rey-metalizado.png",800,800,false],"post_slider_layout_landscape_large":["https:\/\/xn--uascoquetas-1db.co\/wp-content\/uploads\/2024\/08\/Tono-58-Azul-rey-metalizado.png",800,800,false],"post_slider_layout_portrait_large":["https:\/\/xn--uascoquetas-1db.co\/wp-content\/uploads\/2024\/08\/Tono-58-Azul-rey-metalizado.png",800,800,false],"post_slider_layout_square_large":["https:\/\/xn--uascoquetas-1db.co\/wp-content\/uploads\/2024\/08\/Tono-58-Azul-rey-metalizado.png",800,800,false],"post_slider_layout_landscape":["https:\/\/xn--uascoquetas-1db.co\/wp-content\/uploads\/2024\/08\/Tono-58-Azul-rey-metalizado.png",400,400,false],"post_slider_layout_portrait":["https:\/\/xn--uascoquetas-1db.co\/wp-content\/uploads\/2024\/08\/Tono-58-Azul-rey-metalizado.png",600,600,false],"post_slider_layout_square":["https:\/\/xn--uascoquetas-1db.co\/wp-content\/uploads\/2024\/08\/Tono-58-Azul-rey-metalizado.png",600,600,false],"vw-kids-homepage-thumb":["https:\/\/xn--uascoquetas-1db.co\/wp-content\/uploads\/2024\/08\/Tono-58-Azul-rey-metalizado.png",145,145,false],"woocommerce_thumbnail":["https:\/\/xn--uascoquetas-1db.co\/wp-content\/uploads\/2024\/08\/Tono-58-Azul-rey-metalizado-300x300.png",300,300,true],"woocommerce_single":["https:\/\/xn--uascoquetas-1db.co\/wp-content\/uploads\/2024\/08\/Tono-58-Azul-rey-metalizado-600x600.png",600,600,true],"woocommerce_gallery_thumbnail":["https:\/\/xn--uascoquetas-1db.co\/wp-content\/uploads\/2024\/08\/Tono-58-Azul-rey-metalizado-100x100.png",100,100,true],"variation_swatches_image_size":["https:\/\/xn--uascoquetas-1db.co\/wp-content\/uploads\/2024\/08\/Tono-58-Azul-rey-metalizado-50x50.png",50,50,true],"variation_swatches_tooltip_size":["https:\/\/xn--uascoquetas-1db.co\/wp-content\/uploads\/2024\/08\/Tono-58-Azul-rey-metalizado-100x100.png",100,100,true]},"uagb_author_info":{"display_name":"U\u00f1as Coquetas","author_link":"https:\/\/xn--uascoquetas-1db.co\/?author=0"},"uagb_comment_info":0,"uagb_excerpt":"Esmalte tradicional marca Colombiana Marylin tono Tonos fr\u00edos","jetpack_sharing_enabled":true,"jetpack-related-posts":[{"id":8821,"url":"https:\/\/xn--uascoquetas-1db.co\/?product=tonos-cafe-y-nude-marylin","url_meta":{"origin":8841,"position":0},"title":"Tonos caf\u00e9 y nude &#8211; Marylin","author":"U\u00f1as Coquetas","date":"29\/08\/2024","format":false,"excerpt":"Esmalte tradicional marca Colombiana Marylin tono Tonos caf\u00e9 y nude","rel":"","context":"Entrada similar","block_context":{"text":"Entrada similar","link":""},"img":{"alt_text":"Tono 183 marr\u00f3n","src":"https:\/\/i0.wp.com\/xn--uascoquetas-1db.co\/wp-content\/uploads\/2024\/08\/Tono-183-Marron-claro.png?resize=350%2C200&ssl=1","width":350,"height":200,"srcset":"https:\/\/i0.wp.com\/xn--uascoquetas-1db.co\/wp-content\/uploads\/2024\/08\/Tono-183-Marron-claro.png?resize=350%2C200&ssl=1 1x, https:\/\/i0.wp.com\/xn--uascoquetas-1db.co\/wp-content\/uploads\/2024\/08\/Tono-183-Marron-claro.png?resize=525%2C300&ssl=1 1.5x, https:\/\/i0.wp.com\/xn--uascoquetas-1db.co\/wp-content\/uploads\/2024\/08\/Tono-183-Marron-claro.png?resize=700%2C400&ssl=1 2x"},"classes":[]},{"id":7940,"url":"https:\/\/xn--uascoquetas-1db.co\/?product=tono-02-blanco-marylin","url_meta":{"origin":8841,"position":1},"title":"Tonos b\u00e1sicos a elecci\u00f3n &#8211; Marylin","author":"U\u00f1as Coquetas","date":"25\/04\/2024","format":false,"excerpt":"Esmalte tradicional marca Colombiana Marylin tono Tono 02 Blanco","rel":"","context":"Entrada similar","block_context":{"text":"Entrada similar","link":""},"img":{"alt_text":"Tono 02 Blanco","src":"https:\/\/i0.wp.com\/xn--uascoquetas-1db.co\/wp-content\/uploads\/2024\/04\/Tono-02.jpg?resize=350%2C200&ssl=1","width":350,"height":200,"srcset":"https:\/\/i0.wp.com\/xn--uascoquetas-1db.co\/wp-content\/uploads\/2024\/04\/Tono-02.jpg?resize=350%2C200&ssl=1 1x, https:\/\/i0.wp.com\/xn--uascoquetas-1db.co\/wp-content\/uploads\/2024\/04\/Tono-02.jpg?resize=525%2C300&ssl=1 1.5x, https:\/\/i0.wp.com\/xn--uascoquetas-1db.co\/wp-content\/uploads\/2024\/04\/Tono-02.jpg?resize=700%2C400&ssl=1 2x"},"classes":[]},{"id":7936,"url":"https:\/\/xn--uascoquetas-1db.co\/?product=gel-long-lasting-12-ml-marylin","url_meta":{"origin":8841,"position":2},"title":"Gel long lasting 12 ml &#8211; Marylin","author":"U\u00f1as Coquetas","date":"25\/04\/2024","format":false,"excerpt":"Esmalte tradicional marca Colombiana Marylin tono Gel long lasting 12 ml","rel":"","context":"Entrada similar","block_context":{"text":"Entrada similar","link":""},"img":{"alt_text":"Gel long lasting 12 ml","src":"https:\/\/i0.wp.com\/xn--uascoquetas-1db.co\/wp-content\/uploads\/2024\/04\/109.-Gel-long-lasting.jpg?resize=350%2C200&ssl=1","width":350,"height":200,"srcset":"https:\/\/i0.wp.com\/xn--uascoquetas-1db.co\/wp-content\/uploads\/2024\/04\/109.-Gel-long-lasting.jpg?resize=350%2C200&ssl=1 1x, https:\/\/i0.wp.com\/xn--uascoquetas-1db.co\/wp-content\/uploads\/2024\/04\/109.-Gel-long-lasting.jpg?resize=525%2C300&ssl=1 1.5x, https:\/\/i0.wp.com\/xn--uascoquetas-1db.co\/wp-content\/uploads\/2024\/04\/109.-Gel-long-lasting.jpg?resize=700%2C400&ssl=1 2x"},"classes":[]},{"id":7938,"url":"https:\/\/xn--uascoquetas-1db.co\/?product=nail-recovery-12-ml-marylin","url_meta":{"origin":8841,"position":3},"title":"Nail Recovery 12 ml &#8211; Marylin","author":"U\u00f1as Coquetas","date":"25\/04\/2024","format":false,"excerpt":"Esmalte tradicional marca Colombiana Marylin tono Nail Recovery 12 ml","rel":"","context":"Entrada similar","block_context":{"text":"Entrada similar","link":""},"img":{"alt_text":"Nail Recovery 12 ml","src":"https:\/\/i0.wp.com\/xn--uascoquetas-1db.co\/wp-content\/uploads\/2024\/04\/108.-Nail-recovery.jpg?resize=350%2C200&ssl=1","width":350,"height":200,"srcset":"https:\/\/i0.wp.com\/xn--uascoquetas-1db.co\/wp-content\/uploads\/2024\/04\/108.-Nail-recovery.jpg?resize=350%2C200&ssl=1 1x, https:\/\/i0.wp.com\/xn--uascoquetas-1db.co\/wp-content\/uploads\/2024\/04\/108.-Nail-recovery.jpg?resize=525%2C300&ssl=1 1.5x, https:\/\/i0.wp.com\/xn--uascoquetas-1db.co\/wp-content\/uploads\/2024\/04\/108.-Nail-recovery.jpg?resize=700%2C400&ssl=1 2x"},"classes":[]},{"id":7930,"url":"https:\/\/xn--uascoquetas-1db.co\/?product=secante-en-aceite-12-ml-marylin","url_meta":{"origin":8841,"position":4},"title":"Secante en aceite 12 ml &#8211; Marylin","author":"U\u00f1as Coquetas","date":"25\/04\/2024","format":false,"excerpt":"Esmalte tradicional marca Colombiana Marylin tono Secante en aceite 12 ml","rel":"","context":"Entrada similar","block_context":{"text":"Entrada similar","link":""},"img":{"alt_text":"Secante en aceite 12 ml","src":"https:\/\/i0.wp.com\/xn--uascoquetas-1db.co\/wp-content\/uploads\/2024\/04\/Secante-en-aceite-12-ml.jpg?resize=350%2C200&ssl=1","width":350,"height":200,"srcset":"https:\/\/i0.wp.com\/xn--uascoquetas-1db.co\/wp-content\/uploads\/2024\/04\/Secante-en-aceite-12-ml.jpg?resize=350%2C200&ssl=1 1x, https:\/\/i0.wp.com\/xn--uascoquetas-1db.co\/wp-content\/uploads\/2024\/04\/Secante-en-aceite-12-ml.jpg?resize=525%2C300&ssl=1 1.5x, https:\/\/i0.wp.com\/xn--uascoquetas-1db.co\/wp-content\/uploads\/2024\/04\/Secante-en-aceite-12-ml.jpg?resize=700%2C400&ssl=1 2x"},"classes":[]},{"id":7933,"url":"https:\/\/xn--uascoquetas-1db.co\/?product=brillo-secante12-ml-marylin","url_meta":{"origin":8841,"position":5},"title":"Brillo secante12 ml  &#8211; Marylin","author":"U\u00f1as Coquetas","date":"25\/04\/2024","format":false,"excerpt":"Esmalte tradicional marca Colombiana Marylin tono Brillo secante12 ml","rel":"","context":"Entrada similar","block_context":{"text":"Entrada similar","link":""},"img":{"alt_text":"Brillo secante12 ml","src":"https:\/\/i0.wp.com\/xn--uascoquetas-1db.co\/wp-content\/uploads\/2024\/04\/111.-Brillo-secante.jpg?resize=350%2C200&ssl=1","width":350,"height":200,"srcset":"https:\/\/i0.wp.com\/xn--uascoquetas-1db.co\/wp-content\/uploads\/2024\/04\/111.-Brillo-secante.jpg?resize=350%2C200&ssl=1 1x, https:\/\/i0.wp.com\/xn--uascoquetas-1db.co\/wp-content\/uploads\/2024\/04\/111.-Brillo-secante.jpg?resize=525%2C300&ssl=1 1.5x, https:\/\/i0.wp.com\/xn--uascoquetas-1db.co\/wp-content\/uploads\/2024\/04\/111.-Brillo-secante.jpg?resize=700%2C400&ssl=1 2x"},"classes":[]}],"_links":{"self":[{"href":"https:\/\/xn--uascoquetas-1db.co\/index.php?rest_route=\/wp\/v2\/product\/8841","targetHints":{"allow":["GET"]}}],"collection":[{"href":"https:\/\/xn--uascoquetas-1db.co\/index.php?rest_route=\/wp\/v2\/product"}],"about":[{"href":"https:\/\/xn--uascoquetas-1db.co\/index.php?rest_route=\/wp\/v2\/types\/product"}],"replies":[{"embeddable":true,"href":"https:\/\/xn--uascoquetas-1db.co\/index.php?rest_route=%2Fwp%2Fv2%2Fcomments&post=8841"}],"wp:featuredmedia":[{"embeddable":true,"href":"https:\/\/xn--uascoquetas-1db.co\/index.php?rest_route=\/wp\/v2\/media\/8802"}],"wp:attachment":[{"href":"https:\/\/xn--uascoquetas-1db.co\/index.php?rest_route=%2Fwp%2Fv2%2Fmedia&parent=8841"}],"wp:term":[{"taxonomy":"product_brand","embeddable":true,"href":"https:\/\/xn--uascoquetas-1db.co\/index.php?rest_route=%2Fwp%2Fv2%2Fproduct_brand&post=8841"},{"taxonomy":"product_cat","embeddable":true,"href":"https:\/\/xn--uascoquetas-1db.co\/index.php?rest_route=%2Fwp%2Fv2%2Fproduct_cat&post=8841"},{"taxonomy":"product_tag","embeddable":true,"href":"https:\/\/xn--uascoquetas-1db.co\/index.php?rest_route=%2Fwp%2Fv2%2Fproduct_tag&post=8841"}],"curies":[{"name":"wp","href":"https:\/\/api.w.org\/{rel}","templated":true}]}}