{"id":8863,"date":"2024-09-02T09:56:24","date_gmt":"2024-09-02T14:56:24","guid":{"rendered":"https:\/\/xn--uascoquetas-1db.co\/?post_type=product&#038;p=8863"},"modified":"2026-02-11T19:35:33","modified_gmt":"2026-02-12T00:35:33","slug":"aguinaldo-coqueto-2024-compacto-producto-en-preventa","status":"publish","type":"product","link":"https:\/\/xn--uascoquetas-1db.co\/?product=aguinaldo-coqueto-2024-compacto-producto-en-preventa","title":{"rendered":"Gran Calendario de Adviento &#8211; Magenta + U\u00f1as Coquetas SEGUNDA PREVENTA"},"content":{"rendered":"<p>El GRAN CALENDARIO COQUETO, es la uni\u00f3n de dos hermosos productos, el Aguinaldo Coqueto y el Calendario de Magenta:<\/p>\n<p>El Aguinaldo Coqueto trae:<\/p>\n<ul>\n<li>Nueve mini placa s met\u00e1licas Marca U\u00f1as Coquetas, dos en una (tiene dise\u00f1os por ambos lados de la placa). Estas placas vienen en un sobre cerrado y marcado con n\u00fameros del 16 al 24, para que destapes una por d\u00eda y descubras la hermosa miniplaca dentro.<\/li>\n<li>Impresiones en papel transparente de cada una de las placas.<\/li>\n<li>Mini estuche floral con color aleatorio, para que guardes tus hermosas placas.<\/li>\n<li>Mini raspador especial del aguinaldo, para que raspes mejor tus mini plaquitas.<\/li>\n<\/ul>\n<p>El Calendario de Magenta trae:<\/p>\n<ul>\n<li>Quince mini placas acr\u00edlica Marca Magenta. Estas placas vienen en un sobre cerrado y marcado con n\u00fameros del 1 al 15, para que destapes una por d\u00eda y descubras la hermosa miniplaca dentro.<\/li>\n<li>Nueve mini stickers en un sobre cerrado y marcado con los n\u00fameros del 16 al 24.<\/li>\n<li>Sorpresitas hermosas y \u00fatiles, para hacer de la apertura del Aguinaldo una explosi\u00f3n de felicidad u\u00f1il con toda la nostalgia navide\u00f1a que te mereces.<\/li>\n<\/ul>\n<h2>Comprando los dos en uno, te saldr\u00e1 m\u00e1s econ\u00f3mico.<\/h2>\n<h2>PRODUCTO EN PREVENTA<\/h2>\n<p>El Aguinaldo Coqueto es un producto que NO es de entrega inmediata. Quiere decir que compras el producto hasta las fechas establecidas y puedes separarlo y asegurarlo para que te llegue en diciembre.<\/p>\n<p>La preventa se realizar\u00e1 hasta el 15 de septiembre.<\/p>\n","protected":false},"excerpt":{"rendered":"<p>Gran Calendario de Adviento Coqueto 2025, con la uni\u00f3n del Aguinaldo de U\u00f1as Coquetas\u00a0 y el Calendario de Magenta, para que destapes todos los d\u00edas una placa, desde el d\u00eda 1 hasta el d\u00eda 24 de diciembre.<\/p>\n","protected":false},"featured_media":10713,"comment_status":"open","ping_status":"closed","template":"","meta":{"_regular_price":["240000"],"currency_symbol":[],"_uag_custom_page_level_css":""},"product_brand":[],"product_cat":[59,241],"product_tag":[185,134,41],"class_list":{"0":"post-8863","1":"product","2":"type-product","3":"status-publish","4":"has-post-thumbnail","6":"product_cat-kits-de-stamping","7":"product_cat-stamping","8":"product_tag-kits-de-stamping","9":"product_tag-placas","10":"product_tag-stamping","11":"product_shipping_class-paquete-pequeno","13":"first","14":"outofstock","15":"purchasable","16":"product-type-simple"},"post_slider_layout_featured_media_urls":{"thumbnail":["https:\/\/xn--uascoquetas-1db.co\/wp-content\/uploads\/2024\/09\/Aguinaldo-150x150.jpg",150,150,true],"post_slider_layout_landscape_large":["https:\/\/xn--uascoquetas-1db.co\/wp-content\/uploads\/2024\/09\/Aguinaldo-1080x800.jpg",1080,800,true],"post_slider_layout_portrait_large":["https:\/\/xn--uascoquetas-1db.co\/wp-content\/uploads\/2024\/09\/Aguinaldo-1080x1800.jpg",1080,1800,true],"post_slider_layout_square_large":["https:\/\/xn--uascoquetas-1db.co\/wp-content\/uploads\/2024\/09\/Aguinaldo-1080x1200.jpg",1080,1200,true],"post_slider_layout_landscape":["https:\/\/xn--uascoquetas-1db.co\/wp-content\/uploads\/2024\/09\/Aguinaldo-600x400.jpg",600,400,true],"post_slider_layout_portrait":["https:\/\/xn--uascoquetas-1db.co\/wp-content\/uploads\/2024\/09\/Aguinaldo-600x900.jpg",600,900,true],"post_slider_layout_square":["https:\/\/xn--uascoquetas-1db.co\/wp-content\/uploads\/2024\/09\/Aguinaldo-600x600.jpg",600,600,true],"full":["https:\/\/xn--uascoquetas-1db.co\/wp-content\/uploads\/2024\/09\/Aguinaldo.jpg",1080,1920,false]},"uagb_featured_image_src":{"full":["https:\/\/xn--uascoquetas-1db.co\/wp-content\/uploads\/2024\/09\/Aguinaldo.jpg",1080,1920,false],"thumbnail":["https:\/\/xn--uascoquetas-1db.co\/wp-content\/uploads\/2024\/09\/Aguinaldo-150x150.jpg",150,150,true],"medium":["https:\/\/xn--uascoquetas-1db.co\/wp-content\/uploads\/2024\/09\/Aguinaldo-169x300.jpg",169,300,true],"medium_large":["https:\/\/xn--uascoquetas-1db.co\/wp-content\/uploads\/2024\/09\/Aguinaldo-768x1365.jpg",640,1138,true],"large":["https:\/\/xn--uascoquetas-1db.co\/wp-content\/uploads\/2024\/09\/Aguinaldo-576x1024.jpg",576,1024,true],"1536x1536":["https:\/\/xn--uascoquetas-1db.co\/wp-content\/uploads\/2024\/09\/Aguinaldo-864x1536.jpg",864,1536,true],"2048x2048":["https:\/\/xn--uascoquetas-1db.co\/wp-content\/uploads\/2024\/09\/Aguinaldo.jpg",1080,1920,false],"post_slider_layout_landscape_large":["https:\/\/xn--uascoquetas-1db.co\/wp-content\/uploads\/2024\/09\/Aguinaldo-1080x800.jpg",1080,800,true],"post_slider_layout_portrait_large":["https:\/\/xn--uascoquetas-1db.co\/wp-content\/uploads\/2024\/09\/Aguinaldo-1080x1800.jpg",1080,1800,true],"post_slider_layout_square_large":["https:\/\/xn--uascoquetas-1db.co\/wp-content\/uploads\/2024\/09\/Aguinaldo-1080x1200.jpg",1080,1200,true],"post_slider_layout_landscape":["https:\/\/xn--uascoquetas-1db.co\/wp-content\/uploads\/2024\/09\/Aguinaldo-600x400.jpg",600,400,true],"post_slider_layout_portrait":["https:\/\/xn--uascoquetas-1db.co\/wp-content\/uploads\/2024\/09\/Aguinaldo-600x900.jpg",600,900,true],"post_slider_layout_square":["https:\/\/xn--uascoquetas-1db.co\/wp-content\/uploads\/2024\/09\/Aguinaldo-600x600.jpg",600,600,true],"vw-kids-homepage-thumb":["https:\/\/xn--uascoquetas-1db.co\/wp-content\/uploads\/2024\/09\/Aguinaldo-240x145.jpg",240,145,true],"woocommerce_thumbnail":["https:\/\/xn--uascoquetas-1db.co\/wp-content\/uploads\/2024\/09\/Aguinaldo-300x300.jpg",300,300,true],"woocommerce_single":["https:\/\/xn--uascoquetas-1db.co\/wp-content\/uploads\/2024\/09\/Aguinaldo-600x1067.jpg",600,1067,true],"woocommerce_gallery_thumbnail":["https:\/\/xn--uascoquetas-1db.co\/wp-content\/uploads\/2024\/09\/Aguinaldo-100x100.jpg",100,100,true],"variation_swatches_image_size":["https:\/\/xn--uascoquetas-1db.co\/wp-content\/uploads\/2024\/09\/Aguinaldo-50x50.jpg",50,50,true],"variation_swatches_tooltip_size":["https:\/\/xn--uascoquetas-1db.co\/wp-content\/uploads\/2024\/09\/Aguinaldo-100x100.jpg",100,100,true]},"uagb_author_info":{"display_name":"U\u00f1as Coquetas","author_link":"https:\/\/xn--uascoquetas-1db.co\/?author=0"},"uagb_comment_info":0,"uagb_excerpt":"Gran Calendario de Adviento Coqueto 2025, con la uni\u00f3n del Aguinaldo de U\u00f1as Coquetas\u00a0 y el Calendario de Magenta, para que destapes todos los d\u00edas una placa, desde el d\u00eda 1 hasta el d\u00eda 24 de diciembre.","jetpack_sharing_enabled":true,"jetpack-related-posts":[{"id":10710,"url":"https:\/\/xn--uascoquetas-1db.co\/?product=calendario-de-adviento-de-magenta-2025","url_meta":{"origin":8863,"position":0},"title":"Calendario de Adviento de Magenta 2025 SEGUNDA PREVENTA","author":"U\u00f1as Coquetas","date":"22\/08\/2025","format":false,"excerpt":"Calendario de adviento de magenta, con 15 mini placas ocultas, 9 mini stickers ocultos y sorpresitas.","rel":"","context":"Entrada similar","block_context":{"text":"Entrada similar","link":""},"img":{"alt_text":"","src":"https:\/\/i0.wp.com\/xn--uascoquetas-1db.co\/wp-content\/uploads\/2025\/08\/Calendario.jpg?resize=350%2C200&ssl=1","width":350,"height":200,"srcset":"https:\/\/i0.wp.com\/xn--uascoquetas-1db.co\/wp-content\/uploads\/2025\/08\/Calendario.jpg?resize=350%2C200&ssl=1 1x, https:\/\/i0.wp.com\/xn--uascoquetas-1db.co\/wp-content\/uploads\/2025\/08\/Calendario.jpg?resize=525%2C300&ssl=1 1.5x, https:\/\/i0.wp.com\/xn--uascoquetas-1db.co\/wp-content\/uploads\/2025\/08\/Calendario.jpg?resize=700%2C400&ssl=1 2x, https:\/\/i0.wp.com\/xn--uascoquetas-1db.co\/wp-content\/uploads\/2025\/08\/Calendario.jpg?resize=1050%2C600&ssl=1 3x"},"classes":[]},{"id":8860,"url":"https:\/\/xn--uascoquetas-1db.co\/?product=aguinaldo-coqueto-2024-producto-en-preventa","url_meta":{"origin":8863,"position":1},"title":"Aguinaldo Coqueto 2025","author":"U\u00f1as Coquetas","date":"11\/12\/2024","format":false,"excerpt":"Aguinaldo Coqueto 2024, con 9 mini placas ocultas, un mini raspador y un mini estuche para guardarlas.","rel":"","context":"Entrada similar","block_context":{"text":"Entrada similar","link":""},"img":{"alt_text":"","src":"https:\/\/i0.wp.com\/xn--uascoquetas-1db.co\/wp-content\/uploads\/2024\/09\/Aguinaldo-2024-Banner.png?resize=350%2C200&ssl=1","width":350,"height":200,"srcset":"https:\/\/i0.wp.com\/xn--uascoquetas-1db.co\/wp-content\/uploads\/2024\/09\/Aguinaldo-2024-Banner.png?resize=350%2C200&ssl=1 1x, https:\/\/i0.wp.com\/xn--uascoquetas-1db.co\/wp-content\/uploads\/2024\/09\/Aguinaldo-2024-Banner.png?resize=525%2C300&ssl=1 1.5x, https:\/\/i0.wp.com\/xn--uascoquetas-1db.co\/wp-content\/uploads\/2024\/09\/Aguinaldo-2024-Banner.png?resize=700%2C400&ssl=1 2x"},"classes":[]},{"id":9669,"url":"https:\/\/xn--uascoquetas-1db.co\/?product=kit-especial-de-stamping-con-miniplacas","url_meta":{"origin":8863,"position":2},"title":"Kit especial de stamping con miniplacas","author":"U\u00f1as Coquetas","date":"17\/01\/2025","format":false,"excerpt":"Kit de stamping edici\u00f3n especial, con 9 mini placas, un mini raspador, un mini estuche para guardarlas y un mini mat de silicona redondo.","rel":"","context":"Entrada similar","block_context":{"text":"Entrada similar","link":""},"img":{"alt_text":"","src":"https:\/\/i0.wp.com\/xn--uascoquetas-1db.co\/wp-content\/uploads\/2025\/01\/120.-Miniplacas-kit.jpg?resize=350%2C200&ssl=1","width":350,"height":200,"srcset":"https:\/\/i0.wp.com\/xn--uascoquetas-1db.co\/wp-content\/uploads\/2025\/01\/120.-Miniplacas-kit.jpg?resize=350%2C200&ssl=1 1x, https:\/\/i0.wp.com\/xn--uascoquetas-1db.co\/wp-content\/uploads\/2025\/01\/120.-Miniplacas-kit.jpg?resize=525%2C300&ssl=1 1.5x, https:\/\/i0.wp.com\/xn--uascoquetas-1db.co\/wp-content\/uploads\/2025\/01\/120.-Miniplacas-kit.jpg?resize=700%2C400&ssl=1 2x, https:\/\/i0.wp.com\/xn--uascoquetas-1db.co\/wp-content\/uploads\/2025\/01\/120.-Miniplacas-kit.jpg?resize=1050%2C600&ssl=1 3x"},"classes":[]},{"id":7130,"url":"https:\/\/xn--uascoquetas-1db.co\/?product=set-9-miniplacas-aguinaldo-2023-mini-placa-metalica-doble-unas-coquetas","url_meta":{"origin":8863,"position":3},"title":"Set 9 miniplacas Aguinaldo 2023 U\u00f1as Coquetas","author":"U\u00f1as Coquetas","date":"12\/02\/2024","format":false,"excerpt":"Mini placa met\u00e1lica doble para estampar u\u00f1as, marca Colombiana U\u00f1as Coquetas con hermosas figuras de Kit de miniplacas del aguinaldo coqueto 2023","rel":"","context":"Con 1 comentario","block_context":{"text":"Con 1 comentario","link":"https:\/\/xn--uascoquetas-1db.co\/?product=set-9-miniplacas-aguinaldo-2023-mini-placa-metalica-doble-unas-coquetas#comments"},"img":{"alt_text":"\"Set 9 miniplacas Aguinaldo 2023\"","src":"https:\/\/i0.wp.com\/xn--uascoquetas-1db.co\/wp-content\/uploads\/2023\/12\/9-MINIS_800-PX.jpg?resize=350%2C200&ssl=1","width":350,"height":200,"srcset":"https:\/\/i0.wp.com\/xn--uascoquetas-1db.co\/wp-content\/uploads\/2023\/12\/9-MINIS_800-PX.jpg?resize=350%2C200&ssl=1 1x, https:\/\/i0.wp.com\/xn--uascoquetas-1db.co\/wp-content\/uploads\/2023\/12\/9-MINIS_800-PX.jpg?resize=525%2C300&ssl=1 1.5x, https:\/\/i0.wp.com\/xn--uascoquetas-1db.co\/wp-content\/uploads\/2023\/12\/9-MINIS_800-PX.jpg?resize=700%2C400&ssl=1 2x"},"classes":[]},{"id":9644,"url":"https:\/\/xn--uascoquetas-1db.co\/?product=set-9-miniplacas-aguinaldo-2024-unas-coquetas","url_meta":{"origin":8863,"position":4},"title":"Set 9 miniplacas Aguinaldo 2024 U\u00f1as Coquetas","author":"U\u00f1as Coquetas","date":"13\/01\/2025","format":false,"excerpt":"Set de nueve mini placas met\u00e1licas dobles para estampar u\u00f1as, marca Colombiana U\u00f1as Coquetas con hermosas figuras del Kit de miniplacas del aguinaldo coqueto 2024","rel":"","context":"Entrada similar","block_context":{"text":"Entrada similar","link":""},"img":{"alt_text":"Aguinaldo 2024","src":"https:\/\/i0.wp.com\/xn--uascoquetas-1db.co\/wp-content\/uploads\/2025\/01\/9-minis.jpg?resize=350%2C200&ssl=1","width":350,"height":200,"srcset":"https:\/\/i0.wp.com\/xn--uascoquetas-1db.co\/wp-content\/uploads\/2025\/01\/9-minis.jpg?resize=350%2C200&ssl=1 1x, https:\/\/i0.wp.com\/xn--uascoquetas-1db.co\/wp-content\/uploads\/2025\/01\/9-minis.jpg?resize=525%2C300&ssl=1 1.5x, https:\/\/i0.wp.com\/xn--uascoquetas-1db.co\/wp-content\/uploads\/2025\/01\/9-minis.jpg?resize=700%2C400&ssl=1 2x"},"classes":[]},{"id":7112,"url":"https:\/\/xn--uascoquetas-1db.co\/?product=miniuc-003-padres-mini-placa-metalica-doble-unas-coquetas","url_meta":{"origin":8863,"position":5},"title":"MINIUC-003 Padres &#8211; Mini placa met\u00e1lica doble &#8211; U\u00f1as Coquetas","author":"U\u00f1as Coquetas","date":"26\/12\/2023","format":false,"excerpt":"Mini placa met\u00e1lica doble para estampar u\u00f1as, marca Colombiana U\u00f1as Coquetas con hermosas figuras de d\u00eda del padre y de la madre. \u00a0","rel":"","context":"Entrada similar","block_context":{"text":"Entrada similar","link":""},"img":{"alt_text":"","src":"https:\/\/i0.wp.com\/xn--uascoquetas-1db.co\/wp-content\/uploads\/2023\/12\/Padres-800px.jpg?resize=350%2C200&ssl=1","width":350,"height":200,"srcset":"https:\/\/i0.wp.com\/xn--uascoquetas-1db.co\/wp-content\/uploads\/2023\/12\/Padres-800px.jpg?resize=350%2C200&ssl=1 1x, https:\/\/i0.wp.com\/xn--uascoquetas-1db.co\/wp-content\/uploads\/2023\/12\/Padres-800px.jpg?resize=525%2C300&ssl=1 1.5x, https:\/\/i0.wp.com\/xn--uascoquetas-1db.co\/wp-content\/uploads\/2023\/12\/Padres-800px.jpg?resize=700%2C400&ssl=1 2x"},"classes":[]}],"_links":{"self":[{"href":"https:\/\/xn--uascoquetas-1db.co\/index.php?rest_route=\/wp\/v2\/product\/8863","targetHints":{"allow":["GET"]}}],"collection":[{"href":"https:\/\/xn--uascoquetas-1db.co\/index.php?rest_route=\/wp\/v2\/product"}],"about":[{"href":"https:\/\/xn--uascoquetas-1db.co\/index.php?rest_route=\/wp\/v2\/types\/product"}],"replies":[{"embeddable":true,"href":"https:\/\/xn--uascoquetas-1db.co\/index.php?rest_route=%2Fwp%2Fv2%2Fcomments&post=8863"}],"wp:featuredmedia":[{"embeddable":true,"href":"https:\/\/xn--uascoquetas-1db.co\/index.php?rest_route=\/wp\/v2\/media\/10713"}],"wp:attachment":[{"href":"https:\/\/xn--uascoquetas-1db.co\/index.php?rest_route=%2Fwp%2Fv2%2Fmedia&parent=8863"}],"wp:term":[{"taxonomy":"product_brand","embeddable":true,"href":"https:\/\/xn--uascoquetas-1db.co\/index.php?rest_route=%2Fwp%2Fv2%2Fproduct_brand&post=8863"},{"taxonomy":"product_cat","embeddable":true,"href":"https:\/\/xn--uascoquetas-1db.co\/index.php?rest_route=%2Fwp%2Fv2%2Fproduct_cat&post=8863"},{"taxonomy":"product_tag","embeddable":true,"href":"https:\/\/xn--uascoquetas-1db.co\/index.php?rest_route=%2Fwp%2Fv2%2Fproduct_tag&post=8863"}],"curies":[{"name":"wp","href":"https:\/\/api.w.org\/{rel}","templated":true}]}}