{"id":9244,"date":"2024-10-21T11:32:16","date_gmt":"2024-10-21T16:32:16","guid":{"rendered":"https:\/\/xn--uascoquetas-1db.co\/?post_type=product&#038;p=9244"},"modified":"2025-04-01T18:18:09","modified_gmt":"2025-04-01T23:18:09","slug":"esmalte-fotocromatico-cambia-de-color-con-el-sol-masglo","status":"publish","type":"product","link":"https:\/\/xn--uascoquetas-1db.co\/?product=esmalte-fotocromatico-cambia-de-color-con-el-sol-masglo","title":{"rendered":"Esmalte fotocrom\u00e1tico cambia de color con el sol &#8211; Masglo"},"content":{"rendered":"<p>Caja por 3 tonos de esmalte que cambian de color con el sol<\/p>\n<h2>DESCRIPCI\u00d3N<\/h2>\n<p>Volumen: 13.5 ml<br \/>\nMarca: Masglo<br \/>\nREGISTRO INVIMA NSOC11366-22CO<\/p>\n<p>Buen cubrimiento de color.<br \/>\nHasta 7 d\u00edas de duraci\u00f3n con u\u00f1as perfectas.<br \/>\n13 free. Libre de 13 componentes perjudiciales para la salud y el medio ambiente.<br \/>\nNo testeado en animales.<br \/>\nVegano.<br \/>\nPincel plano y redondeado para f\u00e1cil aplicaci\u00f3n.<br \/>\nNo requiere l\u00e1mpara UV\/LED.<br \/>\nRecuerda aplicar base y brillo para proteger tus u\u00f1as y prolongar tu manicura.<\/p>\n<blockquote class=\"tiktok-embed\" cite=\"https:\/\/www.tiktok.com\/@unascoquetaz\/video\/7355154793758788870\" data-video-id=\"7355154793758788870\" data-embed-from=\"oembed\" style=\"max-width:605px; min-width:325px;\">\n<section> <a target=\"_blank\" title=\"@unascoquetaz\" href=\"https:\/\/www.tiktok.com\/@unascoquetaz?refer=embed\">@unascoquetaz<\/a> <\/p>\n<p>El tono Polifac\u00e9tica de <a title=\"masglo\" target=\"_blank\" href=\"https:\/\/www.tiktok.com\/tag\/masglo?refer=embed\">#masglo<\/a>  cambia de color con la luz del sol. Lo prob\u00e9 estampando y me encant\u00f3 el resultado \u00bfA t\u00ed? Desde hace un par de a\u00f1os he querido participar en la convocatoria <a title=\"divasmasglo\" target=\"_blank\" href=\"https:\/\/www.tiktok.com\/tag\/divasmasglo?refer=embed\">#divasmasglo<\/a> pero no lo hab\u00eda podido hacer por m\u00faltiples razones. Este a\u00f1o, un poco tarde, pero creo que alcanc\u00e9. Si le das corazoncito a este video, yo ya estar\u00eda \ud83d\ude00\ud83d\ude00 feliz. A prop\u00f3sito, si tenemos algunas unidades de este tono, ESCR\u00cdBENOS para mayor informaci\u00f3n. \ud83d\udc9c <a title=\"u\u00f1ascoquetas\" target=\"_blank\" href=\"https:\/\/www.tiktok.com\/tag\/u%C3%B1ascoquetas?refer=embed\">#u\u00f1ascoquetas<\/a>  <a title=\"nailartcolombia\" target=\"_blank\" href=\"https:\/\/www.tiktok.com\/tag\/nailartcolombia?refer=embed\">#nailartcolombia<\/a> <a title=\"u\u00f1aspintadas\" target=\"_blank\" href=\"https:\/\/www.tiktok.com\/tag\/u%C3%B1aspintadas?refer=embed\">#u\u00f1aspintadas<\/a> <a title=\"esmaltesdeu\u00f1as\" target=\"_blank\" href=\"https:\/\/www.tiktok.com\/tag\/esmaltesdeu%C3%B1as?refer=embed\">#esmaltesdeu\u00f1as<\/a> <a title=\"esmaltesdecolores\" target=\"_blank\" href=\"https:\/\/www.tiktok.com\/tag\/esmaltesdecolores?refer=embed\">#esmaltesdecolores<\/a> <a title=\"nailartist\" target=\"_blank\" href=\"https:\/\/www.tiktok.com\/tag\/nailartist?refer=embed\">#nailartist<\/a> <a title=\"u\u00f1aslindas\ud83d\udc85\" target=\"_blank\" href=\"https:\/\/www.tiktok.com\/tag\/u%C3%B1aslindas%F0%9F%92%85?refer=embed\">#u\u00f1aslindas\ud83d\udc85<\/a> <a title=\"stampingnailart\" target=\"_blank\" href=\"https:\/\/www.tiktok.com\/tag\/stampingnailart?refer=embed\">#stampingnailart<\/a><\/p>\n<p> <a target=\"_blank\" title=\"\u266c Pieces (Solo Piano Version) - Danilo Stankovic\" href=\"https:\/\/www.tiktok.com\/music\/Pieces-Solo-Piano-Version-6777274113254754306?refer=embed\">\u266c Pieces (Solo Piano Version) &#8211; Danilo Stankovic<\/a> <\/section>\n<\/blockquote>\n<p> <script async src=\"https:\/\/www.tiktok.com\/embed.js\"><\/script><\/p>\n<p>&nbsp;<\/p>\n","protected":false},"excerpt":{"rendered":"<table width=\"375\">\n<tbody>\n<tr>\n<td width=\"375\">Esmalte de secado al aire marca Colombiana Masglo, cambia de color con el sol.<\/td>\n<\/tr>\n<\/tbody>\n<\/table>\n","protected":false},"featured_media":6877,"comment_status":"open","ping_status":"closed","template":"","meta":{"_regular_price":[],"currency_symbol":[],"_uag_custom_page_level_css":""},"product_brand":[],"product_cat":[48,33,325],"product_tag":[184],"class_list":{"0":"post-9244","1":"product","2":"type-product","3":"status-publish","4":"has-post-thumbnail","6":"product_cat-efectos-especiales","7":"product_cat-esmaltes","8":"product_cat-masglo","9":"product_tag-fotocromatico","10":"product_shipping_class-paquete-pequeno","11":"pa_color-bipolar","12":"pa_color-polifacetica","13":"pa_color-susceptible","15":"first","16":"outofstock","17":"purchasable","18":"product-type-variable"},"post_slider_layout_featured_media_urls":{"thumbnail":["https:\/\/xn--uascoquetas-1db.co\/wp-content\/uploads\/2023\/11\/Caja-rosada-fotos_Mesa-de-trabajo-1-150x150.jpg",150,150,true],"post_slider_layout_landscape_large":["https:\/\/xn--uascoquetas-1db.co\/wp-content\/uploads\/2023\/11\/Caja-rosada-fotos_Mesa-de-trabajo-1.jpg",800,800,false],"post_slider_layout_portrait_large":["https:\/\/xn--uascoquetas-1db.co\/wp-content\/uploads\/2023\/11\/Caja-rosada-fotos_Mesa-de-trabajo-1.jpg",800,800,false],"post_slider_layout_square_large":["https:\/\/xn--uascoquetas-1db.co\/wp-content\/uploads\/2023\/11\/Caja-rosada-fotos_Mesa-de-trabajo-1.jpg",800,800,false],"post_slider_layout_landscape":["https:\/\/xn--uascoquetas-1db.co\/wp-content\/uploads\/2023\/11\/Caja-rosada-fotos_Mesa-de-trabajo-1.jpg",400,400,false],"post_slider_layout_portrait":["https:\/\/xn--uascoquetas-1db.co\/wp-content\/uploads\/2023\/11\/Caja-rosada-fotos_Mesa-de-trabajo-1.jpg",600,600,false],"post_slider_layout_square":["https:\/\/xn--uascoquetas-1db.co\/wp-content\/uploads\/2023\/11\/Caja-rosada-fotos_Mesa-de-trabajo-1.jpg",600,600,false],"full":["https:\/\/xn--uascoquetas-1db.co\/wp-content\/uploads\/2023\/11\/Caja-rosada-fotos_Mesa-de-trabajo-1.jpg",800,800,false]},"uagb_featured_image_src":{"full":["https:\/\/xn--uascoquetas-1db.co\/wp-content\/uploads\/2023\/11\/Caja-rosada-fotos_Mesa-de-trabajo-1.jpg",800,800,false],"thumbnail":["https:\/\/xn--uascoquetas-1db.co\/wp-content\/uploads\/2023\/11\/Caja-rosada-fotos_Mesa-de-trabajo-1-150x150.jpg",150,150,true],"medium":["https:\/\/xn--uascoquetas-1db.co\/wp-content\/uploads\/2023\/11\/Caja-rosada-fotos_Mesa-de-trabajo-1-300x300.jpg",300,300,true],"medium_large":["https:\/\/xn--uascoquetas-1db.co\/wp-content\/uploads\/2023\/11\/Caja-rosada-fotos_Mesa-de-trabajo-1-768x768.jpg",640,640,true],"large":["https:\/\/xn--uascoquetas-1db.co\/wp-content\/uploads\/2023\/11\/Caja-rosada-fotos_Mesa-de-trabajo-1.jpg",640,640,false],"1536x1536":["https:\/\/xn--uascoquetas-1db.co\/wp-content\/uploads\/2023\/11\/Caja-rosada-fotos_Mesa-de-trabajo-1.jpg",800,800,false],"2048x2048":["https:\/\/xn--uascoquetas-1db.co\/wp-content\/uploads\/2023\/11\/Caja-rosada-fotos_Mesa-de-trabajo-1.jpg",800,800,false],"post_slider_layout_landscape_large":["https:\/\/xn--uascoquetas-1db.co\/wp-content\/uploads\/2023\/11\/Caja-rosada-fotos_Mesa-de-trabajo-1.jpg",800,800,false],"post_slider_layout_portrait_large":["https:\/\/xn--uascoquetas-1db.co\/wp-content\/uploads\/2023\/11\/Caja-rosada-fotos_Mesa-de-trabajo-1.jpg",800,800,false],"post_slider_layout_square_large":["https:\/\/xn--uascoquetas-1db.co\/wp-content\/uploads\/2023\/11\/Caja-rosada-fotos_Mesa-de-trabajo-1.jpg",800,800,false],"post_slider_layout_landscape":["https:\/\/xn--uascoquetas-1db.co\/wp-content\/uploads\/2023\/11\/Caja-rosada-fotos_Mesa-de-trabajo-1.jpg",400,400,false],"post_slider_layout_portrait":["https:\/\/xn--uascoquetas-1db.co\/wp-content\/uploads\/2023\/11\/Caja-rosada-fotos_Mesa-de-trabajo-1.jpg",600,600,false],"post_slider_layout_square":["https:\/\/xn--uascoquetas-1db.co\/wp-content\/uploads\/2023\/11\/Caja-rosada-fotos_Mesa-de-trabajo-1.jpg",600,600,false],"vw-kids-homepage-thumb":["https:\/\/xn--uascoquetas-1db.co\/wp-content\/uploads\/2023\/11\/Caja-rosada-fotos_Mesa-de-trabajo-1.jpg",145,145,false],"woocommerce_thumbnail":["https:\/\/xn--uascoquetas-1db.co\/wp-content\/uploads\/2023\/11\/Caja-rosada-fotos_Mesa-de-trabajo-1-300x300.jpg",300,300,true],"woocommerce_single":["https:\/\/xn--uascoquetas-1db.co\/wp-content\/uploads\/2023\/11\/Caja-rosada-fotos_Mesa-de-trabajo-1-600x600.jpg",600,600,true],"woocommerce_gallery_thumbnail":["https:\/\/xn--uascoquetas-1db.co\/wp-content\/uploads\/2023\/11\/Caja-rosada-fotos_Mesa-de-trabajo-1-100x100.jpg",100,100,true],"variation_swatches_image_size":["https:\/\/xn--uascoquetas-1db.co\/wp-content\/uploads\/2023\/11\/Caja-rosada-fotos_Mesa-de-trabajo-1.jpg",50,50,false],"variation_swatches_tooltip_size":["https:\/\/xn--uascoquetas-1db.co\/wp-content\/uploads\/2023\/11\/Caja-rosada-fotos_Mesa-de-trabajo-1.jpg",100,100,false]},"uagb_author_info":{"display_name":"U\u00f1as Coquetas","author_link":"https:\/\/xn--uascoquetas-1db.co\/?author=0"},"uagb_comment_info":0,"uagb_excerpt":"Esmalte de secado al aire marca Colombiana Masglo, cambia de color con el sol.","jetpack_sharing_enabled":true,"jetpack-related-posts":[{"id":6873,"url":"https:\/\/xn--uascoquetas-1db.co\/?product=kit-fotocromaticos-1-caja-verde-esmalte-de-secado-al-aire","url_meta":{"origin":9244,"position":0},"title":"Kit Fotocrom\u00e1ticos #1 Caja verde &#8211; Esmalte de secado al aire","author":"U\u00f1as Coquetas","date":"26\/11\/2023","format":false,"excerpt":"Esmalte de secado al aire marca Colombiana Masglo tono Kit Fotocrom\u00e1ticos #1 Caja verde","rel":"","context":"Entrada similar","block_context":{"text":"Entrada similar","link":""},"img":{"alt_text":"Kit Fotocrom\u00e1ticos #1 Caja verde","src":"https:\/\/i0.wp.com\/xn--uascoquetas-1db.co\/wp-content\/uploads\/2023\/11\/Caja-verde_Mesa-de-trabajo-1.jpg?resize=350%2C200&ssl=1","width":350,"height":200,"srcset":"https:\/\/i0.wp.com\/xn--uascoquetas-1db.co\/wp-content\/uploads\/2023\/11\/Caja-verde_Mesa-de-trabajo-1.jpg?resize=350%2C200&ssl=1 1x, https:\/\/i0.wp.com\/xn--uascoquetas-1db.co\/wp-content\/uploads\/2023\/11\/Caja-verde_Mesa-de-trabajo-1.jpg?resize=525%2C300&ssl=1 1.5x, https:\/\/i0.wp.com\/xn--uascoquetas-1db.co\/wp-content\/uploads\/2023\/11\/Caja-verde_Mesa-de-trabajo-1.jpg?resize=700%2C400&ssl=1 2x"},"classes":[]},{"id":6876,"url":"https:\/\/xn--uascoquetas-1db.co\/?product=kit-fotocromaticos-2-caja-rosada-esmalte-de-secado-al-aire","url_meta":{"origin":9244,"position":1},"title":"Kit Fotocrom\u00e1ticos #2 Caja rosada &#8211; Esmalte de secado al aire","author":"U\u00f1as Coquetas","date":"26\/11\/2023","format":false,"excerpt":"Esmalte de secado al aire marca Colombiana Masglo tono Kit Fotocrom\u00e1ticos #1 Caja verde","rel":"","context":"Entrada similar","block_context":{"text":"Entrada similar","link":""},"img":{"alt_text":"Kit Fotocrom\u00e1ticos #2 Caja rosada","src":"https:\/\/i0.wp.com\/xn--uascoquetas-1db.co\/wp-content\/uploads\/2023\/11\/Caja-rosada-fotos_Mesa-de-trabajo-1.jpg?resize=350%2C200&ssl=1","width":350,"height":200,"srcset":"https:\/\/i0.wp.com\/xn--uascoquetas-1db.co\/wp-content\/uploads\/2023\/11\/Caja-rosada-fotos_Mesa-de-trabajo-1.jpg?resize=350%2C200&ssl=1 1x, https:\/\/i0.wp.com\/xn--uascoquetas-1db.co\/wp-content\/uploads\/2023\/11\/Caja-rosada-fotos_Mesa-de-trabajo-1.jpg?resize=525%2C300&ssl=1 1.5x, https:\/\/i0.wp.com\/xn--uascoquetas-1db.co\/wp-content\/uploads\/2023\/11\/Caja-rosada-fotos_Mesa-de-trabajo-1.jpg?resize=700%2C400&ssl=1 2x"},"classes":[]},{"id":7858,"url":"https:\/\/xn--uascoquetas-1db.co\/?product=brillo-esmalte-tradicional","url_meta":{"origin":9244,"position":2},"title":"Brillo &#8211; Esmalte tradicional","author":"U\u00f1as Coquetas","date":"18\/04\/2024","format":false,"excerpt":"Esmalte tradicional marca Colombiana Masglo tono Brillo","rel":"","context":"Entrada similar","block_context":{"text":"Entrada similar","link":""},"img":{"alt_text":"Brillo Masglo","src":"https:\/\/i0.wp.com\/xn--uascoquetas-1db.co\/wp-content\/uploads\/2024\/04\/Brillo.webp?resize=350%2C200&ssl=1","width":350,"height":200,"srcset":"https:\/\/i0.wp.com\/xn--uascoquetas-1db.co\/wp-content\/uploads\/2024\/04\/Brillo.webp?resize=350%2C200&ssl=1 1x, https:\/\/i0.wp.com\/xn--uascoquetas-1db.co\/wp-content\/uploads\/2024\/04\/Brillo.webp?resize=525%2C300&ssl=1 1.5x, https:\/\/i0.wp.com\/xn--uascoquetas-1db.co\/wp-content\/uploads\/2024\/04\/Brillo.webp?resize=700%2C400&ssl=1 2x"},"classes":[]},{"id":8449,"url":"https:\/\/xn--uascoquetas-1db.co\/?product=color-gel-evolution-paso-1-masglo","url_meta":{"origin":9244,"position":3},"title":"Color gel evolution Paso 2 &#8211; Masglo","author":"U\u00f1as Coquetas","date":"18\/06\/2024","format":false,"excerpt":"Esmalte tradicional marca Colombiana Masglo tono Colecci\u00f3n estilo Gel Evolution","rel":"","context":"Entrada similar","block_context":{"text":"Entrada similar","link":""},"img":{"alt_text":"Encantadora","src":"https:\/\/i0.wp.com\/xn--uascoquetas-1db.co\/wp-content\/uploads\/2024\/06\/Encantadora-gel-ev-800px.png?resize=350%2C200&ssl=1","width":350,"height":200,"srcset":"https:\/\/i0.wp.com\/xn--uascoquetas-1db.co\/wp-content\/uploads\/2024\/06\/Encantadora-gel-ev-800px.png?resize=350%2C200&ssl=1 1x, https:\/\/i0.wp.com\/xn--uascoquetas-1db.co\/wp-content\/uploads\/2024\/06\/Encantadora-gel-ev-800px.png?resize=525%2C300&ssl=1 1.5x, https:\/\/i0.wp.com\/xn--uascoquetas-1db.co\/wp-content\/uploads\/2024\/06\/Encantadora-gel-ev-800px.png?resize=700%2C400&ssl=1 2x"},"classes":[]},{"id":8455,"url":"https:\/\/xn--uascoquetas-1db.co\/?product=color-gel-evolution-paso-1-masglo-2","url_meta":{"origin":9244,"position":4},"title":"Color gel evolution Paso 2 &#8211; Masglo","author":"U\u00f1as Coquetas","date":"18\/06\/2024","format":false,"excerpt":"Esmalte tradicional marca Colombiana Masglo tono Colecci\u00f3n estilo Gel Evolution","rel":"","context":"Entrada similar","block_context":{"text":"Entrada similar","link":""},"img":{"alt_text":"Libre","src":"https:\/\/i0.wp.com\/xn--uascoquetas-1db.co\/wp-content\/uploads\/2024\/06\/Libre-800-px.png?resize=350%2C200&ssl=1","width":350,"height":200,"srcset":"https:\/\/i0.wp.com\/xn--uascoquetas-1db.co\/wp-content\/uploads\/2024\/06\/Libre-800-px.png?resize=350%2C200&ssl=1 1x, https:\/\/i0.wp.com\/xn--uascoquetas-1db.co\/wp-content\/uploads\/2024\/06\/Libre-800-px.png?resize=525%2C300&ssl=1 1.5x, https:\/\/i0.wp.com\/xn--uascoquetas-1db.co\/wp-content\/uploads\/2024\/06\/Libre-800-px.png?resize=700%2C400&ssl=1 2x"},"classes":[]},{"id":8442,"url":"https:\/\/xn--uascoquetas-1db.co\/?product=coleccion-estilo-gel-evolution-masglo","url_meta":{"origin":9244,"position":5},"title":"Colecci\u00f3n estilo Gel Evolution &#8211; Masglo","author":"U\u00f1as Coquetas","date":"18\/06\/2024","format":false,"excerpt":"Esmalte tradicional marca Colombiana Masglo tono Colecci\u00f3n estilo Gel Evolution","rel":"","context":"Entrada similar","block_context":{"text":"Entrada similar","link":""},"img":{"alt_text":"Colecci\u00f3n estilo masglo","src":"https:\/\/i0.wp.com\/xn--uascoquetas-1db.co\/wp-content\/uploads\/2024\/06\/Estilo-800px.png?resize=350%2C200&ssl=1","width":350,"height":200,"srcset":"https:\/\/i0.wp.com\/xn--uascoquetas-1db.co\/wp-content\/uploads\/2024\/06\/Estilo-800px.png?resize=350%2C200&ssl=1 1x, https:\/\/i0.wp.com\/xn--uascoquetas-1db.co\/wp-content\/uploads\/2024\/06\/Estilo-800px.png?resize=525%2C300&ssl=1 1.5x, https:\/\/i0.wp.com\/xn--uascoquetas-1db.co\/wp-content\/uploads\/2024\/06\/Estilo-800px.png?resize=700%2C400&ssl=1 2x"},"classes":[]}],"_links":{"self":[{"href":"https:\/\/xn--uascoquetas-1db.co\/index.php?rest_route=\/wp\/v2\/product\/9244","targetHints":{"allow":["GET"]}}],"collection":[{"href":"https:\/\/xn--uascoquetas-1db.co\/index.php?rest_route=\/wp\/v2\/product"}],"about":[{"href":"https:\/\/xn--uascoquetas-1db.co\/index.php?rest_route=\/wp\/v2\/types\/product"}],"replies":[{"embeddable":true,"href":"https:\/\/xn--uascoquetas-1db.co\/index.php?rest_route=%2Fwp%2Fv2%2Fcomments&post=9244"}],"wp:featuredmedia":[{"embeddable":true,"href":"https:\/\/xn--uascoquetas-1db.co\/index.php?rest_route=\/wp\/v2\/media\/6877"}],"wp:attachment":[{"href":"https:\/\/xn--uascoquetas-1db.co\/index.php?rest_route=%2Fwp%2Fv2%2Fmedia&parent=9244"}],"wp:term":[{"taxonomy":"product_brand","embeddable":true,"href":"https:\/\/xn--uascoquetas-1db.co\/index.php?rest_route=%2Fwp%2Fv2%2Fproduct_brand&post=9244"},{"taxonomy":"product_cat","embeddable":true,"href":"https:\/\/xn--uascoquetas-1db.co\/index.php?rest_route=%2Fwp%2Fv2%2Fproduct_cat&post=9244"},{"taxonomy":"product_tag","embeddable":true,"href":"https:\/\/xn--uascoquetas-1db.co\/index.php?rest_route=%2Fwp%2Fv2%2Fproduct_tag&post=9244"}],"curies":[{"name":"wp","href":"https:\/\/api.w.org\/{rel}","templated":true}]}}