{"id":9265,"date":"2024-10-23T16:50:23","date_gmt":"2024-10-23T21:50:23","guid":{"rendered":"https:\/\/xn--uascoquetas-1db.co\/?post_type=product&#038;p=9265"},"modified":"2026-03-24T09:38:10","modified_gmt":"2026-03-24T14:38:10","slug":"cleanstamp-xl-limpiador-de-estampadores","status":"publish","type":"product","link":"https:\/\/xn--uascoquetas-1db.co\/?product=cleanstamp-xl-limpiador-de-estampadores","title":{"rendered":"CleanStamp XL &#8211; Limpiador de estampadores"},"content":{"rendered":"<p>Un Clean Stamp XL. Es un limpiador adhesivo para gomas de estampar. Con su dise\u00f1o innovador, te permite limpiar f\u00e1cilmente el esmalte de tus estampadores, sin necesidad de usar cinta adhesiva o productos qu\u00edmicos da\u00f1inos. Tiene dos orificios que permiten limpiar de forma m\u00e1s precisa los excesos de esmalte en la goma estampadora.<\/p>\n<h2>Descripci\u00f3n<\/h2>\n<p>Art\u00edculo completamente nuevo<\/p>\n<p>Tama\u00f1o: 10 cm x 6 cm aproximadamente.<br \/>\nCuenta con tapa protectora.<\/p>\n<p>Caracter\u00edsticas<br \/>\nLavable y reusable.<\/p>\n<h2>Recomendaciones<\/h2>\n<p>Limpiar cuidadosamente despu\u00e9s de usarlo, mantener limpio y seguro para su re\u00faso.<br \/>\nPara limpiar es necesario usar una cantidad peque\u00f1a de agua y jab\u00f3n.<br \/>\nNo limpiar con otros elementos adherentes ni qu\u00edmicos fuertes.<br \/>\nNo usar las u\u00f1as o herramientas punzantes para retirar los restos de esmalte.<br \/>\nLavar cuidadosamente, para facilitar el proceso y evitar fisuras, se recomienda usar guantes para lavar.<\/p>\n<p>Al utilizar CleanStamp, est\u00e1s haciendo una contribuci\u00f3n positiva al medio ambiente al reducir la cantidad de cinta adhesiva que necesitas comprar para mantener tus estampadores limpios. \u00a1Prueba CleanStamp hoy y descubre la forma m\u00e1s f\u00e1cil y ecoamigable de limpiar tus estampadores!<\/p>\n<blockquote class=\"tiktok-embed\" cite=\"https:\/\/www.tiktok.com\/@unascoquetaz\/video\/7429057765768826117\" data-video-id=\"7429057765768826117\" data-embed-from=\"oembed\" style=\"max-width:605px; min-width:325px;\">\n<section> <a target=\"_blank\" title=\"@unascoquetaz\" href=\"https:\/\/www.tiktok.com\/@unascoquetaz?refer=embed\">@unascoquetaz<\/a> <\/p>\n<p>Respuesta a @srt_harker Nuevo limpiador de Estampadores. Lo am\u00e9 \ud83d\udc9c es el Clean Stamp XL de @Guillermo GJimenez  \u00bfQu\u00e9 te parece este producto? Desde ya disponible en nuestra p\u00e1gina. Enlace de la tienda en nuestro perfil. <a title=\"nailart\" target=\"_blank\" href=\"https:\/\/www.tiktok.com\/tag\/nailart?refer=embed\">#nailart<\/a> <a title=\"nails\" target=\"_blank\" href=\"https:\/\/www.tiktok.com\/tag\/nails?refer=embed\">#nails<\/a> <a title=\"stampingnailart\" target=\"_blank\" href=\"https:\/\/www.tiktok.com\/tag\/stampingnailart?refer=embed\">#stampingnailart<\/a> <a title=\"stampingnails\" target=\"_blank\" href=\"https:\/\/www.tiktok.com\/tag\/stampingnails?refer=embed\">#stampingnails<\/a> <a title=\"stamping\" target=\"_blank\" href=\"https:\/\/www.tiktok.com\/tag\/stamping?refer=embed\">#stamping<\/a> <a title=\"u\u00f1ascoquetas\" target=\"_blank\" href=\"https:\/\/www.tiktok.com\/tag\/u%C3%B1ascoquetas?refer=embed\">#u\u00f1ascoquetas<\/a> <\/p>\n<p> <a target=\"_blank\" title=\"\u266c Lazy Sunday - Official Sound Studio\" href=\"https:\/\/www.tiktok.com\/music\/Lazy-Sunday-6756879114637967368?refer=embed\">\u266c Lazy Sunday &#8211; Official Sound Studio<\/a> <\/section>\n<\/blockquote>\n<p> <script async src=\"https:\/\/www.tiktok.com\/embed.js\"><\/script><\/p>\n","protected":false},"excerpt":{"rendered":"<table width=\"375\">\n<tbody>\n<tr>\n<td width=\"375\">Limpiador de estampadores marca Colombiana GP Stamping, limpiador de estampadores lavable<\/td>\n<\/tr>\n<\/tbody>\n<\/table>\n","protected":false},"featured_media":9266,"comment_status":"open","ping_status":"closed","template":"","meta":{"_regular_price":["25000"],"currency_symbol":[],"_uag_custom_page_level_css":""},"product_brand":[],"product_cat":[60,47],"product_tag":[188],"class_list":{"0":"post-9265","1":"product","2":"type-product","3":"status-publish","4":"has-post-thumbnail","6":"product_cat-auxiliares-para-estampar","7":"product_cat-materiales","8":"product_tag-materiales","9":"product_shipping_class-paquete-pequeno","11":"first","12":"instock","13":"purchasable","14":"product-type-simple"},"post_slider_layout_featured_media_urls":{"thumbnail":["https:\/\/xn--uascoquetas-1db.co\/wp-content\/uploads\/2024\/10\/Clean-XL-_800px-150x150.jpg",150,150,true],"post_slider_layout_landscape_large":["https:\/\/xn--uascoquetas-1db.co\/wp-content\/uploads\/2024\/10\/Clean-XL-_800px.jpg",800,800,false],"post_slider_layout_portrait_large":["https:\/\/xn--uascoquetas-1db.co\/wp-content\/uploads\/2024\/10\/Clean-XL-_800px.jpg",800,800,false],"post_slider_layout_square_large":["https:\/\/xn--uascoquetas-1db.co\/wp-content\/uploads\/2024\/10\/Clean-XL-_800px.jpg",800,800,false],"post_slider_layout_landscape":["https:\/\/xn--uascoquetas-1db.co\/wp-content\/uploads\/2024\/10\/Clean-XL-_800px.jpg",400,400,false],"post_slider_layout_portrait":["https:\/\/xn--uascoquetas-1db.co\/wp-content\/uploads\/2024\/10\/Clean-XL-_800px.jpg",600,600,false],"post_slider_layout_square":["https:\/\/xn--uascoquetas-1db.co\/wp-content\/uploads\/2024\/10\/Clean-XL-_800px.jpg",600,600,false],"full":["https:\/\/xn--uascoquetas-1db.co\/wp-content\/uploads\/2024\/10\/Clean-XL-_800px.jpg",800,800,false]},"uagb_featured_image_src":{"full":["https:\/\/xn--uascoquetas-1db.co\/wp-content\/uploads\/2024\/10\/Clean-XL-_800px.jpg",800,800,false],"thumbnail":["https:\/\/xn--uascoquetas-1db.co\/wp-content\/uploads\/2024\/10\/Clean-XL-_800px-150x150.jpg",150,150,true],"medium":["https:\/\/xn--uascoquetas-1db.co\/wp-content\/uploads\/2024\/10\/Clean-XL-_800px-300x300.jpg",300,300,true],"medium_large":["https:\/\/xn--uascoquetas-1db.co\/wp-content\/uploads\/2024\/10\/Clean-XL-_800px-768x768.jpg",640,640,true],"large":["https:\/\/xn--uascoquetas-1db.co\/wp-content\/uploads\/2024\/10\/Clean-XL-_800px.jpg",640,640,false],"1536x1536":["https:\/\/xn--uascoquetas-1db.co\/wp-content\/uploads\/2024\/10\/Clean-XL-_800px.jpg",800,800,false],"2048x2048":["https:\/\/xn--uascoquetas-1db.co\/wp-content\/uploads\/2024\/10\/Clean-XL-_800px.jpg",800,800,false],"post_slider_layout_landscape_large":["https:\/\/xn--uascoquetas-1db.co\/wp-content\/uploads\/2024\/10\/Clean-XL-_800px.jpg",800,800,false],"post_slider_layout_portrait_large":["https:\/\/xn--uascoquetas-1db.co\/wp-content\/uploads\/2024\/10\/Clean-XL-_800px.jpg",800,800,false],"post_slider_layout_square_large":["https:\/\/xn--uascoquetas-1db.co\/wp-content\/uploads\/2024\/10\/Clean-XL-_800px.jpg",800,800,false],"post_slider_layout_landscape":["https:\/\/xn--uascoquetas-1db.co\/wp-content\/uploads\/2024\/10\/Clean-XL-_800px.jpg",400,400,false],"post_slider_layout_portrait":["https:\/\/xn--uascoquetas-1db.co\/wp-content\/uploads\/2024\/10\/Clean-XL-_800px.jpg",600,600,false],"post_slider_layout_square":["https:\/\/xn--uascoquetas-1db.co\/wp-content\/uploads\/2024\/10\/Clean-XL-_800px.jpg",600,600,false],"vw-kids-homepage-thumb":["https:\/\/xn--uascoquetas-1db.co\/wp-content\/uploads\/2024\/10\/Clean-XL-_800px.jpg",145,145,false],"woocommerce_thumbnail":["https:\/\/xn--uascoquetas-1db.co\/wp-content\/uploads\/2024\/10\/Clean-XL-_800px-300x300.jpg",300,300,true],"woocommerce_single":["https:\/\/xn--uascoquetas-1db.co\/wp-content\/uploads\/2024\/10\/Clean-XL-_800px-600x600.jpg",600,600,true],"woocommerce_gallery_thumbnail":["https:\/\/xn--uascoquetas-1db.co\/wp-content\/uploads\/2024\/10\/Clean-XL-_800px-100x100.jpg",100,100,true],"variation_swatches_image_size":["https:\/\/xn--uascoquetas-1db.co\/wp-content\/uploads\/2024\/10\/Clean-XL-_800px-50x50.jpg",50,50,true],"variation_swatches_tooltip_size":["https:\/\/xn--uascoquetas-1db.co\/wp-content\/uploads\/2024\/10\/Clean-XL-_800px-100x100.jpg",100,100,true]},"uagb_author_info":{"display_name":"U\u00f1as Coquetas","author_link":"https:\/\/xn--uascoquetas-1db.co\/?author=0"},"uagb_comment_info":0,"uagb_excerpt":"Limpiador de estampadores marca Colombiana GP Stamping, limpiador de estampadores lavable","jetpack_sharing_enabled":true,"jetpack-related-posts":[{"id":5712,"url":"https:\/\/xn--uascoquetas-1db.co\/?product=cleanstamp-limpiador-de-estampadores","url_meta":{"origin":9265,"position":0},"title":"CleanStamp &#8211; Limpiador de estampadores","author":"U\u00f1as Coquetas","date":"02\/10\/2023","format":false,"excerpt":"Limpiador de estampadores marca Colombiana GP Stamping, limpiador de estampadores lavable","rel":"","context":"Entrada similar","block_context":{"text":"Entrada similar","link":""},"img":{"alt_text":"Clean Stamp","src":"https:\/\/i0.wp.com\/xn--uascoquetas-1db.co\/wp-content\/uploads\/2023\/10\/Portada-Clean-Stamp-01.jpg?resize=350%2C200&ssl=1","width":350,"height":200,"srcset":"https:\/\/i0.wp.com\/xn--uascoquetas-1db.co\/wp-content\/uploads\/2023\/10\/Portada-Clean-Stamp-01.jpg?resize=350%2C200&ssl=1 1x, https:\/\/i0.wp.com\/xn--uascoquetas-1db.co\/wp-content\/uploads\/2023\/10\/Portada-Clean-Stamp-01.jpg?resize=525%2C300&ssl=1 1.5x, https:\/\/i0.wp.com\/xn--uascoquetas-1db.co\/wp-content\/uploads\/2023\/10\/Portada-Clean-Stamp-01.jpg?resize=700%2C400&ssl=1 2x, https:\/\/i0.wp.com\/xn--uascoquetas-1db.co\/wp-content\/uploads\/2023\/10\/Portada-Clean-Stamp-01.jpg?resize=1050%2C600&ssl=1 3x"},"classes":[]},{"id":4972,"url":"https:\/\/xn--uascoquetas-1db.co\/?product=sello-estampador-unas-raspador-stamping-copia","url_meta":{"origin":9265,"position":1},"title":"Goma de repuesto para Estampador 3.8 cm","author":"U\u00f1as Coquetas","date":"19\/09\/2023","format":false,"excerpt":"Repuesto de goma de silicona para Estampador de u\u00f1as con di\u00e1metro de 3.8 cm. Textura semiblanda y pegajosa.","rel":"","context":"Entrada similar","block_context":{"text":"Entrada similar","link":""},"img":{"alt_text":"Repuesto goma GP","src":"https:\/\/i0.wp.com\/xn--uascoquetas-1db.co\/wp-content\/uploads\/2023\/09\/Foto-generica.jpg?resize=350%2C200&ssl=1","width":350,"height":200,"srcset":"https:\/\/i0.wp.com\/xn--uascoquetas-1db.co\/wp-content\/uploads\/2023\/09\/Foto-generica.jpg?resize=350%2C200&ssl=1 1x, https:\/\/i0.wp.com\/xn--uascoquetas-1db.co\/wp-content\/uploads\/2023\/09\/Foto-generica.jpg?resize=525%2C300&ssl=1 1.5x, https:\/\/i0.wp.com\/xn--uascoquetas-1db.co\/wp-content\/uploads\/2023\/09\/Foto-generica.jpg?resize=700%2C400&ssl=1 2x"},"classes":[]},{"id":5669,"url":"https:\/\/xn--uascoquetas-1db.co\/?product=kit-coqueto-nailista-pro-kit-coqueto-nailista-pro-estampador-doble-esmalte","url_meta":{"origin":9265,"position":2},"title":"Kit Coqueto Nailista pro &#8211; Kit coqueto Nailista pro + estampador doble + esmalte","author":"U\u00f1as Coquetas","date":"01\/10\/2023","format":false,"excerpt":"Kit coqueto Nailista pro + estampador doble + esmalte Driut marca Colombiana U\u00f1as coquetas - Kit Coqueto Nailista pro \u00a0","rel":"","context":"Entrada similar","block_context":{"text":"Entrada similar","link":""},"img":{"alt_text":"Kit Nailista pro","src":"https:\/\/i0.wp.com\/xn--uascoquetas-1db.co\/wp-content\/uploads\/2023\/10\/Kit-coqueto-nailista-pro-800x800_Mesa-de-trabajo-1.jpg?resize=350%2C200&ssl=1","width":350,"height":200,"srcset":"https:\/\/i0.wp.com\/xn--uascoquetas-1db.co\/wp-content\/uploads\/2023\/10\/Kit-coqueto-nailista-pro-800x800_Mesa-de-trabajo-1.jpg?resize=350%2C200&ssl=1 1x, https:\/\/i0.wp.com\/xn--uascoquetas-1db.co\/wp-content\/uploads\/2023\/10\/Kit-coqueto-nailista-pro-800x800_Mesa-de-trabajo-1.jpg?resize=525%2C300&ssl=1 1.5x, https:\/\/i0.wp.com\/xn--uascoquetas-1db.co\/wp-content\/uploads\/2023\/10\/Kit-coqueto-nailista-pro-800x800_Mesa-de-trabajo-1.jpg?resize=700%2C400&ssl=1 2x"},"classes":[]},{"id":10122,"url":"https:\/\/xn--uascoquetas-1db.co\/?product=kit-de-estampar-con-mini-placa-018-veloz","url_meta":{"origin":9265,"position":3},"title":"Kit de estampar con mini placa &#8211;  018 Veloz","author":"U\u00f1as Coquetas","date":"24\/04\/2025","format":false,"excerpt":"Set para estampar marca Colombiana U\u00f1as coquetas - Kit mini- 018 Veloz con dise\u00f1os runner, deportes trotar, bicicleta, patines y motos.","rel":"","context":"Entrada similar","block_context":{"text":"Entrada similar","link":""},"img":{"alt_text":"","src":"https:\/\/i0.wp.com\/xn--uascoquetas-1db.co\/wp-content\/uploads\/2025\/04\/126.-Veloz.jpg?resize=350%2C200&ssl=1","width":350,"height":200,"srcset":"https:\/\/i0.wp.com\/xn--uascoquetas-1db.co\/wp-content\/uploads\/2025\/04\/126.-Veloz.jpg?resize=350%2C200&ssl=1 1x, https:\/\/i0.wp.com\/xn--uascoquetas-1db.co\/wp-content\/uploads\/2025\/04\/126.-Veloz.jpg?resize=525%2C300&ssl=1 1.5x, https:\/\/i0.wp.com\/xn--uascoquetas-1db.co\/wp-content\/uploads\/2025\/04\/126.-Veloz.jpg?resize=700%2C400&ssl=1 2x"},"classes":[]},{"id":10104,"url":"https:\/\/xn--uascoquetas-1db.co\/?product=kit-de-estampar-con-mini-placa-002-pandas","url_meta":{"origin":9265,"position":4},"title":"Kit de estampar con mini placa &#8211; 002 Pandas","author":"U\u00f1as Coquetas","date":"24\/04\/2025","format":false,"excerpt":"Set para estampar marca Colombiana U\u00f1as coquetas - Kit mini- 002 Pandas, con dise\u00f1os de animales osos.","rel":"","context":"Entrada similar","block_context":{"text":"Entrada similar","link":""},"img":{"alt_text":"","src":"https:\/\/i0.wp.com\/xn--uascoquetas-1db.co\/wp-content\/uploads\/2025\/04\/126.-Pandas.jpg?resize=350%2C200&ssl=1","width":350,"height":200,"srcset":"https:\/\/i0.wp.com\/xn--uascoquetas-1db.co\/wp-content\/uploads\/2025\/04\/126.-Pandas.jpg?resize=350%2C200&ssl=1 1x, https:\/\/i0.wp.com\/xn--uascoquetas-1db.co\/wp-content\/uploads\/2025\/04\/126.-Pandas.jpg?resize=525%2C300&ssl=1 1.5x, https:\/\/i0.wp.com\/xn--uascoquetas-1db.co\/wp-content\/uploads\/2025\/04\/126.-Pandas.jpg?resize=700%2C400&ssl=1 2x"},"classes":[]},{"id":10113,"url":"https:\/\/xn--uascoquetas-1db.co\/?product=kit-de-estampar-con-mini-placa-010-start-game","url_meta":{"origin":9265,"position":5},"title":"Kit de estampar con mini placa &#8211; 010 Start Game","author":"U\u00f1as Coquetas","date":"24\/04\/2025","format":false,"excerpt":"Set para estampar marca Colombiana U\u00f1as coquetas - Kit mini- 010 Start Game con figuras de videojuegos con personajes mujeres.","rel":"","context":"Entrada similar","block_context":{"text":"Entrada similar","link":""},"img":{"alt_text":"","src":"https:\/\/i0.wp.com\/xn--uascoquetas-1db.co\/wp-content\/uploads\/2025\/04\/126.-Start-game.jpg?resize=350%2C200&ssl=1","width":350,"height":200,"srcset":"https:\/\/i0.wp.com\/xn--uascoquetas-1db.co\/wp-content\/uploads\/2025\/04\/126.-Start-game.jpg?resize=350%2C200&ssl=1 1x, https:\/\/i0.wp.com\/xn--uascoquetas-1db.co\/wp-content\/uploads\/2025\/04\/126.-Start-game.jpg?resize=525%2C300&ssl=1 1.5x, https:\/\/i0.wp.com\/xn--uascoquetas-1db.co\/wp-content\/uploads\/2025\/04\/126.-Start-game.jpg?resize=700%2C400&ssl=1 2x"},"classes":[]}],"_links":{"self":[{"href":"https:\/\/xn--uascoquetas-1db.co\/index.php?rest_route=\/wp\/v2\/product\/9265","targetHints":{"allow":["GET"]}}],"collection":[{"href":"https:\/\/xn--uascoquetas-1db.co\/index.php?rest_route=\/wp\/v2\/product"}],"about":[{"href":"https:\/\/xn--uascoquetas-1db.co\/index.php?rest_route=\/wp\/v2\/types\/product"}],"replies":[{"embeddable":true,"href":"https:\/\/xn--uascoquetas-1db.co\/index.php?rest_route=%2Fwp%2Fv2%2Fcomments&post=9265"}],"wp:featuredmedia":[{"embeddable":true,"href":"https:\/\/xn--uascoquetas-1db.co\/index.php?rest_route=\/wp\/v2\/media\/9266"}],"wp:attachment":[{"href":"https:\/\/xn--uascoquetas-1db.co\/index.php?rest_route=%2Fwp%2Fv2%2Fmedia&parent=9265"}],"wp:term":[{"taxonomy":"product_brand","embeddable":true,"href":"https:\/\/xn--uascoquetas-1db.co\/index.php?rest_route=%2Fwp%2Fv2%2Fproduct_brand&post=9265"},{"taxonomy":"product_cat","embeddable":true,"href":"https:\/\/xn--uascoquetas-1db.co\/index.php?rest_route=%2Fwp%2Fv2%2Fproduct_cat&post=9265"},{"taxonomy":"product_tag","embeddable":true,"href":"https:\/\/xn--uascoquetas-1db.co\/index.php?rest_route=%2Fwp%2Fv2%2Fproduct_tag&post=9265"}],"curies":[{"name":"wp","href":"https:\/\/api.w.org\/{rel}","templated":true}]}}