{"id":9329,"date":"2024-10-29T16:10:24","date_gmt":"2024-10-29T21:10:24","guid":{"rendered":"https:\/\/xn--uascoquetas-1db.co\/?post_type=product&#038;p=9329"},"modified":"2024-10-29T16:10:25","modified_gmt":"2024-10-29T21:10:25","slug":"kit-por-50-exhibidores-lamina-de-exhibicion","status":"publish","type":"product","link":"https:\/\/xn--uascoquetas-1db.co\/?product=kit-por-50-exhibidores-lamina-de-exhibicion","title":{"rendered":"Kit por 50 exhibidores &#8211; L\u00e1mina de exhibici\u00f3n"},"content":{"rendered":"<p>Un set de cincuenta (50) l\u00e1minas de acr\u00edlico para exhibir u\u00f1as.<\/p>\n<p>Descripci\u00f3n:<\/p>\n<p>L\u00e1mina de acr\u00edlico transparente<br \/>\nAncho: 15 mm<br \/>\nLongitud: 650 mm<\/p>\n","protected":false},"excerpt":{"rendered":"<table width=\"375\">\n<tbody>\n<tr>\n<td width=\"375\">L\u00e1mina de exhibici\u00f3n marca Extranjera Gen\u00e9rica, Caja de luz para tomar las mejores fotograf\u00edas de producto.<\/td>\n<\/tr>\n<\/tbody>\n<\/table>\n","protected":false},"featured_media":9332,"comment_status":"open","ping_status":"closed","template":"","meta":{"_regular_price":["23000"],"currency_symbol":[],"_uag_custom_page_level_css":""},"product_brand":[],"product_cat":[47,248],"product_tag":[],"class_list":{"0":"post-9329","1":"product","2":"type-product","3":"status-publish","4":"has-post-thumbnail","6":"product_cat-materiales","7":"product_cat-soportes-de-practica","9":"first","10":"instock","11":"purchasable","12":"product-type-simple"},"post_slider_layout_featured_media_urls":{"thumbnail":["https:\/\/xn--uascoquetas-1db.co\/wp-content\/uploads\/2024\/10\/50-laminas-exhibicion-150x150.jpg",150,150,true],"post_slider_layout_landscape_large":["https:\/\/xn--uascoquetas-1db.co\/wp-content\/uploads\/2024\/10\/50-laminas-exhibicion.jpg",800,800,false],"post_slider_layout_portrait_large":["https:\/\/xn--uascoquetas-1db.co\/wp-content\/uploads\/2024\/10\/50-laminas-exhibicion.jpg",800,800,false],"post_slider_layout_square_large":["https:\/\/xn--uascoquetas-1db.co\/wp-content\/uploads\/2024\/10\/50-laminas-exhibicion.jpg",800,800,false],"post_slider_layout_landscape":["https:\/\/xn--uascoquetas-1db.co\/wp-content\/uploads\/2024\/10\/50-laminas-exhibicion.jpg",400,400,false],"post_slider_layout_portrait":["https:\/\/xn--uascoquetas-1db.co\/wp-content\/uploads\/2024\/10\/50-laminas-exhibicion.jpg",600,600,false],"post_slider_layout_square":["https:\/\/xn--uascoquetas-1db.co\/wp-content\/uploads\/2024\/10\/50-laminas-exhibicion.jpg",600,600,false],"full":["https:\/\/xn--uascoquetas-1db.co\/wp-content\/uploads\/2024\/10\/50-laminas-exhibicion.jpg",800,800,false]},"uagb_featured_image_src":{"full":["https:\/\/xn--uascoquetas-1db.co\/wp-content\/uploads\/2024\/10\/50-laminas-exhibicion.jpg",800,800,false],"thumbnail":["https:\/\/xn--uascoquetas-1db.co\/wp-content\/uploads\/2024\/10\/50-laminas-exhibicion-150x150.jpg",150,150,true],"medium":["https:\/\/xn--uascoquetas-1db.co\/wp-content\/uploads\/2024\/10\/50-laminas-exhibicion-300x300.jpg",300,300,true],"medium_large":["https:\/\/xn--uascoquetas-1db.co\/wp-content\/uploads\/2024\/10\/50-laminas-exhibicion-768x768.jpg",640,640,true],"large":["https:\/\/xn--uascoquetas-1db.co\/wp-content\/uploads\/2024\/10\/50-laminas-exhibicion.jpg",640,640,false],"1536x1536":["https:\/\/xn--uascoquetas-1db.co\/wp-content\/uploads\/2024\/10\/50-laminas-exhibicion.jpg",800,800,false],"2048x2048":["https:\/\/xn--uascoquetas-1db.co\/wp-content\/uploads\/2024\/10\/50-laminas-exhibicion.jpg",800,800,false],"post_slider_layout_landscape_large":["https:\/\/xn--uascoquetas-1db.co\/wp-content\/uploads\/2024\/10\/50-laminas-exhibicion.jpg",800,800,false],"post_slider_layout_portrait_large":["https:\/\/xn--uascoquetas-1db.co\/wp-content\/uploads\/2024\/10\/50-laminas-exhibicion.jpg",800,800,false],"post_slider_layout_square_large":["https:\/\/xn--uascoquetas-1db.co\/wp-content\/uploads\/2024\/10\/50-laminas-exhibicion.jpg",800,800,false],"post_slider_layout_landscape":["https:\/\/xn--uascoquetas-1db.co\/wp-content\/uploads\/2024\/10\/50-laminas-exhibicion.jpg",400,400,false],"post_slider_layout_portrait":["https:\/\/xn--uascoquetas-1db.co\/wp-content\/uploads\/2024\/10\/50-laminas-exhibicion.jpg",600,600,false],"post_slider_layout_square":["https:\/\/xn--uascoquetas-1db.co\/wp-content\/uploads\/2024\/10\/50-laminas-exhibicion.jpg",600,600,false],"vw-kids-homepage-thumb":["https:\/\/xn--uascoquetas-1db.co\/wp-content\/uploads\/2024\/10\/50-laminas-exhibicion.jpg",145,145,false],"woocommerce_thumbnail":["https:\/\/xn--uascoquetas-1db.co\/wp-content\/uploads\/2024\/10\/50-laminas-exhibicion-300x300.jpg",300,300,true],"woocommerce_single":["https:\/\/xn--uascoquetas-1db.co\/wp-content\/uploads\/2024\/10\/50-laminas-exhibicion-600x600.jpg",600,600,true],"woocommerce_gallery_thumbnail":["https:\/\/xn--uascoquetas-1db.co\/wp-content\/uploads\/2024\/10\/50-laminas-exhibicion-100x100.jpg",100,100,true],"variation_swatches_image_size":["https:\/\/xn--uascoquetas-1db.co\/wp-content\/uploads\/2024\/10\/50-laminas-exhibicion-50x50.jpg",50,50,true],"variation_swatches_tooltip_size":["https:\/\/xn--uascoquetas-1db.co\/wp-content\/uploads\/2024\/10\/50-laminas-exhibicion-100x100.jpg",100,100,true]},"uagb_author_info":{"display_name":"U\u00f1as Coquetas","author_link":"https:\/\/xn--uascoquetas-1db.co\/?author=0"},"uagb_comment_info":0,"uagb_excerpt":"L\u00e1mina de exhibici\u00f3n marca Extranjera Gen\u00e9rica, Caja de luz para tomar las mejores fotograf\u00edas de producto.","jetpack_sharing_enabled":true,"jetpack-related-posts":[{"id":9335,"url":"https:\/\/xn--uascoquetas-1db.co\/?product=kit-por-50-exhibidores-lamina-de-exhibicion-2","url_meta":{"origin":9329,"position":0},"title":"Kit por 50 exhibidores &#8211; L\u00e1mina de exhibici\u00f3n Incluye cinta doble faz","author":"U\u00f1as Coquetas","date":"29\/10\/2024","format":false,"excerpt":"L\u00e1mina de exhibici\u00f3n marca Extranjera Gen\u00e9rica, Kit l\u00e1minas exhibici\u00f3n","rel":"","context":"Entrada similar","block_context":{"text":"Entrada similar","link":""},"img":{"alt_text":"","src":"https:\/\/i0.wp.com\/xn--uascoquetas-1db.co\/wp-content\/uploads\/2024\/10\/Set-50-cinta.jpg?resize=350%2C200&ssl=1","width":350,"height":200,"srcset":"https:\/\/i0.wp.com\/xn--uascoquetas-1db.co\/wp-content\/uploads\/2024\/10\/Set-50-cinta.jpg?resize=350%2C200&ssl=1 1x, https:\/\/i0.wp.com\/xn--uascoquetas-1db.co\/wp-content\/uploads\/2024\/10\/Set-50-cinta.jpg?resize=525%2C300&ssl=1 1.5x, https:\/\/i0.wp.com\/xn--uascoquetas-1db.co\/wp-content\/uploads\/2024\/10\/Set-50-cinta.jpg?resize=700%2C400&ssl=1 2x"},"classes":[]},{"id":9338,"url":"https:\/\/xn--uascoquetas-1db.co\/?product=kit-por-5-exhibidores-lamina-de-exhibicion","url_meta":{"origin":9329,"position":1},"title":"Kit por 5 exhibidores &#8211; L\u00e1mina de exhibici\u00f3n","author":"U\u00f1as Coquetas","date":"29\/10\/2024","format":false,"excerpt":"L\u00e1mina de exhibici\u00f3n marca Extranjera Gen\u00e9rica, Kit l\u00e1minas exhibici\u00f3n","rel":"","context":"Entrada similar","block_context":{"text":"Entrada similar","link":""},"img":{"alt_text":"","src":"https:\/\/i0.wp.com\/xn--uascoquetas-1db.co\/wp-content\/uploads\/2024\/10\/5-laminas.jpg?resize=350%2C200&ssl=1","width":350,"height":200,"srcset":"https:\/\/i0.wp.com\/xn--uascoquetas-1db.co\/wp-content\/uploads\/2024\/10\/5-laminas.jpg?resize=350%2C200&ssl=1 1x, https:\/\/i0.wp.com\/xn--uascoquetas-1db.co\/wp-content\/uploads\/2024\/10\/5-laminas.jpg?resize=525%2C300&ssl=1 1.5x, https:\/\/i0.wp.com\/xn--uascoquetas-1db.co\/wp-content\/uploads\/2024\/10\/5-laminas.jpg?resize=700%2C400&ssl=1 2x"},"classes":[]},{"id":6458,"url":"https:\/\/xn--uascoquetas-1db.co\/?product=paquete-de-50-laminas-de-animales-tatuaje-de-agua","url_meta":{"origin":9329,"position":2},"title":"Paquete de 50 l\u00e1minas de animales &#8211; Tatuaje de agua","author":"U\u00f1as Coquetas","date":"29\/10\/2023","format":false,"excerpt":"Tatuaje de agua para u\u00f1as marca Extranjera Gen\u00e9rica con figuras de animales para u\u00f1a completa.","rel":"","context":"Entrada similar","block_context":{"text":"Entrada similar","link":""},"img":{"alt_text":"102. Tatuajes animales","src":"https:\/\/i0.wp.com\/xn--uascoquetas-1db.co\/wp-content\/uploads\/2023\/10\/102.-Portada_Mesa-de-trabajo-1.jpg?resize=350%2C200&ssl=1","width":350,"height":200,"srcset":"https:\/\/i0.wp.com\/xn--uascoquetas-1db.co\/wp-content\/uploads\/2023\/10\/102.-Portada_Mesa-de-trabajo-1.jpg?resize=350%2C200&ssl=1 1x, https:\/\/i0.wp.com\/xn--uascoquetas-1db.co\/wp-content\/uploads\/2023\/10\/102.-Portada_Mesa-de-trabajo-1.jpg?resize=525%2C300&ssl=1 1.5x, https:\/\/i0.wp.com\/xn--uascoquetas-1db.co\/wp-content\/uploads\/2023\/10\/102.-Portada_Mesa-de-trabajo-1.jpg?resize=700%2C400&ssl=1 2x"},"classes":[]},{"id":6451,"url":"https:\/\/xn--uascoquetas-1db.co\/?product=paquete-de-50-laminas-tatuaje-de-agua","url_meta":{"origin":9329,"position":3},"title":"Paquete de 50 l\u00e1minas &#8211; Tatuaje de agua","author":"U\u00f1as Coquetas","date":"29\/10\/2023","format":false,"excerpt":"Tatuaje de agua para u\u00f1as marca Extranjera Gen\u00e9rica con figuras de Flores, plumas, mariposas, labios y encajes.","rel":"","context":"Entrada similar","block_context":{"text":"Entrada similar","link":""},"img":{"alt_text":"101. Tatuajes de agua","src":"https:\/\/i0.wp.com\/xn--uascoquetas-1db.co\/wp-content\/uploads\/2023\/10\/101.-PORTADA-800X800_Mesa-de-trabajo-1.jpg?resize=350%2C200&ssl=1","width":350,"height":200,"srcset":"https:\/\/i0.wp.com\/xn--uascoquetas-1db.co\/wp-content\/uploads\/2023\/10\/101.-PORTADA-800X800_Mesa-de-trabajo-1.jpg?resize=350%2C200&ssl=1 1x, https:\/\/i0.wp.com\/xn--uascoquetas-1db.co\/wp-content\/uploads\/2023\/10\/101.-PORTADA-800X800_Mesa-de-trabajo-1.jpg?resize=525%2C300&ssl=1 1.5x, https:\/\/i0.wp.com\/xn--uascoquetas-1db.co\/wp-content\/uploads\/2023\/10\/101.-PORTADA-800X800_Mesa-de-trabajo-1.jpg?resize=700%2C400&ssl=1 2x"},"classes":[]},{"id":8063,"url":"https:\/\/xn--uascoquetas-1db.co\/?product=kit-limitado-mujeres-con-regalitos-nail-art-magenta","url_meta":{"origin":9329,"position":4},"title":"Kit limitado Mujeres con regalitos &#8211; Nail Art Magenta","author":"U\u00f1as Coquetas","date":"16\/05\/2024","format":false,"excerpt":"Placa acr\u00edlica para estampar u\u00f1as, marca Colombiana Nail Art Magenta con hermosas figuras de patrones y texturas b\u00e1sicas.","rel":"","context":"Entrada similar","block_context":{"text":"Entrada similar","link":""},"img":{"alt_text":"Pack de lanzamiento Magenta 2","src":"https:\/\/i0.wp.com\/xn--uascoquetas-1db.co\/wp-content\/uploads\/2024\/05\/Caja-2.png?resize=350%2C200&ssl=1","width":350,"height":200,"srcset":"https:\/\/i0.wp.com\/xn--uascoquetas-1db.co\/wp-content\/uploads\/2024\/05\/Caja-2.png?resize=350%2C200&ssl=1 1x, https:\/\/i0.wp.com\/xn--uascoquetas-1db.co\/wp-content\/uploads\/2024\/05\/Caja-2.png?resize=525%2C300&ssl=1 1.5x, https:\/\/i0.wp.com\/xn--uascoquetas-1db.co\/wp-content\/uploads\/2024\/05\/Caja-2.png?resize=700%2C400&ssl=1 2x"},"classes":[]},{"id":7382,"url":"https:\/\/xn--uascoquetas-1db.co\/?product=amarres-y-hechizos-placa-acrilica-monadeckonyx","url_meta":{"origin":9329,"position":5},"title":"Amarres y hechizos &#8211; Placa acr\u00edlica &#8211; MonadeckOnyx","author":"U\u00f1as Coquetas","date":"02\/02\/2024","format":false,"excerpt":"Placa acr\u00edlica para estampar u\u00f1as, marca Colombiana MonadeckOnyx con hermosas figuras de esot\u00e9rica, vud\u00fa, s\u00edmbolos","rel":"","context":"Entrada similar","block_context":{"text":"Entrada similar","link":""},"img":{"alt_text":"Amarres y hechizos mona","src":"https:\/\/i0.wp.com\/xn--uascoquetas-1db.co\/wp-content\/uploads\/2024\/02\/Amarres-y-hechizos_800-PX.jpg?resize=350%2C200&ssl=1","width":350,"height":200,"srcset":"https:\/\/i0.wp.com\/xn--uascoquetas-1db.co\/wp-content\/uploads\/2024\/02\/Amarres-y-hechizos_800-PX.jpg?resize=350%2C200&ssl=1 1x, https:\/\/i0.wp.com\/xn--uascoquetas-1db.co\/wp-content\/uploads\/2024\/02\/Amarres-y-hechizos_800-PX.jpg?resize=525%2C300&ssl=1 1.5x, https:\/\/i0.wp.com\/xn--uascoquetas-1db.co\/wp-content\/uploads\/2024\/02\/Amarres-y-hechizos_800-PX.jpg?resize=700%2C400&ssl=1 2x"},"classes":[]}],"_links":{"self":[{"href":"https:\/\/xn--uascoquetas-1db.co\/index.php?rest_route=\/wp\/v2\/product\/9329","targetHints":{"allow":["GET"]}}],"collection":[{"href":"https:\/\/xn--uascoquetas-1db.co\/index.php?rest_route=\/wp\/v2\/product"}],"about":[{"href":"https:\/\/xn--uascoquetas-1db.co\/index.php?rest_route=\/wp\/v2\/types\/product"}],"replies":[{"embeddable":true,"href":"https:\/\/xn--uascoquetas-1db.co\/index.php?rest_route=%2Fwp%2Fv2%2Fcomments&post=9329"}],"wp:featuredmedia":[{"embeddable":true,"href":"https:\/\/xn--uascoquetas-1db.co\/index.php?rest_route=\/wp\/v2\/media\/9332"}],"wp:attachment":[{"href":"https:\/\/xn--uascoquetas-1db.co\/index.php?rest_route=%2Fwp%2Fv2%2Fmedia&parent=9329"}],"wp:term":[{"taxonomy":"product_brand","embeddable":true,"href":"https:\/\/xn--uascoquetas-1db.co\/index.php?rest_route=%2Fwp%2Fv2%2Fproduct_brand&post=9329"},{"taxonomy":"product_cat","embeddable":true,"href":"https:\/\/xn--uascoquetas-1db.co\/index.php?rest_route=%2Fwp%2Fv2%2Fproduct_cat&post=9329"},{"taxonomy":"product_tag","embeddable":true,"href":"https:\/\/xn--uascoquetas-1db.co\/index.php?rest_route=%2Fwp%2Fv2%2Fproduct_tag&post=9329"}],"curies":[{"name":"wp","href":"https:\/\/api.w.org\/{rel}","templated":true}]}}