{"id":9413,"date":"2024-11-07T14:23:25","date_gmt":"2024-11-07T19:23:25","guid":{"rendered":"https:\/\/xn--uascoquetas-1db.co\/?post_type=product&#038;p=9413"},"modified":"2025-06-07T06:43:49","modified_gmt":"2025-06-07T11:43:49","slug":"transparente-gel-semicurado-generico","status":"publish","type":"product","link":"https:\/\/xn--uascoquetas-1db.co\/?product=transparente-gel-semicurado-generico","title":{"rendered":"Transparente &#8211; Gel semicurado &#8211; Gen\u00e9rico"},"content":{"rendered":"<p>Set 22 l\u00e1minas de u\u00f1as en gel transparentes, ideales para reparar u\u00f1as partidas y\/o prevenir fisuras en las u\u00f1as, logrando el crecimieno sistem\u00e1tico de estas, a medida que se usan.<\/p>\n<h2>DESCRIPCI\u00d3N<\/h2>\n<p>Este es un nuevo sistema de u\u00f1as de gel semicuradas, necesitan luz uv para aplicarse.<br \/>\nDuraci\u00f3n de m\u00ednimo 20 d\u00edas bien aplicadas, no se ven como u\u00f1as postizas.<br \/>\nF\u00e1cil aplicaci\u00f3n, protegen tus u\u00f1as porque se retiran con removedor tradicional.<br \/>\nSirven para reparar u\u00f1as partidas.<br \/>\nSe pueden hacer extensiones junto a un gel de construcci\u00f3n.<\/p>\n<blockquote class=\"tiktok-embed\" cite=\"https:\/\/www.tiktok.com\/@unascoquetaz\/video\/7434629007905131831\" data-video-id=\"7434629007905131831\" data-embed-from=\"oembed\" style=\"max-width:605px; min-width:325px;\">\n<section> <a target=\"_blank\" title=\"@unascoquetaz\" href=\"https:\/\/www.tiktok.com\/@unascoquetaz?refer=embed\">@unascoquetaz<\/a> <\/p>\n<p>Repara tus u\u00f1as con gel semicurado, r\u00e1pido y f\u00e1cil. Esta es la forma que m\u00e1s me ha gustado para reparar temporalmente las fisuras de las u\u00f1as, sin tener que afectar el largo. Se debe usar gel semicurado (yo uso transparente para que combine con el dise\u00f1o que me vaya a hacer). \u00bfTe quedaron dudas? Cu\u00e9ntame cu\u00e1les. En pr\u00f3ximos videos veremos el crecimiento de la u\u00f1a y el retiro del gel. <a title=\"u\u00f1arota\" target=\"_blank\" href=\"https:\/\/www.tiktok.com\/tag\/u%C3%B1arota?refer=embed\">#u\u00f1arota<\/a> <a title=\"nailpaints\" target=\"_blank\" href=\"https:\/\/www.tiktok.com\/tag\/nailpaints?refer=embed\">#nailpaints<\/a> <a title=\"brokennail\" target=\"_blank\" href=\"https:\/\/www.tiktok.com\/tag\/brokennail?refer=embed\">#brokennail<\/a> <a title=\"gelnails\" target=\"_blank\" href=\"https:\/\/www.tiktok.com\/tag\/gelnails?refer=embed\">#gelnails<\/a> <\/p>\n<p> <a target=\"_blank\" title=\"\u266c sonido original - U\u00f1as Coquetas\" href=\"https:\/\/www.tiktok.com\/music\/sonido-original-7434629087170317112?refer=embed\">\u266c sonido original &#8211; U\u00f1as Coquetas<\/a> <\/section>\n<\/blockquote>\n<p> <script async src=\"https:\/\/www.tiktok.com\/embed.js\"><\/script><\/p>\n<blockquote class=\"tiktok-embed\" cite=\"https:\/\/www.tiktok.com\/@unascoquetaz\/video\/7444703363926707512\" data-video-id=\"7444703363926707512\" data-embed-from=\"oembed\" style=\"max-width:605px; min-width:325px;\">\n<section> <a target=\"_blank\" title=\"@unascoquetaz\" href=\"https:\/\/www.tiktok.com\/@unascoquetaz?refer=embed\">@unascoquetaz<\/a> <\/p>\n<p>Respuesta a @monicaflorez40 Despu\u00e9s de m\u00e1s de 15 dias de crecimiento, me retir\u00e9 la l\u00e1mina de gel con el que hab\u00eda protegido la fisura. No se me parti\u00f3 la u\u00f1a por completo y pide lucir mis u\u00f1as largas en mi cumplea\u00f1os.  As\u00ed de f\u00e1cil es el retiro. Al final decid\u00ed cortarlas \ud83d\ude02 <a title=\"u\u00f1asrotas\" target=\"_blank\" href=\"https:\/\/www.tiktok.com\/tag\/u%C3%B1asrotas?refer=embed\">#u\u00f1asrotas<\/a> <a title=\"brokennail\" target=\"_blank\" href=\"https:\/\/www.tiktok.com\/tag\/brokennail?refer=embed\">#brokennail<\/a> <a title=\"gelsemicurado\" target=\"_blank\" href=\"https:\/\/www.tiktok.com\/tag\/gelsemicurado?refer=embed\">#gelsemicurado<\/a> <a title=\"stickersdeu\u00f1as\" target=\"_blank\" href=\"https:\/\/www.tiktok.com\/tag\/stickersdeu%C3%B1as?refer=embed\">#stickersdeu\u00f1as<\/a> <a title=\"nailstickers\" target=\"_blank\" href=\"https:\/\/www.tiktok.com\/tag\/nailstickers?refer=embed\">#nailstickers<\/a> <a title=\"u\u00f1asdecoradas\" target=\"_blank\" href=\"https:\/\/www.tiktok.com\/tag\/u%C3%B1asdecoradas?refer=embed\">#u\u00f1asdecoradas<\/a> <\/p>\n<p> <a target=\"_blank\" title=\"\u266c sonido original - U\u00f1as Coquetas\" href=\"https:\/\/www.tiktok.com\/music\/sonido-original-7444703411826428727?refer=embed\">\u266c sonido original &#8211; U\u00f1as Coquetas<\/a> <\/section>\n<\/blockquote>\n<p> <script async src=\"https:\/\/www.tiktok.com\/embed.js\"><\/script><\/p>\n","protected":false},"excerpt":{"rendered":"<table width=\"375\">\n<tbody>\n<tr>\n<td width=\"375\">Gel semicurado para u\u00f1as marca Extranjero Gen\u00e9rico con figuras de L\u00e1mina de gel semicurado transparente.<\/td>\n<\/tr>\n<\/tbody>\n<\/table>\n","protected":false},"featured_media":9414,"comment_status":"open","ping_status":"closed","template":"","meta":{"_regular_price":["33800"],"currency_symbol":[],"_uag_custom_page_level_css":""},"product_brand":[],"product_cat":[251,217],"product_tag":[401],"class_list":{"0":"post-9413","1":"product","2":"type-product","3":"status-publish","4":"has-post-thumbnail","6":"product_cat-laminas-gel-semicurado","7":"product_cat-pegatinas-y-tatuajes","8":"product_tag-gel-semicurado","9":"product_shipping_class-paquete-pequeno","11":"first","12":"instock","13":"purchasable","14":"product-type-simple"},"post_slider_layout_featured_media_urls":{"thumbnail":["https:\/\/xn--uascoquetas-1db.co\/wp-content\/uploads\/2024\/11\/Portada-transparente-150x150.jpg",150,150,true],"post_slider_layout_landscape_large":["https:\/\/xn--uascoquetas-1db.co\/wp-content\/uploads\/2024\/11\/Portada-transparente.jpg",800,800,false],"post_slider_layout_portrait_large":["https:\/\/xn--uascoquetas-1db.co\/wp-content\/uploads\/2024\/11\/Portada-transparente.jpg",800,800,false],"post_slider_layout_square_large":["https:\/\/xn--uascoquetas-1db.co\/wp-content\/uploads\/2024\/11\/Portada-transparente.jpg",800,800,false],"post_slider_layout_landscape":["https:\/\/xn--uascoquetas-1db.co\/wp-content\/uploads\/2024\/11\/Portada-transparente.jpg",400,400,false],"post_slider_layout_portrait":["https:\/\/xn--uascoquetas-1db.co\/wp-content\/uploads\/2024\/11\/Portada-transparente.jpg",600,600,false],"post_slider_layout_square":["https:\/\/xn--uascoquetas-1db.co\/wp-content\/uploads\/2024\/11\/Portada-transparente.jpg",600,600,false],"full":["https:\/\/xn--uascoquetas-1db.co\/wp-content\/uploads\/2024\/11\/Portada-transparente.jpg",800,800,false]},"uagb_featured_image_src":{"full":["https:\/\/xn--uascoquetas-1db.co\/wp-content\/uploads\/2024\/11\/Portada-transparente.jpg",800,800,false],"thumbnail":["https:\/\/xn--uascoquetas-1db.co\/wp-content\/uploads\/2024\/11\/Portada-transparente-150x150.jpg",150,150,true],"medium":["https:\/\/xn--uascoquetas-1db.co\/wp-content\/uploads\/2024\/11\/Portada-transparente-300x300.jpg",300,300,true],"medium_large":["https:\/\/xn--uascoquetas-1db.co\/wp-content\/uploads\/2024\/11\/Portada-transparente-768x768.jpg",640,640,true],"large":["https:\/\/xn--uascoquetas-1db.co\/wp-content\/uploads\/2024\/11\/Portada-transparente.jpg",640,640,false],"1536x1536":["https:\/\/xn--uascoquetas-1db.co\/wp-content\/uploads\/2024\/11\/Portada-transparente.jpg",800,800,false],"2048x2048":["https:\/\/xn--uascoquetas-1db.co\/wp-content\/uploads\/2024\/11\/Portada-transparente.jpg",800,800,false],"post_slider_layout_landscape_large":["https:\/\/xn--uascoquetas-1db.co\/wp-content\/uploads\/2024\/11\/Portada-transparente.jpg",800,800,false],"post_slider_layout_portrait_large":["https:\/\/xn--uascoquetas-1db.co\/wp-content\/uploads\/2024\/11\/Portada-transparente.jpg",800,800,false],"post_slider_layout_square_large":["https:\/\/xn--uascoquetas-1db.co\/wp-content\/uploads\/2024\/11\/Portada-transparente.jpg",800,800,false],"post_slider_layout_landscape":["https:\/\/xn--uascoquetas-1db.co\/wp-content\/uploads\/2024\/11\/Portada-transparente.jpg",400,400,false],"post_slider_layout_portrait":["https:\/\/xn--uascoquetas-1db.co\/wp-content\/uploads\/2024\/11\/Portada-transparente.jpg",600,600,false],"post_slider_layout_square":["https:\/\/xn--uascoquetas-1db.co\/wp-content\/uploads\/2024\/11\/Portada-transparente.jpg",600,600,false],"vw-kids-homepage-thumb":["https:\/\/xn--uascoquetas-1db.co\/wp-content\/uploads\/2024\/11\/Portada-transparente-240x145.jpg",240,145,true],"woocommerce_thumbnail":["https:\/\/xn--uascoquetas-1db.co\/wp-content\/uploads\/2024\/11\/Portada-transparente-300x300.jpg",300,300,true],"woocommerce_single":["https:\/\/xn--uascoquetas-1db.co\/wp-content\/uploads\/2024\/11\/Portada-transparente-600x600.jpg",600,600,true],"woocommerce_gallery_thumbnail":["https:\/\/xn--uascoquetas-1db.co\/wp-content\/uploads\/2024\/11\/Portada-transparente-100x100.jpg",100,100,true],"variation_swatches_image_size":["https:\/\/xn--uascoquetas-1db.co\/wp-content\/uploads\/2024\/11\/Portada-transparente-50x50.jpg",50,50,true],"variation_swatches_tooltip_size":["https:\/\/xn--uascoquetas-1db.co\/wp-content\/uploads\/2024\/11\/Portada-transparente-100x100.jpg",100,100,true]},"uagb_author_info":{"display_name":"U\u00f1as Coquetas","author_link":"https:\/\/xn--uascoquetas-1db.co\/?author=0"},"uagb_comment_info":0,"uagb_excerpt":"Gel semicurado para u\u00f1as marca Extranjero Gen\u00e9rico con figuras de L\u00e1mina de gel semicurado transparente.","jetpack_sharing_enabled":true,"jetpack-related-posts":[{"id":9415,"url":"https:\/\/xn--uascoquetas-1db.co\/?product=transparente-gel-semicurado-generico-incluye-lampara-uv","url_meta":{"origin":9413,"position":0},"title":"Transparente &#8211; Gel semicurado &#8211; Gen\u00e9rico Incluye L\u00e1mpara UV","author":"U\u00f1as Coquetas","date":"07\/11\/2024","format":false,"excerpt":"L\u00e1mina gel\u00a0 para u\u00f1as marca Colombiana Dunigel D'universe colors con figuras de Dunigel tono claro con glitter fino.","rel":"","context":"Entrada similar","block_context":{"text":"Entrada similar","link":""},"img":{"alt_text":"","src":"https:\/\/i0.wp.com\/xn--uascoquetas-1db.co\/wp-content\/uploads\/2024\/11\/Gel-tr.-lampara-Uv.jpg?resize=350%2C200&ssl=1","width":350,"height":200,"srcset":"https:\/\/i0.wp.com\/xn--uascoquetas-1db.co\/wp-content\/uploads\/2024\/11\/Gel-tr.-lampara-Uv.jpg?resize=350%2C200&ssl=1 1x, https:\/\/i0.wp.com\/xn--uascoquetas-1db.co\/wp-content\/uploads\/2024\/11\/Gel-tr.-lampara-Uv.jpg?resize=525%2C300&ssl=1 1.5x, https:\/\/i0.wp.com\/xn--uascoquetas-1db.co\/wp-content\/uploads\/2024\/11\/Gel-tr.-lampara-Uv.jpg?resize=700%2C400&ssl=1 2x"},"classes":[]},{"id":7235,"url":"https:\/\/xn--uascoquetas-1db.co\/?product=dg-168-clear-lamina-gel-dunigel-duniverse-colors","url_meta":{"origin":9413,"position":1},"title":"DG 168 Clear &#8211; L\u00e1mina gel  &#8211; Dunigel D&#8217;universe colors","author":"U\u00f1as Coquetas","date":"18\/01\/2024","format":false,"excerpt":"L\u00e1mina gel\u00a0 para u\u00f1as marca Colombiana Dunigel D'universe colors con figuras de Dunigel tono claro con glitter fino.","rel":"","context":"Entrada similar","block_context":{"text":"Entrada similar","link":""},"img":{"alt_text":"DG 168 Clear","src":"https:\/\/i0.wp.com\/xn--uascoquetas-1db.co\/wp-content\/uploads\/2024\/01\/11clear-scaled.jpg?resize=350%2C200&ssl=1","width":350,"height":200,"srcset":"https:\/\/i0.wp.com\/xn--uascoquetas-1db.co\/wp-content\/uploads\/2024\/01\/11clear-scaled.jpg?resize=350%2C200&ssl=1 1x, https:\/\/i0.wp.com\/xn--uascoquetas-1db.co\/wp-content\/uploads\/2024\/01\/11clear-scaled.jpg?resize=525%2C300&ssl=1 1.5x, https:\/\/i0.wp.com\/xn--uascoquetas-1db.co\/wp-content\/uploads\/2024\/01\/11clear-scaled.jpg?resize=700%2C400&ssl=1 2x, https:\/\/i0.wp.com\/xn--uascoquetas-1db.co\/wp-content\/uploads\/2024\/01\/11clear-scaled.jpg?resize=1050%2C600&ssl=1 3x, https:\/\/i0.wp.com\/xn--uascoquetas-1db.co\/wp-content\/uploads\/2024\/01\/11clear-scaled.jpg?resize=1400%2C800&ssl=1 4x"},"classes":[]},{"id":9634,"url":"https:\/\/xn--uascoquetas-1db.co\/?product=papel-tansferencia-x-8-7-x-10-cm-film","url_meta":{"origin":9413,"position":2},"title":"Papel tansferencia x 8 (7 x 10 cm) &#8211; Film","author":"U\u00f1as Coquetas","date":"08\/01\/2025","format":false,"excerpt":"Film para u\u00f1as en blanco, para hacer stickers con mano alzada o stamping.","rel":"","context":"Entrada similar","block_context":{"text":"Entrada similar","link":""},"img":{"alt_text":"Papel transferencia","src":"https:\/\/i0.wp.com\/xn--uascoquetas-1db.co\/wp-content\/uploads\/2025\/01\/Web.jpg?resize=350%2C200&ssl=1","width":350,"height":200,"srcset":"https:\/\/i0.wp.com\/xn--uascoquetas-1db.co\/wp-content\/uploads\/2025\/01\/Web.jpg?resize=350%2C200&ssl=1 1x, https:\/\/i0.wp.com\/xn--uascoquetas-1db.co\/wp-content\/uploads\/2025\/01\/Web.jpg?resize=525%2C300&ssl=1 1.5x, https:\/\/i0.wp.com\/xn--uascoquetas-1db.co\/wp-content\/uploads\/2025\/01\/Web.jpg?resize=700%2C400&ssl=1 2x"},"classes":[]},{"id":8442,"url":"https:\/\/xn--uascoquetas-1db.co\/?product=coleccion-estilo-gel-evolution-masglo","url_meta":{"origin":9413,"position":3},"title":"Colecci\u00f3n estilo Gel Evolution &#8211; Masglo","author":"U\u00f1as Coquetas","date":"18\/06\/2024","format":false,"excerpt":"Esmalte tradicional marca Colombiana Masglo tono Colecci\u00f3n estilo Gel Evolution","rel":"","context":"Entrada similar","block_context":{"text":"Entrada similar","link":""},"img":{"alt_text":"Colecci\u00f3n estilo masglo","src":"https:\/\/i0.wp.com\/xn--uascoquetas-1db.co\/wp-content\/uploads\/2024\/06\/Estilo-800px.png?resize=350%2C200&ssl=1","width":350,"height":200,"srcset":"https:\/\/i0.wp.com\/xn--uascoquetas-1db.co\/wp-content\/uploads\/2024\/06\/Estilo-800px.png?resize=350%2C200&ssl=1 1x, https:\/\/i0.wp.com\/xn--uascoquetas-1db.co\/wp-content\/uploads\/2024\/06\/Estilo-800px.png?resize=525%2C300&ssl=1 1.5x, https:\/\/i0.wp.com\/xn--uascoquetas-1db.co\/wp-content\/uploads\/2024\/06\/Estilo-800px.png?resize=700%2C400&ssl=1 2x"},"classes":[]},{"id":8668,"url":"https:\/\/xn--uascoquetas-1db.co\/?product=gel-polish-de-7-ml-masglo-2","url_meta":{"origin":9413,"position":4},"title":"Gel Polish de 7 ml &#8211; Masglo","author":"U\u00f1as Coquetas","date":"19\/07\/2024","format":false,"excerpt":"Esmalte tradicional marca Colombiana Masglo tono Gel Polish de 7 ml","rel":"","context":"Entrada similar","block_context":{"text":"Entrada similar","link":""},"img":{"alt_text":"","src":"https:\/\/i0.wp.com\/xn--uascoquetas-1db.co\/wp-content\/uploads\/2024\/07\/2.0-Con-fundas-01-01.jpg?resize=350%2C200&ssl=1","width":350,"height":200,"srcset":"https:\/\/i0.wp.com\/xn--uascoquetas-1db.co\/wp-content\/uploads\/2024\/07\/2.0-Con-fundas-01-01.jpg?resize=350%2C200&ssl=1 1x, https:\/\/i0.wp.com\/xn--uascoquetas-1db.co\/wp-content\/uploads\/2024\/07\/2.0-Con-fundas-01-01.jpg?resize=525%2C300&ssl=1 1.5x, https:\/\/i0.wp.com\/xn--uascoquetas-1db.co\/wp-content\/uploads\/2024\/07\/2.0-Con-fundas-01-01.jpg?resize=700%2C400&ssl=1 2x"},"classes":[]},{"id":8681,"url":"https:\/\/xn--uascoquetas-1db.co\/?product=top-gel-polish-de-14-ml-masglo","url_meta":{"origin":9413,"position":5},"title":"Top Gel Polish de 14 ml &#8211; Masglo","author":"U\u00f1as Coquetas","date":"19\/07\/2024","format":false,"excerpt":"Esmalte tradicional marca Colombiana Masglo tono Gel Polish de 7 ml","rel":"","context":"Entrada similar","block_context":{"text":"Entrada similar","link":""},"img":{"alt_text":"","src":"https:\/\/i0.wp.com\/xn--uascoquetas-1db.co\/wp-content\/uploads\/2024\/07\/Top-brillo-01.jpg?resize=350%2C200&ssl=1","width":350,"height":200,"srcset":"https:\/\/i0.wp.com\/xn--uascoquetas-1db.co\/wp-content\/uploads\/2024\/07\/Top-brillo-01.jpg?resize=350%2C200&ssl=1 1x, https:\/\/i0.wp.com\/xn--uascoquetas-1db.co\/wp-content\/uploads\/2024\/07\/Top-brillo-01.jpg?resize=525%2C300&ssl=1 1.5x, https:\/\/i0.wp.com\/xn--uascoquetas-1db.co\/wp-content\/uploads\/2024\/07\/Top-brillo-01.jpg?resize=700%2C400&ssl=1 2x, https:\/\/i0.wp.com\/xn--uascoquetas-1db.co\/wp-content\/uploads\/2024\/07\/Top-brillo-01.jpg?resize=1050%2C600&ssl=1 3x"},"classes":[]}],"_links":{"self":[{"href":"https:\/\/xn--uascoquetas-1db.co\/index.php?rest_route=\/wp\/v2\/product\/9413","targetHints":{"allow":["GET"]}}],"collection":[{"href":"https:\/\/xn--uascoquetas-1db.co\/index.php?rest_route=\/wp\/v2\/product"}],"about":[{"href":"https:\/\/xn--uascoquetas-1db.co\/index.php?rest_route=\/wp\/v2\/types\/product"}],"replies":[{"embeddable":true,"href":"https:\/\/xn--uascoquetas-1db.co\/index.php?rest_route=%2Fwp%2Fv2%2Fcomments&post=9413"}],"wp:featuredmedia":[{"embeddable":true,"href":"https:\/\/xn--uascoquetas-1db.co\/index.php?rest_route=\/wp\/v2\/media\/9414"}],"wp:attachment":[{"href":"https:\/\/xn--uascoquetas-1db.co\/index.php?rest_route=%2Fwp%2Fv2%2Fmedia&parent=9413"}],"wp:term":[{"taxonomy":"product_brand","embeddable":true,"href":"https:\/\/xn--uascoquetas-1db.co\/index.php?rest_route=%2Fwp%2Fv2%2Fproduct_brand&post=9413"},{"taxonomy":"product_cat","embeddable":true,"href":"https:\/\/xn--uascoquetas-1db.co\/index.php?rest_route=%2Fwp%2Fv2%2Fproduct_cat&post=9413"},{"taxonomy":"product_tag","embeddable":true,"href":"https:\/\/xn--uascoquetas-1db.co\/index.php?rest_route=%2Fwp%2Fv2%2Fproduct_tag&post=9413"}],"curies":[{"name":"wp","href":"https:\/\/api.w.org\/{rel}","templated":true}]}}