{"id":9515,"date":"2024-12-05T18:40:35","date_gmt":"2024-12-05T23:40:35","guid":{"rendered":"https:\/\/xn--uascoquetas-1db.co\/?post_type=product&#038;p=9515"},"modified":"2026-04-30T08:00:30","modified_gmt":"2026-04-30T13:00:30","slug":"mini-mat-redondo-blanco-mantel-de-silicona","status":"publish","type":"product","link":"https:\/\/xn--uascoquetas-1db.co\/?product=mini-mat-redondo-blanco-mantel-de-silicona","title":{"rendered":"Mini mat redondo &#8211; Mantel de silicona"},"content":{"rendered":"<p>Almohadilla Portable (mat o mantel) de Silicona<\/p>\n<h2>Caracter\u00edsticas<\/h2>\n<p>Un (1) mini mantel de silicona redondo<\/p>\n<p>Tama\u00f1o: 10 cm<br \/>\nMaterial: Silicona<br \/>\nPodras proteger tu \u00e1rea de trabajo, y hacer varias t\u00e9cnicas de stamping, decoraci\u00f3n y stickers.<br \/>\nF\u00e1cil de limpiar y almacenar.<\/p>\n<blockquote class=\"tiktok-embed\" cite=\"https:\/\/www.tiktok.com\/@unascoquetaz\/video\/7445099657161755959\" data-video-id=\"7445099657161755959\" data-embed-from=\"oembed\" style=\"max-width:605px; min-width:325px;\">\n<section> <a target=\"_blank\" title=\"@unascoquetaz\" href=\"https:\/\/www.tiktok.com\/@unascoquetaz?refer=embed\">@unascoquetaz<\/a> <\/p>\n<p>Respuesta a @entrestilos Es s\u00faper pr\u00e1ctico este mantel de silicona. Puedes hacer est\u00e1s t\u00e9cnicas de decoraci\u00f3n y muchas otras m\u00e1s. <a title=\"stampingnailart\" target=\"_blank\" href=\"https:\/\/www.tiktok.com\/tag\/stampingnailart?refer=embed\">#stampingnailart<\/a> <a title=\"nails\" target=\"_blank\" href=\"https:\/\/www.tiktok.com\/tag\/nails?refer=embed\">#nails<\/a> <a title=\"u\u00f1asdecoradas\" target=\"_blank\" href=\"https:\/\/www.tiktok.com\/tag\/u%C3%B1asdecoradas?refer=embed\">#u\u00f1asdecoradas<\/a> <a title=\"decoraciondeu\u00f1as\" target=\"_blank\" href=\"https:\/\/www.tiktok.com\/tag\/decoraciondeu%C3%B1as?refer=embed\">#decoraciondeu\u00f1as<\/a> <\/p>\n<p> <a target=\"_blank\" title=\"\u266c Funny Kids - Syafeea library\" href=\"https:\/\/www.tiktok.com\/music\/Funny-Kids-7248166603779065857?refer=embed\">\u266c Funny Kids &#8211; Syafeea library<\/a> <\/section>\n<\/blockquote>\n<p> <script async src=\"https:\/\/www.tiktok.com\/embed.js\"><\/script><\/p>\n","protected":false},"excerpt":{"rendered":"<p>Mantel peque\u00f1o de silicona, para usos varios en Nail Art y protector del sitio de trabajo.<\/p>\n","protected":false},"featured_media":9518,"comment_status":"open","ping_status":"closed","template":"","meta":{"_regular_price":[],"currency_symbol":[],"_uag_custom_page_level_css":""},"product_brand":[],"product_cat":[60,47],"product_tag":[41],"class_list":{"0":"post-9515","1":"product","2":"type-product","3":"status-publish","4":"has-post-thumbnail","6":"product_cat-auxiliares-para-estampar","7":"product_cat-materiales","8":"product_tag-stamping","9":"product_shipping_class-paquete-pequeno","10":"pa_color-azul-celeste","11":"pa_color-blanco","12":"pa_color-fucsia","13":"pa_color-fucsia-traslucido","14":"pa_color-negro","16":"first","17":"instock","18":"purchasable","19":"product-type-variable"},"post_slider_layout_featured_media_urls":{"thumbnail":["https:\/\/xn--uascoquetas-1db.co\/wp-content\/uploads\/2024\/12\/Mini-mat-redondo-blanco-150x150.jpg",150,150,true],"post_slider_layout_landscape_large":["https:\/\/xn--uascoquetas-1db.co\/wp-content\/uploads\/2024\/12\/Mini-mat-redondo-blanco.jpg",800,800,false],"post_slider_layout_portrait_large":["https:\/\/xn--uascoquetas-1db.co\/wp-content\/uploads\/2024\/12\/Mini-mat-redondo-blanco.jpg",800,800,false],"post_slider_layout_square_large":["https:\/\/xn--uascoquetas-1db.co\/wp-content\/uploads\/2024\/12\/Mini-mat-redondo-blanco.jpg",800,800,false],"post_slider_layout_landscape":["https:\/\/xn--uascoquetas-1db.co\/wp-content\/uploads\/2024\/12\/Mini-mat-redondo-blanco.jpg",400,400,false],"post_slider_layout_portrait":["https:\/\/xn--uascoquetas-1db.co\/wp-content\/uploads\/2024\/12\/Mini-mat-redondo-blanco.jpg",600,600,false],"post_slider_layout_square":["https:\/\/xn--uascoquetas-1db.co\/wp-content\/uploads\/2024\/12\/Mini-mat-redondo-blanco.jpg",600,600,false],"full":["https:\/\/xn--uascoquetas-1db.co\/wp-content\/uploads\/2024\/12\/Mini-mat-redondo-blanco.jpg",800,800,false]},"uagb_featured_image_src":{"full":["https:\/\/xn--uascoquetas-1db.co\/wp-content\/uploads\/2024\/12\/Mini-mat-redondo-blanco.jpg",800,800,false],"thumbnail":["https:\/\/xn--uascoquetas-1db.co\/wp-content\/uploads\/2024\/12\/Mini-mat-redondo-blanco-150x150.jpg",150,150,true],"medium":["https:\/\/xn--uascoquetas-1db.co\/wp-content\/uploads\/2024\/12\/Mini-mat-redondo-blanco-300x300.jpg",300,300,true],"medium_large":["https:\/\/xn--uascoquetas-1db.co\/wp-content\/uploads\/2024\/12\/Mini-mat-redondo-blanco-768x768.jpg",640,640,true],"large":["https:\/\/xn--uascoquetas-1db.co\/wp-content\/uploads\/2024\/12\/Mini-mat-redondo-blanco.jpg",640,640,false],"1536x1536":["https:\/\/xn--uascoquetas-1db.co\/wp-content\/uploads\/2024\/12\/Mini-mat-redondo-blanco.jpg",800,800,false],"2048x2048":["https:\/\/xn--uascoquetas-1db.co\/wp-content\/uploads\/2024\/12\/Mini-mat-redondo-blanco.jpg",800,800,false],"post_slider_layout_landscape_large":["https:\/\/xn--uascoquetas-1db.co\/wp-content\/uploads\/2024\/12\/Mini-mat-redondo-blanco.jpg",800,800,false],"post_slider_layout_portrait_large":["https:\/\/xn--uascoquetas-1db.co\/wp-content\/uploads\/2024\/12\/Mini-mat-redondo-blanco.jpg",800,800,false],"post_slider_layout_square_large":["https:\/\/xn--uascoquetas-1db.co\/wp-content\/uploads\/2024\/12\/Mini-mat-redondo-blanco.jpg",800,800,false],"post_slider_layout_landscape":["https:\/\/xn--uascoquetas-1db.co\/wp-content\/uploads\/2024\/12\/Mini-mat-redondo-blanco.jpg",400,400,false],"post_slider_layout_portrait":["https:\/\/xn--uascoquetas-1db.co\/wp-content\/uploads\/2024\/12\/Mini-mat-redondo-blanco.jpg",600,600,false],"post_slider_layout_square":["https:\/\/xn--uascoquetas-1db.co\/wp-content\/uploads\/2024\/12\/Mini-mat-redondo-blanco.jpg",600,600,false],"vw-kids-homepage-thumb":["https:\/\/xn--uascoquetas-1db.co\/wp-content\/uploads\/2024\/12\/Mini-mat-redondo-blanco-240x145.jpg",240,145,true],"woocommerce_thumbnail":["https:\/\/xn--uascoquetas-1db.co\/wp-content\/uploads\/2024\/12\/Mini-mat-redondo-blanco-300x300.jpg",300,300,true],"woocommerce_single":["https:\/\/xn--uascoquetas-1db.co\/wp-content\/uploads\/2024\/12\/Mini-mat-redondo-blanco-600x600.jpg",600,600,true],"woocommerce_gallery_thumbnail":["https:\/\/xn--uascoquetas-1db.co\/wp-content\/uploads\/2024\/12\/Mini-mat-redondo-blanco-100x100.jpg",100,100,true],"variation_swatches_image_size":["https:\/\/xn--uascoquetas-1db.co\/wp-content\/uploads\/2024\/12\/Mini-mat-redondo-blanco-50x50.jpg",50,50,true],"variation_swatches_tooltip_size":["https:\/\/xn--uascoquetas-1db.co\/wp-content\/uploads\/2024\/12\/Mini-mat-redondo-blanco-100x100.jpg",100,100,true]},"uagb_author_info":{"display_name":"U\u00f1as Coquetas","author_link":"https:\/\/xn--uascoquetas-1db.co\/?author=0"},"uagb_comment_info":0,"uagb_excerpt":"Mantel peque\u00f1o de silicona, para usos varios en Nail Art y protector del sitio de trabajo.","jetpack_sharing_enabled":true,"jetpack-related-posts":[{"id":10211,"url":"https:\/\/xn--uascoquetas-1db.co\/?product=mini-mat-cuadrado-mantel-de-silicona-5-x-5-cm","url_meta":{"origin":9515,"position":0},"title":"Mini mat cuadrado &#8211; Mantel de silicona 5 x 5 cm","author":"U\u00f1as Coquetas","date":"13\/05\/2025","format":false,"excerpt":"Mantel peque\u00f1o de silicona, para usos varios en Nail Art.","rel":"","context":"Entrada similar","block_context":{"text":"Entrada similar","link":""},"img":{"alt_text":"","src":"https:\/\/i0.wp.com\/xn--uascoquetas-1db.co\/wp-content\/uploads\/2025\/05\/Portada-ML.jpg?resize=350%2C200&ssl=1","width":350,"height":200,"srcset":"https:\/\/i0.wp.com\/xn--uascoquetas-1db.co\/wp-content\/uploads\/2025\/05\/Portada-ML.jpg?resize=350%2C200&ssl=1 1x, https:\/\/i0.wp.com\/xn--uascoquetas-1db.co\/wp-content\/uploads\/2025\/05\/Portada-ML.jpg?resize=525%2C300&ssl=1 1.5x, https:\/\/i0.wp.com\/xn--uascoquetas-1db.co\/wp-content\/uploads\/2025\/05\/Portada-ML.jpg?resize=700%2C400&ssl=1 2x"},"classes":[]},{"id":10224,"url":"https:\/\/xn--uascoquetas-1db.co\/?product=set-de-mini-mat-cuadrado-transparente","url_meta":{"origin":9515,"position":1},"title":"Set de Mini mat cuadrado transparente","author":"U\u00f1as Coquetas","date":"13\/05\/2025","format":false,"excerpt":"Mantel peque\u00f1o de silicona, para usos varios en Nail Art.","rel":"","context":"Entrada similar","block_context":{"text":"Entrada similar","link":""},"img":{"alt_text":"","src":"https:\/\/i0.wp.com\/xn--uascoquetas-1db.co\/wp-content\/uploads\/2025\/05\/Pack-siliconas.jpg?resize=350%2C200&ssl=1","width":350,"height":200,"srcset":"https:\/\/i0.wp.com\/xn--uascoquetas-1db.co\/wp-content\/uploads\/2025\/05\/Pack-siliconas.jpg?resize=350%2C200&ssl=1 1x, https:\/\/i0.wp.com\/xn--uascoquetas-1db.co\/wp-content\/uploads\/2025\/05\/Pack-siliconas.jpg?resize=525%2C300&ssl=1 1.5x, https:\/\/i0.wp.com\/xn--uascoquetas-1db.co\/wp-content\/uploads\/2025\/05\/Pack-siliconas.jpg?resize=700%2C400&ssl=1 2x"},"classes":[]},{"id":10220,"url":"https:\/\/xn--uascoquetas-1db.co\/?product=mini-mat-cuadrado-mantel-de-silicona-10-x-10-cm","url_meta":{"origin":9515,"position":2},"title":"Mini mat cuadrado &#8211; Mantel de silicona 10 x 10 cm","author":"U\u00f1as Coquetas","date":"13\/05\/2025","format":false,"excerpt":"Mantel peque\u00f1o de silicona, para usos varios en Nail Art.","rel":"","context":"Entrada similar","block_context":{"text":"Entrada similar","link":""},"img":{"alt_text":"","src":"https:\/\/i0.wp.com\/xn--uascoquetas-1db.co\/wp-content\/uploads\/2025\/05\/Mini-mat-silicona-cuadrada.jpg?resize=350%2C200&ssl=1","width":350,"height":200,"srcset":"https:\/\/i0.wp.com\/xn--uascoquetas-1db.co\/wp-content\/uploads\/2025\/05\/Mini-mat-silicona-cuadrada.jpg?resize=350%2C200&ssl=1 1x, https:\/\/i0.wp.com\/xn--uascoquetas-1db.co\/wp-content\/uploads\/2025\/05\/Mini-mat-silicona-cuadrada.jpg?resize=525%2C300&ssl=1 1.5x, https:\/\/i0.wp.com\/xn--uascoquetas-1db.co\/wp-content\/uploads\/2025\/05\/Mini-mat-silicona-cuadrada.jpg?resize=700%2C400&ssl=1 2x"},"classes":[]},{"id":4614,"url":"https:\/\/xn--uascoquetas-1db.co\/?product=mini-mat-mini-mantel-de-silicona-motivo-3-circulos-y-figuras","url_meta":{"origin":9515,"position":3},"title":"Mini mantel de Silicona \u2013 Motivo 3 (C\u00edrculos y figuras)","author":"U\u00f1as Coquetas","date":"01\/09\/2023","format":false,"excerpt":"Mantel peque\u00f1o de silicona, para usos varios en Nail Art y protector del sitio de trabajo.","rel":"","context":"Entrada similar","block_context":{"text":"Entrada similar","link":""},"img":{"alt_text":"Mini mat motivo 3","src":"https:\/\/i0.wp.com\/xn--uascoquetas-1db.co\/wp-content\/uploads\/2023\/09\/Motivo3.png?resize=350%2C200&ssl=1","width":350,"height":200,"srcset":"https:\/\/i0.wp.com\/xn--uascoquetas-1db.co\/wp-content\/uploads\/2023\/09\/Motivo3.png?resize=350%2C200&ssl=1 1x, https:\/\/i0.wp.com\/xn--uascoquetas-1db.co\/wp-content\/uploads\/2023\/09\/Motivo3.png?resize=525%2C300&ssl=1 1.5x, https:\/\/i0.wp.com\/xn--uascoquetas-1db.co\/wp-content\/uploads\/2023\/09\/Motivo3.png?resize=700%2C400&ssl=1 2x, https:\/\/i0.wp.com\/xn--uascoquetas-1db.co\/wp-content\/uploads\/2023\/09\/Motivo3.png?resize=1050%2C600&ssl=1 3x, https:\/\/i0.wp.com\/xn--uascoquetas-1db.co\/wp-content\/uploads\/2023\/09\/Motivo3.png?resize=1400%2C800&ssl=1 4x"},"classes":[]},{"id":4612,"url":"https:\/\/xn--uascoquetas-1db.co\/?product=mini-mat-mini-mantel-de-silicona-motivo-2-unas-y-cuadriculas","url_meta":{"origin":9515,"position":4},"title":"Mini mantel de Silicona \u2013 Motivo 2 (U\u00f1as y cuadr\u00edculas)","author":"U\u00f1as Coquetas","date":"01\/09\/2023","format":false,"excerpt":"Un mantel peque\u00f1o de silicona, para usos varios en Nail Art y protector del sitio de trabajo.","rel":"","context":"Entrada similar","block_context":{"text":"Entrada similar","link":""},"img":{"alt_text":"Minimat motivo 2","src":"https:\/\/i0.wp.com\/xn--uascoquetas-1db.co\/wp-content\/uploads\/2023\/09\/Motivo2.png?resize=350%2C200&ssl=1","width":350,"height":200,"srcset":"https:\/\/i0.wp.com\/xn--uascoquetas-1db.co\/wp-content\/uploads\/2023\/09\/Motivo2.png?resize=350%2C200&ssl=1 1x, https:\/\/i0.wp.com\/xn--uascoquetas-1db.co\/wp-content\/uploads\/2023\/09\/Motivo2.png?resize=525%2C300&ssl=1 1.5x, https:\/\/i0.wp.com\/xn--uascoquetas-1db.co\/wp-content\/uploads\/2023\/09\/Motivo2.png?resize=700%2C400&ssl=1 2x, https:\/\/i0.wp.com\/xn--uascoquetas-1db.co\/wp-content\/uploads\/2023\/09\/Motivo2.png?resize=1050%2C600&ssl=1 3x, https:\/\/i0.wp.com\/xn--uascoquetas-1db.co\/wp-content\/uploads\/2023\/09\/Motivo2.png?resize=1400%2C800&ssl=1 4x"},"classes":[]},{"id":4608,"url":"https:\/\/xn--uascoquetas-1db.co\/?product=mini-mat-mini-mantel-de-silicona-motivo-1-solo-unas","url_meta":{"origin":9515,"position":5},"title":"Mini mantel de Silicona \u2013 Motivo 1 (Solo u\u00f1as)","author":"U\u00f1as Coquetas","date":"01\/09\/2023","format":false,"excerpt":"Un mantel peque\u00f1o de silicona, para usos varios en Nail Art y protector del sitio de trabajo.","rel":"","context":"Entrada similar","block_context":{"text":"Entrada similar","link":""},"img":{"alt_text":"Minimat motivo 1","src":"https:\/\/i0.wp.com\/xn--uascoquetas-1db.co\/wp-content\/uploads\/2023\/09\/Motivo1.png?resize=350%2C200&ssl=1","width":350,"height":200,"srcset":"https:\/\/i0.wp.com\/xn--uascoquetas-1db.co\/wp-content\/uploads\/2023\/09\/Motivo1.png?resize=350%2C200&ssl=1 1x, https:\/\/i0.wp.com\/xn--uascoquetas-1db.co\/wp-content\/uploads\/2023\/09\/Motivo1.png?resize=525%2C300&ssl=1 1.5x, https:\/\/i0.wp.com\/xn--uascoquetas-1db.co\/wp-content\/uploads\/2023\/09\/Motivo1.png?resize=700%2C400&ssl=1 2x, https:\/\/i0.wp.com\/xn--uascoquetas-1db.co\/wp-content\/uploads\/2023\/09\/Motivo1.png?resize=1050%2C600&ssl=1 3x, https:\/\/i0.wp.com\/xn--uascoquetas-1db.co\/wp-content\/uploads\/2023\/09\/Motivo1.png?resize=1400%2C800&ssl=1 4x"},"classes":[]}],"_links":{"self":[{"href":"https:\/\/xn--uascoquetas-1db.co\/index.php?rest_route=\/wp\/v2\/product\/9515","targetHints":{"allow":["GET"]}}],"collection":[{"href":"https:\/\/xn--uascoquetas-1db.co\/index.php?rest_route=\/wp\/v2\/product"}],"about":[{"href":"https:\/\/xn--uascoquetas-1db.co\/index.php?rest_route=\/wp\/v2\/types\/product"}],"replies":[{"embeddable":true,"href":"https:\/\/xn--uascoquetas-1db.co\/index.php?rest_route=%2Fwp%2Fv2%2Fcomments&post=9515"}],"wp:featuredmedia":[{"embeddable":true,"href":"https:\/\/xn--uascoquetas-1db.co\/index.php?rest_route=\/wp\/v2\/media\/9518"}],"wp:attachment":[{"href":"https:\/\/xn--uascoquetas-1db.co\/index.php?rest_route=%2Fwp%2Fv2%2Fmedia&parent=9515"}],"wp:term":[{"taxonomy":"product_brand","embeddable":true,"href":"https:\/\/xn--uascoquetas-1db.co\/index.php?rest_route=%2Fwp%2Fv2%2Fproduct_brand&post=9515"},{"taxonomy":"product_cat","embeddable":true,"href":"https:\/\/xn--uascoquetas-1db.co\/index.php?rest_route=%2Fwp%2Fv2%2Fproduct_cat&post=9515"},{"taxonomy":"product_tag","embeddable":true,"href":"https:\/\/xn--uascoquetas-1db.co\/index.php?rest_route=%2Fwp%2Fv2%2Fproduct_tag&post=9515"}],"curies":[{"name":"wp","href":"https:\/\/api.w.org\/{rel}","templated":true}]}}