{"id":9541,"date":"2024-12-10T10:17:29","date_gmt":"2024-12-10T15:17:29","guid":{"rendered":"https:\/\/xn--uascoquetas-1db.co\/?post_type=product&#038;p=9541"},"modified":"2026-02-18T10:44:51","modified_gmt":"2026-02-18T15:44:51","slug":"deseos-de-navidad-placa-tiny-placa-acrilica-h-la-cosedora","status":"publish","type":"product","link":"https:\/\/xn--uascoquetas-1db.co\/?product=deseos-de-navidad-placa-tiny-placa-acrilica-h-la-cosedora","title":{"rendered":"Deseos de Navidad &#8211; Placa Tiny &#8211; Placa acr\u00edlica &#8211; H la Cosedora"},"content":{"rendered":"<p>Placa acr\u00edlica Marca H la Cosedora<\/p>\n<h2>Caracter\u00edsticas:<\/h2>\n<p>Una (1) Placa Rectangular con dise\u00f1o a elecci\u00f3n<br \/>\nTama\u00f1o: 6 X 9 cm Aproximadamente<br \/>\nMaterial: Acr\u00edlico<\/p>\n<h2>Recomendaciones<\/h2>\n<p>Para limpiar la placa debes usar un removedor suave que NO contega acetona.<br \/>\nDebes limpiar la placa despu\u00e9s de su uso.<\/p>\n","protected":false},"excerpt":{"rendered":"<table width=\"375\">\n<tbody>\n<tr>\n<td width=\"375\">Placa acr\u00edlica para estampar u\u00f1as, marca Colombiana H la Cosedora con hermosas figuras de mensajes de navidad, reno complementario, mu\u00f1eco de nieve complementario, corona complementaria.<\/td>\n<\/tr>\n<\/tbody>\n<\/table>\n","protected":false},"featured_media":9525,"comment_status":"open","ping_status":"closed","template":"","meta":{"_regular_price":["9500"],"currency_symbol":[],"_uag_custom_page_level_css":""},"product_brand":[],"product_cat":[62,24,404],"product_tag":[84,199,54,41],"class_list":{"0":"post-9541","1":"product","2":"type-product","3":"status-publish","4":"has-post-thumbnail","6":"product_cat-h-la-cosedora","7":"product_cat-placas-de-estampar","8":"product_cat-tiny","9":"product_tag-acrilico","10":"product_tag-complementarias","11":"product_tag-navidad","12":"product_tag-stamping","13":"product_shipping_class-paquete-pequeno","15":"first","16":"instock","17":"purchasable","18":"product-type-simple"},"post_slider_layout_featured_media_urls":{"thumbnail":["https:\/\/xn--uascoquetas-1db.co\/wp-content\/uploads\/2024\/12\/Deseos-de-navidad_800px-150x150.jpg",150,150,true],"post_slider_layout_landscape_large":["https:\/\/xn--uascoquetas-1db.co\/wp-content\/uploads\/2024\/12\/Deseos-de-navidad_800px.jpg",800,800,false],"post_slider_layout_portrait_large":["https:\/\/xn--uascoquetas-1db.co\/wp-content\/uploads\/2024\/12\/Deseos-de-navidad_800px.jpg",800,800,false],"post_slider_layout_square_large":["https:\/\/xn--uascoquetas-1db.co\/wp-content\/uploads\/2024\/12\/Deseos-de-navidad_800px.jpg",800,800,false],"post_slider_layout_landscape":["https:\/\/xn--uascoquetas-1db.co\/wp-content\/uploads\/2024\/12\/Deseos-de-navidad_800px.jpg",400,400,false],"post_slider_layout_portrait":["https:\/\/xn--uascoquetas-1db.co\/wp-content\/uploads\/2024\/12\/Deseos-de-navidad_800px.jpg",600,600,false],"post_slider_layout_square":["https:\/\/xn--uascoquetas-1db.co\/wp-content\/uploads\/2024\/12\/Deseos-de-navidad_800px.jpg",600,600,false],"full":["https:\/\/xn--uascoquetas-1db.co\/wp-content\/uploads\/2024\/12\/Deseos-de-navidad_800px.jpg",800,800,false]},"uagb_featured_image_src":{"full":["https:\/\/xn--uascoquetas-1db.co\/wp-content\/uploads\/2024\/12\/Deseos-de-navidad_800px.jpg",800,800,false],"thumbnail":["https:\/\/xn--uascoquetas-1db.co\/wp-content\/uploads\/2024\/12\/Deseos-de-navidad_800px-150x150.jpg",150,150,true],"medium":["https:\/\/xn--uascoquetas-1db.co\/wp-content\/uploads\/2024\/12\/Deseos-de-navidad_800px-300x300.jpg",300,300,true],"medium_large":["https:\/\/xn--uascoquetas-1db.co\/wp-content\/uploads\/2024\/12\/Deseos-de-navidad_800px-768x768.jpg",640,640,true],"large":["https:\/\/xn--uascoquetas-1db.co\/wp-content\/uploads\/2024\/12\/Deseos-de-navidad_800px.jpg",640,640,false],"1536x1536":["https:\/\/xn--uascoquetas-1db.co\/wp-content\/uploads\/2024\/12\/Deseos-de-navidad_800px.jpg",800,800,false],"2048x2048":["https:\/\/xn--uascoquetas-1db.co\/wp-content\/uploads\/2024\/12\/Deseos-de-navidad_800px.jpg",800,800,false],"post_slider_layout_landscape_large":["https:\/\/xn--uascoquetas-1db.co\/wp-content\/uploads\/2024\/12\/Deseos-de-navidad_800px.jpg",800,800,false],"post_slider_layout_portrait_large":["https:\/\/xn--uascoquetas-1db.co\/wp-content\/uploads\/2024\/12\/Deseos-de-navidad_800px.jpg",800,800,false],"post_slider_layout_square_large":["https:\/\/xn--uascoquetas-1db.co\/wp-content\/uploads\/2024\/12\/Deseos-de-navidad_800px.jpg",800,800,false],"post_slider_layout_landscape":["https:\/\/xn--uascoquetas-1db.co\/wp-content\/uploads\/2024\/12\/Deseos-de-navidad_800px.jpg",400,400,false],"post_slider_layout_portrait":["https:\/\/xn--uascoquetas-1db.co\/wp-content\/uploads\/2024\/12\/Deseos-de-navidad_800px.jpg",600,600,false],"post_slider_layout_square":["https:\/\/xn--uascoquetas-1db.co\/wp-content\/uploads\/2024\/12\/Deseos-de-navidad_800px.jpg",600,600,false],"vw-kids-homepage-thumb":["https:\/\/xn--uascoquetas-1db.co\/wp-content\/uploads\/2024\/12\/Deseos-de-navidad_800px-240x145.jpg",240,145,true],"woocommerce_thumbnail":["https:\/\/xn--uascoquetas-1db.co\/wp-content\/uploads\/2024\/12\/Deseos-de-navidad_800px-300x300.jpg",300,300,true],"woocommerce_single":["https:\/\/xn--uascoquetas-1db.co\/wp-content\/uploads\/2024\/12\/Deseos-de-navidad_800px-600x600.jpg",600,600,true],"woocommerce_gallery_thumbnail":["https:\/\/xn--uascoquetas-1db.co\/wp-content\/uploads\/2024\/12\/Deseos-de-navidad_800px-100x100.jpg",100,100,true],"variation_swatches_image_size":["https:\/\/xn--uascoquetas-1db.co\/wp-content\/uploads\/2024\/12\/Deseos-de-navidad_800px-50x50.jpg",50,50,true],"variation_swatches_tooltip_size":["https:\/\/xn--uascoquetas-1db.co\/wp-content\/uploads\/2024\/12\/Deseos-de-navidad_800px-100x100.jpg",100,100,true]},"uagb_author_info":{"display_name":"U\u00f1as Coquetas","author_link":"https:\/\/xn--uascoquetas-1db.co\/?author=0"},"uagb_comment_info":0,"uagb_excerpt":"Placa acr\u00edlica para estampar u\u00f1as, marca Colombiana H la Cosedora con hermosas figuras de mensajes de navidad, reno complementario, mu\u00f1eco de nieve complementario, corona complementaria.","jetpack_sharing_enabled":true,"jetpack-related-posts":[{"id":5203,"url":"https:\/\/xn--uascoquetas-1db.co\/?product=snowflake-placa-acrilica-h-la-cosedora","url_meta":{"origin":9541,"position":0},"title":"Snowflake &#8211; Placa acr\u00edlica &#8211; H la Cosedora","author":"U\u00f1as Coquetas","date":"24\/09\/2023","format":false,"excerpt":"Placa acr\u00edlica para estampar u\u00f1as, marca Colombiana H la Cosedora con hermosas figuras de navidad, invierno, fr\u00edo","rel":"","context":"Entrada similar","block_context":{"text":"Entrada similar","link":""},"img":{"alt_text":"Snowflake H la Cosedora","src":"https:\/\/i0.wp.com\/xn--uascoquetas-1db.co\/wp-content\/uploads\/2023\/09\/Snowflake-800-x-800_Mesa-de-trabajo-1.jpg?resize=350%2C200&ssl=1","width":350,"height":200,"srcset":"https:\/\/i0.wp.com\/xn--uascoquetas-1db.co\/wp-content\/uploads\/2023\/09\/Snowflake-800-x-800_Mesa-de-trabajo-1.jpg?resize=350%2C200&ssl=1 1x, https:\/\/i0.wp.com\/xn--uascoquetas-1db.co\/wp-content\/uploads\/2023\/09\/Snowflake-800-x-800_Mesa-de-trabajo-1.jpg?resize=525%2C300&ssl=1 1.5x, https:\/\/i0.wp.com\/xn--uascoquetas-1db.co\/wp-content\/uploads\/2023\/09\/Snowflake-800-x-800_Mesa-de-trabajo-1.jpg?resize=700%2C400&ssl=1 2x"},"classes":[]},{"id":5135,"url":"https:\/\/xn--uascoquetas-1db.co\/?product=celebraciones-1-0-placa-acrilica-h-la-cosedora","url_meta":{"origin":9541,"position":1},"title":"Celebraciones 1.0 &#8211; placa acr\u00edlica &#8211; H la Cosedora","author":"U\u00f1as Coquetas","date":"20\/09\/2023","format":false,"excerpt":"Placa acr\u00edlica para estampar u\u00f1as, marca Colombiana H la Cosedora con hermosas figuras de navidad, amor y amistad, fin de a\u00f1o y halloween","rel":"","context":"Entrada similar","block_context":{"text":"Entrada similar","link":""},"img":{"alt_text":"Celebraciones 1.0 H la Cosedora","src":"https:\/\/i0.wp.com\/xn--uascoquetas-1db.co\/wp-content\/uploads\/2023\/09\/Celebraciones-1_Mesa-de-trabajo-1.jpg?resize=350%2C200&ssl=1","width":350,"height":200,"srcset":"https:\/\/i0.wp.com\/xn--uascoquetas-1db.co\/wp-content\/uploads\/2023\/09\/Celebraciones-1_Mesa-de-trabajo-1.jpg?resize=350%2C200&ssl=1 1x, https:\/\/i0.wp.com\/xn--uascoquetas-1db.co\/wp-content\/uploads\/2023\/09\/Celebraciones-1_Mesa-de-trabajo-1.jpg?resize=525%2C300&ssl=1 1.5x"},"classes":[]},{"id":5177,"url":"https:\/\/xn--uascoquetas-1db.co\/?product=guerra-de-pinceles-placa-acrilica-h-la-cosedora","url_meta":{"origin":9541,"position":2},"title":"Guerra de pinceles-Placa acr\u00edlica-H la Cosedora","author":"U\u00f1as Coquetas","date":"24\/09\/2023","format":false,"excerpt":"Placa acr\u00edlica para estampar u\u00f1as, marca Colombiana H la Cosedora con hermosas figuras de halloween, navidad, animales, flores, variada","rel":"","context":"Entrada similar","block_context":{"text":"Entrada similar","link":""},"img":{"alt_text":"Guerra de pinceles","src":"https:\/\/i0.wp.com\/xn--uascoquetas-1db.co\/wp-content\/uploads\/2023\/09\/Guerra-de-pinceles-800x800_Mesa-de-trabajo-1.jpg?resize=350%2C200&ssl=1","width":350,"height":200,"srcset":"https:\/\/i0.wp.com\/xn--uascoquetas-1db.co\/wp-content\/uploads\/2023\/09\/Guerra-de-pinceles-800x800_Mesa-de-trabajo-1.jpg?resize=350%2C200&ssl=1 1x, https:\/\/i0.wp.com\/xn--uascoquetas-1db.co\/wp-content\/uploads\/2023\/09\/Guerra-de-pinceles-800x800_Mesa-de-trabajo-1.jpg?resize=525%2C300&ssl=1 1.5x, https:\/\/i0.wp.com\/xn--uascoquetas-1db.co\/wp-content\/uploads\/2023\/09\/Guerra-de-pinceles-800x800_Mesa-de-trabajo-1.jpg?resize=700%2C400&ssl=1 2x"},"classes":[]},{"id":5179,"url":"https:\/\/xn--uascoquetas-1db.co\/?product=india-placa-acrilica-h-la-cosedora","url_meta":{"origin":9541,"position":3},"title":"India &#8211; Placa acr\u00edlica &#8211; H la Cosedora","author":"U\u00f1as Coquetas","date":"24\/09\/2023","format":false,"excerpt":"Placa acr\u00edlica para estampar u\u00f1as, marca Colombiana H la Cosedora con hermosas figuras de mandalas","rel":"","context":"Entrada similar","block_context":{"text":"Entrada similar","link":""},"img":{"alt_text":"India H la Cosedora","src":"https:\/\/i0.wp.com\/xn--uascoquetas-1db.co\/wp-content\/uploads\/2023\/09\/India-800-x-800_Mesa-de-trabajo-1.jpg?resize=350%2C200&ssl=1","width":350,"height":200,"srcset":"https:\/\/i0.wp.com\/xn--uascoquetas-1db.co\/wp-content\/uploads\/2023\/09\/India-800-x-800_Mesa-de-trabajo-1.jpg?resize=350%2C200&ssl=1 1x, https:\/\/i0.wp.com\/xn--uascoquetas-1db.co\/wp-content\/uploads\/2023\/09\/India-800-x-800_Mesa-de-trabajo-1.jpg?resize=525%2C300&ssl=1 1.5x, https:\/\/i0.wp.com\/xn--uascoquetas-1db.co\/wp-content\/uploads\/2023\/09\/India-800-x-800_Mesa-de-trabajo-1.jpg?resize=700%2C400&ssl=1 2x"},"classes":[]},{"id":5195,"url":"https:\/\/xn--uascoquetas-1db.co\/?product=love-us-placa-acrilica-h-la-cosedora","url_meta":{"origin":9541,"position":4},"title":"Love Us &#8211; Placa acr\u00edlica &#8211; H la Cosedora","author":"U\u00f1as Coquetas","date":"24\/09\/2023","format":false,"excerpt":"Placa acr\u00edlica para estampar u\u00f1as, marca Colombiana H la Cosedora con hermosas figuras de animales \u00a0","rel":"","context":"Entrada similar","block_context":{"text":"Entrada similar","link":""},"img":{"alt_text":"Love us H la Cosedora","src":"https:\/\/i0.wp.com\/xn--uascoquetas-1db.co\/wp-content\/uploads\/2023\/09\/Love-us-800-x-800_Mesa-de-trabajo-1.jpg?resize=350%2C200&ssl=1","width":350,"height":200,"srcset":"https:\/\/i0.wp.com\/xn--uascoquetas-1db.co\/wp-content\/uploads\/2023\/09\/Love-us-800-x-800_Mesa-de-trabajo-1.jpg?resize=350%2C200&ssl=1 1x, https:\/\/i0.wp.com\/xn--uascoquetas-1db.co\/wp-content\/uploads\/2023\/09\/Love-us-800-x-800_Mesa-de-trabajo-1.jpg?resize=525%2C300&ssl=1 1.5x, https:\/\/i0.wp.com\/xn--uascoquetas-1db.co\/wp-content\/uploads\/2023\/09\/Love-us-800-x-800_Mesa-de-trabajo-1.jpg?resize=700%2C400&ssl=1 2x"},"classes":[]},{"id":5213,"url":"https:\/\/xn--uascoquetas-1db.co\/?product=yantra-mansala-placa-acrilica-h-la-cosedora","url_meta":{"origin":9541,"position":5},"title":"Yantra Mansala &#8211; Placa acr\u00edlica &#8211; H la Cosedora","author":"U\u00f1as Coquetas","date":"24\/09\/2023","format":false,"excerpt":"Placa acr\u00edlica para estampar u\u00f1as, marca Colombiana H la Cosedora con hermosas figuras de mandalas","rel":"","context":"Entrada similar","block_context":{"text":"Entrada similar","link":""},"img":{"alt_text":"Yantra mansala H la Cosedora","src":"https:\/\/i0.wp.com\/xn--uascoquetas-1db.co\/wp-content\/uploads\/2023\/09\/Yantra-Mansala-800-x-800_Mesa-de-trabajo-1.jpg?resize=350%2C200&ssl=1","width":350,"height":200,"srcset":"https:\/\/i0.wp.com\/xn--uascoquetas-1db.co\/wp-content\/uploads\/2023\/09\/Yantra-Mansala-800-x-800_Mesa-de-trabajo-1.jpg?resize=350%2C200&ssl=1 1x, https:\/\/i0.wp.com\/xn--uascoquetas-1db.co\/wp-content\/uploads\/2023\/09\/Yantra-Mansala-800-x-800_Mesa-de-trabajo-1.jpg?resize=525%2C300&ssl=1 1.5x, https:\/\/i0.wp.com\/xn--uascoquetas-1db.co\/wp-content\/uploads\/2023\/09\/Yantra-Mansala-800-x-800_Mesa-de-trabajo-1.jpg?resize=700%2C400&ssl=1 2x"},"classes":[]}],"_links":{"self":[{"href":"https:\/\/xn--uascoquetas-1db.co\/index.php?rest_route=\/wp\/v2\/product\/9541","targetHints":{"allow":["GET"]}}],"collection":[{"href":"https:\/\/xn--uascoquetas-1db.co\/index.php?rest_route=\/wp\/v2\/product"}],"about":[{"href":"https:\/\/xn--uascoquetas-1db.co\/index.php?rest_route=\/wp\/v2\/types\/product"}],"replies":[{"embeddable":true,"href":"https:\/\/xn--uascoquetas-1db.co\/index.php?rest_route=%2Fwp%2Fv2%2Fcomments&post=9541"}],"wp:featuredmedia":[{"embeddable":true,"href":"https:\/\/xn--uascoquetas-1db.co\/index.php?rest_route=\/wp\/v2\/media\/9525"}],"wp:attachment":[{"href":"https:\/\/xn--uascoquetas-1db.co\/index.php?rest_route=%2Fwp%2Fv2%2Fmedia&parent=9541"}],"wp:term":[{"taxonomy":"product_brand","embeddable":true,"href":"https:\/\/xn--uascoquetas-1db.co\/index.php?rest_route=%2Fwp%2Fv2%2Fproduct_brand&post=9541"},{"taxonomy":"product_cat","embeddable":true,"href":"https:\/\/xn--uascoquetas-1db.co\/index.php?rest_route=%2Fwp%2Fv2%2Fproduct_cat&post=9541"},{"taxonomy":"product_tag","embeddable":true,"href":"https:\/\/xn--uascoquetas-1db.co\/index.php?rest_route=%2Fwp%2Fv2%2Fproduct_tag&post=9541"}],"curies":[{"name":"wp","href":"https:\/\/api.w.org\/{rel}","templated":true}]}}