{"id":9571,"date":"2024-12-11T16:25:38","date_gmt":"2024-12-11T21:25:38","guid":{"rendered":"https:\/\/xn--uascoquetas-1db.co\/?post_type=product&#038;p=9571"},"modified":"2025-12-09T10:00:18","modified_gmt":"2025-12-09T15:00:18","slug":"estuche-edicion-limitada-unas-coquetas","status":"publish","type":"product","link":"https:\/\/xn--uascoquetas-1db.co\/?product=estuche-edicion-limitada-unas-coquetas","title":{"rendered":"Estuche Edici\u00f3n Limitada U\u00f1as Coquetas"},"content":{"rendered":"<p>Precioso y \u00fatil estuche de U\u00f1as Coquetas, para que guardes tus mini placas y alg\u00fan mini set de decoraci\u00f3n de u\u00f1as que desees transportar. Es edici\u00f3n limitada, una vez se agoten las referencias en stock, no volver\u00e1n a salir.<\/p>\n<p>Un (1) Estuche vac\u00edo<br \/>\nArt\u00edculo completamente nuevo<br \/>\nTama\u00f1o: 9 X 11 x 4 cm<\/p>\n<p>Excelente material, con caras r\u00edgidas para no maltratar lo que se coloque en el interior.<\/p>\n<p>Con cremallera.<\/p>\n<p>Interior del estuche con dos bolsillos.<\/p>\n<p>Argolla, para colocar llavero.<\/p>\n","protected":false},"excerpt":{"rendered":"<p>Estuche pr\u00e1ctico y vers\u00e1til para llevar tus cositas u\u00f1iles a cualquier lugar.<\/p>\n","protected":false},"featured_media":9574,"comment_status":"open","ping_status":"closed","template":"","meta":{"_regular_price":["13000"],"currency_symbol":[],"_uag_custom_page_level_css":""},"product_brand":[],"product_cat":[59,241],"product_tag":[185,39,134,41],"class_list":{"0":"post-9571","1":"product","2":"type-product","3":"status-publish","4":"has-post-thumbnail","6":"product_cat-kits-de-stamping","7":"product_cat-stamping","8":"product_tag-kits-de-stamping","9":"product_tag-metalico","10":"product_tag-placas","11":"product_tag-stamping","12":"product_shipping_class-paquete-pequeno","14":"first","15":"instock","16":"purchasable","17":"product-type-simple"},"post_slider_layout_featured_media_urls":{"thumbnail":["https:\/\/xn--uascoquetas-1db.co\/wp-content\/uploads\/2024\/12\/Estuche-portada-150x150.jpg",150,150,true],"post_slider_layout_landscape_large":["https:\/\/xn--uascoquetas-1db.co\/wp-content\/uploads\/2024\/12\/Estuche-portada.jpg",800,800,false],"post_slider_layout_portrait_large":["https:\/\/xn--uascoquetas-1db.co\/wp-content\/uploads\/2024\/12\/Estuche-portada.jpg",800,800,false],"post_slider_layout_square_large":["https:\/\/xn--uascoquetas-1db.co\/wp-content\/uploads\/2024\/12\/Estuche-portada.jpg",800,800,false],"post_slider_layout_landscape":["https:\/\/xn--uascoquetas-1db.co\/wp-content\/uploads\/2024\/12\/Estuche-portada-600x400.jpg",600,400,true],"post_slider_layout_portrait":["https:\/\/xn--uascoquetas-1db.co\/wp-content\/uploads\/2024\/12\/Estuche-portada-600x800.jpg",600,800,true],"post_slider_layout_square":["https:\/\/xn--uascoquetas-1db.co\/wp-content\/uploads\/2024\/12\/Estuche-portada-600x600.jpg",600,600,true],"full":["https:\/\/xn--uascoquetas-1db.co\/wp-content\/uploads\/2024\/12\/Estuche-portada.jpg",800,800,false]},"uagb_featured_image_src":{"full":["https:\/\/xn--uascoquetas-1db.co\/wp-content\/uploads\/2024\/12\/Estuche-portada.jpg",800,800,false],"thumbnail":["https:\/\/xn--uascoquetas-1db.co\/wp-content\/uploads\/2024\/12\/Estuche-portada-150x150.jpg",150,150,true],"medium":["https:\/\/xn--uascoquetas-1db.co\/wp-content\/uploads\/2024\/12\/Estuche-portada-300x300.jpg",300,300,true],"medium_large":["https:\/\/xn--uascoquetas-1db.co\/wp-content\/uploads\/2024\/12\/Estuche-portada-768x768.jpg",640,640,true],"large":["https:\/\/xn--uascoquetas-1db.co\/wp-content\/uploads\/2024\/12\/Estuche-portada.jpg",640,640,false],"1536x1536":["https:\/\/xn--uascoquetas-1db.co\/wp-content\/uploads\/2024\/12\/Estuche-portada.jpg",800,800,false],"2048x2048":["https:\/\/xn--uascoquetas-1db.co\/wp-content\/uploads\/2024\/12\/Estuche-portada.jpg",800,800,false],"post_slider_layout_landscape_large":["https:\/\/xn--uascoquetas-1db.co\/wp-content\/uploads\/2024\/12\/Estuche-portada.jpg",800,800,false],"post_slider_layout_portrait_large":["https:\/\/xn--uascoquetas-1db.co\/wp-content\/uploads\/2024\/12\/Estuche-portada.jpg",800,800,false],"post_slider_layout_square_large":["https:\/\/xn--uascoquetas-1db.co\/wp-content\/uploads\/2024\/12\/Estuche-portada.jpg",800,800,false],"post_slider_layout_landscape":["https:\/\/xn--uascoquetas-1db.co\/wp-content\/uploads\/2024\/12\/Estuche-portada-600x400.jpg",600,400,true],"post_slider_layout_portrait":["https:\/\/xn--uascoquetas-1db.co\/wp-content\/uploads\/2024\/12\/Estuche-portada-600x800.jpg",600,800,true],"post_slider_layout_square":["https:\/\/xn--uascoquetas-1db.co\/wp-content\/uploads\/2024\/12\/Estuche-portada-600x600.jpg",600,600,true],"vw-kids-homepage-thumb":["https:\/\/xn--uascoquetas-1db.co\/wp-content\/uploads\/2024\/12\/Estuche-portada-240x145.jpg",240,145,true],"woocommerce_thumbnail":["https:\/\/xn--uascoquetas-1db.co\/wp-content\/uploads\/2024\/12\/Estuche-portada-300x300.jpg",300,300,true],"woocommerce_single":["https:\/\/xn--uascoquetas-1db.co\/wp-content\/uploads\/2024\/12\/Estuche-portada-600x600.jpg",600,600,true],"woocommerce_gallery_thumbnail":["https:\/\/xn--uascoquetas-1db.co\/wp-content\/uploads\/2024\/12\/Estuche-portada-100x100.jpg",100,100,true],"variation_swatches_image_size":["https:\/\/xn--uascoquetas-1db.co\/wp-content\/uploads\/2024\/12\/Estuche-portada-50x50.jpg",50,50,true],"variation_swatches_tooltip_size":["https:\/\/xn--uascoquetas-1db.co\/wp-content\/uploads\/2024\/12\/Estuche-portada-100x100.jpg",100,100,true]},"uagb_author_info":{"display_name":"U\u00f1as Coquetas","author_link":"https:\/\/xn--uascoquetas-1db.co\/?author=0"},"uagb_comment_info":0,"uagb_excerpt":"Estuche pr\u00e1ctico y vers\u00e1til para llevar tus cositas u\u00f1iles a cualquier lugar.","jetpack_sharing_enabled":true,"jetpack-related-posts":[{"id":9669,"url":"https:\/\/xn--uascoquetas-1db.co\/?product=kit-especial-de-stamping-con-miniplacas","url_meta":{"origin":9571,"position":0},"title":"Kit especial de stamping con miniplacas","author":"U\u00f1as Coquetas","date":"17\/01\/2025","format":false,"excerpt":"Kit de stamping edici\u00f3n especial, con 9 mini placas, un mini raspador, un mini estuche para guardarlas y un mini mat de silicona redondo.","rel":"","context":"Entrada similar","block_context":{"text":"Entrada similar","link":""},"img":{"alt_text":"","src":"https:\/\/i0.wp.com\/xn--uascoquetas-1db.co\/wp-content\/uploads\/2025\/01\/120.-Miniplacas-kit.jpg?resize=350%2C200&ssl=1","width":350,"height":200,"srcset":"https:\/\/i0.wp.com\/xn--uascoquetas-1db.co\/wp-content\/uploads\/2025\/01\/120.-Miniplacas-kit.jpg?resize=350%2C200&ssl=1 1x, https:\/\/i0.wp.com\/xn--uascoquetas-1db.co\/wp-content\/uploads\/2025\/01\/120.-Miniplacas-kit.jpg?resize=525%2C300&ssl=1 1.5x, https:\/\/i0.wp.com\/xn--uascoquetas-1db.co\/wp-content\/uploads\/2025\/01\/120.-Miniplacas-kit.jpg?resize=700%2C400&ssl=1 2x, https:\/\/i0.wp.com\/xn--uascoquetas-1db.co\/wp-content\/uploads\/2025\/01\/120.-Miniplacas-kit.jpg?resize=1050%2C600&ssl=1 3x"},"classes":[]},{"id":7450,"url":"https:\/\/xn--uascoquetas-1db.co\/?product=llavero-estuche-mini-placas-azul-organizador","url_meta":{"origin":9571,"position":1},"title":"Llavero estuche mini placas floral &#8211; Organizador","author":"U\u00f1as Coquetas","date":"21\/02\/2024","format":false,"excerpt":"Organizador marca Extranjera Gen\u00e9rica, estuche transparente para miniplacas","rel":"","context":"Entrada similar","block_context":{"text":"Entrada similar","link":""},"img":{"alt_text":"mini estuche azul","src":"https:\/\/i0.wp.com\/xn--uascoquetas-1db.co\/wp-content\/uploads\/2024\/02\/Azul_Mesa-de-trabajo-1.jpg?resize=350%2C200&ssl=1","width":350,"height":200,"srcset":"https:\/\/i0.wp.com\/xn--uascoquetas-1db.co\/wp-content\/uploads\/2024\/02\/Azul_Mesa-de-trabajo-1.jpg?resize=350%2C200&ssl=1 1x, https:\/\/i0.wp.com\/xn--uascoquetas-1db.co\/wp-content\/uploads\/2024\/02\/Azul_Mesa-de-trabajo-1.jpg?resize=525%2C300&ssl=1 1.5x, https:\/\/i0.wp.com\/xn--uascoquetas-1db.co\/wp-content\/uploads\/2024\/02\/Azul_Mesa-de-trabajo-1.jpg?resize=700%2C400&ssl=1 2x"},"classes":[]},{"id":9662,"url":"https:\/\/xn--uascoquetas-1db.co\/?product=llavero-estuche-mini-placas-liso-organizador","url_meta":{"origin":9571,"position":2},"title":"Llavero estuche mini placas liso- Organizador","author":"U\u00f1as Coquetas","date":"17\/01\/2025","format":false,"excerpt":"Organizador marca Extranjera Gen\u00e9rica, estuche para miniplacas","rel":"","context":"Entrada similar","block_context":{"text":"Entrada similar","link":""},"img":{"alt_text":"","src":"https:\/\/i0.wp.com\/xn--uascoquetas-1db.co\/wp-content\/uploads\/2025\/01\/Portada-llavero-morado-liso.jpg?resize=350%2C200&ssl=1","width":350,"height":200,"srcset":"https:\/\/i0.wp.com\/xn--uascoquetas-1db.co\/wp-content\/uploads\/2025\/01\/Portada-llavero-morado-liso.jpg?resize=350%2C200&ssl=1 1x, https:\/\/i0.wp.com\/xn--uascoquetas-1db.co\/wp-content\/uploads\/2025\/01\/Portada-llavero-morado-liso.jpg?resize=525%2C300&ssl=1 1.5x, https:\/\/i0.wp.com\/xn--uascoquetas-1db.co\/wp-content\/uploads\/2025\/01\/Portada-llavero-morado-liso.jpg?resize=700%2C400&ssl=1 2x"},"classes":[]},{"id":5735,"url":"https:\/\/xn--uascoquetas-1db.co\/?product=tarjeteros-para-raspadores-y-mini-placas-negro-organizador","url_meta":{"origin":9571,"position":3},"title":"Tarjeteros para raspadores y mini placas &#8211; Negro &#8211; Organizador","author":"U\u00f1as Coquetas","date":"02\/10\/2023","format":false,"excerpt":"Organizador marca Extranjera Gen\u00e9rica, estuche para raspadores negro","rel":"","context":"Entrada similar","block_context":{"text":"Entrada similar","link":""},"img":{"alt_text":"Estuche para raspadores negro","src":"https:\/\/i0.wp.com\/xn--uascoquetas-1db.co\/wp-content\/uploads\/2023\/10\/Tarjetero-negro-01-800x800_Mesa-de-trabajo-1.jpg?resize=350%2C200&ssl=1","width":350,"height":200,"srcset":"https:\/\/i0.wp.com\/xn--uascoquetas-1db.co\/wp-content\/uploads\/2023\/10\/Tarjetero-negro-01-800x800_Mesa-de-trabajo-1.jpg?resize=350%2C200&ssl=1 1x, https:\/\/i0.wp.com\/xn--uascoquetas-1db.co\/wp-content\/uploads\/2023\/10\/Tarjetero-negro-01-800x800_Mesa-de-trabajo-1.jpg?resize=525%2C300&ssl=1 1.5x, https:\/\/i0.wp.com\/xn--uascoquetas-1db.co\/wp-content\/uploads\/2023\/10\/Tarjetero-negro-01-800x800_Mesa-de-trabajo-1.jpg?resize=700%2C400&ssl=1 2x"},"classes":[]},{"id":5732,"url":"https:\/\/xn--uascoquetas-1db.co\/?product=tarjeteros-para-raspadores-y-mini-placas-verde-organizador","url_meta":{"origin":9571,"position":4},"title":"Tarjeteros para raspadores y mini placas &#8211; Verde &#8211; Organizador","author":"U\u00f1as Coquetas","date":"02\/10\/2023","format":false,"excerpt":"Organizador marca Extranjera Gen\u00e9rica, estuche para raspadores","rel":"","context":"Entrada similar","block_context":{"text":"Entrada similar","link":""},"img":{"alt_text":"Estuche raspadores verde","src":"https:\/\/i0.wp.com\/xn--uascoquetas-1db.co\/wp-content\/uploads\/2023\/10\/Tarjetero-verde-01-800x800_Mesa-de-trabajo-1.jpg?resize=350%2C200&ssl=1","width":350,"height":200,"srcset":"https:\/\/i0.wp.com\/xn--uascoquetas-1db.co\/wp-content\/uploads\/2023\/10\/Tarjetero-verde-01-800x800_Mesa-de-trabajo-1.jpg?resize=350%2C200&ssl=1 1x, https:\/\/i0.wp.com\/xn--uascoquetas-1db.co\/wp-content\/uploads\/2023\/10\/Tarjetero-verde-01-800x800_Mesa-de-trabajo-1.jpg?resize=525%2C300&ssl=1 1.5x, https:\/\/i0.wp.com\/xn--uascoquetas-1db.co\/wp-content\/uploads\/2023\/10\/Tarjetero-verde-01-800x800_Mesa-de-trabajo-1.jpg?resize=700%2C400&ssl=1 2x"},"classes":[]},{"id":6649,"url":"https:\/\/xn--uascoquetas-1db.co\/?product=5-hojas-de-repuesto-para-estuche-holo-expandible-mediano","url_meta":{"origin":9571,"position":5},"title":"5 hojas de repuesto para estuche holo expandible &#8211; mediano","author":"U\u00f1as Coquetas","date":"02\/11\/2023","format":false,"excerpt":"Pack de repuesto de 5 hojas para Organizador mediano expandible para placas de 6 x 12","rel":"","context":"Entrada similar","block_context":{"text":"Entrada similar","link":""},"img":{"alt_text":"pack 5 repuestos medianos","src":"https:\/\/i0.wp.com\/xn--uascoquetas-1db.co\/wp-content\/uploads\/2023\/11\/repuesto-estuche-mediano-x5_Mesa-de-trabajo-1.jpg?resize=350%2C200&ssl=1","width":350,"height":200,"srcset":"https:\/\/i0.wp.com\/xn--uascoquetas-1db.co\/wp-content\/uploads\/2023\/11\/repuesto-estuche-mediano-x5_Mesa-de-trabajo-1.jpg?resize=350%2C200&ssl=1 1x, https:\/\/i0.wp.com\/xn--uascoquetas-1db.co\/wp-content\/uploads\/2023\/11\/repuesto-estuche-mediano-x5_Mesa-de-trabajo-1.jpg?resize=525%2C300&ssl=1 1.5x, https:\/\/i0.wp.com\/xn--uascoquetas-1db.co\/wp-content\/uploads\/2023\/11\/repuesto-estuche-mediano-x5_Mesa-de-trabajo-1.jpg?resize=700%2C400&ssl=1 2x"},"classes":[]}],"_links":{"self":[{"href":"https:\/\/xn--uascoquetas-1db.co\/index.php?rest_route=\/wp\/v2\/product\/9571","targetHints":{"allow":["GET"]}}],"collection":[{"href":"https:\/\/xn--uascoquetas-1db.co\/index.php?rest_route=\/wp\/v2\/product"}],"about":[{"href":"https:\/\/xn--uascoquetas-1db.co\/index.php?rest_route=\/wp\/v2\/types\/product"}],"replies":[{"embeddable":true,"href":"https:\/\/xn--uascoquetas-1db.co\/index.php?rest_route=%2Fwp%2Fv2%2Fcomments&post=9571"}],"wp:featuredmedia":[{"embeddable":true,"href":"https:\/\/xn--uascoquetas-1db.co\/index.php?rest_route=\/wp\/v2\/media\/9574"}],"wp:attachment":[{"href":"https:\/\/xn--uascoquetas-1db.co\/index.php?rest_route=%2Fwp%2Fv2%2Fmedia&parent=9571"}],"wp:term":[{"taxonomy":"product_brand","embeddable":true,"href":"https:\/\/xn--uascoquetas-1db.co\/index.php?rest_route=%2Fwp%2Fv2%2Fproduct_brand&post=9571"},{"taxonomy":"product_cat","embeddable":true,"href":"https:\/\/xn--uascoquetas-1db.co\/index.php?rest_route=%2Fwp%2Fv2%2Fproduct_cat&post=9571"},{"taxonomy":"product_tag","embeddable":true,"href":"https:\/\/xn--uascoquetas-1db.co\/index.php?rest_route=%2Fwp%2Fv2%2Fproduct_tag&post=9571"}],"curies":[{"name":"wp","href":"https:\/\/api.w.org\/{rel}","templated":true}]}}