{"id":9599,"date":"2024-12-19T15:15:18","date_gmt":"2024-12-19T20:15:18","guid":{"rendered":"https:\/\/xn--uascoquetas-1db.co\/?post_type=product&#038;p=9599"},"modified":"2024-12-19T15:25:22","modified_gmt":"2024-12-19T20:25:22","slug":"anchetas-de-unas-regalo-para-mujer","status":"publish","type":"product","link":"https:\/\/xn--uascoquetas-1db.co\/?product=anchetas-de-unas-regalo-para-mujer","title":{"rendered":"Anchetas de u\u00f1as &#8211; Regalo para mujer"},"content":{"rendered":"<p>\u00bfNecesitas un regalo para una mujer? Estas anchetas u\u00f1iles son una excelente opci\u00f3n. Tenemos dos sugerencias para t\u00ed, las puedes seleccionar al momento de hacer tu compra, los dos tipos de ancheta vienen con una tarjeta navide\u00f1a que puedes adherir.<\/p>\n<h2>ANCHETA DE STAMPING<\/h2>\n<p>Esta ancheta incluye:<\/p>\n<ul>\n<li>Un set de estamapado con un estampador doble, dos mini placas met\u00e1licas dobles, un esmalte Marilyn negro, un mini mat de silicona.<\/li>\n<li>Una base para u\u00f1as, puede ser fortalecedora o con keratina, es al azar.<\/li>\n<li>Un esmalte con efectos de Ghelic, te puede salir huevito de codorniz o magn\u00e9tico.<\/li>\n<li>Un esmalte Driut de brillos.<\/li>\n<li>Un anillo paleta, para combinar colores y un pincel.<\/li>\n<li>Motitas de algod\u00f3n de colores para decorar.<\/li>\n<li>Un dulce de licor.<\/li>\n<\/ul>\n<h2>ANCHETA SORPRESA<\/h2>\n<p>Vienen productos de decoraci\u00f3n de u\u00f1as variados, algunos esmaltes base, brillo al azar. Un dulce de licor.<\/p>\n<p>&nbsp;<\/p>\n","protected":false},"excerpt":{"rendered":"<p>Ancheta con productos de u\u00f1as, para regalar.<\/p>\n","protected":false},"featured_media":9602,"comment_status":"open","ping_status":"closed","template":"","meta":{"_regular_price":["90000"],"currency_symbol":[],"_uag_custom_page_level_css":""},"product_brand":[],"product_cat":[59,241],"product_tag":[185,134,41],"class_list":{"0":"post-9599","1":"product","2":"type-product","3":"status-publish","4":"has-post-thumbnail","6":"product_cat-kits-de-stamping","7":"product_cat-stamping","8":"product_tag-kits-de-stamping","9":"product_tag-placas","10":"product_tag-stamping","11":"product_shipping_class-paquete-pequeno","13":"first","14":"instock","15":"purchasable","16":"product-type-variable"},"post_slider_layout_featured_media_urls":{"thumbnail":["https:\/\/xn--uascoquetas-1db.co\/wp-content\/uploads\/2024\/12\/Ancheta-unas1-150x150.jpg",150,150,true],"post_slider_layout_landscape_large":["https:\/\/xn--uascoquetas-1db.co\/wp-content\/uploads\/2024\/12\/Ancheta-unas1.jpg",800,800,false],"post_slider_layout_portrait_large":["https:\/\/xn--uascoquetas-1db.co\/wp-content\/uploads\/2024\/12\/Ancheta-unas1.jpg",800,800,false],"post_slider_layout_square_large":["https:\/\/xn--uascoquetas-1db.co\/wp-content\/uploads\/2024\/12\/Ancheta-unas1.jpg",800,800,false],"post_slider_layout_landscape":["https:\/\/xn--uascoquetas-1db.co\/wp-content\/uploads\/2024\/12\/Ancheta-unas1-600x400.jpg",600,400,true],"post_slider_layout_portrait":["https:\/\/xn--uascoquetas-1db.co\/wp-content\/uploads\/2024\/12\/Ancheta-unas1-600x800.jpg",600,800,true],"post_slider_layout_square":["https:\/\/xn--uascoquetas-1db.co\/wp-content\/uploads\/2024\/12\/Ancheta-unas1-600x600.jpg",600,600,true],"full":["https:\/\/xn--uascoquetas-1db.co\/wp-content\/uploads\/2024\/12\/Ancheta-unas1.jpg",800,800,false]},"uagb_featured_image_src":{"full":["https:\/\/xn--uascoquetas-1db.co\/wp-content\/uploads\/2024\/12\/Ancheta-unas1.jpg",800,800,false],"thumbnail":["https:\/\/xn--uascoquetas-1db.co\/wp-content\/uploads\/2024\/12\/Ancheta-unas1-150x150.jpg",150,150,true],"medium":["https:\/\/xn--uascoquetas-1db.co\/wp-content\/uploads\/2024\/12\/Ancheta-unas1-300x300.jpg",300,300,true],"medium_large":["https:\/\/xn--uascoquetas-1db.co\/wp-content\/uploads\/2024\/12\/Ancheta-unas1-768x768.jpg",640,640,true],"large":["https:\/\/xn--uascoquetas-1db.co\/wp-content\/uploads\/2024\/12\/Ancheta-unas1.jpg",640,640,false],"1536x1536":["https:\/\/xn--uascoquetas-1db.co\/wp-content\/uploads\/2024\/12\/Ancheta-unas1.jpg",800,800,false],"2048x2048":["https:\/\/xn--uascoquetas-1db.co\/wp-content\/uploads\/2024\/12\/Ancheta-unas1.jpg",800,800,false],"post_slider_layout_landscape_large":["https:\/\/xn--uascoquetas-1db.co\/wp-content\/uploads\/2024\/12\/Ancheta-unas1.jpg",800,800,false],"post_slider_layout_portrait_large":["https:\/\/xn--uascoquetas-1db.co\/wp-content\/uploads\/2024\/12\/Ancheta-unas1.jpg",800,800,false],"post_slider_layout_square_large":["https:\/\/xn--uascoquetas-1db.co\/wp-content\/uploads\/2024\/12\/Ancheta-unas1.jpg",800,800,false],"post_slider_layout_landscape":["https:\/\/xn--uascoquetas-1db.co\/wp-content\/uploads\/2024\/12\/Ancheta-unas1-600x400.jpg",600,400,true],"post_slider_layout_portrait":["https:\/\/xn--uascoquetas-1db.co\/wp-content\/uploads\/2024\/12\/Ancheta-unas1-600x800.jpg",600,800,true],"post_slider_layout_square":["https:\/\/xn--uascoquetas-1db.co\/wp-content\/uploads\/2024\/12\/Ancheta-unas1-600x600.jpg",600,600,true],"vw-kids-homepage-thumb":["https:\/\/xn--uascoquetas-1db.co\/wp-content\/uploads\/2024\/12\/Ancheta-unas1-240x145.jpg",240,145,true],"woocommerce_thumbnail":["https:\/\/xn--uascoquetas-1db.co\/wp-content\/uploads\/2024\/12\/Ancheta-unas1-300x300.jpg",300,300,true],"woocommerce_single":["https:\/\/xn--uascoquetas-1db.co\/wp-content\/uploads\/2024\/12\/Ancheta-unas1-600x600.jpg",600,600,true],"woocommerce_gallery_thumbnail":["https:\/\/xn--uascoquetas-1db.co\/wp-content\/uploads\/2024\/12\/Ancheta-unas1-100x100.jpg",100,100,true],"variation_swatches_image_size":["https:\/\/xn--uascoquetas-1db.co\/wp-content\/uploads\/2024\/12\/Ancheta-unas1-50x50.jpg",50,50,true],"variation_swatches_tooltip_size":["https:\/\/xn--uascoquetas-1db.co\/wp-content\/uploads\/2024\/12\/Ancheta-unas1-100x100.jpg",100,100,true]},"uagb_author_info":{"display_name":"U\u00f1as Coquetas","author_link":"https:\/\/xn--uascoquetas-1db.co\/?author=0"},"uagb_comment_info":0,"uagb_excerpt":"Ancheta con productos de u\u00f1as, para regalar.","jetpack_sharing_enabled":true,"jetpack-related-posts":[{"id":5642,"url":"https:\/\/xn--uascoquetas-1db.co\/?product=tecnicolor-cuatro-tonos-esmalte-termocromatico-y-fotocromatico-secado-al-aire","url_meta":{"origin":9599,"position":0},"title":"Esmalte termocrom\u00e1tico y fotosensible (Cuatro tonos) &#8211; D&#8217;universe Colors","author":"U\u00f1as Coquetas","date":"01\/10\/2023","format":false,"excerpt":"Esmalte termocrom\u00e1tico y fotocrom\u00e1tico\u00a0 secado al aire marca Colombiana D'universe Colors, cambio a cuatro colores. Tonos Lychee y Tecnicolor. \u00a0","rel":"","context":"Entrada similar","block_context":{"text":"Entrada similar","link":""},"img":{"alt_text":"","src":"https:\/\/i0.wp.com\/xn--uascoquetas-1db.co\/wp-content\/uploads\/2023\/10\/Esmalte2.png?resize=350%2C200&ssl=1","width":350,"height":200,"srcset":"https:\/\/i0.wp.com\/xn--uascoquetas-1db.co\/wp-content\/uploads\/2023\/10\/Esmalte2.png?resize=350%2C200&ssl=1 1x, https:\/\/i0.wp.com\/xn--uascoquetas-1db.co\/wp-content\/uploads\/2023\/10\/Esmalte2.png?resize=525%2C300&ssl=1 1.5x"},"classes":[]},{"id":10122,"url":"https:\/\/xn--uascoquetas-1db.co\/?product=kit-de-estampar-con-mini-placa-018-veloz","url_meta":{"origin":9599,"position":1},"title":"Kit de estampar con mini placa &#8211;  018 Veloz","author":"U\u00f1as Coquetas","date":"24\/04\/2025","format":false,"excerpt":"Set para estampar marca Colombiana U\u00f1as coquetas - Kit mini- 018 Veloz con dise\u00f1os runner, deportes trotar, bicicleta, patines y motos.","rel":"","context":"Entrada similar","block_context":{"text":"Entrada similar","link":""},"img":{"alt_text":"","src":"https:\/\/i0.wp.com\/xn--uascoquetas-1db.co\/wp-content\/uploads\/2025\/04\/126.-Veloz.jpg?resize=350%2C200&ssl=1","width":350,"height":200,"srcset":"https:\/\/i0.wp.com\/xn--uascoquetas-1db.co\/wp-content\/uploads\/2025\/04\/126.-Veloz.jpg?resize=350%2C200&ssl=1 1x, https:\/\/i0.wp.com\/xn--uascoquetas-1db.co\/wp-content\/uploads\/2025\/04\/126.-Veloz.jpg?resize=525%2C300&ssl=1 1.5x, https:\/\/i0.wp.com\/xn--uascoquetas-1db.co\/wp-content\/uploads\/2025\/04\/126.-Veloz.jpg?resize=700%2C400&ssl=1 2x"},"classes":[]},{"id":10104,"url":"https:\/\/xn--uascoquetas-1db.co\/?product=kit-de-estampar-con-mini-placa-002-pandas","url_meta":{"origin":9599,"position":2},"title":"Kit de estampar con mini placa &#8211; 002 Pandas","author":"U\u00f1as Coquetas","date":"24\/04\/2025","format":false,"excerpt":"Set para estampar marca Colombiana U\u00f1as coquetas - Kit mini- 002 Pandas, con dise\u00f1os de animales osos.","rel":"","context":"Entrada similar","block_context":{"text":"Entrada similar","link":""},"img":{"alt_text":"","src":"https:\/\/i0.wp.com\/xn--uascoquetas-1db.co\/wp-content\/uploads\/2025\/04\/126.-Pandas.jpg?resize=350%2C200&ssl=1","width":350,"height":200,"srcset":"https:\/\/i0.wp.com\/xn--uascoquetas-1db.co\/wp-content\/uploads\/2025\/04\/126.-Pandas.jpg?resize=350%2C200&ssl=1 1x, https:\/\/i0.wp.com\/xn--uascoquetas-1db.co\/wp-content\/uploads\/2025\/04\/126.-Pandas.jpg?resize=525%2C300&ssl=1 1.5x, https:\/\/i0.wp.com\/xn--uascoquetas-1db.co\/wp-content\/uploads\/2025\/04\/126.-Pandas.jpg?resize=700%2C400&ssl=1 2x"},"classes":[]},{"id":10113,"url":"https:\/\/xn--uascoquetas-1db.co\/?product=kit-de-estampar-con-mini-placa-010-start-game","url_meta":{"origin":9599,"position":3},"title":"Kit de estampar con mini placa &#8211; 010 Start Game","author":"U\u00f1as Coquetas","date":"24\/04\/2025","format":false,"excerpt":"Set para estampar marca Colombiana U\u00f1as coquetas - Kit mini- 010 Start Game con figuras de videojuegos con personajes mujeres.","rel":"","context":"Entrada similar","block_context":{"text":"Entrada similar","link":""},"img":{"alt_text":"","src":"https:\/\/i0.wp.com\/xn--uascoquetas-1db.co\/wp-content\/uploads\/2025\/04\/126.-Start-game.jpg?resize=350%2C200&ssl=1","width":350,"height":200,"srcset":"https:\/\/i0.wp.com\/xn--uascoquetas-1db.co\/wp-content\/uploads\/2025\/04\/126.-Start-game.jpg?resize=350%2C200&ssl=1 1x, https:\/\/i0.wp.com\/xn--uascoquetas-1db.co\/wp-content\/uploads\/2025\/04\/126.-Start-game.jpg?resize=525%2C300&ssl=1 1.5x, https:\/\/i0.wp.com\/xn--uascoquetas-1db.co\/wp-content\/uploads\/2025\/04\/126.-Start-game.jpg?resize=700%2C400&ssl=1 2x"},"classes":[]},{"id":10114,"url":"https:\/\/xn--uascoquetas-1db.co\/?product=kit-de-estampar-con-mini-placa-011-punto-cruz","url_meta":{"origin":9599,"position":4},"title":"Kit de estampar con mini placa &#8211; 011 Punto Cruz","author":"U\u00f1as Coquetas","date":"24\/04\/2025","format":false,"excerpt":"Set para estampar marca Colombiana U\u00f1as coquetas - Kit mini- 011 Punto Cruz con motivos de navidad.","rel":"","context":"Entrada similar","block_context":{"text":"Entrada similar","link":""},"img":{"alt_text":"","src":"https:\/\/i0.wp.com\/xn--uascoquetas-1db.co\/wp-content\/uploads\/2025\/04\/126.-Punto-cruz.jpg?resize=350%2C200&ssl=1","width":350,"height":200,"srcset":"https:\/\/i0.wp.com\/xn--uascoquetas-1db.co\/wp-content\/uploads\/2025\/04\/126.-Punto-cruz.jpg?resize=350%2C200&ssl=1 1x, https:\/\/i0.wp.com\/xn--uascoquetas-1db.co\/wp-content\/uploads\/2025\/04\/126.-Punto-cruz.jpg?resize=525%2C300&ssl=1 1.5x, https:\/\/i0.wp.com\/xn--uascoquetas-1db.co\/wp-content\/uploads\/2025\/04\/126.-Punto-cruz.jpg?resize=700%2C400&ssl=1 2x"},"classes":[]},{"id":10115,"url":"https:\/\/xn--uascoquetas-1db.co\/?product=kit-de-estampar-con-mini-placa-012-barco-a-la-vista","url_meta":{"origin":9599,"position":5},"title":"Kit de estampar con mini placa &#8211; 012 Barco a la vista","author":"U\u00f1as Coquetas","date":"24\/04\/2025","format":false,"excerpt":"Set para estampar marca Colombiana U\u00f1as coquetas - Kit mini- 012 Barco a la vista con dise\u00f1os de piratas, mapa del tesoro.","rel":"","context":"Entrada similar","block_context":{"text":"Entrada similar","link":""},"img":{"alt_text":"","src":"https:\/\/i0.wp.com\/xn--uascoquetas-1db.co\/wp-content\/uploads\/2025\/04\/126.-Barco-a-la-vista.jpg?resize=350%2C200&ssl=1","width":350,"height":200,"srcset":"https:\/\/i0.wp.com\/xn--uascoquetas-1db.co\/wp-content\/uploads\/2025\/04\/126.-Barco-a-la-vista.jpg?resize=350%2C200&ssl=1 1x, https:\/\/i0.wp.com\/xn--uascoquetas-1db.co\/wp-content\/uploads\/2025\/04\/126.-Barco-a-la-vista.jpg?resize=525%2C300&ssl=1 1.5x, https:\/\/i0.wp.com\/xn--uascoquetas-1db.co\/wp-content\/uploads\/2025\/04\/126.-Barco-a-la-vista.jpg?resize=700%2C400&ssl=1 2x"},"classes":[]}],"_links":{"self":[{"href":"https:\/\/xn--uascoquetas-1db.co\/index.php?rest_route=\/wp\/v2\/product\/9599","targetHints":{"allow":["GET"]}}],"collection":[{"href":"https:\/\/xn--uascoquetas-1db.co\/index.php?rest_route=\/wp\/v2\/product"}],"about":[{"href":"https:\/\/xn--uascoquetas-1db.co\/index.php?rest_route=\/wp\/v2\/types\/product"}],"replies":[{"embeddable":true,"href":"https:\/\/xn--uascoquetas-1db.co\/index.php?rest_route=%2Fwp%2Fv2%2Fcomments&post=9599"}],"wp:featuredmedia":[{"embeddable":true,"href":"https:\/\/xn--uascoquetas-1db.co\/index.php?rest_route=\/wp\/v2\/media\/9602"}],"wp:attachment":[{"href":"https:\/\/xn--uascoquetas-1db.co\/index.php?rest_route=%2Fwp%2Fv2%2Fmedia&parent=9599"}],"wp:term":[{"taxonomy":"product_brand","embeddable":true,"href":"https:\/\/xn--uascoquetas-1db.co\/index.php?rest_route=%2Fwp%2Fv2%2Fproduct_brand&post=9599"},{"taxonomy":"product_cat","embeddable":true,"href":"https:\/\/xn--uascoquetas-1db.co\/index.php?rest_route=%2Fwp%2Fv2%2Fproduct_cat&post=9599"},{"taxonomy":"product_tag","embeddable":true,"href":"https:\/\/xn--uascoquetas-1db.co\/index.php?rest_route=%2Fwp%2Fv2%2Fproduct_tag&post=9599"}],"curies":[{"name":"wp","href":"https:\/\/api.w.org\/{rel}","templated":true}]}}