{"id":9616,"date":"2024-12-24T12:23:07","date_gmt":"2024-12-24T17:23:07","guid":{"rendered":"https:\/\/xn--uascoquetas-1db.co\/?post_type=product&#038;p=9616"},"modified":"2026-01-28T20:51:02","modified_gmt":"2026-01-29T01:51:02","slug":"miniuc-017-extraterrestre-mini-placa-metalica-doble-unas-coquetas","status":"publish","type":"product","link":"https:\/\/xn--uascoquetas-1db.co\/?product=miniuc-017-extraterrestre-mini-placa-metalica-doble-unas-coquetas","title":{"rendered":"MINIUC-017 Extraterrestre &#8211; Mini placa met\u00e1lica doble &#8211; U\u00f1as Coquetas"},"content":{"rendered":"<p>Hermosa mini placa met\u00e1lica Marca U\u00f1as Coquetas, dos en una (tiene dise\u00f1os por ambos lados de la placa).<\/p>\n<h2>Caracter\u00edsticas<\/h2>\n<p>Una placa Rectangular<br \/>\nArt\u00edculo completamente nuevo<br \/>\nTama\u00f1o: 5 X 3,5 cm<br \/>\nMaterial: Acero inoxidable<\/p>\n<h2>Recomendaciones<\/h2>\n<p>Es posible aplicar removedor sin acetona. Si es muy grasoso, limpiar con un poco de alcohol para recoger el dise\u00f1o con mayor facilidad.<\/p>\n<blockquote class=\"tiktok-embed\" cite=\"https:\/\/www.tiktok.com\/@unascoquetaz\/video\/7472489706358361350\" data-video-id=\"7472489706358361350\" data-embed-from=\"oembed\" style=\"max-width:605px; min-width:325px;\">\n<section> <a target=\"_blank\" title=\"@unascoquetaz\" href=\"https:\/\/www.tiktok.com\/@unascoquetaz?refer=embed\">@unascoquetaz<\/a> <\/p>\n<p>El trend de <a title=\"miyodelpasado\" target=\"_blank\" href=\"https:\/\/www.tiktok.com\/tag\/miyodelpasado?refer=embed\">#miyodelpasado<\/a> me gust\u00f3 mucho, as\u00ed que hice mi propia cita con Zuleine de 17 a\u00f1os. Qu\u00e9 experiencia tan bonita la que tuve. Las tutostories me han sacado poco a poco un poquito de mi para ti. Una parte para que me conozcas y tambi\u00e9n para que te relajes estampando u\u00f1as, y otra parte, para sacar mis sentimientos, porque es muy dif\u00edcil poner en palabras lo que uno siente o vive.  \u00bfQu\u00e9 le dir\u00edas a tu YO del pasado? \u00bfEst\u00e1s orgullosa de ella? \u00bfLe dar\u00edas consejos o le dar\u00edas un gran abrazo de apoyo? Para el tutorial, us\u00e9 nuestra mini <a title=\"placaextraterrestre\" target=\"_blank\" href=\"https:\/\/www.tiktok.com\/tag\/placaextraterrestre?refer=embed\">#placaextraterrestre<\/a> y el astronauta nos qued\u00f3 divino \u00bfNo es verdad? Al final le di unas peque\u00f1as sombras de color azul.  <a title=\"poesia\" target=\"_blank\" href=\"https:\/\/www.tiktok.com\/tag\/poesia?refer=embed\">#poesia<\/a> <a title=\"tutostorytime\" target=\"_blank\" href=\"https:\/\/www.tiktok.com\/tag\/tutostorytime?refer=embed\">#tutostorytime<\/a> <a title=\"creatorsearchinsights\" target=\"_blank\" href=\"https:\/\/www.tiktok.com\/tag\/creatorsearchinsights?refer=embed\">#creatorsearchinsights<\/a> <\/p>\n<p> <a target=\"_blank\" title=\"\u266c Paper Birds (3 min) - Jordan Halpern Schwartz\" href=\"https:\/\/www.tiktok.com\/music\/Paper-Birds-3-min-6777331815179880449?refer=embed\">\u266c Paper Birds (3 min) &#8211; Jordan Halpern Schwartz<\/a> <\/section>\n<\/blockquote>\n<p> <script async src=\"https:\/\/www.tiktok.com\/embed.js\"><\/script><\/p>\n<p>&nbsp;<\/p>\n<p>&nbsp;<\/p>\n<p>&nbsp;<\/p>\n","protected":false},"excerpt":{"rendered":"<table width=\"375\">\n<tbody>\n<tr>\n<td width=\"375\">Mini placa met\u00e1lica doble para estampar u\u00f1as, marca Colombiana U\u00f1as Coquetas con hermosas figuras de ovnis, extraterrestres kawaii, astronautas, astros, planetas.<\/td>\n<\/tr>\n<\/tbody>\n<\/table>\n","protected":false},"featured_media":9617,"comment_status":"open","ping_status":"closed","template":"","meta":{"_regular_price":["12500"],"currency_symbol":[],"_uag_custom_page_level_css":""},"product_brand":[],"product_cat":[24,25,276],"product_tag":[131,39,134,41,409],"class_list":{"0":"post-9616","1":"product","2":"type-product","3":"status-publish","4":"has-post-thumbnail","6":"product_cat-placas-de-estampar","7":"product_cat-unas-coquetas","8":"product_cat-unas-coquetas-mini","9":"product_tag-astronautas","10":"product_tag-metalico","11":"product_tag-placas","12":"product_tag-stamping","13":"product_tag-universo","14":"product_shipping_class-paquete-pequeno","16":"first","17":"instock","18":"purchasable","19":"product-type-simple"},"post_slider_layout_featured_media_urls":{"thumbnail":["https:\/\/xn--uascoquetas-1db.co\/wp-content\/uploads\/2024\/12\/Mini-uc-017-Extraterrestre-ML-150x150.jpg",150,150,true],"post_slider_layout_landscape_large":["https:\/\/xn--uascoquetas-1db.co\/wp-content\/uploads\/2024\/12\/Mini-uc-017-Extraterrestre-ML-1000x800.jpg",1000,800,true],"post_slider_layout_portrait_large":["https:\/\/xn--uascoquetas-1db.co\/wp-content\/uploads\/2024\/12\/Mini-uc-017-Extraterrestre-ML.jpg",1000,1000,false],"post_slider_layout_square_large":["https:\/\/xn--uascoquetas-1db.co\/wp-content\/uploads\/2024\/12\/Mini-uc-017-Extraterrestre-ML.jpg",1000,1000,false],"post_slider_layout_landscape":["https:\/\/xn--uascoquetas-1db.co\/wp-content\/uploads\/2024\/12\/Mini-uc-017-Extraterrestre-ML-600x400.jpg",600,400,true],"post_slider_layout_portrait":["https:\/\/xn--uascoquetas-1db.co\/wp-content\/uploads\/2024\/12\/Mini-uc-017-Extraterrestre-ML-600x900.jpg",600,900,true],"post_slider_layout_square":["https:\/\/xn--uascoquetas-1db.co\/wp-content\/uploads\/2024\/12\/Mini-uc-017-Extraterrestre-ML-600x600.jpg",600,600,true],"full":["https:\/\/xn--uascoquetas-1db.co\/wp-content\/uploads\/2024\/12\/Mini-uc-017-Extraterrestre-ML.jpg",1000,1000,false]},"uagb_featured_image_src":{"full":["https:\/\/xn--uascoquetas-1db.co\/wp-content\/uploads\/2024\/12\/Mini-uc-017-Extraterrestre-ML.jpg",1000,1000,false],"thumbnail":["https:\/\/xn--uascoquetas-1db.co\/wp-content\/uploads\/2024\/12\/Mini-uc-017-Extraterrestre-ML-150x150.jpg",150,150,true],"medium":["https:\/\/xn--uascoquetas-1db.co\/wp-content\/uploads\/2024\/12\/Mini-uc-017-Extraterrestre-ML-300x300.jpg",300,300,true],"medium_large":["https:\/\/xn--uascoquetas-1db.co\/wp-content\/uploads\/2024\/12\/Mini-uc-017-Extraterrestre-ML-768x768.jpg",640,640,true],"large":["https:\/\/xn--uascoquetas-1db.co\/wp-content\/uploads\/2024\/12\/Mini-uc-017-Extraterrestre-ML.jpg",640,640,false],"1536x1536":["https:\/\/xn--uascoquetas-1db.co\/wp-content\/uploads\/2024\/12\/Mini-uc-017-Extraterrestre-ML.jpg",1000,1000,false],"2048x2048":["https:\/\/xn--uascoquetas-1db.co\/wp-content\/uploads\/2024\/12\/Mini-uc-017-Extraterrestre-ML.jpg",1000,1000,false],"post_slider_layout_landscape_large":["https:\/\/xn--uascoquetas-1db.co\/wp-content\/uploads\/2024\/12\/Mini-uc-017-Extraterrestre-ML-1000x800.jpg",1000,800,true],"post_slider_layout_portrait_large":["https:\/\/xn--uascoquetas-1db.co\/wp-content\/uploads\/2024\/12\/Mini-uc-017-Extraterrestre-ML.jpg",1000,1000,false],"post_slider_layout_square_large":["https:\/\/xn--uascoquetas-1db.co\/wp-content\/uploads\/2024\/12\/Mini-uc-017-Extraterrestre-ML.jpg",1000,1000,false],"post_slider_layout_landscape":["https:\/\/xn--uascoquetas-1db.co\/wp-content\/uploads\/2024\/12\/Mini-uc-017-Extraterrestre-ML-600x400.jpg",600,400,true],"post_slider_layout_portrait":["https:\/\/xn--uascoquetas-1db.co\/wp-content\/uploads\/2024\/12\/Mini-uc-017-Extraterrestre-ML-600x900.jpg",600,900,true],"post_slider_layout_square":["https:\/\/xn--uascoquetas-1db.co\/wp-content\/uploads\/2024\/12\/Mini-uc-017-Extraterrestre-ML-600x600.jpg",600,600,true],"vw-kids-homepage-thumb":["https:\/\/xn--uascoquetas-1db.co\/wp-content\/uploads\/2024\/12\/Mini-uc-017-Extraterrestre-ML-240x145.jpg",240,145,true],"woocommerce_thumbnail":["https:\/\/xn--uascoquetas-1db.co\/wp-content\/uploads\/2024\/12\/Mini-uc-017-Extraterrestre-ML-300x300.jpg",300,300,true],"woocommerce_single":["https:\/\/xn--uascoquetas-1db.co\/wp-content\/uploads\/2024\/12\/Mini-uc-017-Extraterrestre-ML-600x600.jpg",600,600,true],"woocommerce_gallery_thumbnail":["https:\/\/xn--uascoquetas-1db.co\/wp-content\/uploads\/2024\/12\/Mini-uc-017-Extraterrestre-ML-100x100.jpg",100,100,true],"variation_swatches_image_size":["https:\/\/xn--uascoquetas-1db.co\/wp-content\/uploads\/2024\/12\/Mini-uc-017-Extraterrestre-ML-50x50.jpg",50,50,true],"variation_swatches_tooltip_size":["https:\/\/xn--uascoquetas-1db.co\/wp-content\/uploads\/2024\/12\/Mini-uc-017-Extraterrestre-ML-100x100.jpg",100,100,true]},"uagb_author_info":{"display_name":"U\u00f1as Coquetas","author_link":"https:\/\/xn--uascoquetas-1db.co\/?author=0"},"uagb_comment_info":0,"uagb_excerpt":"Mini placa met\u00e1lica doble para estampar u\u00f1as, marca Colombiana U\u00f1as Coquetas con hermosas figuras de ovnis, extraterrestres kawaii, astronautas, astros, planetas.","jetpack_sharing_enabled":true,"jetpack-related-posts":[{"id":10120,"url":"https:\/\/xn--uascoquetas-1db.co\/?product=kit-de-estampar-con-mini-placa-017-extraterrestre","url_meta":{"origin":9616,"position":0},"title":"Kit de estampar con mini placa &#8211; 017 Extraterrestre","author":"U\u00f1as Coquetas","date":"24\/04\/2025","format":false,"excerpt":"Set para estampar marca Colombiana U\u00f1as coquetas - Kit mini- 017 Extraterrestre con dise\u00f1os de ovnis, extraterrestres, astronautas y el espacio.","rel":"","context":"Entrada similar","block_context":{"text":"Entrada similar","link":""},"img":{"alt_text":"","src":"https:\/\/i0.wp.com\/xn--uascoquetas-1db.co\/wp-content\/uploads\/2025\/04\/126.-Extraterrestre.jpg?resize=350%2C200&ssl=1","width":350,"height":200,"srcset":"https:\/\/i0.wp.com\/xn--uascoquetas-1db.co\/wp-content\/uploads\/2025\/04\/126.-Extraterrestre.jpg?resize=350%2C200&ssl=1 1x, https:\/\/i0.wp.com\/xn--uascoquetas-1db.co\/wp-content\/uploads\/2025\/04\/126.-Extraterrestre.jpg?resize=525%2C300&ssl=1 1.5x, https:\/\/i0.wp.com\/xn--uascoquetas-1db.co\/wp-content\/uploads\/2025\/04\/126.-Extraterrestre.jpg?resize=700%2C400&ssl=1 2x"},"classes":[]},{"id":7112,"url":"https:\/\/xn--uascoquetas-1db.co\/?product=miniuc-003-padres-mini-placa-metalica-doble-unas-coquetas","url_meta":{"origin":9616,"position":1},"title":"MINIUC-003 Padres &#8211; Mini placa met\u00e1lica doble &#8211; U\u00f1as Coquetas","author":"U\u00f1as Coquetas","date":"26\/12\/2023","format":false,"excerpt":"Mini placa met\u00e1lica doble para estampar u\u00f1as, marca Colombiana U\u00f1as Coquetas con hermosas figuras de d\u00eda del padre y de la madre. \u00a0","rel":"","context":"Entrada similar","block_context":{"text":"Entrada similar","link":""},"img":{"alt_text":"","src":"https:\/\/i0.wp.com\/xn--uascoquetas-1db.co\/wp-content\/uploads\/2023\/12\/Padres-800px.jpg?resize=350%2C200&ssl=1","width":350,"height":200,"srcset":"https:\/\/i0.wp.com\/xn--uascoquetas-1db.co\/wp-content\/uploads\/2023\/12\/Padres-800px.jpg?resize=350%2C200&ssl=1 1x, https:\/\/i0.wp.com\/xn--uascoquetas-1db.co\/wp-content\/uploads\/2023\/12\/Padres-800px.jpg?resize=525%2C300&ssl=1 1.5x, https:\/\/i0.wp.com\/xn--uascoquetas-1db.co\/wp-content\/uploads\/2023\/12\/Padres-800px.jpg?resize=700%2C400&ssl=1 2x"},"classes":[]},{"id":7129,"url":"https:\/\/xn--uascoquetas-1db.co\/?product=miniuc-009-bellos-paises-mini-placa-metalica-doble-unas-coquetas","url_meta":{"origin":9616,"position":2},"title":"MINIUC-009 Bellos pa\u00edses &#8211; Mini placa met\u00e1lica doble &#8211; U\u00f1as Coquetas","author":"U\u00f1as Coquetas","date":"26\/12\/2023","format":false,"excerpt":"Mini placa met\u00e1lica doble para estampar u\u00f1as, marca Colombiana U\u00f1as Coquetas con hermosas figuras de Colombia y M\u00e9xico.","rel":"","context":"Entrada similar","block_context":{"text":"Entrada similar","link":""},"img":{"alt_text":"","src":"https:\/\/i0.wp.com\/xn--uascoquetas-1db.co\/wp-content\/uploads\/2023\/12\/Bellos-paises-800px.jpg?resize=350%2C200&ssl=1","width":350,"height":200,"srcset":"https:\/\/i0.wp.com\/xn--uascoquetas-1db.co\/wp-content\/uploads\/2023\/12\/Bellos-paises-800px.jpg?resize=350%2C200&ssl=1 1x, https:\/\/i0.wp.com\/xn--uascoquetas-1db.co\/wp-content\/uploads\/2023\/12\/Bellos-paises-800px.jpg?resize=525%2C300&ssl=1 1.5x, https:\/\/i0.wp.com\/xn--uascoquetas-1db.co\/wp-content\/uploads\/2023\/12\/Bellos-paises-800px.jpg?resize=700%2C400&ssl=1 2x"},"classes":[]},{"id":9618,"url":"https:\/\/xn--uascoquetas-1db.co\/?product=miniuc-018-veloz-mini-placa-metalica-doble-unas-coquetas","url_meta":{"origin":9616,"position":3},"title":"MINIUC-018 Veloz &#8211; Mini placa met\u00e1lica doble &#8211; U\u00f1as Coquetas","author":"U\u00f1as Coquetas","date":"24\/12\/2024","format":false,"excerpt":"Mini placa met\u00e1lica doble para estampar u\u00f1as, marca Colombiana U\u00f1as Coquetas con hermosas figuras de bicicleta, runner, atletismo, motos, patines.","rel":"","context":"Entrada similar","block_context":{"text":"Entrada similar","link":""},"img":{"alt_text":"","src":"https:\/\/i0.wp.com\/xn--uascoquetas-1db.co\/wp-content\/uploads\/2024\/12\/MINI-UC18-VELOZ-ML.jpg?resize=350%2C200&ssl=1","width":350,"height":200,"srcset":"https:\/\/i0.wp.com\/xn--uascoquetas-1db.co\/wp-content\/uploads\/2024\/12\/MINI-UC18-VELOZ-ML.jpg?resize=350%2C200&ssl=1 1x, https:\/\/i0.wp.com\/xn--uascoquetas-1db.co\/wp-content\/uploads\/2024\/12\/MINI-UC18-VELOZ-ML.jpg?resize=525%2C300&ssl=1 1.5x, https:\/\/i0.wp.com\/xn--uascoquetas-1db.co\/wp-content\/uploads\/2024\/12\/MINI-UC18-VELOZ-ML.jpg?resize=700%2C400&ssl=1 2x"},"classes":[]},{"id":7110,"url":"https:\/\/xn--uascoquetas-1db.co\/?product=miniuc-002-pandas-mini-placa-metalica-doble-unas-coquetas","url_meta":{"origin":9616,"position":4},"title":"MINIUC-002 Pandas &#8211; Mini placa met\u00e1lica doble &#8211; U\u00f1as Coquetas","author":"U\u00f1as Coquetas","date":"26\/12\/2023","format":false,"excerpt":"Mini placa met\u00e1lica doble para estampar u\u00f1as, marca Colombiana U\u00f1as Coquetas con hermosas figuras de animales, Pandas tiernos.","rel":"","context":"Entrada similar","block_context":{"text":"Entrada similar","link":""},"img":{"alt_text":"","src":"https:\/\/i0.wp.com\/xn--uascoquetas-1db.co\/wp-content\/uploads\/2023\/12\/Pandas-800px.jpg?resize=350%2C200&ssl=1","width":350,"height":200,"srcset":"https:\/\/i0.wp.com\/xn--uascoquetas-1db.co\/wp-content\/uploads\/2023\/12\/Pandas-800px.jpg?resize=350%2C200&ssl=1 1x, https:\/\/i0.wp.com\/xn--uascoquetas-1db.co\/wp-content\/uploads\/2023\/12\/Pandas-800px.jpg?resize=525%2C300&ssl=1 1.5x, https:\/\/i0.wp.com\/xn--uascoquetas-1db.co\/wp-content\/uploads\/2023\/12\/Pandas-800px.jpg?resize=700%2C400&ssl=1 2x"},"classes":[]},{"id":7117,"url":"https:\/\/xn--uascoquetas-1db.co\/?product=miniuc-004-sanadora-mini-placa-metalica-doble-unas-coquetas","url_meta":{"origin":9616,"position":5},"title":"MINIUC-004 Sanadora &#8211; Mini placa met\u00e1lica doble &#8211; U\u00f1as Coquetas","author":"U\u00f1as Coquetas","date":"26\/12\/2023","format":false,"excerpt":"Mini placa met\u00e1lica doble para estampar u\u00f1as, marca Colombiana U\u00f1as Coquetas con hermosas figuras de enfermeras, enfermedades, c\u00e1ncer, medicinas.","rel":"","context":"Entrada similar","block_context":{"text":"Entrada similar","link":""},"img":{"alt_text":"","src":"https:\/\/i0.wp.com\/xn--uascoquetas-1db.co\/wp-content\/uploads\/2023\/12\/Sanadora-800px.jpg?resize=350%2C200&ssl=1","width":350,"height":200,"srcset":"https:\/\/i0.wp.com\/xn--uascoquetas-1db.co\/wp-content\/uploads\/2023\/12\/Sanadora-800px.jpg?resize=350%2C200&ssl=1 1x, https:\/\/i0.wp.com\/xn--uascoquetas-1db.co\/wp-content\/uploads\/2023\/12\/Sanadora-800px.jpg?resize=525%2C300&ssl=1 1.5x, https:\/\/i0.wp.com\/xn--uascoquetas-1db.co\/wp-content\/uploads\/2023\/12\/Sanadora-800px.jpg?resize=700%2C400&ssl=1 2x"},"classes":[]}],"_links":{"self":[{"href":"https:\/\/xn--uascoquetas-1db.co\/index.php?rest_route=\/wp\/v2\/product\/9616","targetHints":{"allow":["GET"]}}],"collection":[{"href":"https:\/\/xn--uascoquetas-1db.co\/index.php?rest_route=\/wp\/v2\/product"}],"about":[{"href":"https:\/\/xn--uascoquetas-1db.co\/index.php?rest_route=\/wp\/v2\/types\/product"}],"replies":[{"embeddable":true,"href":"https:\/\/xn--uascoquetas-1db.co\/index.php?rest_route=%2Fwp%2Fv2%2Fcomments&post=9616"}],"wp:featuredmedia":[{"embeddable":true,"href":"https:\/\/xn--uascoquetas-1db.co\/index.php?rest_route=\/wp\/v2\/media\/9617"}],"wp:attachment":[{"href":"https:\/\/xn--uascoquetas-1db.co\/index.php?rest_route=%2Fwp%2Fv2%2Fmedia&parent=9616"}],"wp:term":[{"taxonomy":"product_brand","embeddable":true,"href":"https:\/\/xn--uascoquetas-1db.co\/index.php?rest_route=%2Fwp%2Fv2%2Fproduct_brand&post=9616"},{"taxonomy":"product_cat","embeddable":true,"href":"https:\/\/xn--uascoquetas-1db.co\/index.php?rest_route=%2Fwp%2Fv2%2Fproduct_cat&post=9616"},{"taxonomy":"product_tag","embeddable":true,"href":"https:\/\/xn--uascoquetas-1db.co\/index.php?rest_route=%2Fwp%2Fv2%2Fproduct_tag&post=9616"}],"curies":[{"name":"wp","href":"https:\/\/api.w.org\/{rel}","templated":true}]}}