{"id":9634,"date":"2025-01-08T10:36:51","date_gmt":"2025-01-08T15:36:51","guid":{"rendered":"https:\/\/xn--uascoquetas-1db.co\/?post_type=product&#038;p=9634"},"modified":"2025-04-15T18:51:33","modified_gmt":"2025-04-15T23:51:33","slug":"papel-tansferencia-x-8-7-x-10-cm-film","status":"publish","type":"product","link":"https:\/\/xn--uascoquetas-1db.co\/?product=papel-tansferencia-x-8-7-x-10-cm-film","title":{"rendered":"Papel tansferencia x 8 (7 x 10 cm) &#8211; Film"},"content":{"rendered":"<p>Paquete de 8 L\u00e1minas para hacer stickers para u\u00f1as.<\/p>\n<h2>DESCRIPCI\u00d3N<\/h2>\n<p>Art\u00edculo completamente nuevo<\/p>\n<p>Paquete con ocho (8) L\u00e1minas en blanco para hacer stickers artesanales para u\u00f1as.<br \/>\nTama\u00f1o por cada l\u00e1mina: 10 x 7 cm<\/p>\n<h2>USO<\/h2>\n<p>&#8211; Retirar el papel protector blanco.<br \/>\n-Pegar el sticker de esmalte transparente sobre el film transparente.<br \/>\n&#8211; Asegurar que el sticker quede totalmente adherido.<br \/>\n&#8211; Recortar el contorno de la figura.<br \/>\n&#8211; Retirar el papel transparente protector y adherir a la u\u00f1a (con el color polimerizado en l\u00e1mpara).<br \/>\n&#8211; Proteger el sticker adherido con una capa de top gel de preferencia.<\/p>\n<blockquote class=\"tiktok-embed\" cite=\"https:\/\/www.tiktok.com\/@unascoquetaz\/video\/7457588170591423750\" data-video-id=\"7457588170591423750\" data-embed-from=\"oembed\" style=\"max-width:605px; min-width:325px;\">\n<section> <a target=\"_blank\" title=\"@unascoquetaz\" href=\"https:\/\/www.tiktok.com\/@unascoquetaz?refer=embed\">@unascoquetaz<\/a> <\/p>\n<p>Cuando queremos guardar stickers para luego poner en las u\u00f1as despu\u00e9s de un tiempo, tenemos problemas de adherencia y tambi\u00e9n de rigidez. En ocasiones se pueden fracturar en el momento de hacer la curvatura de la u\u00f1a.  Por eso, existe ya est\u00e1 alternativa en la que puedes brindar adherencia adicional con el papel Transfer de tatuajes temporales . Para hacer este video me inspir\u00e9 principalmente en @ibethnails quien nos ha ense\u00f1ado much\u00edsimo sobre este tema y luego en @Milady Mu\u00f1oz . Todo proceso de aprendizaje autodidacta requiere de mucha pr\u00e1ctica. As\u00ed que espero que guardes este video y practiques, especialmente si eres manicurista, te va a servir para ofrecer servicios m\u00e1s avanzados y llegar a las tipos de clientes. Porque si, hay personas que amamos tener dibujitos en las u\u00f1as.  <a title=\"u\u00f1ascoquetas\" target=\"_blank\" href=\"https:\/\/www.tiktok.com\/tag\/u%C3%B1ascoquetas?refer=embed\">#u\u00f1ascoquetas<\/a> <a title=\"nailart\" target=\"_blank\" href=\"https:\/\/www.tiktok.com\/tag\/nailart?refer=embed\">#nailart<\/a> <a title=\"u\u00f1as2025\" target=\"_blank\" href=\"https:\/\/www.tiktok.com\/tag\/u%C3%B1as2025?refer=embed\">#u\u00f1as2025<\/a> <a title=\"nails2025\" target=\"_blank\" href=\"https:\/\/www.tiktok.com\/tag\/nails2025?refer=embed\">#nails2025<\/a> <a title=\"nailsticker\" target=\"_blank\" href=\"https:\/\/www.tiktok.com\/tag\/nailsticker?refer=embed\">#nailsticker<\/a> <a title=\"nailsartvideos\" target=\"_blank\" href=\"https:\/\/www.tiktok.com\/tag\/nailsartvideos?refer=embed\">#nailsartvideos<\/a>  <a title=\"creatorsearchinsights\" target=\"_blank\" href=\"https:\/\/www.tiktok.com\/tag\/creatorsearchinsights?refer=embed\">#creatorsearchinsights<\/a> <\/p>\n<p> <a target=\"_blank\" title=\"\u266c sonido original - U\u00f1as Coquetas\" href=\"https:\/\/www.tiktok.com\/music\/sonido-original-7457588225874774790?refer=embed\">\u266c sonido original &#8211; U\u00f1as Coquetas<\/a> <\/section>\n<\/blockquote>\n<p> <script async src=\"https:\/\/www.tiktok.com\/embed.js\"><\/script><\/p>\n<p>&nbsp;<\/p>\n<p>&nbsp;<\/p>\n","protected":false},"excerpt":{"rendered":"<table width=\"375\">\n<tbody>\n<tr>\n<td width=\"375\">Film para u\u00f1as en blanco, para hacer stickers con mano alzada o stamping.<\/td>\n<\/tr>\n<\/tbody>\n<\/table>\n","protected":false},"featured_media":9636,"comment_status":"open","ping_status":"closed","template":"","meta":{"_regular_price":["17000"],"currency_symbol":[],"_uag_custom_page_level_css":""},"product_brand":[],"product_cat":[217,430],"product_tag":[411],"class_list":{"0":"post-9634","1":"product","2":"type-product","3":"status-publish","4":"has-post-thumbnail","6":"product_cat-pegatinas-y-tatuajes","7":"product_cat-tatoo-paper","8":"product_tag-papel-transferencia","9":"product_shipping_class-paquete-pequeno","11":"first","12":"instock","13":"purchasable","14":"product-type-simple"},"post_slider_layout_featured_media_urls":{"thumbnail":["https:\/\/xn--uascoquetas-1db.co\/wp-content\/uploads\/2025\/01\/Web-150x150.jpg",150,150,true],"post_slider_layout_landscape_large":["https:\/\/xn--uascoquetas-1db.co\/wp-content\/uploads\/2025\/01\/Web.jpg",800,800,false],"post_slider_layout_portrait_large":["https:\/\/xn--uascoquetas-1db.co\/wp-content\/uploads\/2025\/01\/Web.jpg",800,800,false],"post_slider_layout_square_large":["https:\/\/xn--uascoquetas-1db.co\/wp-content\/uploads\/2025\/01\/Web.jpg",800,800,false],"post_slider_layout_landscape":["https:\/\/xn--uascoquetas-1db.co\/wp-content\/uploads\/2025\/01\/Web-600x400.jpg",600,400,true],"post_slider_layout_portrait":["https:\/\/xn--uascoquetas-1db.co\/wp-content\/uploads\/2025\/01\/Web-600x800.jpg",600,800,true],"post_slider_layout_square":["https:\/\/xn--uascoquetas-1db.co\/wp-content\/uploads\/2025\/01\/Web-600x600.jpg",600,600,true],"full":["https:\/\/xn--uascoquetas-1db.co\/wp-content\/uploads\/2025\/01\/Web.jpg",800,800,false]},"uagb_featured_image_src":{"full":["https:\/\/xn--uascoquetas-1db.co\/wp-content\/uploads\/2025\/01\/Web.jpg",800,800,false],"thumbnail":["https:\/\/xn--uascoquetas-1db.co\/wp-content\/uploads\/2025\/01\/Web-150x150.jpg",150,150,true],"medium":["https:\/\/xn--uascoquetas-1db.co\/wp-content\/uploads\/2025\/01\/Web-300x300.jpg",300,300,true],"medium_large":["https:\/\/xn--uascoquetas-1db.co\/wp-content\/uploads\/2025\/01\/Web-768x768.jpg",640,640,true],"large":["https:\/\/xn--uascoquetas-1db.co\/wp-content\/uploads\/2025\/01\/Web.jpg",640,640,false],"1536x1536":["https:\/\/xn--uascoquetas-1db.co\/wp-content\/uploads\/2025\/01\/Web.jpg",800,800,false],"2048x2048":["https:\/\/xn--uascoquetas-1db.co\/wp-content\/uploads\/2025\/01\/Web.jpg",800,800,false],"post_slider_layout_landscape_large":["https:\/\/xn--uascoquetas-1db.co\/wp-content\/uploads\/2025\/01\/Web.jpg",800,800,false],"post_slider_layout_portrait_large":["https:\/\/xn--uascoquetas-1db.co\/wp-content\/uploads\/2025\/01\/Web.jpg",800,800,false],"post_slider_layout_square_large":["https:\/\/xn--uascoquetas-1db.co\/wp-content\/uploads\/2025\/01\/Web.jpg",800,800,false],"post_slider_layout_landscape":["https:\/\/xn--uascoquetas-1db.co\/wp-content\/uploads\/2025\/01\/Web-600x400.jpg",600,400,true],"post_slider_layout_portrait":["https:\/\/xn--uascoquetas-1db.co\/wp-content\/uploads\/2025\/01\/Web-600x800.jpg",600,800,true],"post_slider_layout_square":["https:\/\/xn--uascoquetas-1db.co\/wp-content\/uploads\/2025\/01\/Web-600x600.jpg",600,600,true],"vw-kids-homepage-thumb":["https:\/\/xn--uascoquetas-1db.co\/wp-content\/uploads\/2025\/01\/Web-240x145.jpg",240,145,true],"woocommerce_thumbnail":["https:\/\/xn--uascoquetas-1db.co\/wp-content\/uploads\/2025\/01\/Web-300x300.jpg",300,300,true],"woocommerce_single":["https:\/\/xn--uascoquetas-1db.co\/wp-content\/uploads\/2025\/01\/Web-600x600.jpg",600,600,true],"woocommerce_gallery_thumbnail":["https:\/\/xn--uascoquetas-1db.co\/wp-content\/uploads\/2025\/01\/Web-100x100.jpg",100,100,true],"variation_swatches_image_size":["https:\/\/xn--uascoquetas-1db.co\/wp-content\/uploads\/2025\/01\/Web-50x50.jpg",50,50,true],"variation_swatches_tooltip_size":["https:\/\/xn--uascoquetas-1db.co\/wp-content\/uploads\/2025\/01\/Web-100x100.jpg",100,100,true]},"uagb_author_info":{"display_name":"U\u00f1as Coquetas","author_link":"https:\/\/xn--uascoquetas-1db.co\/?author=0"},"uagb_comment_info":0,"uagb_excerpt":"Film para u\u00f1as en blanco, para hacer stickers con mano alzada o stamping.","jetpack_sharing_enabled":true,"jetpack-related-posts":[{"id":10967,"url":"https:\/\/xn--uascoquetas-1db.co\/?product=sticker-n016-copitosbn","url_meta":{"origin":9634,"position":0},"title":"Sticker N016 CopitosB&#038;N","author":"U\u00f1as Coquetas","date":"12\/11\/2025","format":false,"excerpt":"Sticker para u\u00f1as marca Colombiana Magenta con figuras de navidad, copos de nieve blanco y negro","rel":"","context":"Entrada similar","block_context":{"text":"Entrada similar","link":""},"img":{"alt_text":"","src":"https:\/\/i0.wp.com\/xn--uascoquetas-1db.co\/wp-content\/uploads\/2025\/11\/N16.-Copitos-BN-11.jpg?resize=350%2C200&ssl=1","width":350,"height":200,"srcset":"https:\/\/i0.wp.com\/xn--uascoquetas-1db.co\/wp-content\/uploads\/2025\/11\/N16.-Copitos-BN-11.jpg?resize=350%2C200&ssl=1 1x, https:\/\/i0.wp.com\/xn--uascoquetas-1db.co\/wp-content\/uploads\/2025\/11\/N16.-Copitos-BN-11.jpg?resize=525%2C300&ssl=1 1.5x, https:\/\/i0.wp.com\/xn--uascoquetas-1db.co\/wp-content\/uploads\/2025\/11\/N16.-Copitos-BN-11.jpg?resize=700%2C400&ssl=1 2x"},"classes":[]},{"id":10958,"url":"https:\/\/xn--uascoquetas-1db.co\/?product=sticker-n013-venados-bn","url_meta":{"origin":9634,"position":1},"title":"Sticker N013 Venados B&#038;N","author":"U\u00f1as Coquetas","date":"12\/11\/2025","format":false,"excerpt":"Sticker para u\u00f1as marca Colombiana Magenta con figuras de navidad en blanco y negro.","rel":"","context":"Entrada similar","block_context":{"text":"Entrada similar","link":""},"img":{"alt_text":"","src":"https:\/\/i0.wp.com\/xn--uascoquetas-1db.co\/wp-content\/uploads\/2025\/11\/N13.-Venados-BN-11.jpg?resize=350%2C200&ssl=1","width":350,"height":200,"srcset":"https:\/\/i0.wp.com\/xn--uascoquetas-1db.co\/wp-content\/uploads\/2025\/11\/N13.-Venados-BN-11.jpg?resize=350%2C200&ssl=1 1x, https:\/\/i0.wp.com\/xn--uascoquetas-1db.co\/wp-content\/uploads\/2025\/11\/N13.-Venados-BN-11.jpg?resize=525%2C300&ssl=1 1.5x, https:\/\/i0.wp.com\/xn--uascoquetas-1db.co\/wp-content\/uploads\/2025\/11\/N13.-Venados-BN-11.jpg?resize=700%2C400&ssl=1 2x"},"classes":[]},{"id":10596,"url":"https:\/\/xn--uascoquetas-1db.co\/?product=sticker-126-flores-bn","url_meta":{"origin":9634,"position":2},"title":"Sticker 126 Flores B&#038;N","author":"U\u00f1as Coquetas","date":"21\/07\/2025","format":false,"excerpt":"Sticker para u\u00f1as marca Colombiana Magenta con figuras de flores, en blanco y negro.","rel":"","context":"Entrada similar","block_context":{"text":"Entrada similar","link":""},"img":{"alt_text":"","src":"https:\/\/i0.wp.com\/xn--uascoquetas-1db.co\/wp-content\/uploads\/2025\/07\/126A.-Flores-BN1.1.jpg?resize=350%2C200&ssl=1","width":350,"height":200,"srcset":"https:\/\/i0.wp.com\/xn--uascoquetas-1db.co\/wp-content\/uploads\/2025\/07\/126A.-Flores-BN1.1.jpg?resize=350%2C200&ssl=1 1x, https:\/\/i0.wp.com\/xn--uascoquetas-1db.co\/wp-content\/uploads\/2025\/07\/126A.-Flores-BN1.1.jpg?resize=525%2C300&ssl=1 1.5x, https:\/\/i0.wp.com\/xn--uascoquetas-1db.co\/wp-content\/uploads\/2025\/07\/126A.-Flores-BN1.1.jpg?resize=700%2C400&ssl=1 2x"},"classes":[]},{"id":10482,"url":"https:\/\/xn--uascoquetas-1db.co\/?product=sticker-019-corazones-bn","url_meta":{"origin":9634,"position":3},"title":"Sticker 019 Corazones B&#038;N","author":"U\u00f1as Coquetas","date":"05\/07\/2025","format":false,"excerpt":"Sticker para u\u00f1as marca Colombiana Magenta con figuras de Corazones, mensajes rom\u00e1nticos en blanco y negro.","rel":"","context":"Entrada similar","block_context":{"text":"Entrada similar","link":""},"img":{"alt_text":"","src":"https:\/\/i0.wp.com\/xn--uascoquetas-1db.co\/wp-content\/uploads\/2025\/07\/019.-Manitos-corazones-BN-1-1.jpg?resize=350%2C200&ssl=1","width":350,"height":200,"srcset":"https:\/\/i0.wp.com\/xn--uascoquetas-1db.co\/wp-content\/uploads\/2025\/07\/019.-Manitos-corazones-BN-1-1.jpg?resize=350%2C200&ssl=1 1x, https:\/\/i0.wp.com\/xn--uascoquetas-1db.co\/wp-content\/uploads\/2025\/07\/019.-Manitos-corazones-BN-1-1.jpg?resize=525%2C300&ssl=1 1.5x, https:\/\/i0.wp.com\/xn--uascoquetas-1db.co\/wp-content\/uploads\/2025\/07\/019.-Manitos-corazones-BN-1-1.jpg?resize=700%2C400&ssl=1 2x"},"classes":[]},{"id":10490,"url":"https:\/\/xn--uascoquetas-1db.co\/?product=sticker-113-corazones-b6n","url_meta":{"origin":9634,"position":4},"title":"Sticker 113 Corazones B6N","author":"U\u00f1as Coquetas","date":"07\/07\/2025","format":false,"excerpt":"Sticker para u\u00f1as marca Colombiana Magenta con figuras de amor y amistad, corazones en blanco y negro.","rel":"","context":"Entrada similar","block_context":{"text":"Entrada similar","link":""},"img":{"alt_text":"","src":"https:\/\/i0.wp.com\/xn--uascoquetas-1db.co\/wp-content\/uploads\/2025\/07\/113.-Corazones-BYN-1-1.jpg?resize=350%2C200&ssl=1","width":350,"height":200,"srcset":"https:\/\/i0.wp.com\/xn--uascoquetas-1db.co\/wp-content\/uploads\/2025\/07\/113.-Corazones-BYN-1-1.jpg?resize=350%2C200&ssl=1 1x, https:\/\/i0.wp.com\/xn--uascoquetas-1db.co\/wp-content\/uploads\/2025\/07\/113.-Corazones-BYN-1-1.jpg?resize=525%2C300&ssl=1 1.5x, https:\/\/i0.wp.com\/xn--uascoquetas-1db.co\/wp-content\/uploads\/2025\/07\/113.-Corazones-BYN-1-1.jpg?resize=700%2C400&ssl=1 2x"},"classes":[]},{"id":10618,"url":"https:\/\/xn--uascoquetas-1db.co\/?product=sticker-106-figuras-bn","url_meta":{"origin":9634,"position":5},"title":"Sticker 106 Figuras B&#038;N","author":"U\u00f1as Coquetas","date":"22\/07\/2025","format":false,"excerpt":"Sticker para u\u00f1as marca Colombiana Magenta con figuras de origami, figuras en blanco y negro de animales, estrellas, serpientes, osos.","rel":"","context":"Entrada similar","block_context":{"text":"Entrada similar","link":""},"img":{"alt_text":"","src":"https:\/\/i0.wp.com\/xn--uascoquetas-1db.co\/wp-content\/uploads\/2025\/07\/106.-Origami-BN-1.1.jpg?resize=350%2C200&ssl=1","width":350,"height":200,"srcset":"https:\/\/i0.wp.com\/xn--uascoquetas-1db.co\/wp-content\/uploads\/2025\/07\/106.-Origami-BN-1.1.jpg?resize=350%2C200&ssl=1 1x, https:\/\/i0.wp.com\/xn--uascoquetas-1db.co\/wp-content\/uploads\/2025\/07\/106.-Origami-BN-1.1.jpg?resize=525%2C300&ssl=1 1.5x, https:\/\/i0.wp.com\/xn--uascoquetas-1db.co\/wp-content\/uploads\/2025\/07\/106.-Origami-BN-1.1.jpg?resize=700%2C400&ssl=1 2x"},"classes":[]}],"_links":{"self":[{"href":"https:\/\/xn--uascoquetas-1db.co\/index.php?rest_route=\/wp\/v2\/product\/9634","targetHints":{"allow":["GET"]}}],"collection":[{"href":"https:\/\/xn--uascoquetas-1db.co\/index.php?rest_route=\/wp\/v2\/product"}],"about":[{"href":"https:\/\/xn--uascoquetas-1db.co\/index.php?rest_route=\/wp\/v2\/types\/product"}],"replies":[{"embeddable":true,"href":"https:\/\/xn--uascoquetas-1db.co\/index.php?rest_route=%2Fwp%2Fv2%2Fcomments&post=9634"}],"wp:featuredmedia":[{"embeddable":true,"href":"https:\/\/xn--uascoquetas-1db.co\/index.php?rest_route=\/wp\/v2\/media\/9636"}],"wp:attachment":[{"href":"https:\/\/xn--uascoquetas-1db.co\/index.php?rest_route=%2Fwp%2Fv2%2Fmedia&parent=9634"}],"wp:term":[{"taxonomy":"product_brand","embeddable":true,"href":"https:\/\/xn--uascoquetas-1db.co\/index.php?rest_route=%2Fwp%2Fv2%2Fproduct_brand&post=9634"},{"taxonomy":"product_cat","embeddable":true,"href":"https:\/\/xn--uascoquetas-1db.co\/index.php?rest_route=%2Fwp%2Fv2%2Fproduct_cat&post=9634"},{"taxonomy":"product_tag","embeddable":true,"href":"https:\/\/xn--uascoquetas-1db.co\/index.php?rest_route=%2Fwp%2Fv2%2Fproduct_tag&post=9634"}],"curies":[{"name":"wp","href":"https:\/\/api.w.org\/{rel}","templated":true}]}}