{"id":9889,"date":"2025-03-22T18:31:00","date_gmt":"2025-03-22T23:31:00","guid":{"rendered":"https:\/\/xn--uascoquetas-1db.co\/?post_type=product&#038;p=9889"},"modified":"2026-02-13T16:35:32","modified_gmt":"2026-02-13T21:35:32","slug":"s280-rosa-esmalte-de-estampar","status":"publish","type":"product","link":"https:\/\/xn--uascoquetas-1db.co\/?product=s280-rosa-esmalte-de-estampar","title":{"rendered":"S280 Rosa &#8211; Esmalte de estampar"},"content":{"rendered":"<p>Esmalte con buena pigmentaci\u00f3n y textura para manejar la t\u00e9cnica de estampado de u\u00f1as.<\/p>\n<h2><strong>CARACTER\u00cdSTICAS<\/strong><\/h2>\n<p>Esmalte tradicional, no necesita l\u00e1mpara.<\/p>\n<p>Presentaci\u00f3n de 12 ml<\/p>\n<p>Buena pigmentaci\u00f3n, para mejorar la nitidez de las figuras de stamping, especialmente en bases de tonos oscuros.<\/p>\n<p>6 FREE &#8211; libres de 6 qu\u00edmicos que pueden afectar la salud.<\/p>\n<p>Producto fabricado en Colombia<\/p>\n<p>Registro INVIMA NSOC91825-19 CO<\/p>\n","protected":false},"excerpt":{"rendered":"<table width=\"375\">\n<tbody>\n<tr>\n<td width=\"375\">Esmalte de estampar marca Colombiana Driut tono S280 Rosa<\/td>\n<\/tr>\n<\/tbody>\n<\/table>\n","protected":false},"featured_media":9890,"comment_status":"open","ping_status":"closed","template":"","meta":{"_regular_price":["8000"],"currency_symbol":[],"_uag_custom_page_level_css":""},"product_brand":[],"product_cat":[267,33,46],"product_tag":[82,83,41],"class_list":{"0":"post-9889","1":"product","2":"type-product","3":"status-publish","4":"has-post-thumbnail","6":"product_cat-driut","7":"product_cat-esmaltes","8":"product_cat-especial-para-estampar","9":"product_tag-driut","10":"product_tag-esmalte","11":"product_tag-stamping","12":"product_shipping_class-paquete-pequeno","14":"first","15":"instock","16":"purchasable","17":"product-type-simple"},"post_slider_layout_featured_media_urls":{"thumbnail":["https:\/\/xn--uascoquetas-1db.co\/wp-content\/uploads\/2025\/03\/S280-ROSA-150x150.png",150,150,true],"post_slider_layout_landscape_large":["https:\/\/xn--uascoquetas-1db.co\/wp-content\/uploads\/2025\/03\/S280-ROSA.png",800,800,false],"post_slider_layout_portrait_large":["https:\/\/xn--uascoquetas-1db.co\/wp-content\/uploads\/2025\/03\/S280-ROSA.png",800,800,false],"post_slider_layout_square_large":["https:\/\/xn--uascoquetas-1db.co\/wp-content\/uploads\/2025\/03\/S280-ROSA.png",800,800,false],"post_slider_layout_landscape":["https:\/\/xn--uascoquetas-1db.co\/wp-content\/uploads\/2025\/03\/S280-ROSA-600x400.png",600,400,true],"post_slider_layout_portrait":["https:\/\/xn--uascoquetas-1db.co\/wp-content\/uploads\/2025\/03\/S280-ROSA-600x800.png",600,800,true],"post_slider_layout_square":["https:\/\/xn--uascoquetas-1db.co\/wp-content\/uploads\/2025\/03\/S280-ROSA-600x600.png",600,600,true],"full":["https:\/\/xn--uascoquetas-1db.co\/wp-content\/uploads\/2025\/03\/S280-ROSA.png",800,800,false]},"uagb_featured_image_src":{"full":["https:\/\/xn--uascoquetas-1db.co\/wp-content\/uploads\/2025\/03\/S280-ROSA.png",800,800,false],"thumbnail":["https:\/\/xn--uascoquetas-1db.co\/wp-content\/uploads\/2025\/03\/S280-ROSA-150x150.png",150,150,true],"medium":["https:\/\/xn--uascoquetas-1db.co\/wp-content\/uploads\/2025\/03\/S280-ROSA-300x300.png",300,300,true],"medium_large":["https:\/\/xn--uascoquetas-1db.co\/wp-content\/uploads\/2025\/03\/S280-ROSA-768x768.png",640,640,true],"large":["https:\/\/xn--uascoquetas-1db.co\/wp-content\/uploads\/2025\/03\/S280-ROSA.png",640,640,false],"1536x1536":["https:\/\/xn--uascoquetas-1db.co\/wp-content\/uploads\/2025\/03\/S280-ROSA.png",800,800,false],"2048x2048":["https:\/\/xn--uascoquetas-1db.co\/wp-content\/uploads\/2025\/03\/S280-ROSA.png",800,800,false],"post_slider_layout_landscape_large":["https:\/\/xn--uascoquetas-1db.co\/wp-content\/uploads\/2025\/03\/S280-ROSA.png",800,800,false],"post_slider_layout_portrait_large":["https:\/\/xn--uascoquetas-1db.co\/wp-content\/uploads\/2025\/03\/S280-ROSA.png",800,800,false],"post_slider_layout_square_large":["https:\/\/xn--uascoquetas-1db.co\/wp-content\/uploads\/2025\/03\/S280-ROSA.png",800,800,false],"post_slider_layout_landscape":["https:\/\/xn--uascoquetas-1db.co\/wp-content\/uploads\/2025\/03\/S280-ROSA-600x400.png",600,400,true],"post_slider_layout_portrait":["https:\/\/xn--uascoquetas-1db.co\/wp-content\/uploads\/2025\/03\/S280-ROSA-600x800.png",600,800,true],"post_slider_layout_square":["https:\/\/xn--uascoquetas-1db.co\/wp-content\/uploads\/2025\/03\/S280-ROSA-600x600.png",600,600,true],"vw-kids-homepage-thumb":["https:\/\/xn--uascoquetas-1db.co\/wp-content\/uploads\/2025\/03\/S280-ROSA-240x145.png",240,145,true],"woocommerce_thumbnail":["https:\/\/xn--uascoquetas-1db.co\/wp-content\/uploads\/2025\/03\/S280-ROSA-300x300.png",300,300,true],"woocommerce_single":["https:\/\/xn--uascoquetas-1db.co\/wp-content\/uploads\/2025\/03\/S280-ROSA-600x600.png",600,600,true],"woocommerce_gallery_thumbnail":["https:\/\/xn--uascoquetas-1db.co\/wp-content\/uploads\/2025\/03\/S280-ROSA-100x100.png",100,100,true],"variation_swatches_image_size":["https:\/\/xn--uascoquetas-1db.co\/wp-content\/uploads\/2025\/03\/S280-ROSA-50x50.png",50,50,true],"variation_swatches_tooltip_size":["https:\/\/xn--uascoquetas-1db.co\/wp-content\/uploads\/2025\/03\/S280-ROSA-100x100.png",100,100,true]},"uagb_author_info":{"display_name":"U\u00f1as Coquetas","author_link":"https:\/\/xn--uascoquetas-1db.co\/?author=0"},"uagb_comment_info":0,"uagb_excerpt":"Esmalte de estampar marca Colombiana Driut tono S280 Rosa","jetpack_sharing_enabled":true,"jetpack-related-posts":[{"id":9869,"url":"https:\/\/xn--uascoquetas-1db.co\/?product=s215-gris-esmalte-de-estampar","url_meta":{"origin":9889,"position":0},"title":"S215 Gris &#8211; Esmalte de estampar","author":"U\u00f1as Coquetas","date":"22\/03\/2025","format":false,"excerpt":"Esmalte de estampar marca Colombiana Driut tono S215 Gris","rel":"","context":"Entrada similar","block_context":{"text":"Entrada similar","link":""},"img":{"alt_text":"","src":"https:\/\/i0.wp.com\/xn--uascoquetas-1db.co\/wp-content\/uploads\/2025\/03\/S215-GRIS.png?resize=350%2C200&ssl=1","width":350,"height":200,"srcset":"https:\/\/i0.wp.com\/xn--uascoquetas-1db.co\/wp-content\/uploads\/2025\/03\/S215-GRIS.png?resize=350%2C200&ssl=1 1x, https:\/\/i0.wp.com\/xn--uascoquetas-1db.co\/wp-content\/uploads\/2025\/03\/S215-GRIS.png?resize=525%2C300&ssl=1 1.5x, https:\/\/i0.wp.com\/xn--uascoquetas-1db.co\/wp-content\/uploads\/2025\/03\/S215-GRIS.png?resize=700%2C400&ssl=1 2x"},"classes":[]},{"id":9879,"url":"https:\/\/xn--uascoquetas-1db.co\/?product=s243-cafe-esmalte-de-estampar","url_meta":{"origin":9889,"position":1},"title":"S243 Caf\u00e9 &#8211; Esmalte de estampar","author":"U\u00f1as Coquetas","date":"22\/03\/2025","format":false,"excerpt":"Esmalte de estampar marca Colombiana Driut tono S243 Caf\u00e9","rel":"","context":"Entrada similar","block_context":{"text":"Entrada similar","link":""},"img":{"alt_text":"","src":"https:\/\/i0.wp.com\/xn--uascoquetas-1db.co\/wp-content\/uploads\/2025\/03\/S243-CAFE.png?resize=350%2C200&ssl=1","width":350,"height":200,"srcset":"https:\/\/i0.wp.com\/xn--uascoquetas-1db.co\/wp-content\/uploads\/2025\/03\/S243-CAFE.png?resize=350%2C200&ssl=1 1x, https:\/\/i0.wp.com\/xn--uascoquetas-1db.co\/wp-content\/uploads\/2025\/03\/S243-CAFE.png?resize=525%2C300&ssl=1 1.5x, https:\/\/i0.wp.com\/xn--uascoquetas-1db.co\/wp-content\/uploads\/2025\/03\/S243-CAFE.png?resize=700%2C400&ssl=1 2x"},"classes":[]},{"id":11180,"url":"https:\/\/xn--uascoquetas-1db.co\/?product=s232-morado-perlado-esmalte-de-estampar","url_meta":{"origin":9889,"position":2},"title":"S232 Morado perlado &#8211; Esmalte de estampar","author":"U\u00f1as Coquetas","date":"27\/01\/2026","format":false,"excerpt":"Esmalte de estampar marca Colombiana Driut tono S232 Morado perlado","rel":"","context":"Entrada similar","block_context":{"text":"Entrada similar","link":""},"img":{"alt_text":"","src":"https:\/\/i0.wp.com\/xn--uascoquetas-1db.co\/wp-content\/uploads\/2026\/01\/S232-Morado-perlado.jpg?resize=350%2C200&ssl=1","width":350,"height":200,"srcset":"https:\/\/i0.wp.com\/xn--uascoquetas-1db.co\/wp-content\/uploads\/2026\/01\/S232-Morado-perlado.jpg?resize=350%2C200&ssl=1 1x, https:\/\/i0.wp.com\/xn--uascoquetas-1db.co\/wp-content\/uploads\/2026\/01\/S232-Morado-perlado.jpg?resize=525%2C300&ssl=1 1.5x, https:\/\/i0.wp.com\/xn--uascoquetas-1db.co\/wp-content\/uploads\/2026\/01\/S232-Morado-perlado.jpg?resize=700%2C400&ssl=1 2x"},"classes":[]},{"id":11184,"url":"https:\/\/xn--uascoquetas-1db.co\/?product=s264-azul-perlado-esmalte-de-estampar","url_meta":{"origin":9889,"position":3},"title":"S264 Azul perlado &#8211; Esmalte de estampar","author":"U\u00f1as Coquetas","date":"27\/01\/2026","format":false,"excerpt":"Esmalte de estampar marca Colombiana Driut tono S264 Azul perlado","rel":"","context":"Entrada similar","block_context":{"text":"Entrada similar","link":""},"img":{"alt_text":"","src":"https:\/\/i0.wp.com\/xn--uascoquetas-1db.co\/wp-content\/uploads\/2026\/01\/S264.-Azul-perlado.jpg?resize=350%2C200&ssl=1","width":350,"height":200,"srcset":"https:\/\/i0.wp.com\/xn--uascoquetas-1db.co\/wp-content\/uploads\/2026\/01\/S264.-Azul-perlado.jpg?resize=350%2C200&ssl=1 1x, https:\/\/i0.wp.com\/xn--uascoquetas-1db.co\/wp-content\/uploads\/2026\/01\/S264.-Azul-perlado.jpg?resize=525%2C300&ssl=1 1.5x, https:\/\/i0.wp.com\/xn--uascoquetas-1db.co\/wp-content\/uploads\/2026\/01\/S264.-Azul-perlado.jpg?resize=700%2C400&ssl=1 2x"},"classes":[]},{"id":9863,"url":"https:\/\/xn--uascoquetas-1db.co\/?product=s208-azul-esmalte-de-estampar","url_meta":{"origin":9889,"position":4},"title":"S208 Azul &#8211; Esmalte de estampar","author":"U\u00f1as Coquetas","date":"22\/03\/2025","format":false,"excerpt":"Esmalte de estampar marca Colombiana Driut tono S208 Azul","rel":"","context":"Entrada similar","block_context":{"text":"Entrada similar","link":""},"img":{"alt_text":"","src":"https:\/\/i0.wp.com\/xn--uascoquetas-1db.co\/wp-content\/uploads\/2025\/03\/S208-AZUL.png?resize=350%2C200&ssl=1","width":350,"height":200,"srcset":"https:\/\/i0.wp.com\/xn--uascoquetas-1db.co\/wp-content\/uploads\/2025\/03\/S208-AZUL.png?resize=350%2C200&ssl=1 1x, https:\/\/i0.wp.com\/xn--uascoquetas-1db.co\/wp-content\/uploads\/2025\/03\/S208-AZUL.png?resize=525%2C300&ssl=1 1.5x, https:\/\/i0.wp.com\/xn--uascoquetas-1db.co\/wp-content\/uploads\/2025\/03\/S208-AZUL.png?resize=700%2C400&ssl=1 2x"},"classes":[]},{"id":9885,"url":"https:\/\/xn--uascoquetas-1db.co\/?product=s269-dorado-esmalte-de-estampar","url_meta":{"origin":9889,"position":5},"title":"S269 Dorado &#8211; Esmalte de estampar","author":"U\u00f1as Coquetas","date":"22\/03\/2025","format":false,"excerpt":"Esmalte de estampar marca Colombiana Driut tono S269 Dorado","rel":"","context":"Entrada similar","block_context":{"text":"Entrada similar","link":""},"img":{"alt_text":"","src":"https:\/\/i0.wp.com\/xn--uascoquetas-1db.co\/wp-content\/uploads\/2025\/03\/S269-DORADO.png?resize=350%2C200&ssl=1","width":350,"height":200,"srcset":"https:\/\/i0.wp.com\/xn--uascoquetas-1db.co\/wp-content\/uploads\/2025\/03\/S269-DORADO.png?resize=350%2C200&ssl=1 1x, https:\/\/i0.wp.com\/xn--uascoquetas-1db.co\/wp-content\/uploads\/2025\/03\/S269-DORADO.png?resize=525%2C300&ssl=1 1.5x, https:\/\/i0.wp.com\/xn--uascoquetas-1db.co\/wp-content\/uploads\/2025\/03\/S269-DORADO.png?resize=700%2C400&ssl=1 2x"},"classes":[]}],"_links":{"self":[{"href":"https:\/\/xn--uascoquetas-1db.co\/index.php?rest_route=\/wp\/v2\/product\/9889","targetHints":{"allow":["GET"]}}],"collection":[{"href":"https:\/\/xn--uascoquetas-1db.co\/index.php?rest_route=\/wp\/v2\/product"}],"about":[{"href":"https:\/\/xn--uascoquetas-1db.co\/index.php?rest_route=\/wp\/v2\/types\/product"}],"replies":[{"embeddable":true,"href":"https:\/\/xn--uascoquetas-1db.co\/index.php?rest_route=%2Fwp%2Fv2%2Fcomments&post=9889"}],"wp:featuredmedia":[{"embeddable":true,"href":"https:\/\/xn--uascoquetas-1db.co\/index.php?rest_route=\/wp\/v2\/media\/9890"}],"wp:attachment":[{"href":"https:\/\/xn--uascoquetas-1db.co\/index.php?rest_route=%2Fwp%2Fv2%2Fmedia&parent=9889"}],"wp:term":[{"taxonomy":"product_brand","embeddable":true,"href":"https:\/\/xn--uascoquetas-1db.co\/index.php?rest_route=%2Fwp%2Fv2%2Fproduct_brand&post=9889"},{"taxonomy":"product_cat","embeddable":true,"href":"https:\/\/xn--uascoquetas-1db.co\/index.php?rest_route=%2Fwp%2Fv2%2Fproduct_cat&post=9889"},{"taxonomy":"product_tag","embeddable":true,"href":"https:\/\/xn--uascoquetas-1db.co\/index.php?rest_route=%2Fwp%2Fv2%2Fproduct_tag&post=9889"}],"curies":[{"name":"wp","href":"https:\/\/api.w.org\/{rel}","templated":true}]}}