{"id":9934,"date":"2025-03-28T10:30:17","date_gmt":"2025-03-28T15:30:17","guid":{"rendered":"https:\/\/xn--uascoquetas-1db.co\/?post_type=product&#038;p=9934"},"modified":"2025-03-28T10:44:34","modified_gmt":"2025-03-28T15:44:34","slug":"kit-labial-y-esmalte-gel-evolution-de-masglo","status":"publish","type":"product","link":"https:\/\/xn--uascoquetas-1db.co\/?product=kit-labial-y-esmalte-gel-evolution-de-masglo","title":{"rendered":"Kit labial y esmalte Gel Evolution de Masglo"},"content":{"rendered":"<p>Descripci\u00f3n<br \/>\nKit de labial + esmalte tradicional de secado ultra r\u00e1pido.<\/p>\n<h2>SOBRE LOS ESMALTES<\/h2>\n<p>Esmalte de 13,5 ml cada uno, de colores a elecci\u00f3n.<br \/>\nSecado extra r\u00e1pido en 5 minutos.<br \/>\nHasta 12 d\u00edas de duraci\u00f3n.<br \/>\nEfecto gel sin l\u00e1mpara.<br \/>\nBrillo intenso.<br \/>\nCon pincel plano y redondeado para f\u00e1cil aplicaci\u00f3n.<br \/>\n14 Free, libre de 14 componentes perjudiciales para la salud o el medio ambiente.<br \/>\nNo testeado en animales.<br \/>\nNo requiere l\u00e1mpara UV\/LED.<br \/>\nDiferentes acabados: cremosos, trasl\u00facidos, fluorescentes, perlados o metalizados<br \/>\nBase enriquecida con extracto de origen natural que cuida la u\u00f1a y ayuda a mantener su hidrataci\u00f3n natural.<br \/>\nRegistro INVIMA: NSOC86183-18CO<\/p>\n<h3>Modo de uso<\/h3>\n<p>El sistema gel evolution debe ser usado en tres pasos, \u00fanicamente con esmaltes gel evolution. Por tal raz\u00f3n, debes tener la base (Paso 1) gel evolution de Masglo y el brillo gel evolution de Masglo (Paso 3).<br \/>\n1. Desengrasa tus u\u00f1as con Cleanser o alcohol.<br \/>\n2. Aplica la base gel evolution Paso 1.<br \/>\n3. Aplica dos capas de color gel evolution Paso 2, dejando secar entre capas.<br \/>\n4. Aplica el brillo gel evolution Paso 3<\/p>\n<h2>SOBRE EL LABIAL EN BARRA COLOR POWER<\/h2>\n<p>Labial el barra de larga duraci\u00f3n y alta cobertura brinda un color intenso hasta por 6 horas, aplicaci\u00f3n extra suave que deja los labios con acabado mate y sedoso.<\/p>\n<p>Labial retr\u00e1ctil, Sensaci\u00f3n suave y ligera no pegajosa.<br \/>\nHidrata los labios y los protege de la resequedad.<br \/>\nA prueba de agua.<br \/>\nNo transfer.<br \/>\nCon una mina en punta que permite delinear y rellenar los labios.<br \/>\nIdentificador de color.<br \/>\nSacapuntas para mantener las punta fina y para una aplicaci\u00f3n precisa<\/p>\n<p>Sellos:<\/p>\n<p>Hipoalerg\u00e9nico.<br \/>\nDermatol\u00f3gicamente probado.<br \/>\nVegano, Cruelty free, Paraben Free.<br \/>\nPara todo tipo de labios.<\/p>\n<p>Ingredientes:<\/p>\n<p>Contiene Aceite de jojoba.<br \/>\nTodas las im\u00e1genes son de referencia<\/p>\n","protected":false},"excerpt":{"rendered":"<table width=\"375\">\n<tbody>\n<tr>\n<td width=\"375\">Esmalte de secado al aire marca Colombiana Masglo tono Base Masglo Clinical total care violeta<\/td>\n<\/tr>\n<\/tbody>\n<\/table>\n","protected":false},"featured_media":9942,"comment_status":"open","ping_status":"closed","template":"","meta":{"_regular_price":[],"currency_symbol":[],"_uag_custom_page_level_css":""},"product_brand":[],"product_cat":[33,55,325],"product_tag":[230],"class_list":{"0":"post-9934","1":"product","2":"type-product","3":"status-publish","4":"has-post-thumbnail","6":"product_cat-esmaltes","7":"product_cat-esmaltes-tradicionales","8":"product_cat-masglo","9":"product_tag-bases","10":"product_shipping_class-paquete-pequeno","11":"pa_color-comica","12":"pa_color-dinamica","13":"pa_color-neurotica","15":"first","16":"instock","17":"purchasable","18":"product-type-variable"},"post_slider_layout_featured_media_urls":{"thumbnail":["https:\/\/xn--uascoquetas-1db.co\/wp-content\/uploads\/2025\/03\/Web-1-150x150.jpg",150,150,true],"post_slider_layout_landscape_large":["https:\/\/xn--uascoquetas-1db.co\/wp-content\/uploads\/2025\/03\/Web-1.jpg",800,800,false],"post_slider_layout_portrait_large":["https:\/\/xn--uascoquetas-1db.co\/wp-content\/uploads\/2025\/03\/Web-1.jpg",800,800,false],"post_slider_layout_square_large":["https:\/\/xn--uascoquetas-1db.co\/wp-content\/uploads\/2025\/03\/Web-1.jpg",800,800,false],"post_slider_layout_landscape":["https:\/\/xn--uascoquetas-1db.co\/wp-content\/uploads\/2025\/03\/Web-1-600x400.jpg",600,400,true],"post_slider_layout_portrait":["https:\/\/xn--uascoquetas-1db.co\/wp-content\/uploads\/2025\/03\/Web-1-600x800.jpg",600,800,true],"post_slider_layout_square":["https:\/\/xn--uascoquetas-1db.co\/wp-content\/uploads\/2025\/03\/Web-1-600x600.jpg",600,600,true],"full":["https:\/\/xn--uascoquetas-1db.co\/wp-content\/uploads\/2025\/03\/Web-1.jpg",800,800,false]},"uagb_featured_image_src":{"full":["https:\/\/xn--uascoquetas-1db.co\/wp-content\/uploads\/2025\/03\/Web-1.jpg",800,800,false],"thumbnail":["https:\/\/xn--uascoquetas-1db.co\/wp-content\/uploads\/2025\/03\/Web-1-150x150.jpg",150,150,true],"medium":["https:\/\/xn--uascoquetas-1db.co\/wp-content\/uploads\/2025\/03\/Web-1-300x300.jpg",300,300,true],"medium_large":["https:\/\/xn--uascoquetas-1db.co\/wp-content\/uploads\/2025\/03\/Web-1-768x768.jpg",640,640,true],"large":["https:\/\/xn--uascoquetas-1db.co\/wp-content\/uploads\/2025\/03\/Web-1.jpg",640,640,false],"1536x1536":["https:\/\/xn--uascoquetas-1db.co\/wp-content\/uploads\/2025\/03\/Web-1.jpg",800,800,false],"2048x2048":["https:\/\/xn--uascoquetas-1db.co\/wp-content\/uploads\/2025\/03\/Web-1.jpg",800,800,false],"post_slider_layout_landscape_large":["https:\/\/xn--uascoquetas-1db.co\/wp-content\/uploads\/2025\/03\/Web-1.jpg",800,800,false],"post_slider_layout_portrait_large":["https:\/\/xn--uascoquetas-1db.co\/wp-content\/uploads\/2025\/03\/Web-1.jpg",800,800,false],"post_slider_layout_square_large":["https:\/\/xn--uascoquetas-1db.co\/wp-content\/uploads\/2025\/03\/Web-1.jpg",800,800,false],"post_slider_layout_landscape":["https:\/\/xn--uascoquetas-1db.co\/wp-content\/uploads\/2025\/03\/Web-1-600x400.jpg",600,400,true],"post_slider_layout_portrait":["https:\/\/xn--uascoquetas-1db.co\/wp-content\/uploads\/2025\/03\/Web-1-600x800.jpg",600,800,true],"post_slider_layout_square":["https:\/\/xn--uascoquetas-1db.co\/wp-content\/uploads\/2025\/03\/Web-1-600x600.jpg",600,600,true],"vw-kids-homepage-thumb":["https:\/\/xn--uascoquetas-1db.co\/wp-content\/uploads\/2025\/03\/Web-1-240x145.jpg",240,145,true],"woocommerce_thumbnail":["https:\/\/xn--uascoquetas-1db.co\/wp-content\/uploads\/2025\/03\/Web-1-300x300.jpg",300,300,true],"woocommerce_single":["https:\/\/xn--uascoquetas-1db.co\/wp-content\/uploads\/2025\/03\/Web-1-600x600.jpg",600,600,true],"woocommerce_gallery_thumbnail":["https:\/\/xn--uascoquetas-1db.co\/wp-content\/uploads\/2025\/03\/Web-1-100x100.jpg",100,100,true],"variation_swatches_image_size":["https:\/\/xn--uascoquetas-1db.co\/wp-content\/uploads\/2025\/03\/Web-1-50x50.jpg",50,50,true],"variation_swatches_tooltip_size":["https:\/\/xn--uascoquetas-1db.co\/wp-content\/uploads\/2025\/03\/Web-1-100x100.jpg",100,100,true]},"uagb_author_info":{"display_name":"U\u00f1as Coquetas","author_link":"https:\/\/xn--uascoquetas-1db.co\/?author=0"},"uagb_comment_info":0,"uagb_excerpt":"Esmalte de secado al aire marca Colombiana Masglo tono Base Masglo Clinical total care violeta","jetpack_sharing_enabled":true,"jetpack-related-posts":[{"id":8489,"url":"https:\/\/xn--uascoquetas-1db.co\/?product=set-de-tres-pasos-gel-evolution-con-color-a-eleccion","url_meta":{"origin":9934,"position":0},"title":"Set de tres pasos Gel Evolution con color a elecci\u00f3n","author":"U\u00f1as Coquetas","date":"21\/06\/2024","format":false,"excerpt":"Set completo de esmalte tradicional de secado ultra r\u00e1pido, Masglo Gel Evolution (Base + color a elecci\u00f3n + Brillo). DESCRIPCI\u00d3N Esmaltes de 13,5 ml cada uno. Secado extra r\u00e1pido en 5 minutos. Hasta 12 d\u00edas de duraci\u00f3n. Efecto gel sin l\u00e1mpara. Brillo intenso. Con pincel plano y redondeado para f\u00e1cil\u2026","rel":"","context":"Entrada similar","block_context":{"text":"Entrada similar","link":""},"img":{"alt_text":"Coqueta","src":"https:\/\/i0.wp.com\/xn--uascoquetas-1db.co\/wp-content\/uploads\/2024\/06\/Coqueta.png?resize=350%2C200&ssl=1","width":350,"height":200,"srcset":"https:\/\/i0.wp.com\/xn--uascoquetas-1db.co\/wp-content\/uploads\/2024\/06\/Coqueta.png?resize=350%2C200&ssl=1 1x, https:\/\/i0.wp.com\/xn--uascoquetas-1db.co\/wp-content\/uploads\/2024\/06\/Coqueta.png?resize=525%2C300&ssl=1 1.5x, https:\/\/i0.wp.com\/xn--uascoquetas-1db.co\/wp-content\/uploads\/2024\/06\/Coqueta.png?resize=700%2C400&ssl=1 2x"},"classes":[]},{"id":8484,"url":"https:\/\/xn--uascoquetas-1db.co\/?product=brillo-gel-evolution-paso-3-masglo","url_meta":{"origin":9934,"position":1},"title":"Brillo gel evolution Paso 3 &#8211; Masglo","author":"U\u00f1as Coquetas","date":"18\/06\/2024","format":false,"excerpt":"Esmalte tradicional marca Colombiana Masglo tono Brillo gel evolution Paso 3","rel":"","context":"Entrada similar","block_context":{"text":"Entrada similar","link":""},"img":{"alt_text":"","src":"https:\/\/i0.wp.com\/xn--uascoquetas-1db.co\/wp-content\/uploads\/2024\/06\/Brillo-gel-ev-800px.png?resize=350%2C200&ssl=1","width":350,"height":200,"srcset":"https:\/\/i0.wp.com\/xn--uascoquetas-1db.co\/wp-content\/uploads\/2024\/06\/Brillo-gel-ev-800px.png?resize=350%2C200&ssl=1 1x, https:\/\/i0.wp.com\/xn--uascoquetas-1db.co\/wp-content\/uploads\/2024\/06\/Brillo-gel-ev-800px.png?resize=525%2C300&ssl=1 1.5x, https:\/\/i0.wp.com\/xn--uascoquetas-1db.co\/wp-content\/uploads\/2024\/06\/Brillo-gel-ev-800px.png?resize=700%2C400&ssl=1 2x"},"classes":[]},{"id":8449,"url":"https:\/\/xn--uascoquetas-1db.co\/?product=color-gel-evolution-paso-1-masglo","url_meta":{"origin":9934,"position":2},"title":"Color gel evolution Paso 2 &#8211; Masglo","author":"U\u00f1as Coquetas","date":"18\/06\/2024","format":false,"excerpt":"Esmalte tradicional marca Colombiana Masglo tono Colecci\u00f3n estilo Gel Evolution","rel":"","context":"Entrada similar","block_context":{"text":"Entrada similar","link":""},"img":{"alt_text":"Encantadora","src":"https:\/\/i0.wp.com\/xn--uascoquetas-1db.co\/wp-content\/uploads\/2024\/06\/Encantadora-gel-ev-800px.png?resize=350%2C200&ssl=1","width":350,"height":200,"srcset":"https:\/\/i0.wp.com\/xn--uascoquetas-1db.co\/wp-content\/uploads\/2024\/06\/Encantadora-gel-ev-800px.png?resize=350%2C200&ssl=1 1x, https:\/\/i0.wp.com\/xn--uascoquetas-1db.co\/wp-content\/uploads\/2024\/06\/Encantadora-gel-ev-800px.png?resize=525%2C300&ssl=1 1.5x, https:\/\/i0.wp.com\/xn--uascoquetas-1db.co\/wp-content\/uploads\/2024\/06\/Encantadora-gel-ev-800px.png?resize=700%2C400&ssl=1 2x"},"classes":[]},{"id":8455,"url":"https:\/\/xn--uascoquetas-1db.co\/?product=color-gel-evolution-paso-1-masglo-2","url_meta":{"origin":9934,"position":3},"title":"Color gel evolution Paso 2 &#8211; Masglo","author":"U\u00f1as Coquetas","date":"18\/06\/2024","format":false,"excerpt":"Esmalte tradicional marca Colombiana Masglo tono Colecci\u00f3n estilo Gel Evolution","rel":"","context":"Entrada similar","block_context":{"text":"Entrada similar","link":""},"img":{"alt_text":"Libre","src":"https:\/\/i0.wp.com\/xn--uascoquetas-1db.co\/wp-content\/uploads\/2024\/06\/Libre-800-px.png?resize=350%2C200&ssl=1","width":350,"height":200,"srcset":"https:\/\/i0.wp.com\/xn--uascoquetas-1db.co\/wp-content\/uploads\/2024\/06\/Libre-800-px.png?resize=350%2C200&ssl=1 1x, https:\/\/i0.wp.com\/xn--uascoquetas-1db.co\/wp-content\/uploads\/2024\/06\/Libre-800-px.png?resize=525%2C300&ssl=1 1.5x, https:\/\/i0.wp.com\/xn--uascoquetas-1db.co\/wp-content\/uploads\/2024\/06\/Libre-800-px.png?resize=700%2C400&ssl=1 2x"},"classes":[]},{"id":8475,"url":"https:\/\/xn--uascoquetas-1db.co\/?product=base-gel-evolution-paso-1-masglo","url_meta":{"origin":9934,"position":4},"title":"Base gel evolution Paso 1 &#8211; Masglo Ajo y lim\u00f3n","author":"U\u00f1as Coquetas","date":"18\/06\/2024","format":false,"excerpt":"Esmalte tradicional marca Colombiana Masglo tono Colecci\u00f3n estilo Gel Evolution","rel":"","context":"Entrada similar","block_context":{"text":"Entrada similar","link":""},"img":{"alt_text":"","src":"https:\/\/i0.wp.com\/xn--uascoquetas-1db.co\/wp-content\/uploads\/2024\/06\/Base-ajo-y-limon.jpg?resize=350%2C200&ssl=1","width":350,"height":200,"srcset":"https:\/\/i0.wp.com\/xn--uascoquetas-1db.co\/wp-content\/uploads\/2024\/06\/Base-ajo-y-limon.jpg?resize=350%2C200&ssl=1 1x, https:\/\/i0.wp.com\/xn--uascoquetas-1db.co\/wp-content\/uploads\/2024\/06\/Base-ajo-y-limon.jpg?resize=525%2C300&ssl=1 1.5x, https:\/\/i0.wp.com\/xn--uascoquetas-1db.co\/wp-content\/uploads\/2024\/06\/Base-ajo-y-limon.jpg?resize=700%2C400&ssl=1 2x"},"classes":[]},{"id":8442,"url":"https:\/\/xn--uascoquetas-1db.co\/?product=coleccion-estilo-gel-evolution-masglo","url_meta":{"origin":9934,"position":5},"title":"Colecci\u00f3n estilo Gel Evolution &#8211; Masglo","author":"U\u00f1as Coquetas","date":"18\/06\/2024","format":false,"excerpt":"Esmalte tradicional marca Colombiana Masglo tono Colecci\u00f3n estilo Gel Evolution","rel":"","context":"Entrada similar","block_context":{"text":"Entrada similar","link":""},"img":{"alt_text":"Colecci\u00f3n estilo masglo","src":"https:\/\/i0.wp.com\/xn--uascoquetas-1db.co\/wp-content\/uploads\/2024\/06\/Estilo-800px.png?resize=350%2C200&ssl=1","width":350,"height":200,"srcset":"https:\/\/i0.wp.com\/xn--uascoquetas-1db.co\/wp-content\/uploads\/2024\/06\/Estilo-800px.png?resize=350%2C200&ssl=1 1x, https:\/\/i0.wp.com\/xn--uascoquetas-1db.co\/wp-content\/uploads\/2024\/06\/Estilo-800px.png?resize=525%2C300&ssl=1 1.5x, https:\/\/i0.wp.com\/xn--uascoquetas-1db.co\/wp-content\/uploads\/2024\/06\/Estilo-800px.png?resize=700%2C400&ssl=1 2x"},"classes":[]}],"_links":{"self":[{"href":"https:\/\/xn--uascoquetas-1db.co\/index.php?rest_route=\/wp\/v2\/product\/9934","targetHints":{"allow":["GET"]}}],"collection":[{"href":"https:\/\/xn--uascoquetas-1db.co\/index.php?rest_route=\/wp\/v2\/product"}],"about":[{"href":"https:\/\/xn--uascoquetas-1db.co\/index.php?rest_route=\/wp\/v2\/types\/product"}],"replies":[{"embeddable":true,"href":"https:\/\/xn--uascoquetas-1db.co\/index.php?rest_route=%2Fwp%2Fv2%2Fcomments&post=9934"}],"wp:featuredmedia":[{"embeddable":true,"href":"https:\/\/xn--uascoquetas-1db.co\/index.php?rest_route=\/wp\/v2\/media\/9942"}],"wp:attachment":[{"href":"https:\/\/xn--uascoquetas-1db.co\/index.php?rest_route=%2Fwp%2Fv2%2Fmedia&parent=9934"}],"wp:term":[{"taxonomy":"product_brand","embeddable":true,"href":"https:\/\/xn--uascoquetas-1db.co\/index.php?rest_route=%2Fwp%2Fv2%2Fproduct_brand&post=9934"},{"taxonomy":"product_cat","embeddable":true,"href":"https:\/\/xn--uascoquetas-1db.co\/index.php?rest_route=%2Fwp%2Fv2%2Fproduct_cat&post=9934"},{"taxonomy":"product_tag","embeddable":true,"href":"https:\/\/xn--uascoquetas-1db.co\/index.php?rest_route=%2Fwp%2Fv2%2Fproduct_tag&post=9934"}],"curies":[{"name":"wp","href":"https:\/\/api.w.org\/{rel}","templated":true}]}}